{"id":995043,"date":"2024-10-29T07:58:50","date_gmt":"2024-10-29T07:58:50","guid":{"rendered":"https:\/\/hypogeen.nl\/?page_id=995043"},"modified":"2025-10-01T11:42:28","modified_gmt":"2025-10-01T11:42:28","slug":"hauttest","status":"publish","type":"page","link":"https:\/\/hypogeen.nl\/de\/uber-die-haut\/hauttest\/","title":{"rendered":"Hauttest"},"content":{"rendered":"<div data-elementor-type=\"wp-page\" data-elementor-id=\"995043\" class=\"elementor elementor-995043\">\n\t\t\t\t<div class=\"elementor-element elementor-element-954e2ee e-con-full wd-section-stretch e-flex e-con e-parent\" data-id=\"954e2ee\" data-element_type=\"container\" data-e-type=\"container\" data-settings=\"{&quot;background_background&quot;:&quot;classic&quot;,&quot;shape_divider_bottom&quot;:&quot;wd_curved_line&quot;}\">\n\t\t\t\t<div class=\"elementor-shape elementor-shape-bottom\" aria-hidden=\"true\" data-negative=\"false\">\n\t\t\t<svg xmlns=\"http:\/\/www.w3.org\/2000\/svg\" class=\"wd-divider\" xmlns:xlink=\"http:\/\/www.w3.org\/1999\/xlink\" x=\"0px\" y=\"0px\"\n\t viewbox=\"0 0 100 100\" width=\"100%\" height=\"50px\" preserveaspectratio=\"none\">\n<path class=\"elementor-shape-fill\" display=\"none\" d=\"M100,25.8V100H0V52.5c-4.9-6.8-9.5-13.8-15-19.7V101h125V20.9C106.3,22,103,23.7,100,25.8z\"\/>\n<path class=\"elementor-shape-fill\" d=\"M0,0v99c22-20.6,28.7-69.7,61.4-69.7c18.8,0,29.1,16.2,38.6,34V0L0,0z\"\/>\n<\/svg>\n\t\t<\/div>\n\t\t\t\t<div class=\"elementor-element elementor-element-e195708 elementor-widget elementor-widget-heading\" data-id=\"e195708\" data-element_type=\"widget\" data-e-type=\"widget\" data-widget_type=\"heading.default\">\n\t\t\t\t<div class=\"elementor-widget-container\">\n\t\t\t\t\t<h1 class=\"elementor-heading-title elementor-size-default\">Hauttest<\/h1>\t\t\t\t<\/div>\n\t\t\t\t<\/div>\n\t\t\t\t<\/div>\n\t\t<div class=\"wd-negative-gap elementor-element elementor-element-8c2d076 e-flex e-con-boxed e-con e-parent\" data-id=\"8c2d076\" data-element_type=\"container\" data-e-type=\"container\">\n\t\t\t\t\t<div class=\"e-con-inner\">\n\t\t\t\t<div class=\"elementor-element elementor-element-be42391 elementor-widget elementor-widget-wd_text_block\" data-id=\"be42391\" data-element_type=\"widget\" data-e-type=\"widget\" data-widget_type=\"wd_text_block.default\">\n\t\t\t\t<div class=\"elementor-widget-container\">\n\t\t\t\t\t\t\t<div class=\"wd-text-block reset-last-child text-left\">\n\t\t\t\n\t\t\t<p>Deine Haut erz\u00e4hlt eine Geschichte dar\u00fcber, wer du bist und wie du dich f\u00fchlst. Aber wei\u00dft du wirklich, was deine Haut braucht? Viele Menschen verwenden Produkte, die nicht zu ihrem einzigartigen Hauttyp passen, was m\u00f6glicherweise verhindert, dass sie die besten Ergebnisse erzielen. Unser Hauttest bietet dir die M\u00f6glichkeit, mehr Einblick in deine Haut und die spezifische Pflege zu erhalten, die sie verdient. Entdecke die Bed\u00fcrfnisse deiner Haut und beginne mit einer effektiven Routine, die sie sch\u00fctzt und zum Strahlen bringt.<\/p>\n\t\t\t\t\t<\/div>\n\t\t\t\t\t\t<\/div>\n\t\t\t\t<\/div>\n\t\t\t\t<div class=\"elementor-element elementor-element-2ed0526 elementor-widget elementor-widget-wd_text_block\" data-id=\"2ed0526\" data-element_type=\"widget\" data-e-type=\"widget\" data-widget_type=\"wd_text_block.default\">\n\t\t\t\t<div class=\"elementor-widget-container\">\n\t\t\t\t\t\t\t<div class=\"wd-text-block reset-last-child text-left color-alt\">\n\t\t\t\n\t\t\t<div class=\"wd-negative-gap elementor-element elementor-element-99e3501 e-flex e-con-boxed e-con e-parent e-lazyloaded\" data-id=\"99e3501\" data-element_type=\"container\"><div class=\"e-con-inner\"><div class=\"elementor-element elementor-element-e7bf6f9 e-con-full e-flex e-con e-child\" data-id=\"e7bf6f9\" data-element_type=\"container\" data-settings=\"{&quot;background_background&quot;:&quot;classic&quot;}\"><div class=\"elementor-element elementor-element-0cb030e color-scheme-inherit text-left elementor-widget elementor-widget-text-editor\" data-id=\"0cb030e\" data-element_type=\"widget\" data-widget_type=\"text-editor.default\"><div class=\"elementor-widget-container\"><p><em>Gib deiner Haut die Liebe, die sie verdient!<\/em><\/p><\/div><\/div><\/div><\/div><\/div><div class=\"wd-negative-gap elementor-element elementor-element-0145233 e-flex e-con-boxed e-con e-parent e-lazyloaded\" data-id=\"0145233\" data-element_type=\"container\"><div class=\"e-con-inner\"><div class=\"elementor-element elementor-element-cc07574 elementor-widget elementor-widget-spacer\" data-id=\"cc07574\" data-element_type=\"widget\" data-widget_type=\"spacer.default\"><div class=\"elementor-widget-container\"><div class=\"elementor-spacer\">\u00a0<\/div><\/div><\/div><\/div><\/div>\n\t\t\t\t\t<\/div>\n\t\t\t\t\t\t<\/div>\n\t\t\t\t<\/div>\n\t\t\t\t\t<\/div>\n\t\t\t\t<\/div>\n\t\t<div class=\"wd-negative-gap elementor-element elementor-element-0145233 e-flex e-con-boxed e-con e-parent\" data-id=\"0145233\" data-element_type=\"container\" data-e-type=\"container\">\n\t\t\t\t\t<div class=\"e-con-inner\">\n\t\t\t\t<div class=\"elementor-element elementor-element-42a3031 elementor-widget elementor-widget-shortcode\" data-id=\"42a3031\" data-element_type=\"widget\" data-e-type=\"widget\" data-widget_type=\"shortcode.default\">\n\t\t\t\t<div class=\"elementor-widget-container\">\n\t\t\t\t\t\t\t<div class=\"elementor-shortcode\"><div class=\"tve_flt\" id=\"tve_editor\">\n\t\t\t<div class=\"tqb-shortcode-wrapper\" id=\"tqb-shortcode-wrapper-995040-tqb-69d0c37bd3aa3\" data-quiz-id=\"995040\" data-unique=\"tqb-69d0c37bd3aa3\" >\n\t\t\t\t<div class=\"tqb-loading-overlay tqb-template-overlay-style-0\">\n\t\t\t\t\t<div class=\"tqb-loading-bullets\"><\/div>\n\t\t\t\t<\/div>\n\t\t\t\t<div class=\"tqb-frontend-error-message\"><\/div>\n\t\t\t\t<div class=\"tqb-shortcode-old-content\"><\/div>\n\t\t\t\t<div class=\"tqb-shortcode-new-content tqb-template-style-0\"><\/div>\n\t\t\t<\/div><\/div><\/div>\n\t\t\t\t\t\t<\/div>\n\t\t\t\t<\/div>\n\t\t\t\t<div class=\"elementor-element elementor-element-c5c5686 elementor-widget elementor-widget-spacer\" data-id=\"c5c5686\" data-element_type=\"widget\" data-e-type=\"widget\" data-widget_type=\"spacer.default\">\n\t\t\t\t<div class=\"elementor-widget-container\">\n\t\t\t\t\t\t\t<div class=\"elementor-spacer\">\n\t\t\t<div class=\"elementor-spacer-inner\"><\/div>\n\t\t<\/div>\n\t\t\t\t\t\t<\/div>\n\t\t\t\t<\/div>\n\t\t\t\t\t<\/div>\n\t\t\t\t<\/div>\n\t\t<div class=\"wd-negative-gap elementor-element elementor-element-d792018 e-flex e-con-boxed e-con e-parent\" data-id=\"d792018\" data-element_type=\"container\" data-e-type=\"container\">\n\t\t\t\t\t<div class=\"e-con-inner\">\n\t\t<div class=\"elementor-element elementor-element-913646f e-con-full e-flex e-con e-child\" data-id=\"913646f\" data-element_type=\"container\" data-e-type=\"container\">\n\t\t\t\t<div class=\"elementor-element elementor-element-b0cb51e elementor-widget elementor-widget-wd_image_or_svg\" data-id=\"b0cb51e\" data-element_type=\"widget\" data-e-type=\"widget\" data-widget_type=\"wd_image_or_svg.default\">\n\t\t\t\t<div class=\"elementor-widget-container\">\n\t\t\t\t\t\n\t\t<div class=\"wd-image text-left\">\n\t\t\t\t\t\t\t\t<img loading=\"lazy\" decoding=\"async\" width=\"2267\" height=\"2560\" src=\"https:\/\/hypogeen.nl\/wp-content\/uploads\/2024\/10\/file-9-e1730197532642-scaled.png\" class=\"attachment-full size-full\" alt=\"Hauttypentest\" srcset=\"https:\/\/hypogeen.nl\/wp-content\/uploads\/2024\/10\/file-9-e1730197532642-scaled.png 2267w, https:\/\/hypogeen.nl\/wp-content\/uploads\/2024\/10\/file-9-e1730197532642-scaled-430x486.png 430w, https:\/\/hypogeen.nl\/wp-content\/uploads\/2024\/10\/file-9-e1730197532642-scaled-10x11.png 10w, https:\/\/hypogeen.nl\/wp-content\/uploads\/2024\/10\/file-9-e1730197532642-scaled-700x790.png 700w, https:\/\/hypogeen.nl\/wp-content\/uploads\/2024\/10\/file-9-e1730197532642-64x72.png 64w, https:\/\/hypogeen.nl\/wp-content\/uploads\/2024\/10\/file-9-e1730197532642-266x300.png 266w, https:\/\/hypogeen.nl\/wp-content\/uploads\/2024\/10\/file-9-e1730197532642-907x1024.png 907w, https:\/\/hypogeen.nl\/wp-content\/uploads\/2024\/10\/file-9-e1730197532642-768x867.png 768w, https:\/\/hypogeen.nl\/wp-content\/uploads\/2024\/10\/file-9-e1730197532642-1360x1536.png 1360w, https:\/\/hypogeen.nl\/wp-content\/uploads\/2024\/10\/file-9-e1730197532642-1814x2048.png 1814w, https:\/\/hypogeen.nl\/wp-content\/uploads\/2024\/10\/file-9-e1730197532642-11x12.png 11w, https:\/\/hypogeen.nl\/wp-content\/uploads\/2024\/10\/file-9-e1730197532642-1260x1423.png 1260w\" sizes=\"auto, (max-width: 2267px) 100vw, 2267px\" \/>\t\t\t\t\t<\/div>\n\n\t\t\t\t\t\t<\/div>\n\t\t\t\t<\/div>\n\t\t\t\t<\/div>\n\t\t<div class=\"elementor-element elementor-element-1bb4d67 e-con-full e-flex e-con e-child\" data-id=\"1bb4d67\" data-element_type=\"container\" data-e-type=\"container\">\n\t\t\t\t<div class=\"elementor-element elementor-element-a12f764 elementor-widget elementor-widget-heading\" data-id=\"a12f764\" data-element_type=\"widget\" data-e-type=\"widget\" data-widget_type=\"heading.default\">\n\t\t\t\t<div class=\"elementor-widget-container\">\n\t\t\t\t\t<h2 class=\"elementor-heading-title elementor-size-default\">Warum es wichtig ist, deinen Hauttyp zu kennen<\/h2>\t\t\t\t<\/div>\n\t\t\t\t<\/div>\n\t\t\t\t<div class=\"elementor-element elementor-element-80dcf94 color-scheme-inherit text-left elementor-widget elementor-widget-text-editor\" data-id=\"80dcf94\" data-element_type=\"widget\" data-e-type=\"widget\" data-widget_type=\"text-editor.default\">\n\t\t\t\t<div class=\"elementor-widget-container\">\n\t\t\t\t\t\t\t\t\t<p>Das Verst\u00e4ndnis deines Hauttyps ist entscheidend f\u00fcr die Auswahl der richtigen Pflegeprodukte und -routinen. Jede Haut ist einzigartig und hat spezifische Bed\u00fcrfnisse. Wenn du wei\u00dft, welchen Hauttyp du hast, kannst du gezielter Produkte w\u00e4hlen, die das richtige Gleichgewicht bieten, sei es bei der Hydratation, der Fettregulation oder der Beruhigung von Reizungen. Dies verhindert nicht nur Hautprobleme, sondern hilft auch, eine gesunde, strahlende Haut zu erhalten.\u00a0<\/p>\t\t\t\t\t\t\t\t<\/div>\n\t\t\t\t<\/div>\n\t\t\t\t<div class=\"elementor-element elementor-element-2c08364 elementor-widget elementor-widget-wd_accordion\" data-id=\"2c08364\" data-element_type=\"widget\" data-e-type=\"widget\" data-widget_type=\"wd_accordion.default\">\n\t\t\t\t<div class=\"elementor-widget-container\">\n\t\t\t\t\t\n\t\t<div class=\"wd-accordion wd-style-default wd-titles-left wd-opener-pos-left wd-opener-style-arrow\" data-state=\"first\">\n\t\t\t\t\t\t\t\n\t\t\t\t<div class=\"wd-accordion-item\">\n\t\t\t\t\t<div class=\"wd-accordion-title wd-role-btn wd-active\" data-accordion-index=\"0\" tabindex=\"0\">\n\t\t\t\t\t\t<div class=\"wd-accordion-title-text\">\n\t\t\t\t\t\t\t\t\t\t\t\t\t\t<span>\n\t\t\t\t\t\t\t\tWarum \u00e4ndert sich mein Hauttyp im Laufe der Jahre?\t\t\t\t\t\t\t<\/span>\n\t\t\t\t\t\t<\/div>\n\t\t\t\t\t\t<span class=\"wd-accordion-opener\"><\/span>\n\t\t\t\t\t<\/div>\n\n\t\t\t\t\t<div class=\"wd-accordion-content wd-entry-content wd-active\" data-accordion-index=\"0\">\n\t\t\t\t\t\t\t\t\t\t\t\t\t\n\t\t\t\t\t\t\t<p>Hormone, Alter, Ern\u00e4hrung und Umweltfaktoren k\u00f6nnen alle deinen Hauttyp beeinflussen. Es ist gut, deinen Hauttyp regelm\u00e4\u00dfig neu zu bewerten.<\/p>\n\t\t\t\t\t\t\t\t\t\t\t\t\t\t\t\t\t\t<\/div>\n\t\t\t\t<\/div>\n\t\t\t\t\t\t\t\n\t\t\t\t<div class=\"wd-accordion-item\">\n\t\t\t\t\t<div class=\"wd-accordion-title wd-role-btn\" data-accordion-index=\"1\" tabindex=\"0\">\n\t\t\t\t\t\t<div class=\"wd-accordion-title-text\">\n\t\t\t\t\t\t\t\t\t\t\t\t\t\t<span>\n\t\t\t\t\t\t\t\tKann ich mehrere Hauttypen haben?\t\t\t\t\t\t\t<\/span>\n\t\t\t\t\t\t<\/div>\n\t\t\t\t\t\t<span class=\"wd-accordion-opener\"><\/span>\n\t\t\t\t\t<\/div>\n\n\t\t\t\t\t<div class=\"wd-accordion-content wd-entry-content\" data-accordion-index=\"1\">\n\t\t\t\t\t\t\t\t\t\t\t\t\t\n\t\t\t\t\t\t\t<p>Ja, es ist m\u00f6glich, Merkmale verschiedener Hauttypen zu erleben, wie eine fettige T-Zone mit trockenen Wangen. Dies wird als Mischhaut bezeichnet.<\/p>\n\t\t\t\t\t\t\t\t\t\t\t\t\t\t\t\t\t\t<\/div>\n\t\t\t\t<\/div>\n\t\t\t\t\t\t\t\n\t\t\t\t<div class=\"wd-accordion-item\">\n\t\t\t\t\t<div class=\"wd-accordion-title wd-role-btn\" data-accordion-index=\"2\" tabindex=\"0\">\n\t\t\t\t\t\t<div class=\"wd-accordion-title-text\">\n\t\t\t\t\t\t\t\t\t\t\t\t\t\t<span>\n\t\t\t\t\t\t\t\tWie oft sollte ich meine Hautpflegeroutine anpassen?\t\t\t\t\t\t\t<\/span>\n\t\t\t\t\t\t<\/div>\n\t\t\t\t\t\t<span class=\"wd-accordion-opener\"><\/span>\n\t\t\t\t\t<\/div>\n\n\t\t\t\t\t<div class=\"wd-accordion-content wd-entry-content\" data-accordion-index=\"2\">\n\t\t\t\t\t\t\t\t\t\t\t\t\t\n\t\t\t\t\t\t\t<p>Es ist ratsam, deine Routine zu \u00fcberpr\u00fcfen, wenn sich deine Haut ver\u00e4ndert, zum Beispiel bei Jahreszeitenwechseln oder nach gro\u00dfen Lebensver\u00e4nderungen wie Schwangerschaft oder Alterung.<\/p>\n\t\t\t\t\t\t\t\t\t\t\t\t\t\t\t\t\t\t<\/div>\n\t\t\t\t<\/div>\n\t\t\t\t\t\t\t\n\t\t\t\t<div class=\"wd-accordion-item\">\n\t\t\t\t\t<div class=\"wd-accordion-title wd-role-btn\" data-accordion-index=\"3\" tabindex=\"0\">\n\t\t\t\t\t\t<div class=\"wd-accordion-title-text\">\n\t\t\t\t\t\t\t\t\t\t\t\t\t\t<span>\n\t\t\t\t\t\t\t\tIst es wichtig, Produkte f\u00fcr meinen Hauttyp zu verwenden?\t\t\t\t\t\t\t<\/span>\n\t\t\t\t\t\t<\/div>\n\t\t\t\t\t\t<span class=\"wd-accordion-opener\"><\/span>\n\t\t\t\t\t<\/div>\n\n\t\t\t\t\t<div class=\"wd-accordion-content wd-entry-content\" data-accordion-index=\"3\">\n\t\t\t\t\t\t\t\t\t\t\t\t\t\n\t\t\t\t\t\t\t<p>Ja, die Verwendung von Produkten, die auf deinen spezifischen Hauttyp abgestimmt sind, ist entscheidend. Die richtigen Produkte helfen, das Gleichgewicht deiner Haut zu erhalten, Probleme zu vermeiden und ein gesundes Aussehen zu f\u00f6rdern.<\/p>\n\t\t\t\t\t\t\t\t\t\t\t\t\t\t\t\t\t\t<\/div>\n\t\t\t\t<\/div>\n\t\t\t\t\t\t\t\n\t\t\t\t<div class=\"wd-accordion-item\">\n\t\t\t\t\t<div class=\"wd-accordion-title wd-role-btn\" data-accordion-index=\"4\" tabindex=\"0\">\n\t\t\t\t\t\t<div class=\"wd-accordion-title-text\">\n\t\t\t\t\t\t\t\t\t\t\t\t\t\t<span>\n\t\t\t\t\t\t\t\tF\u00fcr welchen Hauttyp sind hypoallergene Produkte am besten geeignet?\t\t\t\t\t\t\t<\/span>\n\t\t\t\t\t\t<\/div>\n\t\t\t\t\t\t<span class=\"wd-accordion-opener\"><\/span>\n\t\t\t\t\t<\/div>\n\n\t\t\t\t\t<div class=\"wd-accordion-content wd-entry-content\" data-accordion-index=\"4\">\n\t\t\t\t\t\t\t\t\t\t\t\t\t\n\t\t\t\t\t\t\t<p>Hypoallergene Produkte sind ideal f\u00fcr Menschen mit empfindlicher Haut, k\u00f6nnen jedoch auch f\u00fcr alle Hauttypen von Vorteil sein. Diese Produkte sind so konzipiert, dass sie das Risiko von allergischen Reaktionen und Reizungen minimieren. Das macht sie zu einer ausgezeichneten Wahl f\u00fcr alle, die empfindlich auf bestimmte Inhaltsstoffe wie Duftstoffe oder Konservierungsmittel reagieren. Die Verwendung hypoallergener Produkte hilft, deine Haut zu beruhigen und zu sch\u00fctzen, unabh\u00e4ngig von deinem spezifischen Hauttyp.<\/p>\n\t\t\t\t\t\t\t\t\t\t\t\t\t\t\t\t\t\t<\/div>\n\t\t\t\t<\/div>\n\t\t\t\t\t<\/div>\n\t\t\t\t\t\t<\/div>\n\t\t\t\t<\/div>\n\t\t\t\t<\/div>\n\t\t\t\t\t<\/div>\n\t\t\t\t<\/div>\n\t\t<div class=\"wd-negative-gap elementor-element elementor-element-cea9ec4 e-flex e-con-boxed e-con e-parent\" data-id=\"cea9ec4\" data-element_type=\"container\" data-e-type=\"container\">\n\t\t\t\t\t<div class=\"e-con-inner\">\n\t\t\t\t<div class=\"elementor-element elementor-element-aee1aaf elementor-widget elementor-widget-spacer\" data-id=\"aee1aaf\" data-element_type=\"widget\" data-e-type=\"widget\" data-widget_type=\"spacer.default\">\n\t\t\t\t<div class=\"elementor-widget-container\">\n\t\t\t\t\t\t\t<div class=\"elementor-spacer\">\n\t\t\t<div class=\"elementor-spacer-inner\"><\/div>\n\t\t<\/div>\n\t\t\t\t\t\t<\/div>\n\t\t\t\t<\/div>\n\t\t\t\t\t<\/div>\n\t\t\t\t<\/div>\n\t\t\t\t<\/div>","protected":false},"excerpt":{"rendered":"<p>Huidtest Je huid vertelt een verhaal over wie je bent en hoe je je voelt. Maar weet je echt wat<\/p>","protected":false},"author":12,"featured_media":0,"parent":997977,"menu_order":0,"comment_status":"closed","ping_status":"closed","template":"","meta":{"_acf_changed":false,"footnotes":""},"class_list":["post-995043","page","type-page","status-publish","hentry"],"acf":[],"_links":{"self":[{"href":"https:\/\/hypogeen.nl\/de\/wp-json\/wp\/v2\/pages\/995043","targetHints":{"allow":["GET"]}}],"collection":[{"href":"https:\/\/hypogeen.nl\/de\/wp-json\/wp\/v2\/pages"}],"about":[{"href":"https:\/\/hypogeen.nl\/de\/wp-json\/wp\/v2\/types\/page"}],"author":[{"embeddable":true,"href":"https:\/\/hypogeen.nl\/de\/wp-json\/wp\/v2\/users\/12"}],"replies":[{"embeddable":true,"href":"https:\/\/hypogeen.nl\/de\/wp-json\/wp\/v2\/comments?post=995043"}],"version-history":[{"count":0,"href":"https:\/\/hypogeen.nl\/de\/wp-json\/wp\/v2\/pages\/995043\/revisions"}],"up":[{"embeddable":true,"href":"https:\/\/hypogeen.nl\/de\/wp-json\/wp\/v2\/pages\/997977"}],"wp:attachment":[{"href":"https:\/\/hypogeen.nl\/de\/wp-json\/wp\/v2\/media?parent=995043"}],"curies":[{"name":"wp","href":"https:\/\/api.w.org\/{rel}","templated":true}]}}