{"id":1003067,"date":"2026-02-10T13:52:47","date_gmt":"2026-02-10T13:52:47","guid":{"rendered":"https:\/\/hypogeen.nl\/?post_type=product&#038;p=1003067"},"modified":"2026-04-04T05:36:49","modified_gmt":"2026-04-04T05:36:49","slug":"hypogeen-voetscrubcreme","status":"publish","type":"product","link":"https:\/\/hypogeen.nl\/de\/hypogeen-voetscrubcreme\/","title":{"rendered":"Hypogeen Voetscrubcr\u00e8me"},"content":{"rendered":"<div data-elementor-type=\"wp-post\" data-elementor-id=\"1003067\" class=\"elementor elementor-1003067\">\n\t\t\t\t<div class=\"wd-negative-gap elementor-element elementor-element-fd94fb3 e-flex e-con-boxed e-con e-parent\" data-id=\"fd94fb3\" data-element_type=\"container\" data-e-type=\"container\">\n\t\t\t\t\t<div class=\"e-con-inner\">\n\t\t<div class=\"elementor-element elementor-element-077b026 e-con-full e-flex e-con e-child\" data-id=\"077b026\" data-element_type=\"container\" data-e-type=\"container\">\n\t\t\t\t<div class=\"elementor-element elementor-element-ab38eec color-scheme-inherit text-left elementor-widget elementor-widget-text-editor\" data-id=\"ab38eec\" data-element_type=\"widget\" data-e-type=\"widget\" data-widget_type=\"text-editor.default\">\n\t\t\t\t<div class=\"elementor-widget-container\">\n\t\t\t\t\t\t\t\t\t<h2 data-start=\"900\" data-end=\"927\">Hypoallergene voetscrub<\/h2><p>Hypogeen Voetscrubcr\u00e8me is ontwikkeld om de voeten op een milde maar effectieve manier te exfoli\u00ebren \u00e9n te verzorgen. De zachte scrubdeeltjes verwijderen dode huidcellen en helpen eelt en ruwe plekken verminderen, terwijl de romige cr\u00e8mebasis de huid direct voedt en verzacht. Hierdoor voelen de voeten na gebruik gladder, soepeler en comfortabeler aan, zonder trekkerig gevoel.<\/p><p>De formule combineert exfoli\u00ebrende werking met intensieve verzorging dankzij ingredi\u00ebnten zoals ureum, glycerine, ceramiden en ectoin. Deze ondersteunen het vochtgehalte en de huidbarri\u00e8re, waardoor de scrub ook geschikt is voor de gevoelige huid. Ideaal als onderdeel van een regelmatige voetverzorgingsroutine en perfect ter voorbereiding op verdere nagel- en voetverzorging.<\/p>\t\t\t\t\t\t\t\t<\/div>\n\t\t\t\t<\/div>\n\t\t\t\t<\/div>\n\t\t<div class=\"elementor-element elementor-element-f3bb3a9 e-con-full e-flex e-con e-child\" data-id=\"f3bb3a9\" data-element_type=\"container\" data-e-type=\"container\">\n\t\t\t\t<div class=\"elementor-element elementor-element-0332f09 color-scheme-inherit text-left elementor-widget elementor-widget-text-editor\" data-id=\"0332f09\" data-element_type=\"widget\" data-e-type=\"widget\" data-widget_type=\"text-editor.default\">\n\t\t\t\t<div class=\"elementor-widget-container\">\n\t\t\t\t\t\t\t\t\t<p><strong>\u2192 Exfolieert \u00e9n verzorgt tegelijk<\/strong><br \/><strong>\u2192 Mild voor de gevoelige huid<\/strong><br \/><strong>\u2192 Maakt voeten direct gladder<br \/>\u2192 5% Ureum + Ceramiden<\/strong><\/p>\t\t\t\t\t\t\t\t<\/div>\n\t\t\t\t<\/div>\n\t\t\t\t<\/div>\n\t\t\t\t\t<\/div>\n\t\t\t\t<\/div>\n\t\t<div class=\"wd-negative-gap elementor-element elementor-element-c5c58bd e-flex e-con-boxed e-con e-parent\" data-id=\"c5c58bd\" data-element_type=\"container\" data-e-type=\"container\">\n\t\t\t\t\t<div class=\"e-con-inner\">\n\t\t<div class=\"elementor-element elementor-element-ca15032 e-con-full e-flex e-con e-child\" data-id=\"ca15032\" data-element_type=\"container\" data-e-type=\"container\">\n\t\t\t\t<div class=\"elementor-element elementor-element-eb4e273 color-scheme-inherit text-left elementor-widget elementor-widget-text-editor\" data-id=\"eb4e273\" data-element_type=\"widget\" data-e-type=\"widget\" data-widget_type=\"text-editor.default\">\n\t\t\t\t<div class=\"elementor-widget-container\">\n\t\t\t\t\t\t\t\t\t<h2 data-start=\"900\" data-end=\"927\">Hoe gebruik je de voetscrubcr\u00e8me<\/h2><p data-start=\"2099\" data-end=\"2340\">Breng de voetscrubcr\u00e8me aan op schone, licht vochtige voeten en masseer zachtjes in met cirkelvormige bewegingen. Besteed extra aandacht aan ruwe plekken, eelt en de nagelriemen. Spoel vervolgens af met lauwwarm water en dep de voeten droog.\u00a0<\/p><p data-start=\"2099\" data-end=\"2340\">Gebruik de scrubcr\u00e8me \u00e9\u00e9n tot twee keer per week. Door regelmatig te scrubben worden dode huidcellen verwijderd en kan verzorging zoals voetcr\u00e8me of nagelolie beter worden opgenomen.<\/p><p data-start=\"639\" data-end=\"1104\"><em>\ud83d\udec8 Gebruik de voetscrub onder de douche of in bad. Zo kun je de scrub na het inmasseren direct afspoelen. E\u00e9n tot twee keer per week is voldoende om de huid glad te houden zonder de huidbarri\u00e8re te belasten.<\/em><\/p>\t\t\t\t\t\t\t\t<\/div>\n\t\t\t\t<\/div>\n\t\t\t\t<\/div>\n\t\t<div class=\"elementor-element elementor-element-2cd6aa1 e-con-full e-flex e-con e-child\" data-id=\"2cd6aa1\" data-element_type=\"container\" data-e-type=\"container\">\n\t\t\t\t<div class=\"elementor-element elementor-element-5e149e3 elementor-widget elementor-widget-wd_image_or_svg\" data-id=\"5e149e3\" data-element_type=\"widget\" data-e-type=\"widget\" data-widget_type=\"wd_image_or_svg.default\">\n\t\t\t\t<div class=\"elementor-widget-container\">\n\t\t\t\t\t\n\t\t<div class=\"wd-image text-left\">\n\t\t\t\t\t\t\t\t<img loading=\"lazy\" decoding=\"async\" width=\"1024\" height=\"1024\" src=\"https:\/\/hypogeen.nl\/wp-content\/uploads\/2026\/02\/Ontwerp-zonder-titel-2026-02-10T151721.796.png\" class=\"attachment-full size-full\" alt=\"\" srcset=\"https:\/\/hypogeen.nl\/wp-content\/uploads\/2026\/02\/Ontwerp-zonder-titel-2026-02-10T151721.796.png 1024w, https:\/\/hypogeen.nl\/wp-content\/uploads\/2026\/02\/Ontwerp-zonder-titel-2026-02-10T151721.796-430x430.png 430w, https:\/\/hypogeen.nl\/wp-content\/uploads\/2026\/02\/Ontwerp-zonder-titel-2026-02-10T151721.796-10x10.png 10w, https:\/\/hypogeen.nl\/wp-content\/uploads\/2026\/02\/Ontwerp-zonder-titel-2026-02-10T151721.796-700x700.png 700w, https:\/\/hypogeen.nl\/wp-content\/uploads\/2026\/02\/Ontwerp-zonder-titel-2026-02-10T151721.796-300x300.png 300w, https:\/\/hypogeen.nl\/wp-content\/uploads\/2026\/02\/Ontwerp-zonder-titel-2026-02-10T151721.796-800x800.png 800w, https:\/\/hypogeen.nl\/wp-content\/uploads\/2026\/02\/Ontwerp-zonder-titel-2026-02-10T151721.796-150x150.png 150w, https:\/\/hypogeen.nl\/wp-content\/uploads\/2026\/02\/Ontwerp-zonder-titel-2026-02-10T151721.796-768x768.png 768w, https:\/\/hypogeen.nl\/wp-content\/uploads\/2026\/02\/Ontwerp-zonder-titel-2026-02-10T151721.796-12x12.png 12w\" sizes=\"auto, (max-width: 1024px) 100vw, 1024px\" \/>\t\t\t\t\t<\/div>\n\n\t\t\t\t\t\t<\/div>\n\t\t\t\t<\/div>\n\t\t\t\t<\/div>\n\t\t\t\t\t<\/div>\n\t\t\t\t<\/div>\n\t\t\t\t<\/div>","protected":false},"excerpt":{"rendered":"<p data-start=\"815\" data-end=\"988\">\u2714 Verwijdert dode huidcellen op milde wijze<br data-start=\"678\" data-end=\"681\" \/>\u2714 Verzorgt en verzacht direct<br data-start=\"710\" data-end=\"713\" \/>\u2714 Met 5% ureum, ceramiden &amp; ectoin<br data-start=\"744\" data-end=\"747\" \/>\u2714 Geschikt voor gevoelige huid<\/p>\n<p data-start=\"815\" data-end=\"988\">Deze milde voetscrubcr\u00e8me verwijdert dode huidcellen en verzorgt de voeten tegelijk. De huid voelt na gebruik direct zachter, gladder en comfortabeler aan, zonder irritatie.<\/p>","protected":false},"featured_media":1003069,"comment_status":"open","ping_status":"closed","template":"elementor_theme","meta":{"_acf_changed":false},"product_brand":[373],"product_cat":[368,356,40],"product_tag":[],"class_list":{"0":"post-1003067","1":"product","2":"type-product","3":"status-publish","4":"has-post-thumbnail","6":"product_brand-hypogeen","7":"product_cat-pedicure-producten","8":"product_cat-voetcremes","9":"product_cat-voetverzorging","11":"first","12":"instock","13":"taxable","14":"shipping-taxable","15":"purchasable","16":"product-type-simple"},"acf":{"bolcom_producttekst":"","hoe_te_gebruiken":"","Ingredienten":"","voordelen":""},"_links":{"self":[{"href":"https:\/\/hypogeen.nl\/de\/wp-json\/wp\/v2\/product\/1003067","targetHints":{"allow":["GET"]}}],"collection":[{"href":"https:\/\/hypogeen.nl\/de\/wp-json\/wp\/v2\/product"}],"about":[{"href":"https:\/\/hypogeen.nl\/de\/wp-json\/wp\/v2\/types\/product"}],"replies":[{"embeddable":true,"href":"https:\/\/hypogeen.nl\/de\/wp-json\/wp\/v2\/comments?post=1003067"}],"version-history":[{"count":1,"href":"https:\/\/hypogeen.nl\/de\/wp-json\/wp\/v2\/product\/1003067\/revisions"}],"predecessor-version":[{"id":1003359,"href":"https:\/\/hypogeen.nl\/de\/wp-json\/wp\/v2\/product\/1003067\/revisions\/1003359"}],"wp:featuredmedia":[{"embeddable":true,"href":"https:\/\/hypogeen.nl\/de\/wp-json\/wp\/v2\/media\/1003069"}],"wp:attachment":[{"href":"https:\/\/hypogeen.nl\/de\/wp-json\/wp\/v2\/media?parent=1003067"}],"wp:term":[{"taxonomy":"product_brand","embeddable":true,"href":"https:\/\/hypogeen.nl\/de\/wp-json\/wp\/v2\/product_brand?post=1003067"},{"taxonomy":"product_cat","embeddable":true,"href":"https:\/\/hypogeen.nl\/de\/wp-json\/wp\/v2\/product_cat?post=1003067"},{"taxonomy":"product_tag","embeddable":true,"href":"https:\/\/hypogeen.nl\/de\/wp-json\/wp\/v2\/product_tag?post=1003067"}],"curies":[{"name":"wp","href":"https:\/\/api.w.org\/{rel}","templated":true}]}}