{"id":121,"date":"2023-09-13T21:08:15","date_gmt":"2023-09-13T20:08:15","guid":{"rendered":"https:\/\/development.hypogeen.nl\/?post_type=product&#038;p=121"},"modified":"2026-04-08T08:10:34","modified_gmt":"2026-04-08T08:10:34","slug":"hypogeen-m-cose-fusspray-100ml","status":"publish","type":"product","link":"https:\/\/hypogeen.nl\/de\/hypogeen-m-cose-fusspray-100ml\/","title":{"rendered":"Hypogeen M-cose voetspray &#8211; 100ml"},"content":{"rendered":"<div data-elementor-type=\"wp-post\" data-elementor-id=\"121\" class=\"elementor elementor-121\">\n\t\t\t\t<div class=\"wd-negative-gap elementor-element elementor-element-33f924e e-flex e-con-boxed e-con e-parent\" data-id=\"33f924e\" data-element_type=\"container\" data-e-type=\"container\">\n\t\t\t\t\t<div class=\"e-con-inner\">\n\t\t<div class=\"elementor-element elementor-element-b311069 e-con-full e-flex e-con e-child\" data-id=\"b311069\" data-element_type=\"container\" data-e-type=\"container\">\n\t\t\t\t<div class=\"elementor-element elementor-element-b6e0506 color-scheme-inherit text-left elementor-widget elementor-widget-text-editor\" data-id=\"b6e0506\" data-element_type=\"widget\" data-e-type=\"widget\" data-widget_type=\"text-editor.default\">\n\t\t\t\t<div class=\"elementor-widget-container\">\n\t\t\t\t\t\t\t\t\t<h2>Anti-zweetvoeten spray voor frisse en gezonde voeten<\/h2><p>Houd uw voeten de hele dag fris en droog met de Hypogeen M-cose Voetspray. Deze effectieve zweetvoeten spray is speciaal ontwikkeld om voettranspiratie te verminderen en nare geurtjes te neutraliseren. De watervrije formule, verrijkt met Provitamine B5, biedt langdurige bescherming en verzorging. Dankzij actieve ingredi\u00ebnten zoals Melaleuca Alternifolia Leaf Oil (Tea Tree olie) en Lavandula Angustiflora Oil pakt de spray niet alleen geuren aan, maar helpt deze ook bij het voorkomen van schimmels en kalknagels.<\/p><h2>Effectieve voetspray tegen zweetvoeten en schimmel<\/h2><p>De spray tegen zweetvoeten helpt de vochtbalans van de huid op natuurlijke wijze te behouden, waardoor uw voeten droog, fris en comfortabel blijven. Deze voetspray tegen zweetvoeten is eenvoudig aan te brengen met de handige sprayflacon en biedt 24 uur lang bescherming. Bovendien is het een uitstekende keuze als voetspray tegen schimmel, dankzij de hydraterende en reinigende eigenschappen van Tea Tree olie. Kies voor een frisse start met de Hypogeen M-cose Zweetvoeten Spray.<\/p>\t\t\t\t\t\t\t\t<\/div>\n\t\t\t\t<\/div>\n\t\t\t\t<\/div>\n\t\t<div class=\"elementor-element elementor-element-8bab591 e-con-full e-flex e-con e-child\" data-id=\"8bab591\" data-element_type=\"container\" data-e-type=\"container\">\n\t\t\t\t<div class=\"elementor-element elementor-element-1252fe5 elementor-widget elementor-widget-wd_text_block\" data-id=\"1252fe5\" data-element_type=\"widget\" data-e-type=\"widget\" data-widget_type=\"wd_text_block.default\">\n\t\t\t\t<div class=\"elementor-widget-container\">\n\t\t\t\t\t\t\t<div class=\"wd-text-block reset-last-child text-left\">\n\t\t\t\n\t\t\t<h2>Voordelen van Hypogeen m-cose voetspray<\/h2><ul><li>Houdt de voeten 24 uur lang fris en vrij van nare geurtjes<\/li><li>Vermindert voettranspiratie en helpt effectief tegen schimmels<\/li><li>Geschikt als anti transpirant voeten voor langdurige droogheid<\/li><li>Hydrateert en verzorgt, ook effectief bij kalknagels<\/li><li>Watervrije formule voor langdurige bescherming<\/li><li>Verrijkt met Provitamine B5 voor extra voedende eigenschappen<\/li><li>Gemakkelijk aan te brengen met de praktische sprayflacon<\/li><\/ul>\n\t\t\t\t\t<\/div>\n\t\t\t\t\t\t<\/div>\n\t\t\t\t<\/div>\n\t\t\t\t<\/div>\n\t\t\t\t\t<\/div>\n\t\t\t\t<\/div>\n\t\t\t\t<\/div>","protected":false},"excerpt":{"rendered":"<p>Der M-cose Fu\u00dfspray gegen Schwei\u00df ist Ihr zuverl\u00e4ssiger Verb\u00fcndeter im Kampf gegen Schwei\u00dff\u00fc\u00dfe. Dieses Fu\u00dfpflegespray, angereichert mit Provitamin B5 und Teebaum\u00f6l, verhindert effektiv Fu\u00dfschwei\u00df und hilft bei der Pflege von Nagelpilz.<\/p>","protected":false},"featured_media":1000755,"comment_status":"open","ping_status":"closed","template":"elementor_theme","meta":{"_acf_changed":false},"product_brand":[373],"product_cat":[357,368,355,40],"product_tag":[],"class_list":{"0":"post-121","1":"product","2":"type-product","3":"status-publish","4":"has-post-thumbnail","6":"product_brand-hypogeen","7":"product_cat-kalknagels","8":"product_cat-pedicure-producten","9":"product_cat-voetsprays","10":"product_cat-voetverzorging","12":"first","13":"instock","14":"taxable","15":"shipping-taxable","16":"purchasable","17":"product-type-simple"},"acf":{"bolcom_producttekst":"Houd uw voeten de hele dag fris en vrij van nare geurtjes met de Hypogeen M-cose Zweetvoeten Spray. Deze effectieve voetverzorgende spray, verrijkt met Provitamine B5, voorkomt voettranspiratie en neutraliseert onaangename geuren. De watervrije formule is eenvoudig aan te brengen via de sprayflacon en bevat actieve ingredi\u00ebnten zoals Melaleuca Alternifolia Leaf Oil en Lavandula Angustiflora Oil die de bron van het probleem aanpakken.\r\n\r\nDe spray helpt de vochtbalans in de huid op natuurlijke wijze te behouden, waardoor klachten verminderen en uw voeten de hele dag droog en comfortabel blijven. Daarnaast is de spray ook effectief tegen kalknagels door de toevoeging van Tea Tree olie. Kies voor Hypogeen M-cose voor frisse, droge en gezonde voeten de hele dag door.\r\n\r\n<strong>Voordelen<\/strong>\r\n<ul>\r\n \t<li>Houdt de voeten 24 uur lang fris en vrij van nare geurtjes.<\/li>\r\n \t<li>Helpt effectief bij het voorkomen van voettranspiratie en schimmels.<\/li>\r\n \t<li>Verzorgt en hydrateert de voeten, ook geschikt voor kalknagels.<\/li>\r\n \t<li>Gemakkelijk aan te brengen met de handige sprayflacon.<\/li>\r\n \t<li>Formulering is watervrij voor langdurige bescherming.<\/li>\r\n \t<li>Bevat Provitamine B5 voor extra voedende eigenschappen.<\/li>\r\n<\/ul>\r\n<strong>Gebruiksadvies<\/strong>\r\nBreng dagelijks een volledige verneveling van de M-cose Zweetvoeten spray aan op de voeten. Twee tot vier sprays zijn doorgaans voldoende. Masseer de spray lichtjes in na het aanbrengen en laat goed drogen voordat u sokken en schoenen aantrekt.\r\n\r\n<strong>Ingredi\u00ebnten<\/strong>\r\nIngredi\u00ebnts (INCI): Aqua; Alcohol; Pentylene Glycol; Polysorbate 20; PEG-40 Hydrogenated Castor Oil; Panthenol; Climbazole; Allantoin; Melaleuca Alternifolia Leaf Oil; Lavandula Angustiflora Oil; L Menthol; Citric acid ; Isopropyl Alcohol; Glyceryl Laurate; Citronellyl Methylcrotonate; Propylene Glycol\r\n\r\n<strong>Verbeterde receptuur<\/strong>\r\n\r\nHypogeen houdt van huid! Hypogeen is voortdurend in beweging. We stoppen al onze passie en expertise in de ontwikkeling en verbetering van onze huidproducten. We hebben de verpakking van onze Hypogeen producten gemoderniseerd. Tevens hebben de Hypogeen producten een verbeterde receptuur en zijn alle huidverzorgingsproducten microplastic- en siliconenvrij. Zo zorgt Hypogeen niet alleen voor een gezondere huid, maar ook voor een gezondere toekomst.\r\n\r\n<strong>Over Hypogeen<\/strong>\r\n\r\nHypogeen is een hypoallergene huidverzorgingslijn voor de overgevoelige huid. De huid werkt altijd hard om ons te beschermen, maar kan ook droog en gebarsten raken. De intensieve voedende werking van Hypogeen producten, helpt de huid tegen uitdroging, huidirritatie, eelt, kloven en geeft de huid rust. Door gebruik te maken van de unieke huidverzorgingslijn van Hypogeen zult u merken dat uw huid gezonder wordt. De producten binnen de Hypogeen lijn hebben een zeer hoog gehalte aan huideigen en huidverwante ingredi\u00ebnten, onder andere triglyceriden lecithine, ureum en Vitamine E. De Hypogeen handverzorgings-, voetverzorgings-, gezichtsverzorgings- en massageproducten levert Arcim Healthcare aan apotheken, pedicures, drogisterijen, groothandels en consumenten.","hoe_te_gebruiken":"Breng dagelijks een volledige verneveling van de M-cose Voetspray aan op de voeten. Twee tot vier sprays zijn doorgaans voldoende. Masseer de spray lichtjes in na het aanbrengen en laat goed drogen voordat u sokken en schoenen aantrekt.","Ingredienten":"Ingredi\u00ebnts (INCI): Aqua; Alcohol; Pentylene Glycol; Polysorbate 20; PEG-40 Hydrogenated Castor Oil; Panthenol; Climbazole; Squalane; Allantoin; Melaleuca Alternifolia Leaf Oil; Lavandula Angustiflora Oil; L Menthol; Citric acid ; Isopropyl Alcohol; Glyceryl Laurate; Citronellyl Methylcrotonate; Propylene Glycol","voordelen":"<ul>\r\n \t<li>Houdt de voeten 24 uur lang fris en vrij van nare geurtjes.<\/li>\r\n \t<li>Helpt effectief bij het voorkomen van voettranspiratie en schimmels.<\/li>\r\n \t<li>Verzorgt en hydrateert de voeten, ook geschikt voor kalknagels.<\/li>\r\n \t<li>Gemakkelijk aan te brengen met de handige sprayflacon.<\/li>\r\n \t<li>Formulering is watervrij voor langdurige bescherming.<\/li>\r\n \t<li>Bevat Provitamine B5 voor extra voedende eigenschappen.<\/li>\r\n<\/ul>"},"_links":{"self":[{"href":"https:\/\/hypogeen.nl\/de\/wp-json\/wp\/v2\/product\/121","targetHints":{"allow":["GET"]}}],"collection":[{"href":"https:\/\/hypogeen.nl\/de\/wp-json\/wp\/v2\/product"}],"about":[{"href":"https:\/\/hypogeen.nl\/de\/wp-json\/wp\/v2\/types\/product"}],"replies":[{"embeddable":true,"href":"https:\/\/hypogeen.nl\/de\/wp-json\/wp\/v2\/comments?post=121"}],"version-history":[{"count":1,"href":"https:\/\/hypogeen.nl\/de\/wp-json\/wp\/v2\/product\/121\/revisions"}],"predecessor-version":[{"id":1003824,"href":"https:\/\/hypogeen.nl\/de\/wp-json\/wp\/v2\/product\/121\/revisions\/1003824"}],"wp:featuredmedia":[{"embeddable":true,"href":"https:\/\/hypogeen.nl\/de\/wp-json\/wp\/v2\/media\/1000755"}],"wp:attachment":[{"href":"https:\/\/hypogeen.nl\/de\/wp-json\/wp\/v2\/media?parent=121"}],"wp:term":[{"taxonomy":"product_brand","embeddable":true,"href":"https:\/\/hypogeen.nl\/de\/wp-json\/wp\/v2\/product_brand?post=121"},{"taxonomy":"product_cat","embeddable":true,"href":"https:\/\/hypogeen.nl\/de\/wp-json\/wp\/v2\/product_cat?post=121"},{"taxonomy":"product_tag","embeddable":true,"href":"https:\/\/hypogeen.nl\/de\/wp-json\/wp\/v2\/product_tag?post=121"}],"curies":[{"name":"wp","href":"https:\/\/api.w.org\/{rel}","templated":true}]}}