{"id":127,"date":"2023-09-13T21:08:15","date_gmt":"2023-09-13T20:08:15","guid":{"rendered":"https:\/\/development.hypogeen.nl\/?post_type=product&#038;p=127"},"modified":"2026-04-04T19:03:36","modified_gmt":"2026-04-04T19:03:36","slug":"hypogeen-hornhaut-und-risse-creme-tube-100ml","status":"publish","type":"product","link":"https:\/\/hypogeen.nl\/de\/hypogeen-hornhaut-und-risse-creme-tube-100ml\/","title":{"rendered":"Hypogeen Hornhaut- und Rissecreme \u2013 Tube 100ml"},"content":{"rendered":"<div data-elementor-type=\"wp-post\" data-elementor-id=\"127\" class=\"elementor elementor-127\">\n\t\t\t\t<div class=\"wd-negative-gap elementor-element elementor-element-2994bff e-flex e-con-boxed e-con e-parent\" data-id=\"2994bff\" data-element_type=\"container\" data-e-type=\"container\">\n\t\t\t\t\t<div class=\"e-con-inner\">\n\t\t<div class=\"elementor-element elementor-element-4a9a070 e-con-full e-flex e-con e-child\" data-id=\"4a9a070\" data-element_type=\"container\" data-e-type=\"container\">\n\t\t\t\t<div class=\"elementor-element elementor-element-6c7a601 color-scheme-inherit text-left elementor-widget elementor-widget-text-editor\" data-id=\"6c7a601\" data-element_type=\"widget\" data-e-type=\"widget\" data-widget_type=\"text-editor.default\">\n\t\t\t\t<div class=\"elementor-widget-container\">\n\t\t\t\t\t\t\t\t\t<h2>Intensieve verzorging voor eelt en kloven<\/h2><p>De Hypogeen Eelt- en Klovencr\u00e8me biedt intensieve verzorging voor het verwijderen van eeltplekken en het voorkomen van kloven. Dankzij de unieke combinatie van ureum, squalaan en provitamine B5 vermindert deze cr\u00e8me effectief eeltvorming en bevordert het herstel van de huidbarri\u00e8re. Deze eeltcr\u00e8me biedt niet alleen snelle verlichting bij eelt, maar werkt ook preventief tegen kloven. De hypoallergene formule is geschikt voor de gevoelige huid en ideaal voor zowel professioneel gebruik door pedicures als voor thuisgebruik.<\/p><h2>Cr\u00e8me tegen kloven en eeltplekken<\/h2><p>Deze klovencr\u00e8me bevat ureum voor een diepgaande werking op eelt en kloven. Het zorgt voor een intensieve verzorging van de voeten, met squalaan voor een extra hydraterende werking en provitamine B5 voor het versterken van de huidbarri\u00e8re en het bevorderen van het herstel van de huid. De cr\u00e8me tegen kloven is makkelijk aan te brengen met cirkelvormige bewegingen voor optimale absorptie. De eelt verwijderen cr\u00e8me biedt zichtbaar resultaat en helpt de huid snel te herstellen, wat het de ideale keuze maakt voor een gezonde, gladde huid.<\/p>\t\t\t\t\t\t\t\t<\/div>\n\t\t\t\t<\/div>\n\t\t\t\t<\/div>\n\t\t<div class=\"elementor-element elementor-element-bce57f3 e-con-full e-flex e-con e-child\" data-id=\"bce57f3\" data-element_type=\"container\" data-e-type=\"container\">\n\t\t\t\t<div class=\"elementor-element elementor-element-d001a80 elementor-widget elementor-widget-wd_text_block\" data-id=\"d001a80\" data-element_type=\"widget\" data-e-type=\"widget\" data-widget_type=\"wd_text_block.default\">\n\t\t\t\t<div class=\"elementor-widget-container\">\n\t\t\t\t\t\t\t<div class=\"wd-text-block reset-last-child text-left\">\n\t\t\t\n\t\t\t<h2>Voordelen van Hypogeen Eelt- en Klovencr\u00e8me<\/h2><ul><li>Reduziert Hornhautstellen effektiv<\/li><li>Unieke combinatie van ureum, squalaan en provitamine B5<\/li><li>Hilft vorbeugend gegen Risse und \u00fcberm\u00e4\u00dfige Hornhautbildung<\/li><li>St\u00e4rkt die Hautbarriere und f\u00f6rdert die Hautregeneration<\/li><li>Intensief voedende cr\u00e8me voor de verzorging van voeten<\/li><li>Hypoallergen und geeignet f\u00fcr \u00fcberempfindliche Haut<\/li><li>Geeft zichtbaar resultaat binnen korte tijd<\/li><\/ul>\n\t\t\t\t\t<\/div>\n\t\t\t\t\t\t<\/div>\n\t\t\t\t<\/div>\n\t\t\t\t<\/div>\n\t\t\t\t\t<\/div>\n\t\t\t\t<\/div>\n\t\t\t\t<\/div>","protected":false},"excerpt":{"rendered":"<p>Die Hypogeen Hornhaut- und Rissecreme bietet eine kraftvolle L\u00f6sung f\u00fcr Hornhautstellen dank der einzigartigen Kombination aus Inhaltsstoffen wie Squalan, Urea und Provitamin B5, die schnell und effektiv helfen, Hornhaut zu erweichen und zu reduzieren.<\/p>","protected":false},"featured_media":993796,"comment_status":"open","ping_status":"closed","template":"elementor_theme","meta":{"_acf_changed":false},"product_brand":[373],"product_cat":[368,40],"product_tag":[],"class_list":{"0":"post-127","1":"product","2":"type-product","3":"status-publish","4":"has-post-thumbnail","6":"product_brand-hypogeen","7":"product_cat-pedicure-producten","8":"product_cat-voetverzorging","10":"first","11":"instock","12":"taxable","13":"shipping-taxable","14":"purchasable","15":"product-type-simple"},"acf":{"bolcom_producttekst":"De Hypogeen Eelt- en Klovencr\u00e8me biedt intensieve verzorging en snel resultaat voor het verwijderen van eeltplekken. Het zeer effectieve en eelt verminderende concentraat urea is in deze formule op unieke wijze gecombineerd met de ingredi\u00ebnten squalaan en provitamine B5. Provitamine B5 zorgt voor een herstellende functie van de huid en helpt de huidbarri\u00e8re te versterken. Deze hypoallergene formule is speciaal ontwikkeld om eeltvorming te verminderen en preventief te werken tegen kloven. Verrijkt met hydraterende en herstellende ingredi\u00ebnten, is de cr\u00e8me geschikt voor zowel professioneel gebruik door pedicures en manicures als voor thuisgebruik. De tube bevat 100 ml cr\u00e8me, aan te brengen met cirkelvormige massagebewegingen voor optimale absorptie en hydratatie.\r\n\r\n<strong>Voordelen<\/strong>\r\n<ul>\r\n \t<li>Vermindert effectief eeltplekken<\/li>\r\n \t<li>Unieke combinatie van urea, squalaan en provitamine B5<\/li>\r\n \t<li>Helpt preventief tegen kloven en overmatige eeltvorming<\/li>\r\n \t<li>Versterkt de huidbarri\u00e8re en bevordert huidherstel<\/li>\r\n \t<li>Intensief voedende cr\u00e8me voor verzorging van voeten<\/li>\r\n \t<li>Hypoallergeen en geschikt voor de overgevoelige huid<\/li>\r\n \t<li>Geeft vrijwel direct zichtbaar resultaat<\/li>\r\n<\/ul>\r\n<strong>Gebruiksadvies<\/strong>\r\nVoor het beste resultaat adviseren wij om de Hypogeen Eelt- en Klovencr\u00e8me tweemaal daags aan te brengen op de verharde of eeltplekken van de huid. Masseer de cr\u00e8me met cirkelvormige bewegingen in totdat deze volledig is geabsorbeerd. Vermijd contact met open wonden.\r\n\r\n<strong>Ingredi\u00ebnten<\/strong>\r\nIngredi\u00ebnts (INCI): <span data-sheets-root=\"1\">Aqua; Urea; Cetearyl Alcohol; Isopropyl Myristate; Lanolin; Butyrospermum Parkii Butter; Glycerin; Propanediol; C10-18 Triglycerides; Peg-100 Stearate; Cetyl Alcohol; Sodium Lauryl Sulfate; Phenoxyethanol; Squalane; Monosodium Citrate; Propylene Glycol; Panthenol; Piroctone Olamine; Citric Acid<\/span>\r\n\r\n<strong>Verbeterde receptuur<\/strong>\r\n\r\nHypogeen houdt van huid! Hypogeen is voortdurend in beweging. We stoppen al onze passie en expertise in de ontwikkeling en verbetering van onze huidproducten. We hebben de verpakking van onze Hypogeen producten gemoderniseerd. Tevens hebben de Hypogeen producten een verbeterde receptuur en zijn alle huidverzorgingsproducten microplastic- en siliconenvrij. Zo zorgt Hypogeen niet alleen voor een gezondere huid, maar ook voor een gezondere toekomst.\r\n\r\n<strong>Over Hypogeen<\/strong>\r\n\r\nHypogeen is een hypoallergene huidverzorgingslijn voor de overgevoelige huid. De huid werkt altijd hard om ons te beschermen, maar kan ook droog en gebarsten raken. De intensieve voedende werking van Hypogeen producten, helpt de huid tegen uitdroging, huidirritatie, eelt, kloven en geeft de huid rust. Door gebruik te maken van de unieke huidverzorgingslijn van Hypogeen zult u merken dat uw huid gezonder wordt. De producten binnen de Hypogeen lijn hebben een zeer hoog gehalte aan huideigen en huidverwante ingredi\u00ebnten, onder andere triglyceriden lecithine, ureum en Vitamine E. De Hypogeen handverzorgings-, voetverzorgings-, gezichtsverzorgings- en massageproducten levert Arcim Healthcare aan apotheken, pedicures, drogisterijen, groothandels en consumenten.","hoe_te_gebruiken":" Voor het beste resultaat adviseren wij om de Hypogeen Eelt- en Klovencr\u00e8me tweemaal daags aan te brengen op de verharde of eeltplekken van de huid. Masseer de cr\u00e8me met cirkelvormige bewegingen in totdat deze volledig is geabsorbeerd. Vermijd contact met open wonden.","Ingredienten":"Ingredi\u00ebnts (INCI): Aqua; Urea; Cetearyl Alcohol; Isopropyl Myristate; Lanolin; Butyrospermum Parkii Butter; Glycerin; Propanediol; C10-18 Triglycerides; Peg-100 Stearate; Cetyl Alcohol; Sodium Lauryl Sulfate; Phenoxyethanol; Squalane; Monosodium Citrate; Propylene Glycol; Panthenol; Piroctone Olamine; Citric Acid","voordelen":"<ul>\r\n \t<li>Vermindert effectief eeltplekken<\/li>\r\n \t<li>Unieke combinatie van urea, squalaan en provitamine B5<\/li>\r\n \t<li>Helpt preventief tegen kloven en overmatige eeltvorming<\/li>\r\n \t<li>Versterkt de huidbarri\u00e8re en bevordert huidherstel<\/li>\r\n \t<li>Intensief voedende cr\u00e8me voor verzorging van voeten<\/li>\r\n \t<li>Hypoallergeen en geschikt voor de overgevoelige huid<\/li>\r\n \t<li>Geeft vrijwel direct zichtbaar resultaat<\/li>\r\n<\/ul>"},"_links":{"self":[{"href":"https:\/\/hypogeen.nl\/de\/wp-json\/wp\/v2\/product\/127","targetHints":{"allow":["GET"]}}],"collection":[{"href":"https:\/\/hypogeen.nl\/de\/wp-json\/wp\/v2\/product"}],"about":[{"href":"https:\/\/hypogeen.nl\/de\/wp-json\/wp\/v2\/types\/product"}],"replies":[{"embeddable":true,"href":"https:\/\/hypogeen.nl\/de\/wp-json\/wp\/v2\/comments?post=127"}],"version-history":[{"count":1,"href":"https:\/\/hypogeen.nl\/de\/wp-json\/wp\/v2\/product\/127\/revisions"}],"predecessor-version":[{"id":1003831,"href":"https:\/\/hypogeen.nl\/de\/wp-json\/wp\/v2\/product\/127\/revisions\/1003831"}],"wp:featuredmedia":[{"embeddable":true,"href":"https:\/\/hypogeen.nl\/de\/wp-json\/wp\/v2\/media\/993796"}],"wp:attachment":[{"href":"https:\/\/hypogeen.nl\/de\/wp-json\/wp\/v2\/media?parent=127"}],"wp:term":[{"taxonomy":"product_brand","embeddable":true,"href":"https:\/\/hypogeen.nl\/de\/wp-json\/wp\/v2\/product_brand?post=127"},{"taxonomy":"product_cat","embeddable":true,"href":"https:\/\/hypogeen.nl\/de\/wp-json\/wp\/v2\/product_cat?post=127"},{"taxonomy":"product_tag","embeddable":true,"href":"https:\/\/hypogeen.nl\/de\/wp-json\/wp\/v2\/product_tag?post=127"}],"curies":[{"name":"wp","href":"https:\/\/api.w.org\/{rel}","templated":true}]}}