{"id":129,"date":"2023-09-13T21:08:15","date_gmt":"2023-09-13T20:08:15","guid":{"rendered":"https:\/\/development.hypogeen.nl\/?post_type=product&#038;p=129"},"modified":"2026-04-18T15:16:48","modified_gmt":"2026-04-18T15:16:48","slug":"hypogeen-nagelhautol-flasche-50ml","status":"publish","type":"product","link":"https:\/\/hypogeen.nl\/de\/hypogeen-nagelhautol-flasche-50ml\/","title":{"rendered":"Hypogeen Nagelriemolie"},"content":{"rendered":"<div data-elementor-type=\"wp-post\" data-elementor-id=\"129\" class=\"elementor elementor-129\">\n\t\t\t\t<div class=\"wd-negative-gap elementor-element elementor-element-b42e636 e-flex e-con-boxed e-con e-parent\" data-id=\"b42e636\" data-element_type=\"container\" data-e-type=\"container\">\n\t\t\t\t\t<div class=\"e-con-inner\">\n\t\t<div class=\"elementor-element elementor-element-ec60b5c e-con-full e-flex e-con e-child\" data-id=\"ec60b5c\" data-element_type=\"container\" data-e-type=\"container\">\n\t\t\t\t<div class=\"elementor-element elementor-element-1d41946 color-scheme-inherit text-left elementor-widget elementor-widget-text-editor\" data-id=\"1d41946\" data-element_type=\"widget\" data-e-type=\"widget\" data-widget_type=\"text-editor.default\">\n\t\t\t\t<div class=\"elementor-widget-container\">\n\t\t\t\t\t\t\t\t\t<h2 data-section-id=\"14dji2e\" data-start=\"180\" data-end=\"229\">Intensieve verzorging voor droge nagelriemen<\/h2><p data-start=\"226\" data-end=\"849\">Deze voedende nagelriemolie is speciaal ontwikkeld om droge, ruwe en gescheurde nagelriemen intensief te herstellen en langdurig te verzorgen. De formule helpt velletjes te verminderen, verzacht de huid rondom de nagels en ondersteunt de natuurlijke groei van sterke, gezonde nagels. Door de combinatie van rijke oli\u00ebn en kalmerende ingredi\u00ebnten wordt de huidbarri\u00e8re versterkt en blijft het vochtgehalte beter op peil. De lichte, snel intrekkende textuur zorgt ervoor dat de huid direct soepel en verzorgd aanvoelt, zonder een vettig of plakkerig laagje achter te laten, waardoor de olie perfect is voor dagelijks gebruik<\/p>\t\t\t\t\t\t\t\t<\/div>\n\t\t\t\t<\/div>\n\t\t\t\t<\/div>\n\t\t<div class=\"elementor-element elementor-element-2c3c7ff e-con-full e-flex e-con e-child\" data-id=\"2c3c7ff\" data-element_type=\"container\" data-e-type=\"container\">\n\t\t\t\t<div class=\"elementor-element elementor-element-1bed001 color-scheme-inherit text-left elementor-widget elementor-widget-text-editor\" data-id=\"1bed001\" data-element_type=\"widget\" data-e-type=\"widget\" data-widget_type=\"text-editor.default\">\n\t\t\t\t<div class=\"elementor-widget-container\">\n\t\t\t\t\t\t\t\t\t<p><strong>\u2192 Vermindert velletjes en scheurtjes<br \/><\/strong><strong>\u2192 Beschermt tegen uitdroging<\/strong><br \/><strong>\u2192 Geeft handen een verzorgde uitstraling<\/strong><br \/><strong>\u2192 Hypoallergeen<\/strong><\/p>\t\t\t\t\t\t\t\t<\/div>\n\t\t\t\t<\/div>\n\t\t\t\t<\/div>\n\t\t\t\t\t<\/div>\n\t\t\t\t<\/div>\n\t\t<div class=\"wd-negative-gap elementor-element elementor-element-0ba85a9 e-flex e-con-boxed e-con e-parent\" data-id=\"0ba85a9\" data-element_type=\"container\" data-e-type=\"container\">\n\t\t\t\t\t<div class=\"e-con-inner\">\n\t\t<div class=\"elementor-element elementor-element-224826c e-con-full e-flex e-con e-child\" data-id=\"224826c\" data-element_type=\"container\" data-e-type=\"container\">\n\t\t\t\t<div class=\"elementor-element elementor-element-02399bd color-scheme-inherit text-left elementor-widget elementor-widget-text-editor\" data-id=\"02399bd\" data-element_type=\"widget\" data-e-type=\"widget\" data-widget_type=\"text-editor.default\">\n\t\t\t\t<div class=\"elementor-widget-container\">\n\t\t\t\t\t\t\t\t\t<h2 data-section-id=\"1vmfu1\" data-start=\"639\" data-end=\"686\">Krachtige combinatie van verzorgende oli\u00ebn<\/h2><p data-start=\"687\" data-end=\"1042\">De rijke mix van amandelolie, jojobaolie en arganolie voedt de huid intensief en helpt het vochtgehalte op peil te houden. Vitamine E ondersteunt het natuurlijke herstelproces en beschermt tegen uitdroging van buitenaf. Bisabolol werkt kalmerend en helpt de gevoelige huid rondom de nagels te verzachten, waardoor irritaties en roodheid worden verminderd.<\/p><h2 data-section-id=\"17fjb01\" data-start=\"1049\" data-end=\"1085\">Hoe gebruik je de nagelriemolie<\/h2><p data-start=\"1086\" data-end=\"1315\">Breng met de pipet een kleine hoeveelheid olie aan op de nagelriemen. Masseer zachtjes in tot de olie volledig is opgenomen. Gebruik dagelijks voor het beste resultaat, bij voorkeur na het wassen van de handen of voor het slapen.<\/p><h2 data-start=\"476\" data-end=\"522\">\u00a0<\/h2><div class=\"container related-and-upsells\"><div id=\"carousel-868\" class=\"wd-carousel-container related-products with-title wd-products-element wd-products products wd-products-with-bg title-line-two\"><h2 class=\"wd-el-title title slider-title element-title\">\u00a0<\/h2><\/div><\/div>\t\t\t\t\t\t\t\t<\/div>\n\t\t\t\t<\/div>\n\t\t\t\t<\/div>\n\t\t<div class=\"elementor-element elementor-element-3d0bb53 e-con-full e-flex e-con e-child\" data-id=\"3d0bb53\" data-element_type=\"container\" data-e-type=\"container\">\n\t\t\t\t<div class=\"elementor-element elementor-element-c3dd5af elementor-widget elementor-widget-wd_image_or_svg\" data-id=\"c3dd5af\" data-element_type=\"widget\" data-e-type=\"widget\" data-widget_type=\"wd_image_or_svg.default\">\n\t\t\t\t<div class=\"elementor-widget-container\">\n\t\t\t\t\t\n\t\t<div class=\"wd-image text-left\">\n\t\t\t\t\t\t\t\t<img loading=\"lazy\" decoding=\"async\" width=\"1000\" height=\"1000\" src=\"https:\/\/hypogeen.nl\/wp-content\/uploads\/2023\/09\/Ontwerp-zonder-titel-2026-04-08T204352.745.png\" class=\"attachment-full size-full\" alt=\"Nagelriemolie UGC\" srcset=\"https:\/\/hypogeen.nl\/wp-content\/uploads\/2023\/09\/Ontwerp-zonder-titel-2026-04-08T204352.745.png 1000w, https:\/\/hypogeen.nl\/wp-content\/uploads\/2023\/09\/Ontwerp-zonder-titel-2026-04-08T204352.745-300x300.png 300w, https:\/\/hypogeen.nl\/wp-content\/uploads\/2023\/09\/Ontwerp-zonder-titel-2026-04-08T204352.745-800x800.png 800w, https:\/\/hypogeen.nl\/wp-content\/uploads\/2023\/09\/Ontwerp-zonder-titel-2026-04-08T204352.745-150x150.png 150w, https:\/\/hypogeen.nl\/wp-content\/uploads\/2023\/09\/Ontwerp-zonder-titel-2026-04-08T204352.745-768x768.png 768w, https:\/\/hypogeen.nl\/wp-content\/uploads\/2023\/09\/Ontwerp-zonder-titel-2026-04-08T204352.745-12x12.png 12w, https:\/\/hypogeen.nl\/wp-content\/uploads\/2023\/09\/Ontwerp-zonder-titel-2026-04-08T204352.745-430x430.png 430w, https:\/\/hypogeen.nl\/wp-content\/uploads\/2023\/09\/Ontwerp-zonder-titel-2026-04-08T204352.745-700x700.png 700w, https:\/\/hypogeen.nl\/wp-content\/uploads\/2023\/09\/Ontwerp-zonder-titel-2026-04-08T204352.745-10x10.png 10w\" sizes=\"auto, (max-width: 1000px) 100vw, 1000px\" \/>\t\t\t\t\t<\/div>\n\n\t\t\t\t\t\t<\/div>\n\t\t\t\t<\/div>\n\t\t\t\t<\/div>\n\t\t\t\t\t<\/div>\n\t\t\t\t<\/div>\n\t\t\t\t<\/div>","protected":false},"excerpt":{"rendered":"<p>\u2713 Intensieve voeding voor nagelriemen en nagels<br data-start=\"505\" data-end=\"508\" \/>\u2713 Verzacht droge en gescheurde huid rondom de nagel<br data-start=\"559\" data-end=\"562\" \/>\u2713 Ondersteunt sterke, gezonde nagelgroei<br \/>\n\u2713 20 ml<\/p>\n<p>Deze verzorgende nagelriemolie voedt en herstelt droge nagelriemen en helpt de huid rondom de nagels weer zacht en soepel te maken. De lichte olie trekt snel in en is ideaal voor dagelijks gebruik.<\/p>","protected":false},"featured_media":1004064,"comment_status":"open","ping_status":"closed","template":"elementor_theme","meta":{"_acf_changed":false},"product_brand":[373],"product_cat":[47,358,40],"product_tag":[],"class_list":{"0":"post-129","1":"product","2":"type-product","3":"status-publish","4":"has-post-thumbnail","6":"product_brand-hypogeen","7":"product_cat-handverzorging","8":"product_cat-nagelverzorging","9":"product_cat-voetverzorging","11":"first","12":"instock","13":"taxable","14":"shipping-taxable","15":"purchasable","16":"product-type-simple"},"acf":{"bolcom_producttekst":"De Hypogeen Nagelriemolie is een essenti\u00eble verzorging voor gezonde nagels en nagelriemen, ideaal voor zowel handen als voeten. Deze nagelriem olie, ook wel bekend als nail oil, combineert een krachtige, natuurlijke mix van oli\u00ebn, waaronder het voedende arganolie, die de huid rondom nagels hydrateert, herstelt en beschermt. De olie kruipt diep onder de nagelriem en bereikt de nagelwortel, waardoor de nagels hun conditie terugkrijgen en weer gezond en veerkrachtig worden. Het gebruik van squalaan maakt harde nagelriemen weer soepel en zacht, terwijl vitamine E bijdraagt aan sterke, gezonde nagels.\r\n\r\nDeze nagel olie is niet alleen perfect voor de dagelijkse nagelriemverzorging, maar werkt ook als een effectieve nagelversterker. Het helpt bij het voorkomen van splijtende en brekende nagels en geeft buigzaamheid aan harde nagels, waardoor ze minder snel beschadigen. Onze nagelolie onderscheidt zich door zijn hypoallergene formule, dermatologisch getest en met een neutrale pH-waarde, waardoor het geschikt is voor zelfs de meest gevoelige huid.\r\n\r\nDe handige 50 ml flacon met tuit maakt het eenvoudig om de nagelriem olie nauwkeurig aan te brengen op nagels en nagelriemen.\r\n\r\n<strong>Voordelen<\/strong>\r\n<ul>\r\n \t<li>Verrijkt met arganolie en squalaan voor intense hydratatie en herstel van nagelriemen.<\/li>\r\n \t<li>Werkt als nagelversterker en voorkomt splijtende en brekende nagels.<\/li>\r\n \t<li>Hypoallergene formule, dermatologisch getest voor gevoelige huid.<\/li>\r\n \t<li>Helpt harde nagelriemen weer zacht en soepel te maken.<\/li>\r\n \t<li>Bevat vitamine E voor gezonde, veerkrachtige nagels.<\/li>\r\n \t<li>Handige tuitflacon voor nauwkeurige toepassing.<\/li>\r\n<\/ul>\r\n<strong>Gebruiksadvies<\/strong>\r\n\r\nDruppel dagelijks met de tuit een kleine hoeveelheid nagelriemolie, of nail oil, op uw nagels en nagelriemen. Masseer de nagel en huid zachtjes in. Deze nagel olie is geschikt voor zowel uw handen als uw voeten.\r\n\r\n<strong>Ingredi\u00ebnten<\/strong>\r\n\r\nIngredi\u00ebnten (INCI): Prunus Amygdalus Dulcis Oil; Isopropyl Myristate; Oleyl Erucate; Argania Spinosa Kernel Oil; Tocopheryl Acetate; Simmondsia Chinensis Seed Oil; Bisabolol; D-Tocopherol","hoe_te_gebruiken":"Druppel dagelijks met de tuit een kleine hoeveelheid op uw nagel en nagelriemen. Masseer de nagel en huid zacht in. Dit product is zowel geschikt voor handen als uw voeten.","Ingredienten":"Ingredi\u00ebnts (INCI): Prunus Amygdalus Dulcis Oil; Isopropyl myristate; Oleyl Erucate; Argania spinosa kernel oil; Tocopheryl Acetate; Simmondsia Chinensis Seed Oil; Bisabolol; D-Tocopherol","voordelen":"<ul>\r\n \t<li>Verrijkt met arganolie en squalaan voor intense hydratatie en herstel van nagelriemen.<\/li>\r\n \t<li>Hypoallergene formule, dermatologisch getest voor gevoelige huid.<\/li>\r\n \t<li>Helpt harde nagelriemen weer zacht en soepel te maken.<\/li>\r\n \t<li>Bevat vitamine E voor gezonde nagels.<\/li>\r\n \t<li>Handige tuitflacon voor nauwkeurige toepassing.<\/li>\r\n<\/ul>"},"_links":{"self":[{"href":"https:\/\/hypogeen.nl\/de\/wp-json\/wp\/v2\/product\/129","targetHints":{"allow":["GET"]}}],"collection":[{"href":"https:\/\/hypogeen.nl\/de\/wp-json\/wp\/v2\/product"}],"about":[{"href":"https:\/\/hypogeen.nl\/de\/wp-json\/wp\/v2\/types\/product"}],"replies":[{"embeddable":true,"href":"https:\/\/hypogeen.nl\/de\/wp-json\/wp\/v2\/comments?post=129"}],"version-history":[{"count":18,"href":"https:\/\/hypogeen.nl\/de\/wp-json\/wp\/v2\/product\/129\/revisions"}],"predecessor-version":[{"id":1004107,"href":"https:\/\/hypogeen.nl\/de\/wp-json\/wp\/v2\/product\/129\/revisions\/1004107"}],"wp:featuredmedia":[{"embeddable":true,"href":"https:\/\/hypogeen.nl\/de\/wp-json\/wp\/v2\/media\/1004064"}],"wp:attachment":[{"href":"https:\/\/hypogeen.nl\/de\/wp-json\/wp\/v2\/media?parent=129"}],"wp:term":[{"taxonomy":"product_brand","embeddable":true,"href":"https:\/\/hypogeen.nl\/de\/wp-json\/wp\/v2\/product_brand?post=129"},{"taxonomy":"product_cat","embeddable":true,"href":"https:\/\/hypogeen.nl\/de\/wp-json\/wp\/v2\/product_cat?post=129"},{"taxonomy":"product_tag","embeddable":true,"href":"https:\/\/hypogeen.nl\/de\/wp-json\/wp\/v2\/product_tag?post=129"}],"curies":[{"name":"wp","href":"https:\/\/api.w.org\/{rel}","templated":true}]}}