{"id":133,"date":"2023-09-13T21:08:16","date_gmt":"2023-09-13T20:08:16","guid":{"rendered":"https:\/\/development.hypogeen.nl\/?post_type=product&#038;p=133"},"modified":"2026-04-03T10:07:21","modified_gmt":"2026-04-03T10:07:21","slug":"hypogeen-tagescreme-topf-75ml","status":"publish","type":"product","link":"https:\/\/hypogeen.nl\/de\/hypogeen-tagescreme-topf-75ml\/","title":{"rendered":"Hypogeen Tagescreme \u2013 Topf 75ml"},"content":{"rendered":"<div data-elementor-type=\"wp-post\" data-elementor-id=\"133\" class=\"elementor elementor-133\">\n\t\t\t\t<div class=\"wd-negative-gap elementor-element elementor-element-bff8398 e-flex e-con-boxed e-con e-parent\" data-id=\"bff8398\" data-element_type=\"container\" data-e-type=\"container\">\n\t\t\t\t\t<div class=\"e-con-inner\">\n\t\t<div class=\"elementor-element elementor-element-235b4a1 e-con-full e-flex e-con e-child\" data-id=\"235b4a1\" data-element_type=\"container\" data-e-type=\"container\">\n\t\t\t\t<div class=\"elementor-element elementor-element-040a133 color-scheme-inherit text-left elementor-widget elementor-widget-text-editor\" data-id=\"040a133\" data-element_type=\"widget\" data-e-type=\"widget\" data-widget_type=\"text-editor.default\">\n\t\t\t\t<div class=\"elementor-widget-container\">\n\t\t\t\t\t\t\t\t\t<h2>Dagcr\u00e8me voor de droge en gevoelige huid<\/h2><p>Hypogeen Dagcr\u00e8me biedt intensieve verzorging speciaal voor mensen met een droge huid en een gevoelige huid. Deze zorgvuldig samengestelde dagcr\u00e8me hydrateert intensief, kalmeert schrale, rode of ge\u00efrriteerde huid en versterkt de huidbarri\u00e8re bij dagelijks gebruik. Met hyaluronzuur voor diepe hydratatie en co-enzym Q10 om huidveroudering tegen te gaan, zorgt deze cr\u00e8me voor een gladde, goed verzorgde huid.<\/p><h2>Hypoallergene dagcr\u00e8me zonder parabenen, siliconen en parfum<\/h2><p>Deze hypoallergene dagcr\u00e8me is speciaal ontwikkeld om de huid te kalmeren en te verzorgen zonder irriterende stoffen. Vrij van parabenen, parfum, siliconen en kleurstoffen, biedt deze cr\u00e8me een zachte, voedende werking voor de droge huid. De dagcr\u00e8me zonder parabenen en parfum heeft een neutrale pH-waarde en is geschikt voor dagelijks gebruik. De dagcr\u00e8me zonder siliconen zorgt voor een pure en natuurlijke verzorging, en is perfect in combinatie met de Hypogeen Nachtcr\u00e8me voor een complete huidverzorgingsroutine.<\/p>\t\t\t\t\t\t\t\t<\/div>\n\t\t\t\t<\/div>\n\t\t\t\t<\/div>\n\t\t<div class=\"elementor-element elementor-element-dfe079f e-con-full e-flex e-con e-child\" data-id=\"dfe079f\" data-element_type=\"container\" data-e-type=\"container\">\n\t\t\t\t<div class=\"elementor-element elementor-element-586f550 elementor-widget elementor-widget-wd_text_block\" data-id=\"586f550\" data-element_type=\"widget\" data-e-type=\"widget\" data-widget_type=\"wd_text_block.default\">\n\t\t\t\t<div class=\"elementor-widget-container\">\n\t\t\t\t\t\t\t<div class=\"wd-text-block reset-last-child text-left\">\n\t\t\t\n\t\t\t<h2>Voordelen van Hypogeen Dagcr\u00e8me<\/h2><ul><li>Hypoallergeen, geschikt voor de gevoelige huid.<\/li><li>Enth\u00e4lt Hyalurons\u00e4ure f\u00fcr tiefe Feuchtigkeitsversorgung und Volumenerhalt<\/li><li>Tagescreme ohne Parabene, Silikone und Duftstoffe.<\/li><li>St\u00e4rkt die Hautbarriere und beruhigt raue, rote oder gereizte Haut<\/li><li>Coenzym Q10 hilft, Hautalterung vorzubeugen<\/li><li>Draagt bij aan een gladde, goed verzorgde huid.<\/li><li>Neutrale pH-waarde, geschikt voor dagelijks gebruik zonder irritatie.<\/li><\/ul>\n\t\t\t\t\t<\/div>\n\t\t\t\t\t\t<\/div>\n\t\t\t\t<\/div>\n\t\t\t\t<\/div>\n\t\t\t\t\t<\/div>\n\t\t\t\t<\/div>\n\t\t\t\t<\/div>","protected":false},"excerpt":{"rendered":"<p data-start=\"700\" data-end=\"857\">Een zachte, parfumvrije dagcr\u00e8me die diep hydrateert, kalmeert en je gevoelige huid dagelijks beschermt \u2014 zonder parabenen, siliconen of irriterende stoffen.<\/p>","protected":false},"featured_media":1000808,"comment_status":"open","ping_status":"closed","template":"elementor_theme","meta":{"_acf_changed":false},"product_brand":[373],"product_cat":[362,48],"product_tag":[],"class_list":{"0":"post-133","1":"product","2":"type-product","3":"status-publish","4":"has-post-thumbnail","6":"product_brand-hypogeen","7":"product_cat-dagcremes","8":"product_cat-gezichtsverzorging","10":"first","11":"instock","12":"sale","13":"taxable","14":"shipping-taxable","15":"purchasable","16":"product-type-simple"},"acf":{"bolcom_producttekst":"De Hypogeen Dagcr\u00e8me biedt intensieve verzorging speciaal voor mensen met een droge en gevoelige huid. Deze zorgvuldig samengestelde cr\u00e8me hydrateert intensief en kalmeert schrale, rode of ge\u00efrriteerde huid, terwijl het de huidbarri\u00e8re versterkt bij dagelijks gebruik. Met hyaluronzuur voor diepe hydratatie en co-enzym Q10 om huidveroudering tegen te gaan, zorgt deze cr\u00e8me voor een gladde, goed verzorgde huid. Hypoallergeen, vrij van vaseline, paraffine olie, parfum en kleurstoffen, en met een neutrale pH-waarde, biedt deze dagcr\u00e8me een zachte en voedende werking zonder dierproeven. Perfect voor dagelijks gebruik, vooral in combinatie met de Hypogeen Nachtcr\u00e8me voor optimale huidverzorging.\r\n\r\n<strong>Voordelen<\/strong>\r\n<ul>\r\n \t<li>Intensieve hydratatie voor droge en gevoelige huidtypes.<\/li>\r\n \t<li>Versterkt de huidbarri\u00e8re en kalmeert schrale, rode of ge\u00efrriteerde huid.<\/li>\r\n \t<li>Bevat hyaluronzuur voor diepe hydratatie en volumebehoud.<\/li>\r\n \t<li>Co-enzym Q10 helpt huidveroudering te voorkomen.<\/li>\r\n \t<li>Intensief voedende en zachte werking<\/li>\r\n \t<li>Draagt bij aan een gladde huid<\/li>\r\n \t<li>Hypoallergeen en vrij van vaseline, paraffine olie, parfum en kleurstoffen.<\/li>\r\n \t<li>Neutrale pH-waarde, geschikt voor dagelijks gebruik.<\/li>\r\n<\/ul>\r\n<strong>Gebruiksadvies<\/strong>\r\nBreng de cr\u00e8me 's ochtends aan op een zorgvuldig gereinigde huid. Gebruik een kleine hoeveelheid en verdeel gelijkmatig over het gezicht en de hals. Voor extra verzorging combineer met Hypogeen Nachtcr\u00e8me. Vermijd direct contact met de ogen; spoel grondig met water als de cr\u00e8me in de ogen komt.\r\n\r\n<strong>Ingredi\u00ebnten<\/strong>\r\nIngredi\u00ebnts (INCI): <span data-sheets-root=\"1\">Aqua; Ethylhexyl Stearate; Butyrospermum Parkii Butter; Decyl Oleate; Caprylic\/Capric Triglyceride; Cetyl Alcohol; Propanediol; Glyceryl Stearate; Cocoglycerides; Cetyl Palmitate; Cetearyl Alcohol; Potassium Cetyl Phosphate; Ceteareth-25; Phenoxyethanol; Allantoin; Propylene Glycol; Chamomilla Recutita Flower Extract; Piroctone Olamine<\/span>\r\n\r\n<strong>Verbeterde receptuur<\/strong>\r\n\r\nHypogeen houdt van huid! Hypogeen is voortdurend in beweging. We stoppen al onze passie en expertise in de ontwikkeling en verbetering van onze huidproducten. We hebben de verpakking van onze Hypogeen producten gemoderniseerd. Tevens hebben de Hypogeen producten een verbeterde receptuur en zijn alle huidverzorgingsproducten microplastic- en siliconenvrij. Zo zorgt Hypogeen niet alleen voor een gezondere huid, maar ook voor een gezondere toekomst.\r\n\r\n<strong>Over Hypogeen<\/strong>\r\n\r\nHypogeen is een hypoallergene huidverzorgingslijn voor de overgevoelige huid. De huid werkt altijd hard om ons te beschermen, maar kan ook droog en gebarsten raken. De intensieve voedende werking van Hypogeen producten, helpt de huid tegen uitdroging, huidirritatie, eelt, kloven en geeft de huid rust. Door gebruik te maken van de unieke huidverzorgingslijn van Hypogeen zult u merken dat uw huid gezonder wordt. De producten binnen de Hypogeen lijn hebben een zeer hoog gehalte aan huideigen en huidverwante ingredi\u00ebnten, onder andere triglyceriden lecithine, ureum en Vitamine E. De Hypogeen handverzorgings-, voetverzorgings-, gezichtsverzorgings- en massageproducten levert Arcim Healthcare aan apotheken, pedicures, drogisterijen, groothandels en consumenten.","hoe_te_gebruiken":"Breng de cr\u00e8me 's ochtends aan op een zorgvuldig gereinigde huid. Gebruik een kleine hoeveelheid en verdeel gelijkmatig over het gezicht en de hals. Voor extra verzorging combineer met Hypogeen Nachtcr\u00e8me. Vermijd direct contact met de ogen; spoel grondig met water als de cr\u00e8me in de ogen komt.","Ingredienten":"Ingredi\u00ebnts (INCI): Aqua; Ethylhexyl Stearate; Butyrospermum Parkii Butter; Decyl Oleate; Caprylic\/Capric Triglyceride; Cetyl Alcohol; Propanediol; Glyceryl Stearate; Cocoglycerides; Cetyl Palmitate; Cetearyl Alcohol; Potassium Cetyl Phosphate; Ceteareth-25; Phenoxyethanol; Allantoin; Propylene Glycol; Chamomilla Recutita Flower Extract; Piroctone Olamine","voordelen":"<ul>\r\n \t<li>Intensieve hydratatie voor droge en gevoelige huidtypes.<\/li>\r\n \t<li>Versterkt de huidbarri\u00e8re en kalmeert schrale, rode of ge\u00efrriteerde huid.<\/li>\r\n \t<li>Bevat hyaluronzuur voor diepe hydratatie en volumebehoud.<\/li>\r\n \t<li>Co-enzym Q10 helpt huidveroudering te voorkomen.<\/li>\r\n \t<li>Intensief voedende en zachte werking<\/li>\r\n \t<li>Draagt bij aan een gladde huid<\/li>\r\n \t<li>Hypoallergeen en vrij van vaseline, paraffine olie, parfum en kleurstoffen.<\/li>\r\n \t<li>Neutrale pH-waarde, geschikt voor dagelijks gebruik.<\/li>\r\n<\/ul>"},"_links":{"self":[{"href":"https:\/\/hypogeen.nl\/de\/wp-json\/wp\/v2\/product\/133","targetHints":{"allow":["GET"]}}],"collection":[{"href":"https:\/\/hypogeen.nl\/de\/wp-json\/wp\/v2\/product"}],"about":[{"href":"https:\/\/hypogeen.nl\/de\/wp-json\/wp\/v2\/types\/product"}],"replies":[{"embeddable":true,"href":"https:\/\/hypogeen.nl\/de\/wp-json\/wp\/v2\/comments?post=133"}],"version-history":[{"count":1,"href":"https:\/\/hypogeen.nl\/de\/wp-json\/wp\/v2\/product\/133\/revisions"}],"predecessor-version":[{"id":1003821,"href":"https:\/\/hypogeen.nl\/de\/wp-json\/wp\/v2\/product\/133\/revisions\/1003821"}],"wp:featuredmedia":[{"embeddable":true,"href":"https:\/\/hypogeen.nl\/de\/wp-json\/wp\/v2\/media\/1000808"}],"wp:attachment":[{"href":"https:\/\/hypogeen.nl\/de\/wp-json\/wp\/v2\/media?parent=133"}],"wp:term":[{"taxonomy":"product_brand","embeddable":true,"href":"https:\/\/hypogeen.nl\/de\/wp-json\/wp\/v2\/product_brand?post=133"},{"taxonomy":"product_cat","embeddable":true,"href":"https:\/\/hypogeen.nl\/de\/wp-json\/wp\/v2\/product_cat?post=133"},{"taxonomy":"product_tag","embeddable":true,"href":"https:\/\/hypogeen.nl\/de\/wp-json\/wp\/v2\/product_tag?post=133"}],"curies":[{"name":"wp","href":"https:\/\/api.w.org\/{rel}","templated":true}]}}