{"id":138,"date":"2023-09-13T21:08:16","date_gmt":"2023-09-13T20:08:16","guid":{"rendered":"https:\/\/development.hypogeen.nl\/?post_type=product&#038;p=138"},"modified":"2026-04-04T05:36:36","modified_gmt":"2026-04-04T05:36:36","slug":"hypogeen-nachtcreme-tiegel-75ml","status":"publish","type":"product","link":"https:\/\/hypogeen.nl\/de\/hypogeen-nachtcreme-tiegel-75ml\/","title":{"rendered":"Hypogeen Nachtcreme \u2013 Tiegel 75ml"},"content":{"rendered":"<div data-elementor-type=\"wp-post\" data-elementor-id=\"138\" class=\"elementor elementor-138\">\n\t\t\t\t<div class=\"wd-negative-gap elementor-element elementor-element-7dedb8a e-flex e-con-boxed e-con e-parent\" data-id=\"7dedb8a\" data-element_type=\"container\" data-e-type=\"container\">\n\t\t\t\t\t<div class=\"e-con-inner\">\n\t\t<div class=\"elementor-element elementor-element-e39b199 e-con-full e-flex e-con e-child\" data-id=\"e39b199\" data-element_type=\"container\" data-e-type=\"container\">\n\t\t\t\t<div class=\"elementor-element elementor-element-3fd28b4 color-scheme-inherit text-left elementor-widget elementor-widget-text-editor\" data-id=\"3fd28b4\" data-element_type=\"widget\" data-e-type=\"widget\" data-widget_type=\"text-editor.default\">\n\t\t\t\t<div class=\"elementor-widget-container\">\n\t\t\t\t\t\t\t\t\t<h2>Nachtcr\u00e8me voor de gevoelige huid<\/h2><p>Ontdek de verzorgende kracht van de Hypogeen Nachtcr\u00e8me, speciaal ontwikkeld voor de gevoelige huid. Deze intens voedende nachtcr\u00e8me is verrijkt met squalaan om pori\u00ebn vrij te houden, hyaluronzuur voor diepe hydratatie, en co-enzym Q10 om huidveroudering tegen te gaan. Terwijl je slaapt, versterkt deze cr\u00e8me de huidbarri\u00e8re en kalmeert het irritaties. De formule zonder vaseline, paraffine, parfum of kleurstoffen zorgt voor een zachte, voedende werking. Gebruik de cr\u00e8me dagelijks voor een stralende huid die er gezond uitziet en aanvoelt.<\/p><h2>Hypoallergene nachtcr\u00e8me zonder parfum en alcohol<\/h2><p>Deze hypoallergene nachtcr\u00e8me is speciaal ontwikkeld voor de gevoelige huid. Dankzij de formule zonder parfum en alcohol is de cr\u00e8me ideaal voor mensen met een droge of gevoelige huid. De neutrale pH-waarde zorgt ervoor dat de huid wordt gekalmeerd en optimaal wordt verzorgd zonder irritaties. De nachtcr\u00e8me zonder parfum en alcohol biedt een intensieve en verzorgende werking die de huid tijdens de nacht herstelt.<\/p>\t\t\t\t\t\t\t\t<\/div>\n\t\t\t\t<\/div>\n\t\t\t\t<\/div>\n\t\t<div class=\"elementor-element elementor-element-ed37d66 e-con-full e-flex e-con e-child\" data-id=\"ed37d66\" data-element_type=\"container\" data-e-type=\"container\">\n\t\t\t\t<div class=\"elementor-element elementor-element-7afcdb5 elementor-widget elementor-widget-wd_text_block\" data-id=\"7afcdb5\" data-element_type=\"widget\" data-e-type=\"widget\" data-widget_type=\"wd_text_block.default\">\n\t\t\t\t<div class=\"elementor-widget-container\">\n\t\t\t\t\t\t\t<div class=\"wd-text-block reset-last-child text-left\">\n\t\t\t\n\t\t\t<h2>Voordelen van Hypogeen nachtcr\u00e8me<\/h2><ul><li><strong>Hypoallergene nachtcr\u00e8me<\/strong>, speciaal voor de gevoelige huid<\/li><li>Enth\u00e4lt Squalan, um die Poren frei und die Haut hydratisiert zu halten<\/li><li><strong>Nachtcr\u00e8me zonder parfum en alcohol<\/strong>, ideaal voor de gevoelige huid<\/li><li><strong>Hyalurons\u00e4ure<\/strong> voor intensieve hydratatie en het tegengaan van volumeverlies<\/li><li><strong>Co-enzym Q10<\/strong> helpt bij het bestrijden van <strong>huidveroudering<\/strong><\/li><li>St\u00e4rkt die Hautbarriere und beruhigt Reizungen<\/li><li>Neutrale pH-waarde, geschikt voor dagelijks gebruik zonder irritatie<\/li><\/ul>\n\t\t\t\t\t<\/div>\n\t\t\t\t\t\t<\/div>\n\t\t\t\t<\/div>\n\t\t\t\t<\/div>\n\t\t\t\t\t<\/div>\n\t\t\t\t<\/div>\n\t\t\t\t<\/div>","protected":false},"excerpt":{"rendered":"<p>Die Nachtcreme bietet intensive Feuchtigkeit und Pflege f\u00fcr trockene und empfindliche Haut. Angereichert mit Squalan, Hyalurons\u00e4ure und Coenzym Q10 hilft sie, die Hautbarriere zu st\u00e4rken und Hautalterung entgegenzuwirken.<\/p>","protected":false},"featured_media":1001141,"comment_status":"open","ping_status":"closed","template":"elementor_theme","meta":{"_acf_changed":false},"product_brand":[373],"product_cat":[48,361],"product_tag":[],"class_list":{"0":"post-138","1":"product","2":"type-product","3":"status-publish","4":"has-post-thumbnail","6":"product_brand-hypogeen","7":"product_cat-gezichtsverzorging","8":"product_cat-nachtcremes","10":"first","11":"instock","12":"sale","13":"taxable","14":"shipping-taxable","15":"purchasable","16":"product-type-simple"},"acf":{"bolcom_producttekst":"Ontdek de verzorgende kracht van de Hypogeen Nachtcr\u00e8me, speciaal ontwikkeld voor de droge en gevoelige huid. Verrijkt met squalaan om pori\u00ebn vrij te houden, hyaluronzuur voor intense hydratatie, en co-enzym Q10 om huidveroudering tegen te gaan, versterkt deze cr\u00e8me 's nachts de huidbarri\u00e8re en kalmeert het irritaties. De formule zonder vaseline, paraffine, parfum of kleurstoffen en met een neutrale pH-waarde zorgt voor een zachte, intens voedende werking. Gebruik deze cr\u00e8me dagelijks voor een stralende huid die er gezond uitziet en aanvoelt.\r\n\r\n<strong>Voordelen<\/strong>\r\n<ul>\r\n \t<li>Bevat squalaan om pori\u00ebn vrij te houden en de huid gehydrateerd te houden<\/li>\r\n \t<li>Hyaluronzuur voor intensieve hydratatie en tegengaan van volumeverlies<\/li>\r\n \t<li>Co-enzym Q10 helpt bij het bestrijden van huidveroudering<\/li>\r\n \t<li>Versterkt de huidbarri\u00e8re en kalmeert irritaties<\/li>\r\n \t<li>Formule zonder vaseline, paraffine, parfum of kleurstoffen<\/li>\r\n \t<li>Neutrale pH-waarde, geschikt voor de gevoelige huid<\/li>\r\n<\/ul>\r\n<strong>Gebruiksadvies<\/strong>\r\nBreng de Hypogeen Nachtcr\u00e8me elke avond aan op een zorgvuldig gereinigde huid. Gebruik een kleine hoeveelheid cr\u00e8me en masseer deze zachtjes in met opwaartse bewegingen totdat deze volledig is opgenomen. Voor optimale resultaten combineer met de Hypogeen Dagcr\u00e8me als onderdeel van uw dagelijkse huidverzorgingsroutine.\r\n\r\n<strong>Ingredi\u00ebnten<\/strong>\r\nIngredi\u00ebnts (INCI): Aqua; Cetearyl Alcohol; Butyrospermum Parkii Butter; Glycerin; Isopropyl myristate; Glyceryl Laurate; Ethylhexyl Stearate; Simmondsia Chinensis Seed Oil; Squalane; Aloe Barbadensis Leaf Extract; Coco-Caprylate\/ Caprate; Glyceryl Stearate; Cocoglycerides; Cetyl Palmitate;Tocopheryl Acetate; Ubiquinone; Hyaluronic Acid; Allantoin; Hydrolyzed Collagen; Panthenol; Bisabolol; Calendula Officinalis Flower Extract; Phenoxyethanol; Ceteareth-20; Caprylic\/Capric Triglyceride; Propylene Glycol; Piroctone Olamine; Sodium Hydroxide; Citric acid; Sodium benzoate; Potassium Sorbate\r\n\r\n<strong>Verbeterde receptuur<\/strong>\r\n\r\nHypogeen houdt van huid! Hypogeen is voortdurend in beweging. We stoppen al onze passie en expertise in de ontwikkeling en verbetering van onze huidproducten. We hebben de verpakking van onze Hypogeen producten gemoderniseerd. Tevens hebben de Hypogeen producten een verbeterde receptuur en zijn alle huidverzorgingsproducten microplastic- en siliconenvrij. Zo zorgt Hypogeen niet alleen voor een gezondere huid, maar ook voor een gezondere toekomst.\r\n\r\n<strong>Over Hypogeen<\/strong>\r\n\r\nHypogeen is een hypoallergene huidverzorgingslijn voor de overgevoelige huid. De huid werkt altijd hard om ons te beschermen, maar kan ook droog en gebarsten raken. De intensieve voedende werking van Hypogeen producten, helpt de huid tegen uitdroging, huidirritatie, eelt, kloven en geeft de huid rust. Door gebruik te maken van de unieke huidverzorgingslijn van Hypogeen zult u merken dat uw huid gezonder wordt. De producten binnen de Hypogeen lijn hebben een zeer hoog gehalte aan huideigen en huidverwante ingredi\u00ebnten, onder andere triglyceriden lecithine, ureum en Vitamine E. De Hypogeen handverzorgings-, voetverzorgings-, gezichtsverzorgings- en massageproducten levert Arcim Healthcare aan apotheken, pedicures, drogisterijen, groothandels en consumenten.","hoe_te_gebruiken":"Breng de Hypogeen Nachtcr\u00e8me elke avond aan op een zorgvuldig gereinigde huid. Gebruik een kleine hoeveelheid cr\u00e8me en masseer deze zachtjes in met opwaartse bewegingen totdat deze volledig is opgenomen. Voor optimale resultaten combineer met de Hypogeen Dagcr\u00e8me als onderdeel van uw dagelijkse huidverzorgingsroutine.","Ingredienten":"Ingredi\u00ebnts (INCI): Aqua; Glycerin; Butyrospermum Parkii Butter; Isopropyl Myristate; Stearyl Alcohol; Cetyl Alcohol; Glyceryl Laurate; Ethylhexyl Stearate; Simmondsia Chinensis Seed Oil; Cetearyl Alcohol; Glyceryl Stearate; Cocoglycerides; Cetyl Palmitate; Coco-Caprylate\/Caprate; Aloe Barbadensis Leaf Extract; Tocopheryl Acetate; Squalane; Phenoxyethanol; Helianthus Annuus Seed Oil; Allantoin; Ceteareth-25; Collagen; Propylene Glycol; Panthenol; Calendula Officinalis Flower Extract; Bisabolol; Tetradecanol; Piroctone Olamine; Ubiquinone; Lecithin; Sodium Hyaluronate; Sodium Hydroxide; Olus Oil; Sodium Benzoate; D-Alpha-Tocopherol; Ascorbyl Tetraisopalmitate; Potassium Sorbate.","voordelen":"<ul>\r\n \t<li>Bevat squalaan om pori\u00ebn vrij te houden en de huid gehydrateerd te houden<\/li>\r\n \t<li>Hyaluronzuur voor intensieve hydratatie en tegengaan van volumeverlies<\/li>\r\n \t<li>Co-enzym Q10 helpt bij het bestrijden van huidveroudering<\/li>\r\n \t<li>Versterkt de huidbarri\u00e8re en kalmeert irritaties<\/li>\r\n \t<li>Formule zonder vaseline, paraffine, parfum of kleurstoffen<\/li>\r\n \t<li>Neutrale pH-waarde, geschikt voor de gevoelige huid<\/li>\r\n<\/ul>"},"_links":{"self":[{"href":"https:\/\/hypogeen.nl\/de\/wp-json\/wp\/v2\/product\/138","targetHints":{"allow":["GET"]}}],"collection":[{"href":"https:\/\/hypogeen.nl\/de\/wp-json\/wp\/v2\/product"}],"about":[{"href":"https:\/\/hypogeen.nl\/de\/wp-json\/wp\/v2\/types\/product"}],"replies":[{"embeddable":true,"href":"https:\/\/hypogeen.nl\/de\/wp-json\/wp\/v2\/comments?post=138"}],"version-history":[{"count":1,"href":"https:\/\/hypogeen.nl\/de\/wp-json\/wp\/v2\/product\/138\/revisions"}],"predecessor-version":[{"id":1003822,"href":"https:\/\/hypogeen.nl\/de\/wp-json\/wp\/v2\/product\/138\/revisions\/1003822"}],"wp:featuredmedia":[{"embeddable":true,"href":"https:\/\/hypogeen.nl\/de\/wp-json\/wp\/v2\/media\/1001141"}],"wp:attachment":[{"href":"https:\/\/hypogeen.nl\/de\/wp-json\/wp\/v2\/media?parent=138"}],"wp:term":[{"taxonomy":"product_brand","embeddable":true,"href":"https:\/\/hypogeen.nl\/de\/wp-json\/wp\/v2\/product_brand?post=138"},{"taxonomy":"product_cat","embeddable":true,"href":"https:\/\/hypogeen.nl\/de\/wp-json\/wp\/v2\/product_cat?post=138"},{"taxonomy":"product_tag","embeddable":true,"href":"https:\/\/hypogeen.nl\/de\/wp-json\/wp\/v2\/product_tag?post=138"}],"curies":[{"name":"wp","href":"https:\/\/api.w.org\/{rel}","templated":true}]}}