{"id":1418,"date":"2023-09-13T21:08:16","date_gmt":"2023-09-13T20:08:16","guid":{"rendered":"https:\/\/development.hypogeen.nl\/?post_type=product&#038;p=137"},"modified":"2026-03-30T15:13:50","modified_gmt":"2026-03-30T15:13:50","slug":"hypogeen-gesichtsreiniger-pumpflasche-300ml","status":"publish","type":"product","link":"https:\/\/hypogeen.nl\/de\/hypogeen-gesichtsreiniger-pumpflasche-300ml\/","title":{"rendered":"Hypogeen Hydraterende Facewash Gel"},"content":{"rendered":"<div data-elementor-type=\"wp-post\" data-elementor-id=\"1418\" class=\"elementor elementor-1418\">\n\t\t\t\t<div class=\"wd-negative-gap elementor-element elementor-element-e087cf3 e-flex e-con-boxed e-con e-parent\" data-id=\"e087cf3\" data-element_type=\"container\" data-e-type=\"container\">\n\t\t\t\t\t<div class=\"e-con-inner\">\n\t\t<div class=\"elementor-element elementor-element-235a6b0 e-con-full e-flex e-con e-child\" data-id=\"235a6b0\" data-element_type=\"container\" data-e-type=\"container\">\n\t\t\t\t<div class=\"elementor-element elementor-element-425e590 color-scheme-inherit text-left elementor-widget elementor-widget-text-editor\" data-id=\"425e590\" data-element_type=\"widget\" data-e-type=\"widget\" data-widget_type=\"text-editor.default\">\n\t\t\t\t<div class=\"elementor-widget-container\">\n\t\t\t\t\t\t\t\t\t<h2>Gezichtsreiniger voor de gevoelige huid<\/h2><p>Hypogeen Facewash biedt een zachte, doch effectieve reiniging voor de gevoelige huid. Deze milde, licht schuimende formule verwijdert grondig make-up en reinigt diep in de pori\u00ebn, terwijl het uitdroging en irritatie helpt voorkomen. De hypoallergene gezichtsreiniger is vrij van allergenen zoals cocamidopropyl beta\u00efne, parfum en kleurstoffen, en bevat geen paraffine-olie en vaseline. Deze reiniger is geschikt voor alle huidtypen en biedt intensieve verzorging zonder de huid te irriteren.<\/p><h2>Hypoallergene facewash zonder parfum en alcohol<\/h2><p>De facewash zonder parfum en alcohol is verrijkt met hyaluronzuur voor extra hydratatie en heeft een neutrale pH-waarde die de natuurlijke balans van de huid ondersteunt. De gezichtsreiniger zonder parfum biedt een milde maar effectieve reiniging, ideaal voor mensen met een gevoelige huid. Deze milde gezichtsreiniger respecteert de huid, biedt een grondige reiniging zonder het gebruik van irriterende stoffen zoals parfum, alcohol, siliconen of microplastics. Perfect voor dagelijks gebruik, zonder dat het de huid uitdroogt of irriteert.<\/p>\t\t\t\t\t\t\t\t<\/div>\n\t\t\t\t<\/div>\n\t\t\t\t<\/div>\n\t\t<div class=\"elementor-element elementor-element-7c3cc23 e-con-full e-flex e-con e-child\" data-id=\"7c3cc23\" data-element_type=\"container\" data-e-type=\"container\">\n\t\t\t\t<div class=\"elementor-element elementor-element-ca4c45e elementor-widget elementor-widget-wd_text_block\" data-id=\"ca4c45e\" data-element_type=\"widget\" data-e-type=\"widget\" data-widget_type=\"wd_text_block.default\">\n\t\t\t\t<div class=\"elementor-widget-container\">\n\t\t\t\t\t\t\t<div class=\"wd-text-block reset-last-child text-left\">\n\t\t\t\n\t\t\t<h2>Voordelen van Hypogeen facewash<\/h2><ul><li>Facewash zonder parfum en alcohol, geschikt voor de gevoelige huid<\/li><li>Hypoallergene gezichtsreiniger die de huid reinigt zonder irritatie<\/li><li>Verwijdert grondig make-up en reinigt diep in de pori\u00ebn<\/li><li>Verhindert Austrocknung und Hautirritationen<\/li><li>Verrijkt met hyaluronzuur voor hydratatie en verzorging<\/li><li>Vrij van allergenen, paraffine olie, vaseline, siliconen en microplastics<\/li><li>Neutrale pH-waarde die de natuurlijke huidbalans ondersteunt<\/li><\/ul>\n\t\t\t\t\t<\/div>\n\t\t\t\t\t\t<\/div>\n\t\t\t\t<\/div>\n\t\t\t\t<\/div>\n\t\t\t\t\t<\/div>\n\t\t\t\t<\/div>\n\t\t\t\t<\/div>","protected":false},"excerpt":{"rendered":"<p>Der Hypogeen Gesichtsreiniger reinigt die Haut intensiv und sanft mit einer leicht sch\u00e4umenden Formel. Er enth\u00e4lt Squalan, Hyalurons\u00e4ure und Q10 f\u00fcr eine pflegende und sch\u00fctzende Wirkung.<\/p>","protected":false},"featured_media":1000803,"comment_status":"open","ping_status":"closed","template":"elementor_theme","meta":{"_acf_changed":false},"product_brand":[373],"product_cat":[363,48],"product_tag":[],"class_list":{"0":"post-1418","1":"product","2":"type-product","3":"status-publish","4":"has-post-thumbnail","6":"product_brand-hypogeen","7":"product_cat-gezichtsreiniging","8":"product_cat-gezichtsverzorging","10":"first","11":"instock","12":"taxable","13":"shipping-taxable","14":"purchasable","15":"product-type-simple"},"acf":{"bolcom_producttekst":"Hypogeen Facewash biedt een zachte, doch effectieve reiniging voor de gevoelige huid. Deze licht schuimende formule verwijdert grondig make-up en reinigt diep in de pori\u00ebn, terwijl het uitdroging en irritatie helpt voorkomen. Vrij van allergenen zoals cocamidopropyl beta\u00efne, parfum en kleurstoffen, en zonder paraffine olie en vaseline, is het geschikt voor alle huidtypen. Verrijkt met hyaluronzuur voor hydratatie en een neutrale pH-waarde, ondersteunt de Hypogeen Facewash de natuurlijke balans van uw huid. Perfect voor dagelijks gebruik, met respect voor zelfs de meest gevoelige huidtypes.\r\n\r\n<strong>Voordelen<\/strong>\r\n<ul>\r\n \t<li>Reinigt grondig en verwijdert make-up<\/li>\r\n \t<li>Voorkomt uitdroging en huidirritatie<\/li>\r\n \t<li>Hypoallergeen en geschikt voor alle huidtypen<\/li>\r\n \t<li>Intensief voedende en milde werking<\/li>\r\n \t<li>Vrij van allergenen zoals cocamidopropyl beta\u00efne, parfum en kleurstoffen<\/li>\r\n \t<li>Zonder paraffine olie, vaseline, siliconen en microplastic<\/li>\r\n \t<li>Verrijkt met hyaluronzuur voor hydratatie<\/li>\r\n \t<li>Neutrale pH-waarde<\/li>\r\n \t<li>Niet op dieren getest<\/li>\r\n<\/ul>\r\n<strong>Gebruiksadvies<\/strong>\r\n\r\nBreng een kleine hoeveelheid aan op uw handpalm en laat het licht schuimen met een beetje water. Masseer uw gezicht met het lichte schuim. Spoel het gezicht vervolgens af met lauwwarm water en dep het droog. Verzorg de huid daarna met de milde Hypogeen dag- of nachtcr\u00e8me.\r\n\r\n<strong>Ingredi\u00ebnten<\/strong>\r\n\r\nIngredi\u00ebnts (INCI): <span data-sheets-root=\"1\">Aqua; Disodium Cocoamphodiacetate; Saccharide Isomerate; Sodium Chloride; Propanediol; Sodium Laureth Sulfate; Peg-7 Glyceryl Cocoate; Glycerin; Phenoxyethanol; Sodium Hyaluronate; Squalane; Tetrasodium Glutamate Diacetate; Piroctone Olamine; Ubiquinone; Lecithin; Lactic Acid; Olus Oil; Tocopherol; Ascorbyl Tetraisopalmitate; Sodium Benzoate<\/span>\r\n\r\n<strong>Verbeterde receptuur<\/strong>\r\n\r\nHypogeen houdt van huid! Hypogeen is voortdurend in beweging. We stoppen al onze passie en expertise in de ontwikkeling en verbetering van onze huidproducten. We hebben de verpakking van onze Hypogeen producten gemoderniseerd. Tevens hebben de Hypogeen producten een verbeterde receptuur en zijn alle huidverzorgingsproducten microplastic- en siliconenvrij. Zo zorgt Hypogeen niet alleen voor een gezondere huid, maar ook voor een gezondere toekomst.\r\n\r\n<strong>Over Hypogeen<\/strong>\r\n\r\nHypogeen is een hypoallergene huidverzorgingslijn voor de overgevoelige huid. De huid werkt altijd hard om ons te beschermen, maar kan ook droog en gebarsten raken. De intensieve voedende werking van Hypogeen producten, helpt de huid tegen uitdroging, huidirritatie, eelt, kloven en geeft de huid rust. Door gebruik te maken van de unieke huidverzorgingslijn van Hypogeen zult u merken dat uw huid gezonder wordt. De producten binnen de Hypogeen lijn hebben een zeer hoog gehalte aan huideigen en huidverwante ingredi\u00ebnten, onder andere triglyceriden lecithine, ureum en Vitamine E. De Hypogeen handverzorgings-, voetverzorgings-, gezichtsverzorgings- en massageproducten levert Arcim Healthcare aan apotheken, pedicures, drogisterijen, groothandels en consumenten.","hoe_te_gebruiken":"Breng een kleine hoeveelheid aan op uw handpalm en laat het licht schuimen met een beetje water. Masseer uw gezicht met het lichte schuim. Spoel het gezicht vervolgens af met lauwwarm water en dep het droog. Verzorg de huid daarna met de milde Hypogeen dag- of nachtcr\u00e8me.","Ingredienten":"Ingredi\u00ebnts (INCI): Aqua; Disodium Cocoamphodiacetate; Saccharide Isomerate; Sodium Chloride; Propanediol; Sodium Laureth Sulfate; Peg-7 Glyceryl Cocoate; Glycerin; Phenoxyethanol; Sodium Hyaluronate; Squalane; Tetrasodium Glutamate Diacetate; Piroctone Olamine; Ubiquinone; Lecithin; Lactic Acid; Olus Oil; Tocopherol; Ascorbyl Tetraisopalmitate; Sodium Benzoate","voordelen":"<ul>\r\n \t<li>Reinigt grondig en verwijdert make-up<\/li>\r\n \t<li>Voorkomt uitdroging en huidirritatie<\/li>\r\n \t<li>Hypoallergeen en geschikt voor alle huidtypen<\/li>\r\n \t<li>Intensief voedende en milde werking<\/li>\r\n \t<li>Vrij van allergenen zoals cocamidopropyl beta\u00efne, parfum en kleurstoffen<\/li>\r\n \t<li>Zonder paraffine olie, vaseline, siliconen en microplastic<\/li>\r\n \t<li>Verrijkt met hyaluronzuur voor hydratatie<\/li>\r\n \t<li>Neutrale pH-waarde<\/li>\r\n \t<li>Niet op dieren getest<\/li>\r\n<\/ul>"},"_links":{"self":[{"href":"https:\/\/hypogeen.nl\/de\/wp-json\/wp\/v2\/product\/1418","targetHints":{"allow":["GET"]}}],"collection":[{"href":"https:\/\/hypogeen.nl\/de\/wp-json\/wp\/v2\/product"}],"about":[{"href":"https:\/\/hypogeen.nl\/de\/wp-json\/wp\/v2\/types\/product"}],"replies":[{"embeddable":true,"href":"https:\/\/hypogeen.nl\/de\/wp-json\/wp\/v2\/comments?post=1418"}],"version-history":[{"count":1,"href":"https:\/\/hypogeen.nl\/de\/wp-json\/wp\/v2\/product\/1418\/revisions"}],"predecessor-version":[{"id":1003819,"href":"https:\/\/hypogeen.nl\/de\/wp-json\/wp\/v2\/product\/1418\/revisions\/1003819"}],"wp:featuredmedia":[{"embeddable":true,"href":"https:\/\/hypogeen.nl\/de\/wp-json\/wp\/v2\/media\/1000803"}],"wp:attachment":[{"href":"https:\/\/hypogeen.nl\/de\/wp-json\/wp\/v2\/media?parent=1418"}],"wp:term":[{"taxonomy":"product_brand","embeddable":true,"href":"https:\/\/hypogeen.nl\/de\/wp-json\/wp\/v2\/product_brand?post=1418"},{"taxonomy":"product_cat","embeddable":true,"href":"https:\/\/hypogeen.nl\/de\/wp-json\/wp\/v2\/product_cat?post=1418"},{"taxonomy":"product_tag","embeddable":true,"href":"https:\/\/hypogeen.nl\/de\/wp-json\/wp\/v2\/product_tag?post=1418"}],"curies":[{"name":"wp","href":"https:\/\/api.w.org\/{rel}","templated":true}]}}