{"id":162,"date":"2023-09-13T21:08:39","date_gmt":"2023-09-13T20:08:39","guid":{"rendered":"https:\/\/development.hypogeen.nl\/?post_type=product&#038;p=162"},"modified":"2026-03-30T15:13:48","modified_gmt":"2026-03-30T15:13:48","slug":"hypogeen-fuscreme-krauterboost-tube-100ml","status":"publish","type":"product","link":"https:\/\/hypogeen.nl\/de\/hypogeen-fuscreme-krauterboost-tube-100ml\/","title":{"rendered":"Hypogeen Fu\u00dfcreme Kr\u00e4uterboost \u2013 Tube 100ml"},"content":{"rendered":"<p>Die Hypogeen Fu\u00dfcreme Kr\u00e4uterboost bietet eine belebende Pflege f\u00fcr trockene und m\u00fcde F\u00fc\u00dfe. Angereichert mit einer nat\u00fcrlichen Mischung aus Eukalyptus, Lavendel und Kiefer, beruhigt diese Creme die Haut und verbessert die Durchblutung. Die feuchtigkeitsspendenden Eigenschaften von Glycerin und Urea sorgen f\u00fcr eine tiefe Hydratation, w\u00e4hrend die Formel speziell entwickelt wurde, um Risse, Hornhaut und Schuppenbildung zu reduzieren. Frei von Paraffin\u00f6l, Vaseline, Parf\u00fcm und Farbstoffen ist die Creme f\u00fcr selbst die empfindlichsten Hauttypen geeignet und hat einen neutralen pH-Wert, der perfekt mit dem nat\u00fcrlichen Gleichgewicht der Haut harmoniert.<\/p>\n<p><strong>Vorteile<\/strong><\/p>\n<ul>\n<li>Verbessert die Durchblutung<\/li>\n<li>Beruhigt und erfrischt die Haut<\/li>\n<li>Spendet tiefenwirksame Feuchtigkeit und stellt das nat\u00fcrliche Feuchtigkeitsgleichgewicht der Haut wieder her<\/li>\n<li>St\u00e4rkt die Elastizit\u00e4t der Haut und hinterl\u00e4sst sie glatter<\/li>\n<li>Zieht schnell ein, ohne ein fettiges Gef\u00fchl zu hinterlassen<\/li>\n<li>Verringert die Wahrscheinlichkeit von Rissen, Hornhaut und Schuppenbildung<\/li>\n<li>F\u00f6rdert Entspannung und Wohlbefinden m\u00fcder F\u00fc\u00dfe<\/li>\n<li>Macht die Haut geschmeidig und warm<\/li>\n<\/ul>","protected":false},"excerpt":{"rendered":"<p>Diese Hypogeen Kr\u00e4uterboost ist eine ideale Creme f\u00fcr die Erhaltung gesunder, warmer und weicher F\u00fc\u00dfe. Hilft bei extrem trockenen, kalten und empfindlichen F\u00fc\u00dfen. Basierend auf \u00e4therischen \u00d6len wie Lavendel, Eukalyptus und Kiefernnadel.<\/p>","protected":false},"featured_media":993812,"comment_status":"open","ping_status":"closed","template":"elementor_theme","meta":{"_acf_changed":false},"product_brand":[373],"product_cat":[368,356,40],"product_tag":[],"class_list":{"0":"post-162","1":"product","2":"type-product","3":"status-publish","4":"has-post-thumbnail","6":"product_brand-hypogeen","7":"product_cat-pedicure-producten","8":"product_cat-voetcremes","9":"product_cat-voetverzorging","11":"first","12":"instock","13":"sale","14":"taxable","15":"shipping-taxable","16":"purchasable","17":"product-type-simple"},"acf":{"bolcom_producttekst":"Hypogeen Voetcr\u00e8me Kruidenboost biedt een verkwikkende verzorging voor droge en vermoeide voeten. Verrijkt met een natuurlijke mix van eucalyptus, lavendel en dennen, kalmeert deze cr\u00e8me de huid en verbetert het de bloedsomloop. De vochtinbrengende eigenschappen van glycerine en urea hydrateren diep, terwijl de formule speciaal ontworpen is om kloven, eelt en schilfering te verminderen. Door de afwezigheid van paraffine olie, vaseline, parfum en kleurstoffen is de cr\u00e8me geschikt voor de meest gevoelige huidtypen en heeft het een neutrale pH-waarde die perfect aansluit op de natuurlijke balans van de huid.\r\n\r\n<strong>Voordelen<\/strong>\r\n<ul>\r\n \t<li>Verbetert de bloedsomloop<\/li>\r\n \t<li>Kalmeert en verfrist de huid<\/li>\r\n \t<li>Hydrateert diep en herstelt de natuurlijke vochtbalans van de huid<\/li>\r\n \t<li>Versterkt de elasticiteit van de huid, waardoor deze gladder aanvoelt<\/li>\r\n \t<li>Trekt snel in zonder een vettig gevoel achter te laten<\/li>\r\n \t<li>Vermindert de kans op kloven, eelt en schilfering<\/li>\r\n \t<li>Bevordert ontspanning en welzijn van vermoeide voeten<\/li>\r\n \t<li>Maakt de huid soepel en warm<\/li>\r\n<\/ul>\r\n<strong>Gebruiksadvies<\/strong>\r\n\r\nBreng een kleine hoeveelheid cr\u00e8me aan op de hand. Masseer de voeten zachtjes in, inclusief tussen de tenen. Laat de cr\u00e8me ongeveer 10 minuten intrekken voordat u sokken draagt. Gebruik het product bij voorkeur eenmaal per dag.\r\n\r\n<strong>Ingredi\u00ebnten<\/strong>\r\n\r\nIngredi\u00ebnts (INCI): Aqua; Glycerin; Urea; Triacetin; Caprylic\/Capric Triglyceride; Cetyl Alcohol; PEG-100 Stearate; C10-18 Triglycerides; Ethylhexyl Stearate; Glyceryl Laurate; Simmondsia Chinensis Seed Oil; Squalane; Panthenol; Abies Alba Leaf Oil; Rosmarinus Officinalis Leaf Oil; Eucalyptus Globulus Leaf Oil; Hamamelis Virginiana Water; Tocopheryl Acetate; Phenoxyethanol; L Menthol; Camphor; Monosodium citrate; Tetrasodium glutamate diacetate; Alcohol; Citric acid; Propylene Glycol; Butylene Glycol; Sodium Lauryl Sulfate; Piroctone Olamine\r\n\r\n<strong>Verbeterde receptuur<\/strong>\r\n\r\nHypogeen houdt van huid! Hypogeen is voortdurend in beweging. We stoppen al onze passie en expertise in de ontwikkeling en verbetering van onze huidproducten. We hebben de verpakking van onze Hypogeen producten gemoderniseerd. Tevens hebben de Hypogeen producten een verbeterde receptuur en zijn alle huidverzorgingsproducten microplastic- en siliconenvrij. Zo zorgt Hypogeen niet alleen voor een gezondere huid, maar ook voor een gezondere toekomst.\r\n\r\n<strong>Over Hypogeen<\/strong>\r\n\r\nHypogeen is een hypoallergene huidverzorgingslijn voor de overgevoelige huid. De huid werkt altijd hard om ons te beschermen, maar kan ook droog en gebarsten raken. De intensieve voedende werking van Hypogeen producten, helpt de huid tegen uitdroging, huidirritatie, eelt, kloven en geeft de huid rust. Door gebruik te maken van de unieke huidverzorgingslijn van Hypogeen zult u merken dat uw huid gezonder wordt. De producten binnen de Hypogeen lijn hebben een zeer hoog gehalte aan huideigen en huidverwante ingredi\u00ebnten, onder andere triglyceriden lecithine, ureum en Vitamine E. De Hypogeen handverzorgings-, voetverzorgings-, gezichtsverzorgings- en massageproducten levert Arcim Healthcare aan apotheken, pedicures, drogisterijen, groothandels en consumenten.","hoe_te_gebruiken":"Breng een kleine hoeveelheid cr\u00e8me aan op de hand. Masseer de voeten zachtjes in, inclusief tussen de tenen. Laat de cr\u00e8me ongeveer 10 minuten intrekken voordat u sokken draagt. Gebruik het product bij voorkeur eenmaal per dag.","Ingredienten":"Ingredi\u00ebnts (INCI): Aqua; Glycerin; Urea; Triacetin; Caprylic\/Capric Triglyceride; Cetyl Alcohol; PEG-100 Stearate; C10-18 Triglycerides; Ethylhexyl Stearate; Glyceryl Laurate; Simmondsia Chinensis Seed Oil; Squalane; Panthenol; Abies Alba Leaf Oil; Rosmarinus Officinalis Leaf Oil; Eucalyptus Globulus Leaf Oil; Hamamelis Virginiana Water; Tocopheryl Acetate; Phenoxyethanol; L Menthol; Camphor; Monosodium citrate; Tetrasodium glutamate diacetate; Alcohol; Citric acid; Propylene Glycol; Butylene Glycol; Sodium Lauryl Sulfate; Piroctone Olamine","voordelen":"<ul>\r\n \t<li>Verbetert de bloedsomloop<\/li>\r\n \t<li>Kalmeert en verfrist de huid<\/li>\r\n \t<li>Hydrateert diep en herstelt de natuurlijke vochtbalans van de huid<\/li>\r\n \t<li>Versterkt de elasticiteit van de huid, waardoor deze gladder aanvoelt<\/li>\r\n \t<li>Trekt snel in zonder een vettig gevoel achter te laten<\/li>\r\n \t<li>Vermindert de kans op kloven, eelt en schilfering<\/li>\r\n \t<li>Bevordert ontspanning en welzijn van vermoeide voeten<\/li>\r\n \t<li>Maakt de huid soepel en warm<\/li>\r\n<\/ul>"},"_links":{"self":[{"href":"https:\/\/hypogeen.nl\/de\/wp-json\/wp\/v2\/product\/162","targetHints":{"allow":["GET"]}}],"collection":[{"href":"https:\/\/hypogeen.nl\/de\/wp-json\/wp\/v2\/product"}],"about":[{"href":"https:\/\/hypogeen.nl\/de\/wp-json\/wp\/v2\/types\/product"}],"replies":[{"embeddable":true,"href":"https:\/\/hypogeen.nl\/de\/wp-json\/wp\/v2\/comments?post=162"}],"version-history":[{"count":1,"href":"https:\/\/hypogeen.nl\/de\/wp-json\/wp\/v2\/product\/162\/revisions"}],"predecessor-version":[{"id":1003816,"href":"https:\/\/hypogeen.nl\/de\/wp-json\/wp\/v2\/product\/162\/revisions\/1003816"}],"wp:featuredmedia":[{"embeddable":true,"href":"https:\/\/hypogeen.nl\/de\/wp-json\/wp\/v2\/media\/993812"}],"wp:attachment":[{"href":"https:\/\/hypogeen.nl\/de\/wp-json\/wp\/v2\/media?parent=162"}],"wp:term":[{"taxonomy":"product_brand","embeddable":true,"href":"https:\/\/hypogeen.nl\/de\/wp-json\/wp\/v2\/product_brand?post=162"},{"taxonomy":"product_cat","embeddable":true,"href":"https:\/\/hypogeen.nl\/de\/wp-json\/wp\/v2\/product_cat?post=162"},{"taxonomy":"product_tag","embeddable":true,"href":"https:\/\/hypogeen.nl\/de\/wp-json\/wp\/v2\/product_tag?post=162"}],"curies":[{"name":"wp","href":"https:\/\/api.w.org\/{rel}","templated":true}]}}