{"id":993204,"date":"2024-08-20T08:15:09","date_gmt":"2024-08-20T08:15:09","guid":{"rendered":"https:\/\/hypogeen.nl\/?post_type=product&#038;p=993204"},"modified":"2026-04-04T05:36:32","modified_gmt":"2026-04-04T05:36:32","slug":"hypogeen-handcreme-50ml","status":"publish","type":"product","link":"https:\/\/hypogeen.nl\/de\/hypogeen-handcreme-50ml\/","title":{"rendered":"Hypogeen Handcreme \u2013 50ml"},"content":{"rendered":"<div data-elementor-type=\"wp-post\" data-elementor-id=\"993204\" class=\"elementor elementor-993204\">\n\t\t\t\t<div class=\"wd-negative-gap elementor-element elementor-element-af1f860 e-flex e-con-boxed e-con e-parent\" data-id=\"af1f860\" data-element_type=\"container\" data-e-type=\"container\">\n\t\t\t\t\t<div class=\"e-con-inner\">\n\t\t<div class=\"elementor-element elementor-element-9780412 e-con-full e-flex e-con e-child\" data-id=\"9780412\" data-element_type=\"container\" data-e-type=\"container\">\n\t\t\t\t<div class=\"elementor-element elementor-element-c0b6fbf color-scheme-inherit text-left elementor-widget elementor-widget-text-editor\" data-id=\"c0b6fbf\" data-element_type=\"widget\" data-e-type=\"widget\" data-widget_type=\"text-editor.default\">\n\t\t\t\t<div class=\"elementor-widget-container\">\n\t\t\t\t\t\t\t\t\t<h2>Hypoallergene Handcr\u00e8me voor droge en gevoelige handen<\/h2><p>Hypogeen Handcr\u00e8me 50ml is speciaal ontwikkeld voor de verzorging van de droge en gevoelige huid. Deze hypoallergene handcr\u00e8me bevat 5% ureum en vitamine E, die samen de handen intensief voeden en verzachten. De geur- en kleurstofvrije formule trekt snel in, waardoor het een ideale keuze is voor dagelijks gebruik, vooral voor mensen met een gevoelige huid. Het helpt droge, schilferige handen te kalmeren en biedt verlichting bij kloven, zodat je handen de hele dag verzorgd blijven.<\/p><h2>Handcr\u00e8me voor hydratatie en bescherming<\/h2><p>Deze handcr\u00e8me biedt niet alleen diepe hydratatie, maar helpt ook om de huid te herstellen en te beschermen. De 5% ureum en vitamine E ondersteunen het herstel van de huidbarri\u00e8re, terwijl de cr\u00e8me de vochtbalans reguleert en de handen zijdezacht maakt. De hypoallergene formule is perfect voor mensen die gevoelig zijn voor parfum of andere irriterende stoffen. Dankzij de handige 50ml tube kun je de cr\u00e8me eenvoudig meenemen, zodat je altijd kunt genieten van zachte, gehydrateerde handen, waar je ook bent.<\/p>\t\t\t\t\t\t\t\t<\/div>\n\t\t\t\t<\/div>\n\t\t\t\t<\/div>\n\t\t<div class=\"elementor-element elementor-element-7706084 e-con-full e-flex e-con e-child\" data-id=\"7706084\" data-element_type=\"container\" data-e-type=\"container\">\n\t\t\t\t<div class=\"elementor-element elementor-element-7cdf0d9 elementor-widget elementor-widget-wd_text_block\" data-id=\"7cdf0d9\" data-element_type=\"widget\" data-e-type=\"widget\" data-widget_type=\"wd_text_block.default\">\n\t\t\t\t<div class=\"elementor-widget-container\">\n\t\t\t\t\t\t\t<div class=\"wd-text-block reset-last-child text-left\">\n\t\t\t\n\t\t\t<h2>Voordelen van de Hypogeen Handcr\u00e8me<\/h2><ul><li>Speziell entwickelt f\u00fcr (extrem) trockene und empfindliche H\u00e4nde<\/li><li>Helpt schilferigheid en droge handen te verminderen<\/li><li>Intensiv pflegende und beruhigende Wirkung<\/li><li>Hypoallergen und geeignet f\u00fcr empfindliche Haut<\/li><li>Frei von Vaseline und Paraffin\u00f6l<\/li><li>Enth\u00e4lt keine Parf\u00fcm- und Farbstoffe<\/li><li>Unterst\u00fctzt die Hautregeneration mit Papaya-Extrakt<\/li><li>F\u00f6rdert das nat\u00fcrliche Feuchtigkeitsgleichgewicht<\/li><\/ul>\n\t\t\t\t\t<\/div>\n\t\t\t\t\t\t<\/div>\n\t\t\t\t<\/div>\n\t\t\t\t<\/div>\n\t\t\t\t\t<\/div>\n\t\t\t\t<\/div>\n\t\t\t\t<\/div>","protected":false},"excerpt":{"rendered":"<p>Hypogeen Handcreme 50ml pflegt und beruhigt trockene, empfindliche H\u00e4nde intensiv mit 5% Urea und Vitamin E. Zieht schnell ein, parf\u00fcmfrei und ideal f\u00fcr unterwegs.<\/p>","protected":false},"featured_media":993218,"comment_status":"closed","ping_status":"closed","template":"elementor_theme","meta":{"_acf_changed":false},"product_brand":[373],"product_cat":[353,47],"product_tag":[],"class_list":{"0":"post-993204","1":"product","2":"type-product","3":"status-publish","4":"has-post-thumbnail","6":"product_brand-hypogeen","7":"product_cat-handcremes","8":"product_cat-handverzorging","10":"first","11":"instock","12":"taxable","13":"shipping-taxable","14":"purchasable","15":"product-type-simple"},"acf":{"bolcom_producttekst":"De Hypogeen Handcr\u00e8me 50ml is speciaal ontwikkeld voor handverzorging van droge en gevoelige handen. Deze hypoallergene handcr\u00e8me biedt intensieve voeding met 5% ureum en vitamine E, waardoor je handen zacht en gehydrateerd aanvoelen. De droge handen cr\u00e8me trekt snel in zonder plakkerig gevoel achter te laten en is parfumvrij, wat het ideaal maakt voor mensen met een gevoelige huid. Deze zachte handcr\u00e8me helpt ook om een droge, schilferige huid te kalmeren en biedt verlichting bij kloven. Dankzij de compacte 50ml tube heb je altijd de perfecte handcr\u00e8me voor droge handen bij de hand, waar je ook bent.\r\n\r\n<strong>Voordelen<\/strong>\r\n<ul>\r\n \t<li>Hypoallergene handcr\u00e8me, ideaal voor de gevoelige huid<\/li>\r\n \t<li>Verzacht en verzorgt droge, schilferige handen<\/li>\r\n \t<li>Bevat 5% ureum voor intensieve voeding<\/li>\r\n \t<li>Zachte handcr\u00e8me verrijkt met vitamine E<\/li>\r\n \t<li>Trekt snel in, zonder plakkerig gevoel<\/li>\r\n \t<li>Parfumvrij en niet op dieren getest<\/li>\r\n \t<li>Dermatologisch getest<\/li>\r\n \t<li>Handige 50ml tube, perfect voor onderweg<\/li>\r\n<\/ul>\r\n&nbsp;\r\n\r\n<strong>Gebruiksadvies<\/strong>\r\n\r\nBreng een kleine hoeveelheid Hypogeen Handcr\u00e8me aan op je hand en verdeel deze gelijkmatig over beide handen. Masseer de cr\u00e8me zachtjes in en laat het goed intrekken voor optimale werking. Na gebruik voelen je handen zacht en verzorgd aan.\r\n\r\n<strong>Ingredi\u00ebnten<\/strong>\r\n\r\nAqua, glycerin, urea, caprylic\/capric triglyceride, cetearyl alcohol, glyceryl stearate, PEG-100 stearate, decyl oleate, oleyl erucate, phenoxyethanol, tocopheryl acetate, caprylyl glycol, sodium cetearyl sulfate, carica papaya fruit extract, tocopherol, hydrogenated palm glycerides citrate, ethylhexylglycerin, potassium sorbate, tetrasodium iminodisuccinate, sorbic acid, lactic acid\r\n\r\n<strong>Over Hypogeen<\/strong>\r\n\r\nHypogeen is een hypoallergene huidverzorgingslijn voor de overgevoelige huid. Onze huid werkt altijd hard om ons te beschermen, maar kan ook droog en gebarsten raken. De intensief voedende werking van Hypogeen producten helpt de huid tegen uitdroging, huidirritatie, eelt en kloven, en geeft de huid de rust die ze nodig heeft. Door gebruik te maken van de unieke huidverzorgingslijn van Hypogeen, merkt u dat uw huid gezonder wordt. De producten bevatten een hoog gehalte aan huideigen en huidverwante ingredi\u00ebnten, zoals triglyceriden, lecithine, ureum en vitamine E. Hypogeen biedt een uitgebreid assortiment van handverzorgings-, voetverzorgings-, gezichtsverzorgings- en massageproducten, die worden geleverd aan apotheken, pedicures, drogisterijen, groothandels en consumenten.","hoe_te_gebruiken":"Breng een kleine hoeveelheid Hypogeen Handcr\u00e8me aan op je hand en verdeel deze gelijkmatig over beide handen. Masseer de cr\u00e8me zachtjes in de huid en laat het goed intrekken voor optimale werking. Na gebruik voelen je handen zacht en verzorgd aan.","Ingredienten":"Aqua, glycerin, urea, caprylic\/capric triglyceride, cetearyl alcohol, glyceryl stearate, PEG-100 stearate, decyl oleate, oleyl erucate, phenoxyethanol, tocopheryl acetate, caprylyl glycol, sodium cetearyl sulfate, carica papaya fruit extract, tocopherol, hydrogenated palm glycerides citrate, ethylhexylglycerin, potassium sorbate, tetrasodium iminodisuccinate, sorbic acid, lactic acid","voordelen":"<ul>\r\n \t<li>Hypoallergeen, geschikt voor de gevoelige huid<\/li>\r\n \t<li>Bevat 5% ureum voor intensieve voeding<\/li>\r\n \t<li>Verrijkt met vitamine E<\/li>\r\n \t<li>Trekt snel in<\/li>\r\n \t<li>Parfumvrij<\/li>\r\n \t<li>Verzacht droge, schilferige huid en helpt bij kloven<\/li>\r\n \t<li>Handige 50ml tube, perfect voor onderweg<\/li>\r\n<\/ul>"},"_links":{"self":[{"href":"https:\/\/hypogeen.nl\/de\/wp-json\/wp\/v2\/product\/993204","targetHints":{"allow":["GET"]}}],"collection":[{"href":"https:\/\/hypogeen.nl\/de\/wp-json\/wp\/v2\/product"}],"about":[{"href":"https:\/\/hypogeen.nl\/de\/wp-json\/wp\/v2\/types\/product"}],"replies":[{"embeddable":true,"href":"https:\/\/hypogeen.nl\/de\/wp-json\/wp\/v2\/comments?post=993204"}],"version-history":[{"count":1,"href":"https:\/\/hypogeen.nl\/de\/wp-json\/wp\/v2\/product\/993204\/revisions"}],"predecessor-version":[{"id":1003807,"href":"https:\/\/hypogeen.nl\/de\/wp-json\/wp\/v2\/product\/993204\/revisions\/1003807"}],"wp:featuredmedia":[{"embeddable":true,"href":"https:\/\/hypogeen.nl\/de\/wp-json\/wp\/v2\/media\/993218"}],"wp:attachment":[{"href":"https:\/\/hypogeen.nl\/de\/wp-json\/wp\/v2\/media?parent=993204"}],"wp:term":[{"taxonomy":"product_brand","embeddable":true,"href":"https:\/\/hypogeen.nl\/de\/wp-json\/wp\/v2\/product_brand?post=993204"},{"taxonomy":"product_cat","embeddable":true,"href":"https:\/\/hypogeen.nl\/de\/wp-json\/wp\/v2\/product_cat?post=993204"},{"taxonomy":"product_tag","embeddable":true,"href":"https:\/\/hypogeen.nl\/de\/wp-json\/wp\/v2\/product_tag?post=993204"}],"curies":[{"name":"wp","href":"https:\/\/api.w.org\/{rel}","templated":true}]}}