{"id":997932,"date":"2024-12-18T11:37:06","date_gmt":"2024-12-18T11:37:06","guid":{"rendered":"https:\/\/hypogeen.nl\/?page_id=997932"},"modified":"2024-12-18T13:48:02","modified_gmt":"2024-12-18T13:48:02","slug":"dry-skin","status":"publish","type":"page","link":"https:\/\/hypogeen.nl\/en\/about-the-skin\/dry-skin\/","title":{"rendered":"Dry skin"},"content":{"rendered":"\t\t<div data-elementor-type=\"wp-page\" data-elementor-id=\"997932\" class=\"elementor elementor-997932\">\n\t\t\t\t<div class=\"elementor-element elementor-element-adb9abd e-flex e-con-boxed e-con e-parent\" data-id=\"adb9abd\" data-element_type=\"container\" data-e-type=\"container\">\n\t\t\t\t\t<div class=\"e-con-inner\">\n\t\t\t\t<div class=\"elementor-element elementor-element-75969af elementor-widget elementor-widget-heading\" data-id=\"75969af\" data-element_type=\"widget\" data-e-type=\"widget\" data-widget_type=\"heading.default\">\n\t\t\t\t<div class=\"elementor-widget-container\">\n\t\t\t\t\t<p class=\"elementor-heading-title elementor-size-default\">Advies voor je huid<\/p>\t\t\t\t<\/div>\n\t\t\t\t<\/div>\n\t\t\t\t<div class=\"elementor-element elementor-element-11ae7f9 elementor-widget elementor-widget-heading\" data-id=\"11ae7f9\" data-element_type=\"widget\" data-e-type=\"widget\" data-widget_type=\"heading.default\">\n\t\t\t\t<div class=\"elementor-widget-container\">\n\t\t\t\t\t<h2 class=\"elementor-heading-title elementor-size-default\">Last van een droge huid?\n<\/h2>\t\t\t\t<\/div>\n\t\t\t\t<\/div>\n\t\t\t\t<div class=\"elementor-element elementor-element-133fc8e elementor-widget elementor-widget-image\" data-id=\"133fc8e\" data-element_type=\"widget\" data-e-type=\"widget\" data-widget_type=\"image.default\">\n\t\t\t\t<div class=\"elementor-widget-container\">\n\t\t\t\t\t\t\t\t\t\t\t\t\t\t\t<img loading=\"lazy\" decoding=\"async\" width=\"2560\" height=\"1707\" src=\"https:\/\/hypogeen.nl\/wp-content\/uploads\/2024\/12\/Remove-background-project-2024-12-18T125405.535-scaled.png\" class=\"attachment-full size-full wp-image-997954\" alt=\"Droge huid\" srcset=\"https:\/\/hypogeen.nl\/wp-content\/uploads\/2024\/12\/Remove-background-project-2024-12-18T125405.535-scaled.png.webp 2560w, https:\/\/hypogeen.nl\/wp-content\/uploads\/2024\/12\/Remove-background-project-2024-12-18T125405.535-scaled-430x287.png.webp 430w, https:\/\/hypogeen.nl\/wp-content\/uploads\/2024\/12\/Remove-background-project-2024-12-18T125405.535-scaled-10x7.png 10w, https:\/\/hypogeen.nl\/wp-content\/uploads\/2024\/12\/Remove-background-project-2024-12-18T125405.535-scaled-700x467.png.webp 700w, https:\/\/hypogeen.nl\/wp-content\/uploads\/2024\/12\/Remove-background-project-2024-12-18T125405.535-400x267.png.webp 400w, https:\/\/hypogeen.nl\/wp-content\/uploads\/2024\/12\/Remove-background-project-2024-12-18T125405.535-1200x800.png.webp 1200w, https:\/\/hypogeen.nl\/wp-content\/uploads\/2024\/12\/Remove-background-project-2024-12-18T125405.535-768x512.png.webp 768w, https:\/\/hypogeen.nl\/wp-content\/uploads\/2024\/12\/Remove-background-project-2024-12-18T125405.535-1536x1024.png.webp 1536w, https:\/\/hypogeen.nl\/wp-content\/uploads\/2024\/12\/Remove-background-project-2024-12-18T125405.535-2048x1365.png.webp 2048w, https:\/\/hypogeen.nl\/wp-content\/uploads\/2024\/12\/Remove-background-project-2024-12-18T125405.535-18x12.png.webp 18w\" sizes=\"auto, (max-width: 2560px) 100vw, 2560px\" \/>\t\t\t\t\t\t\t\t\t\t\t\t\t\t\t<\/div>\n\t\t\t\t<\/div>\n\t\t\t\t<div class=\"elementor-element elementor-element-2256fe4 color-scheme-inherit text-left elementor-widget elementor-widget-text-editor\" data-id=\"2256fe4\" data-element_type=\"widget\" data-e-type=\"widget\" data-widget_type=\"text-editor.default\">\n\t\t\t\t<div class=\"elementor-widget-container\">\n\t\t\t\t\t\t\t\t\t<div class=\"flex flex-grow flex-col max-w-full\"><div class=\"min-h-[20px] text-message flex flex-col items-start whitespace-pre-wrap break-words [.text-message+&amp;]:mt-5 juice:w-full juice:items-end overflow-x-auto gap-2\" dir=\"auto\" data-message-author-role=\"assistant\" data-message-id=\"fec7edc5-277b-4bf1-be36-dac43dfee9f0\"><div class=\"flex w-full flex-col gap-1 juice:empty:hidden juice:first:pt-[3px]\"><div class=\"markdown prose w-full break-words dark:prose-invert light\"><p>Een stralende, soepele huid is niet altijd vanzelfsprekend. Dagelijkse invloeden zoals de kou, warmte, water, en zelfs de tijd laten hun sporen na, vooral als je huid neigt naar droogheid. Een droge huid vraagt om intensieve voeding en hydratatie. De unieke, hypoallergene formules van Hypogeen zijn een weldaad voor iedereen die kampt met droogheid, kloven of een trekkerig gevoel.<\/p><p>Ontdek hoe je jouw droge huid het beste verzorgt met onze natuurlijke verzorgingsproducten. Met Hypogeen ga je voor een huid die niet alleen gevoed is, maar ook zichtbaar gezonder en veerkrachtiger.<\/p><\/div><\/div><\/div><\/div>\t\t\t\t\t\t\t\t<\/div>\n\t\t\t\t<\/div>\n\t\t\t\t<div class=\"elementor-element elementor-element-5d63e2d elementor-widget elementor-widget-heading\" data-id=\"5d63e2d\" data-element_type=\"widget\" data-e-type=\"widget\" data-widget_type=\"heading.default\">\n\t\t\t\t<div class=\"elementor-widget-container\">\n\t\t\t\t\t<h2 class=\"elementor-heading-title elementor-size-default\">Droge huid symptomen\n<\/h2>\t\t\t\t<\/div>\n\t\t\t\t<\/div>\n\t\t\t\t<div class=\"elementor-element elementor-element-0f52dee color-scheme-inherit text-left elementor-widget elementor-widget-text-editor\" data-id=\"0f52dee\" data-element_type=\"widget\" data-e-type=\"widget\" data-widget_type=\"text-editor.default\">\n\t\t\t\t<div class=\"elementor-widget-container\">\n\t\t\t\t\t\t\t\t\t<p>Wanneer je huid trekkerig en oncomfortabel aanvoelt, zijn dit tekenen die niet te negeren zijn. Droge huid symptomen vari\u00ebren van subtiele irritaties tot aan de meer opvallende, zoals diepe kloven die zelfs kunnen bloeden. Vaak zijn het de handen, armen, en benen die als eerste deze droogte vertonen, maar juist plekken zoals ellebogen, knie\u00ebn, en voeten mogen niet over het hoofd gezien worden.<\/p><p>De meest voorkomende symptomen van een droge huid zijn:<\/p><ul><li>Jeuk<\/li><li>Rode vlekken<\/li><li>Witte schilfers<\/li><li>Scheurtjes in de huid<\/li><li>Benauwdheid<\/li><\/ul>\t\t\t\t\t\t\t\t<\/div>\n\t\t\t\t<\/div>\n\t\t\t\t<div class=\"elementor-element elementor-element-c2f2772 elementor-widget-mobile__width-inherit elementor-widget elementor-widget-image\" data-id=\"c2f2772\" data-element_type=\"widget\" data-e-type=\"widget\" data-widget_type=\"image.default\">\n\t\t\t\t<div class=\"elementor-widget-container\">\n\t\t\t\t\t\t\t\t\t\t\t\t\t\t\t<img loading=\"lazy\" decoding=\"async\" width=\"1024\" height=\"576\" src=\"https:\/\/hypogeen.nl\/wp-content\/uploads\/2024\/06\/shutterstock_2410461451-1024x576.jpg\" class=\"attachment-large size-large wp-image-990166\" alt=\"\" srcset=\"https:\/\/hypogeen.nl\/wp-content\/uploads\/2024\/06\/shutterstock_2410461451-1024x576.jpg.webp 1024w, https:\/\/hypogeen.nl\/wp-content\/uploads\/2024\/06\/shutterstock_2410461451-scaled-430x242.jpg.webp 430w, https:\/\/hypogeen.nl\/wp-content\/uploads\/2024\/06\/shutterstock_2410461451-scaled-10x6.jpg 10w, https:\/\/hypogeen.nl\/wp-content\/uploads\/2024\/06\/shutterstock_2410461451-scaled-700x394.jpg.webp 700w, https:\/\/hypogeen.nl\/wp-content\/uploads\/2024\/06\/shutterstock_2410461451-scaled-64x36.jpg.webp 64w, https:\/\/hypogeen.nl\/wp-content\/uploads\/2024\/06\/shutterstock_2410461451-300x169.jpg.webp 300w, https:\/\/hypogeen.nl\/wp-content\/uploads\/2024\/06\/shutterstock_2410461451-768x432.jpg.webp 768w, https:\/\/hypogeen.nl\/wp-content\/uploads\/2024\/06\/shutterstock_2410461451-1536x864.jpg.webp 1536w, https:\/\/hypogeen.nl\/wp-content\/uploads\/2024\/06\/shutterstock_2410461451-2048x1152.jpg.webp 2048w, https:\/\/hypogeen.nl\/wp-content\/uploads\/2024\/06\/shutterstock_2410461451-18x10.jpg.webp 18w, https:\/\/hypogeen.nl\/wp-content\/uploads\/2024\/06\/shutterstock_2410461451-1260x709.jpg.webp 1260w\" sizes=\"auto, (max-width: 1024px) 100vw, 1024px\" \/>\t\t\t\t\t\t\t\t\t\t\t\t\t\t\t<\/div>\n\t\t\t\t<\/div>\n\t\t\t\t\t<\/div>\n\t\t\t\t<\/div>\n\t\t<div class=\"elementor-element elementor-element-28b5001 e-flex e-con-boxed e-con e-parent\" data-id=\"28b5001\" data-element_type=\"container\" data-e-type=\"container\">\n\t\t\t\t\t<div class=\"e-con-inner\">\n\t\t\t\t<div class=\"elementor-element elementor-element-03d1b39 elementor-widget elementor-widget-heading\" data-id=\"03d1b39\" data-element_type=\"widget\" data-e-type=\"widget\" data-widget_type=\"heading.default\">\n\t\t\t\t<div class=\"elementor-widget-container\">\n\t\t\t\t\t<h3 class=\"elementor-heading-title elementor-size-default\">Oorzaken van droge huid\n<\/h3>\t\t\t\t<\/div>\n\t\t\t\t<\/div>\n\t\t\t\t<div class=\"elementor-element elementor-element-c3732dd color-scheme-inherit text-left elementor-widget elementor-widget-text-editor\" data-id=\"c3732dd\" data-element_type=\"widget\" data-e-type=\"widget\" data-widget_type=\"text-editor.default\">\n\t\t\t\t<div class=\"elementor-widget-container\">\n\t\t\t\t\t\t\t\t\t<p>Een droge huid is een veelvoorkomend probleem dat ongemakkelijk en soms zelfs pijnlijk kan zijn. Het kan zich op elk moment van het jaar voordoen, maar komt vaker voor in de koudere maanden wanneer de luchtvochtigheid lager is. Veel mensen hebben last van een droge huid zonder precies te weten wat de oorzaken zijn of hoe ze het kunnen voorkomen. Het begrijpen van de factoren die bijdragen aan een droge huid en het aanpassen van dagelijkse gewoontes kan aanzienlijk helpen om de huid gezond en gehydrateerd te houden. In dit artikel bespreken we de belangrijkste oorzaken van een droge huid en geven we praktische tips om dit probleem te verminderen.<\/p><p><strong>Meest voorkomende oorzaken<\/strong><\/p><ul><li>Heet douchen\u00a0spoelt natuurlijke oli\u00ebn weg, wat leidt tot uitdroging.<\/li><li>Gebruik van agressieve zepen\u00a0tast de huidbarri\u00e8re aan en bevordert vochtverlies.<\/li><li>Koude lucht in de winter\u00a0bevat minder vocht, waardoor de huid sneller uitdroogt.<\/li><li>De verwarming thuis maakt de lucht droger, wat bijdraagt aan een droge huid.<\/li><li>Minder productie van natuurlijke oli\u00ebn naarmate we ouder worden.<\/li><li>Erfelijke aandoeningen zoals eczeem of psoriasis, die de huidbarri\u00e8re verzwakken.<\/li><li>Roken, alcoholgebruik, en een dieet arm aan essenti\u00eble vetzuren dragen bij aan uitdroging.<\/li><li>Onvoldoende water drinken<strong> v<\/strong>ermindert de hydratatieniveaus van de huid.<\/li><\/ul>\t\t\t\t\t\t\t\t<\/div>\n\t\t\t\t<\/div>\n\t\t\t\t<div class=\"elementor-element elementor-element-d205182 elementor-widget elementor-widget-heading\" data-id=\"d205182\" data-element_type=\"widget\" data-e-type=\"widget\" data-widget_type=\"heading.default\">\n\t\t\t\t<div class=\"elementor-widget-container\">\n\t\t\t\t\t<h2 class=\"elementor-heading-title elementor-size-default\">Droge huid voorkomen\n<\/h2>\t\t\t\t<\/div>\n\t\t\t\t<\/div>\n\t\t\t\t<div class=\"elementor-element elementor-element-86a3ed2 elementor-widget__width-initial color-scheme-inherit text-left elementor-widget elementor-widget-text-editor\" data-id=\"86a3ed2\" data-element_type=\"widget\" data-e-type=\"widget\" data-widget_type=\"text-editor.default\">\n\t\t\t\t<div class=\"elementor-widget-container\">\n\t\t\t\t\t\t\t\t\t<p>Een droge huid verdient een zorgvuldige behandeling en de juiste verzorgingsproducten die niet alleen verlichting bieden maar ook de onderliggende droogheid effectief aanpakken. Voorkomen is echter beter dan genezen. Om een droge huid te voorkomen, is het essentieel om bewust te zijn van je dagelijkse routines en de producten die je kiest. Zorg dat je je lichaam van binnenuit en van buitenaf goed hydrateert.<\/p><p>Door de onderstaande tips te volgen, ondersteun je de natuurlijke barri\u00e8re van je huid en verminder je de kans op uitdroging en irritatie.<\/p>\t\t\t\t\t\t\t\t<\/div>\n\t\t\t\t<\/div>\n\t\t\t\t\t<\/div>\n\t\t\t\t<\/div>\n\t\t<div class=\"elementor-element elementor-element-13a2530 e-flex e-con-boxed e-con e-parent\" data-id=\"13a2530\" data-element_type=\"container\" data-e-type=\"container\">\n\t\t\t\t\t<div class=\"e-con-inner\">\n\t\t<div class=\"elementor-element elementor-element-312b526 e-con-full e-flex e-con e-child\" data-id=\"312b526\" data-element_type=\"container\" data-e-type=\"container\">\n\t\t\t\t<div class=\"elementor-element elementor-element-0bfe465 elementor-widget elementor-widget-heading\" data-id=\"0bfe465\" data-element_type=\"widget\" data-e-type=\"widget\" data-widget_type=\"heading.default\">\n\t\t\t\t<div class=\"elementor-widget-container\">\n\t\t\t\t\t<h3 class=\"elementor-heading-title elementor-size-default\">1. Drink voldoende water\n<\/h3>\t\t\t\t<\/div>\n\t\t\t\t<\/div>\n\t\t\t\t<div class=\"elementor-element elementor-element-239a0a3 elementor-widget__width-initial color-scheme-inherit text-left elementor-widget elementor-widget-text-editor\" data-id=\"239a0a3\" data-element_type=\"widget\" data-e-type=\"widget\" data-widget_type=\"text-editor.default\">\n\t\t\t\t<div class=\"elementor-widget-container\">\n\t\t\t\t\t\t\t\t\t<p>Houd je huid gehydrateerd van binnenuit door dagelijks minstens 8 glazen water te drinken. Dit helpt je huid soepel en stralend te houden.\u00a0<\/p>\t\t\t\t\t\t\t\t<\/div>\n\t\t\t\t<\/div>\n\t\t\t\t<\/div>\n\t\t<div class=\"elementor-element elementor-element-7ebddaa e-con-full e-flex e-con e-child\" data-id=\"7ebddaa\" data-element_type=\"container\" data-e-type=\"container\">\n\t\t\t\t<div class=\"elementor-element elementor-element-5f1a400 elementor-widget elementor-widget-heading\" data-id=\"5f1a400\" data-element_type=\"widget\" data-e-type=\"widget\" data-widget_type=\"heading.default\">\n\t\t\t\t<div class=\"elementor-widget-container\">\n\t\t\t\t\t<h3 class=\"elementor-heading-title elementor-size-default\">2. Vermijd te warme douches\n<\/h3>\t\t\t\t<\/div>\n\t\t\t\t<\/div>\n\t\t\t\t<div class=\"elementor-element elementor-element-de79a5f elementor-widget__width-initial color-scheme-inherit text-left elementor-widget elementor-widget-text-editor\" data-id=\"de79a5f\" data-element_type=\"widget\" data-e-type=\"widget\" data-widget_type=\"text-editor.default\">\n\t\t\t\t<div class=\"elementor-widget-container\">\n\t\t\t\t\t\t\t\t\tDouche met lauw water in plaats van heet water om de natuurlijke oli\u00ebn van je huid te behouden. Dit voorkomt uitdroging en houdt je huid gezond.\u00a0\t\t\t\t\t\t\t\t<\/div>\n\t\t\t\t<\/div>\n\t\t\t\t<\/div>\n\t\t\t\t\t<\/div>\n\t\t\t\t<\/div>\n\t\t<div class=\"elementor-element elementor-element-39e039e e-flex e-con-boxed e-con e-parent\" data-id=\"39e039e\" data-element_type=\"container\" data-e-type=\"container\">\n\t\t\t\t\t<div class=\"e-con-inner\">\n\t\t<div class=\"elementor-element elementor-element-4a8554c e-con-full e-flex e-con e-child\" data-id=\"4a8554c\" data-element_type=\"container\" data-e-type=\"container\">\n\t\t\t\t<div class=\"elementor-element elementor-element-39d51e9 elementor-widget elementor-widget-heading\" data-id=\"39d51e9\" data-element_type=\"widget\" data-e-type=\"widget\" data-widget_type=\"heading.default\">\n\t\t\t\t<div class=\"elementor-widget-container\">\n\t\t\t\t\t<h3 class=\"elementor-heading-title elementor-size-default\">3. Breng regelmatig een voedende, hydraterende cr\u00e8me aan\n<\/h3>\t\t\t\t<\/div>\n\t\t\t\t<\/div>\n\t\t\t\t<div class=\"elementor-element elementor-element-a8cf01b elementor-widget__width-initial color-scheme-inherit text-left elementor-widget elementor-widget-text-editor\" data-id=\"a8cf01b\" data-element_type=\"widget\" data-e-type=\"widget\" data-widget_type=\"text-editor.default\">\n\t\t\t\t<div class=\"elementor-widget-container\">\n\t\t\t\t\t\t\t\t\tGebruik dagelijks een hydraterende cr\u00e8me, vooral na het douchen, om je huid te voeden en beschermen. Kies voor producten met natuurlijke oli\u00ebn en ingredi\u00ebnten.\u00a0\t\t\t\t\t\t\t\t<\/div>\n\t\t\t\t<\/div>\n\t\t\t\t<\/div>\n\t\t<div class=\"elementor-element elementor-element-ccba6eb e-con-full e-flex e-con e-child\" data-id=\"ccba6eb\" data-element_type=\"container\" data-e-type=\"container\">\n\t\t\t\t<div class=\"elementor-element elementor-element-0f1b1ad elementor-widget elementor-widget-heading\" data-id=\"0f1b1ad\" data-element_type=\"widget\" data-e-type=\"widget\" data-widget_type=\"heading.default\">\n\t\t\t\t<div class=\"elementor-widget-container\">\n\t\t\t\t\t<h3 class=\"elementor-heading-title elementor-size-default\">3. Bescherm je huid tegen de kou\n\n<\/h3>\t\t\t\t<\/div>\n\t\t\t\t<\/div>\n\t\t\t\t<div class=\"elementor-element elementor-element-1d2a27b elementor-widget__width-initial color-scheme-inherit text-left elementor-widget elementor-widget-text-editor\" data-id=\"1d2a27b\" data-element_type=\"widget\" data-e-type=\"widget\" data-widget_type=\"text-editor.default\">\n\t\t\t\t<div class=\"elementor-widget-container\">\n\t\t\t\t\t\t\t\t\tDraag beschermende kleding en gebruik een vette cr\u00e8me in de wintermaanden om je huid te beschermen tegen de koude, droge lucht. Dit helpt om vochtverlies te minimaliseren.\n\n\n\t\t\t\t\t\t\t\t<\/div>\n\t\t\t\t<\/div>\n\t\t\t\t<\/div>\n\t\t\t\t\t<\/div>\n\t\t\t\t<\/div>\n\t\t<div class=\"elementor-element elementor-element-02a0f64 e-flex e-con-boxed e-con e-parent\" data-id=\"02a0f64\" data-element_type=\"container\" data-e-type=\"container\">\n\t\t\t\t\t<div class=\"e-con-inner\">\n\t\t\t\t<div class=\"elementor-element elementor-element-41cd52f elementor-widget elementor-widget-heading\" data-id=\"41cd52f\" data-element_type=\"widget\" data-e-type=\"widget\" data-widget_type=\"heading.default\">\n\t\t\t\t<div class=\"elementor-widget-container\">\n\t\t\t\t\t<h3 class=\"elementor-heading-title elementor-size-default\">Droge huid behandelen\n<\/h3>\t\t\t\t<\/div>\n\t\t\t\t<\/div>\n\t\t\t\t<div class=\"elementor-element elementor-element-e336b26 color-scheme-inherit text-left elementor-widget elementor-widget-text-editor\" data-id=\"e336b26\" data-element_type=\"widget\" data-e-type=\"widget\" data-widget_type=\"text-editor.default\">\n\t\t\t\t<div class=\"elementor-widget-container\">\n\t\t\t\t\t\t\t\t\t<p>Om een droge huid effectief te behandelen, is het essentieel om milde, hydraterende producten te kiezen die specifiek ontworpen zijn om de vochtbalans te herstellen. Vermijd heet water tijdens het douchen of baden, aangezien dit de huid verder kan uitdrogen. Na het wassen is het aanbrengen van een voedende bodylotion of cr\u00e8me cruciaal om het vocht vast te houden en de huidbarri\u00e8re te versterken. Het ideale product hiervoor is de Hypogeen Bodylotion\u00a0<span style=\"font-size: 14px; text-align: var(--text-align); background-color: var(--wd-main-bgcolor); color: var(--wd-text-color);\">Met onze producten help je je huid te herstellen en beschermen tegen uitdroging en zorg je voor een gezonde, soepele huid.<\/span><\/p>\t\t\t\t\t\t\t\t<\/div>\n\t\t\t\t<\/div>\n\t\t\t\t<div class=\"elementor-element elementor-element-62d1d8e elementor-widget elementor-widget-heading\" data-id=\"62d1d8e\" data-element_type=\"widget\" data-e-type=\"widget\" data-widget_type=\"heading.default\">\n\t\t\t\t<div class=\"elementor-widget-container\">\n\t\t\t\t\t<h2 class=\"elementor-heading-title elementor-size-default\">Waarom Hypogeen jou helpt met je droge huid?\n<\/h2>\t\t\t\t<\/div>\n\t\t\t\t<\/div>\n\t\t\t\t<div class=\"elementor-element elementor-element-ad67ea5 color-scheme-inherit text-left elementor-widget elementor-widget-text-editor\" data-id=\"ad67ea5\" data-element_type=\"widget\" data-e-type=\"widget\" data-widget_type=\"text-editor.default\">\n\t\t\t\t<div class=\"elementor-widget-container\">\n\t\t\t\t\t\t\t\t\t<p>Hypogeen herstelt de balans van uw huideigen lipiden en brengt de vochtvoorraad in de huid op peil. Hierdoor wordt uw huid weer soepel en zacht. De triglyceriden (15%) in Hypogeen vullen het tekort aan lipiden aan, glycerine (15%) vult het tekort aan vocht in de huid aan, ureum (5%) vertraagt de verdamping van vocht vanuit de huid en lecitine (1%) werkt als een bindmiddel tussen de verschillende huidlagen. Hierdoor herstelt de lipide\/vochtbalans van de huid en wordt hij weer zacht en soepel.<\/p><p>Droge huid is een kwaal die gemakkelijk kan terugkomen als de oorzakelijke factoren niet goed zijn aangepakt. De meeste mensen die regelmatig de hypogeen gebruiken, hebben minder kans op een droge huid.<\/p>\t\t\t\t\t\t\t\t<\/div>\n\t\t\t\t<\/div>\n\t\t\t\t\t<\/div>\n\t\t\t\t<\/div>\n\t\t\t\t<\/div>\n\t\t","protected":false},"excerpt":{"rendered":"<p>Advies voor je huid Last van een droge huid? Een stralende, soepele huid is niet altijd vanzelfsprekend. Dagelijkse invloeden zoals<\/p>","protected":false},"author":12,"featured_media":0,"parent":997977,"menu_order":0,"comment_status":"closed","ping_status":"closed","template":"","meta":{"_acf_changed":false,"footnotes":""},"class_list":["post-997932","page","type-page","status-publish","hentry"],"acf":[],"_links":{"self":[{"href":"https:\/\/hypogeen.nl\/en\/wp-json\/wp\/v2\/pages\/997932","targetHints":{"allow":["GET"]}}],"collection":[{"href":"https:\/\/hypogeen.nl\/en\/wp-json\/wp\/v2\/pages"}],"about":[{"href":"https:\/\/hypogeen.nl\/en\/wp-json\/wp\/v2\/types\/page"}],"author":[{"embeddable":true,"href":"https:\/\/hypogeen.nl\/en\/wp-json\/wp\/v2\/users\/12"}],"replies":[{"embeddable":true,"href":"https:\/\/hypogeen.nl\/en\/wp-json\/wp\/v2\/comments?post=997932"}],"version-history":[{"count":0,"href":"https:\/\/hypogeen.nl\/en\/wp-json\/wp\/v2\/pages\/997932\/revisions"}],"up":[{"embeddable":true,"href":"https:\/\/hypogeen.nl\/en\/wp-json\/wp\/v2\/pages\/997977"}],"wp:attachment":[{"href":"https:\/\/hypogeen.nl\/en\/wp-json\/wp\/v2\/media?parent=997932"}],"curies":[{"name":"wp","href":"https:\/\/api.w.org\/{rel}","templated":true}]}}