{"id":1000543,"date":"2025-09-30T14:03:47","date_gmt":"2025-09-30T14:03:47","guid":{"rendered":"https:\/\/hypogeen.nl\/?post_type=product&#038;p=1000543"},"modified":"2026-04-02T11:51:00","modified_gmt":"2026-04-02T11:51:00","slug":"hypogeen-micellair-water-300ml","status":"publish","type":"product","link":"https:\/\/hypogeen.nl\/en\/hypogeen-micellair-water-300ml\/","title":{"rendered":"Hypogeen Micellair Water"},"content":{"rendered":"<div data-elementor-type=\"wp-post\" data-elementor-id=\"1000543\" class=\"elementor elementor-1000543\">\n\t\t\t\t<div class=\"wd-negative-gap elementor-element elementor-element-1b367a7 e-flex e-con-boxed e-con e-parent\" data-id=\"1b367a7\" data-element_type=\"container\" data-e-type=\"container\">\n\t\t\t\t\t<div class=\"e-con-inner\">\n\t\t<div class=\"elementor-element elementor-element-84ba840 e-con-full e-flex e-con e-child\" data-id=\"84ba840\" data-element_type=\"container\" data-e-type=\"container\">\n\t\t\t\t<div class=\"elementor-element elementor-element-5eb33d8 color-scheme-inherit text-left elementor-widget elementor-widget-text-editor\" data-id=\"5eb33d8\" data-element_type=\"widget\" data-e-type=\"widget\" data-widget_type=\"text-editor.default\">\n\t\t\t\t<div class=\"elementor-widget-container\">\n\t\t\t\t\t\t\t\t\t<h2>Mild reinigingswater voor de gevoelige huid<\/h2><p data-start=\"1155\" data-end=\"1763\">Hypogeen Micellair Water is ontwikkeld voor iedereen die een milde maar effectieve reiniging wil zonder de huid te belasten. De pH-neutrale formule verwijdert make-up, vuil en onzuiverheden in \u00e9\u00e9n eenvoudige beweging en laat de huid schoon, fris en comfortabel achter. Dankzij verzorgende ingredi\u00ebnten zoals Niacinamide, Ectoin en een Plant Hydrator wordt de huidbarri\u00e8re versterkt, vocht beter vastgehouden en roodheid verminderd. Het resultaat is een zachte, gekalmeerde huid die niet trekkerig aanvoelt \u2014 zelfs niet bij dagelijks gebruik. Ideaal voor de gevoelige huid en veilig te gebruiken rond de ogen.<\/p>\t\t\t\t\t\t\t\t<\/div>\n\t\t\t\t<\/div>\n\t\t\t\t<\/div>\n\t\t<div class=\"elementor-element elementor-element-dce3d60 e-con-full e-flex e-con e-child\" data-id=\"dce3d60\" data-element_type=\"container\" data-e-type=\"container\">\n\t\t\t\t<div class=\"elementor-element elementor-element-f2a53ae color-scheme-inherit text-left elementor-widget elementor-widget-text-editor\" data-id=\"f2a53ae\" data-element_type=\"widget\" data-e-type=\"widget\" data-widget_type=\"text-editor.default\">\n\t\t\t\t<div class=\"elementor-widget-container\">\n\t\t\t\t\t\t\t\t\t<p><strong>\u2192 Reinigt mild &amp; effectief<\/strong><br \/><strong>\u2192 Ondersteunt de huidbarri\u00e8re<\/strong><br \/><strong>\u2192 Beschermd de huid<\/strong><br \/><strong>\u2192 Hypoallergeen<\/strong><\/p>\t\t\t\t\t\t\t\t<\/div>\n\t\t\t\t<\/div>\n\t\t\t\t<\/div>\n\t\t\t\t\t<\/div>\n\t\t\t\t<\/div>\n\t\t<div class=\"wd-negative-gap elementor-element elementor-element-34dd6d6 e-flex e-con-boxed e-con e-parent\" data-id=\"34dd6d6\" data-element_type=\"container\" data-e-type=\"container\">\n\t\t\t\t\t<div class=\"e-con-inner\">\n\t\t<div class=\"elementor-element elementor-element-7d6e0e7 e-con-full e-flex e-con e-child\" data-id=\"7d6e0e7\" data-element_type=\"container\" data-e-type=\"container\">\n\t\t\t\t<div class=\"elementor-element elementor-element-b4c727f color-scheme-inherit text-left elementor-widget elementor-widget-text-editor\" data-id=\"b4c727f\" data-element_type=\"widget\" data-e-type=\"widget\" data-widget_type=\"text-editor.default\">\n\t\t\t\t<div class=\"elementor-widget-container\">\n\t\t\t\t\t\t\t\t\t<h3 data-start=\"837\" data-end=\"882\">Cleansing water met verzorgende formule<\/h3><p data-start=\"523\" data-end=\"893\">De combinatie van Niacinamide, Ectoin en hydraterende ingredi\u00ebnten zorgt ervoor dat de huid na het reinigen niet alleen schoon is, maar ook gevoed, gekalmeerd en in balans blijft. Omdat het micellair water volledig vrij is van parfum, alcohol, kleurstoffen, siliconen, paraffine-olie en microplastics, is het bijzonder geschikt voor de gevoelige of snel reagerende huid.<\/p><h2 data-start=\"112\" data-end=\"153\"><strong data-start=\"115\" data-end=\"153\">Hoe gebruik je het micellair water<\/strong><\/h2><p data-start=\"154\" data-end=\"474\">Breng het micellair water aan op een wattenschijfje en reinig zachtjes het gezicht en de ogen. Herhaal dit totdat het wattenschijfje schoon blijft. De milde, zeepvrije formule is geschikt voor zowel de ochtend- als avondroutine en verwijdert make-up en onzuiverheden zonder de huid droog of trekkerig te laten aanvoelen.<\/p><h2 data-start=\"476\" data-end=\"522\">\u00a0<\/h2><div class=\"container related-and-upsells\"><div id=\"carousel-868\" class=\"wd-carousel-container related-products with-title wd-products-element wd-products products wd-products-with-bg title-line-two\"><h2 class=\"wd-el-title title slider-title element-title\">\u00a0<\/h2><\/div><\/div>\t\t\t\t\t\t\t\t<\/div>\n\t\t\t\t<\/div>\n\t\t\t\t<\/div>\n\t\t<div class=\"elementor-element elementor-element-fcab666 e-con-full e-flex e-con e-child\" data-id=\"fcab666\" data-element_type=\"container\" data-e-type=\"container\">\n\t\t\t\t<div class=\"elementor-element elementor-element-4496a41 elementor-widget elementor-widget-wd_image_or_svg\" data-id=\"4496a41\" data-element_type=\"widget\" data-e-type=\"widget\" data-widget_type=\"wd_image_or_svg.default\">\n\t\t\t\t<div class=\"elementor-widget-container\">\n\t\t\t\t\t\n\t\t<div class=\"wd-image text-left\">\n\t\t\t\t\t\t\t\t<img loading=\"lazy\" decoding=\"async\" width=\"2048\" height=\"2048\" src=\"https:\/\/hypogeen.nl\/wp-content\/uploads\/2025\/09\/magic-edit-variation-1764864067635-m2bkxarmaxrmc0ctx8b91zmefg.jpg\" class=\"attachment-full size-full\" alt=\"\" srcset=\"https:\/\/hypogeen.nl\/wp-content\/uploads\/2025\/09\/magic-edit-variation-1764864067635-m2bkxarmaxrmc0ctx8b91zmefg.jpg 2048w, https:\/\/hypogeen.nl\/wp-content\/uploads\/2025\/09\/magic-edit-variation-1764864067635-m2bkxarmaxrmc0ctx8b91zmefg-430x430.jpg 430w, https:\/\/hypogeen.nl\/wp-content\/uploads\/2025\/09\/magic-edit-variation-1764864067635-m2bkxarmaxrmc0ctx8b91zmefg-10x10.jpg 10w, https:\/\/hypogeen.nl\/wp-content\/uploads\/2025\/09\/magic-edit-variation-1764864067635-m2bkxarmaxrmc0ctx8b91zmefg-700x700.jpg 700w, https:\/\/hypogeen.nl\/wp-content\/uploads\/2025\/09\/magic-edit-variation-1764864067635-m2bkxarmaxrmc0ctx8b91zmefg-300x300.jpg 300w, https:\/\/hypogeen.nl\/wp-content\/uploads\/2025\/09\/magic-edit-variation-1764864067635-m2bkxarmaxrmc0ctx8b91zmefg-800x800.jpg 800w, https:\/\/hypogeen.nl\/wp-content\/uploads\/2025\/09\/magic-edit-variation-1764864067635-m2bkxarmaxrmc0ctx8b91zmefg-150x150.jpg 150w, https:\/\/hypogeen.nl\/wp-content\/uploads\/2025\/09\/magic-edit-variation-1764864067635-m2bkxarmaxrmc0ctx8b91zmefg-768x768.jpg 768w, https:\/\/hypogeen.nl\/wp-content\/uploads\/2025\/09\/magic-edit-variation-1764864067635-m2bkxarmaxrmc0ctx8b91zmefg-1536x1536.jpg 1536w, https:\/\/hypogeen.nl\/wp-content\/uploads\/2025\/09\/magic-edit-variation-1764864067635-m2bkxarmaxrmc0ctx8b91zmefg-12x12.jpg 12w\" sizes=\"auto, (max-width: 2048px) 100vw, 2048px\" \/>\t\t\t\t\t<\/div>\n\n\t\t\t\t\t\t<\/div>\n\t\t\t\t<\/div>\n\t\t\t\t<\/div>\n\t\t\t\t\t<\/div>\n\t\t\t\t<\/div>\n\t\t\t\t<\/div>","protected":false},"excerpt":{"rendered":"<p>\u2714 pH-neutraal &amp; parfumvrij<br data-start=\"696\" data-end=\"699\" \/>\u2714 Hydrateert en kalmeert<br data-start=\"723\" data-end=\"726\" \/>\u2714 Geschikt voor gevoelige huid en ogen<br data-start=\"764\" data-end=\"767\" \/>\u2714 300 ml<\/p>\n<p data-start=\"849\" data-end=\"1061\">Dit zachte micellair water reinigt de gevoelige huid zonder te irriteren en verwijdert make-up en onzuiverheden in \u00e9\u00e9n beweging. De verzorgende formule hydrateert en kalmeert, voor een fris en comfortabel gevoel.<\/p>","protected":false},"featured_media":1003922,"comment_status":"open","ping_status":"closed","template":"elementor_theme","meta":{"_acf_changed":false},"product_brand":[],"product_cat":[363,48],"product_tag":[],"class_list":{"0":"post-1000543","1":"product","2":"type-product","3":"status-publish","4":"has-post-thumbnail","6":"product_cat-gezichtsreiniging","7":"product_cat-gezichtsverzorging","9":"first","10":"instock","11":"taxable","12":"shipping-taxable","13":"purchasable","14":"product-type-simple"},"acf":{"bolcom_producttekst":"<p data-start=\"239\" data-end=\"572\">Hypogeen Micellair Water is een zachte en effectieve reiniger, speciaal ontwikkeld voor de gevoelige huid. De micellaire formule verwijdert make-up, vuil en onzuiverheden zonder de huid uit te drogen of te irriteren. Dankzij de pH-neutrale samenstelling voelt de huid na gebruik fris, schoon en gehydrateerd aan.<\/p>\r\n<p data-start=\"1328\" data-end=\"1343\"><strong data-start=\"1328\" data-end=\"1341\">Voordelen<\/strong><\/p>\r\n\r\n<ul>\r\n \t<li data-start=\"1346\" data-end=\"1400\">Mild en pH-neutraal, speciaal voor de gevoelige huid<\/li>\r\n \t<li data-start=\"1403\" data-end=\"1462\">Reinigt grondig en verwijdert make-up van gezicht en ogen<\/li>\r\n \t<li data-start=\"1465\" data-end=\"1516\">Hydraterend en kalmerend, zonder trekkerig gevoel<\/li>\r\n \t<li data-start=\"1519\" data-end=\"1564\">Met Vitamin B3, Ectoin &amp; Plant Hydrator<\/li>\r\n \t<li data-start=\"1567\" data-end=\"1657\">Vrij van parfum, kleurstoffen, zeep, alcohol, paraffine-olie, siliconen en microplastics<\/li>\r\n<\/ul>\r\n<p data-start=\"574\" data-end=\"715\"><strong data-start=\"574\" data-end=\"597\">Verzorgende formule<\/strong><br data-start=\"597\" data-end=\"600\" \/>Hypogeen Micellair Water bevat een natuurlijke mix van actieve ingredi\u00ebnten die de huid verzorgen en beschermen:<\/p>\r\n\r\n<ul>\r\n \t<li data-start=\"718\" data-end=\"836\">Vitamin B3 (Niacinamide) \u2013 ondersteunt het herstel van de huidbarri\u00e8re en zorgt voor een egalere, rustiger huid.<\/li>\r\n \t<li data-start=\"839\" data-end=\"969\">Ectoin \u2013 een krachtig, natuurlijk molecuul dat de huid beschermt tegen invloeden van buitenaf en helpt vocht vast te houden.<\/li>\r\n \t<li data-start=\"972\" data-end=\"1113\">Plant Hydrator (Saccharide Isomerate) \u2013 een plantaardig hydraterend complex dat langdurig vocht bindt en de huid zacht en soepel maakt.<\/li>\r\n \t<li>Pentylene Glycol &amp; Propanediol \u2013 werken als zachte bevochtigers en versterken de hydraterende werking.<\/li>\r\n \t<li data-start=\"1227\" data-end=\"1326\">Tetrasodium Glutamate Diacetate \u2013 draagt bij aan de stabiliteit en zuiverheid van de formule.\u00b0<\/li>\r\n<\/ul>\r\n<p data-start=\"1659\" data-end=\"1792\"><strong data-start=\"1659\" data-end=\"1675\">Ingredi\u00ebnten<\/strong><br data-start=\"1675\" data-end=\"1678\" \/>Aqua, Niacinamide, Pentylene Glycol, Propanediol, Saccharide Isomerate, Ectoin, Tetrasodium Glutamate Diacetate.<\/p>\r\n<p data-start=\"1794\" data-end=\"1988\"><strong data-start=\"1794\" data-end=\"1805\">Gebruik<\/strong><br data-start=\"1805\" data-end=\"1808\" \/>Breng Hypogeen Micellair Water aan op een schoon wattenschijfje en reinig zachtjes gezicht en ogen. Herhaal indien nodig. Voor dagelijks gebruik, zowel \u2019s ochtends als \u2019s avonds.<\/p>","hoe_te_gebruiken":"Breng aan op een schoon wattenschijfje en reinig zachtjes gezicht en ogen. Herhaal indien nodig. Te gebruiken in de ochtend en avond.","Ingredienten":"Aqua, Niacinamide, Pentylene Glycol, Propanediol, Saccharide Isomerate, Ectoin, Tetrasodium Glutamate Diacetate.","voordelen":"<ul>\r\n \t<li data-start=\"1346\" data-end=\"1400\">Mild en pH-neutraal, speciaal voor de gevoelige huid<\/li>\r\n \t<li data-start=\"1403\" data-end=\"1462\">Reinigt grondig en verwijdert make-up van gezicht en ogen<\/li>\r\n \t<li data-start=\"1465\" data-end=\"1516\">Hydraterend en kalmerend, zonder trekkerig gevoel<\/li>\r\n \t<li data-start=\"1519\" data-end=\"1564\">Met Vitamin B3, Ectoin &amp; Plant Hydrator<\/li>\r\n \t<li data-start=\"1567\" data-end=\"1657\">Vrij van parfum, kleurstoffen, zeep, alcohol, paraffine-olie, siliconen en microplastics<\/li>\r\n<\/ul>"},"_links":{"self":[{"href":"https:\/\/hypogeen.nl\/en\/wp-json\/wp\/v2\/product\/1000543","targetHints":{"allow":["GET"]}}],"collection":[{"href":"https:\/\/hypogeen.nl\/en\/wp-json\/wp\/v2\/product"}],"about":[{"href":"https:\/\/hypogeen.nl\/en\/wp-json\/wp\/v2\/types\/product"}],"replies":[{"embeddable":true,"href":"https:\/\/hypogeen.nl\/en\/wp-json\/wp\/v2\/comments?post=1000543"}],"version-history":[{"count":1,"href":"https:\/\/hypogeen.nl\/en\/wp-json\/wp\/v2\/product\/1000543\/revisions"}],"predecessor-version":[{"id":1003800,"href":"https:\/\/hypogeen.nl\/en\/wp-json\/wp\/v2\/product\/1000543\/revisions\/1003800"}],"wp:featuredmedia":[{"embeddable":true,"href":"https:\/\/hypogeen.nl\/en\/wp-json\/wp\/v2\/media\/1003922"}],"wp:attachment":[{"href":"https:\/\/hypogeen.nl\/en\/wp-json\/wp\/v2\/media?parent=1000543"}],"wp:term":[{"taxonomy":"product_brand","embeddable":true,"href":"https:\/\/hypogeen.nl\/en\/wp-json\/wp\/v2\/product_brand?post=1000543"},{"taxonomy":"product_cat","embeddable":true,"href":"https:\/\/hypogeen.nl\/en\/wp-json\/wp\/v2\/product_cat?post=1000543"},{"taxonomy":"product_tag","embeddable":true,"href":"https:\/\/hypogeen.nl\/en\/wp-json\/wp\/v2\/product_tag?post=1000543"}],"curies":[{"name":"wp","href":"https:\/\/api.w.org\/{rel}","templated":true}]}}