{"id":1002665,"date":"2026-01-22T16:20:58","date_gmt":"2026-01-22T16:20:58","guid":{"rendered":"https:\/\/hypogeen.nl\/?post_type=product&#038;p=1002665"},"modified":"2026-04-08T10:04:01","modified_gmt":"2026-04-08T10:04:01","slug":"hypogeen-kalknagelbundel","status":"publish","type":"product","link":"https:\/\/hypogeen.nl\/en\/hypogeen-kalknagelbundel\/","title":{"rendered":"Complete kalknagelbundel voor thuisbehandeling"},"content":{"rendered":"\t\t<div data-elementor-type=\"wp-post\" data-elementor-id=\"1002665\" class=\"elementor elementor-1002665\">\n\t\t\t\t<div class=\"wd-negative-gap elementor-element elementor-element-e26a075 e-flex e-con-boxed e-con e-parent\" data-id=\"e26a075\" data-element_type=\"container\" data-e-type=\"container\">\n\t\t\t\t\t<div class=\"e-con-inner\">\n\t\t<div class=\"elementor-element elementor-element-4d844c6 e-con-full e-flex e-con e-child\" data-id=\"4d844c6\" data-element_type=\"container\" data-e-type=\"container\">\n\t\t\t\t<div class=\"elementor-element elementor-element-d3150ef color-scheme-inherit text-left elementor-widget elementor-widget-text-editor\" data-id=\"d3150ef\" data-element_type=\"widget\" data-e-type=\"widget\" data-widget_type=\"text-editor.default\">\n\t\t\t\t<div class=\"elementor-widget-container\">\n\t\t\t\t\t\t\t\t\t<h3>Waarom een totaalpakket bij kalknagels essentieel is<\/h3><p>Een kalknagel aanpakken stopt niet bij alleen de nagel. Wie alleen een losse kalknagelolie, pleisters of andere middeltjes gebruikt, richt zich vaak vooral op wat zichtbaar is, terwijl de oorzaak vaak breder ligt. Schimmels bevinden zich namelijk niet alleen in of onder de nagel, maar ook op de huid van de voeten en in schoenen. Wanneer die onderdelen niet worden meegenomen in de verzorging, is de kans groot dat het probleem terugkomt zodra je stopt.<\/p><p>Deze kalknagelbundel\u00a0 is daarom ontwikkeld als complete verzorgingsroutine. Niet alleen voor de nagel, maar ook voor de huid van de voeten \u00e9n de schoenen. Zo ondersteun je de aanpak van kalknagels op meerdere plekken tegelijk en verklein je de kans op terugkeer.<\/p>\t\t\t\t\t\t\t\t<\/div>\n\t\t\t\t<\/div>\n\t\t\t\t<\/div>\n\t\t<div class=\"elementor-element elementor-element-defd5eb e-con-full e-flex e-con e-child\" data-id=\"defd5eb\" data-element_type=\"container\" data-e-type=\"container\">\n\t\t\t\t<div class=\"elementor-element elementor-element-8d870af color-scheme-inherit text-left elementor-widget elementor-widget-text-editor\" data-id=\"8d870af\" data-element_type=\"widget\" data-e-type=\"widget\" data-widget_type=\"text-editor.default\">\n\t\t\t\t<div class=\"elementor-widget-container\">\n\t\t\t\t\t\t\t\t\t<p><strong>\u2192 Natuurlijke ingredi\u00ebnten<br \/>\u2192 Pakt het probleem &amp; oorzaak aan<\/strong><br \/><strong>\u2192 Geen terugval door complete aanpak<\/strong><br \/><strong>\u2192 Zonder risico proberen<\/strong><\/p>\t\t\t\t\t\t\t\t<\/div>\n\t\t\t\t<\/div>\n\t\t\t\t<\/div>\n\t\t\t\t\t<\/div>\n\t\t\t\t<\/div>\n\t\t<div class=\"wd-negative-gap elementor-element elementor-element-f722272 e-flex e-con-boxed e-con e-parent\" data-id=\"f722272\" data-element_type=\"container\" data-e-type=\"container\">\n\t\t\t\t\t<div class=\"e-con-inner\">\n\t\t<div class=\"elementor-element elementor-element-b97f10a e-con-full e-flex e-con e-child\" data-id=\"b97f10a\" data-element_type=\"container\" data-e-type=\"container\">\n\t\t\t\t<div class=\"elementor-element elementor-element-5b13b5d color-scheme-inherit text-left elementor-widget elementor-widget-text-editor\" data-id=\"5b13b5d\" data-element_type=\"widget\" data-e-type=\"widget\" data-widget_type=\"text-editor.default\">\n\t\t\t\t<div class=\"elementor-widget-container\">\n\t\t\t\t\t\t\t\t\t<h3>Waarom dit voor jou w\u00e9l gaat werken?<\/h3><p>Simpel: omdat we niet alleen die ene nagel verzorgen, maar helpen om het hele probleem aan te pakken, van nagel tot huid en schoenen. Wij doet dit al ruim 35 jaar en zijn niet voor niets een favoriet merk onder pedicures. Met deze bundel haal je professionele voetverzorging gewoon in huis. Tienduizenden mensen gingen je al voor, dus waarom zou het voor jou niet werken? En werkt het toch niet zoals verwacht, dan loop je geen risico dankzij onze 90 dagen niet goed, geld terug garantie.<\/p>\t\t\t\t\t\t\t\t<\/div>\n\t\t\t\t<\/div>\n\t\t\t\t<\/div>\n\t\t<div class=\"elementor-element elementor-element-3089f15 e-con-full e-flex e-con e-child\" data-id=\"3089f15\" data-element_type=\"container\" data-e-type=\"container\">\n\t\t\t\t<div class=\"elementor-element elementor-element-582b858 elementor-widget elementor-widget-video\" data-id=\"582b858\" data-element_type=\"widget\" data-e-type=\"widget\" data-settings=\"{&quot;video_type&quot;:&quot;hosted&quot;,&quot;autoplay&quot;:&quot;yes&quot;,&quot;play_on_mobile&quot;:&quot;yes&quot;,&quot;mute&quot;:&quot;yes&quot;,&quot;loop&quot;:&quot;yes&quot;}\" data-widget_type=\"video.default\">\n\t\t\t\t<div class=\"elementor-widget-container\">\n\t\t\t\t\t\t\t<div class=\"e-hosted-video elementor-wrapper elementor-open-inline\">\n\t\t\t\t\t<video class=\"elementor-video\" src=\"https:\/\/hypogeen.nl\/wp-content\/uploads\/2026\/01\/Ontwerp-zonder-titel-1.mp4\" autoplay=\"\" loop=\"\" muted=\"muted\" playsinline=\"\" controlsList=\"nodownload\"><\/video>\n\t\t\t\t<\/div>\n\t\t\t\t\t\t<\/div>\n\t\t\t\t<\/div>\n\t\t\t\t<\/div>\n\t\t\t\t\t<\/div>\n\t\t\t\t<\/div>\n\t\t<div class=\"wd-negative-gap elementor-element elementor-element-596a256 e-flex e-con-boxed e-con e-parent\" data-id=\"596a256\" data-element_type=\"container\" data-e-type=\"container\">\n\t\t\t\t\t<div class=\"e-con-inner\">\n\t\t<div class=\"elementor-element elementor-element-24f4e25 e-con-full e-flex e-con e-child\" data-id=\"24f4e25\" data-element_type=\"container\" data-e-type=\"container\">\n\t\t\t\t<div class=\"elementor-element elementor-element-47338ab color-scheme-inherit text-left elementor-widget elementor-widget-text-editor\" data-id=\"47338ab\" data-element_type=\"widget\" data-e-type=\"widget\" data-widget_type=\"text-editor.default\">\n\t\t\t\t<div class=\"elementor-widget-container\">\n\t\t\t\t\t\t\t\t\t<h3>Hoe gebruik je deze kalknagelbundel?<\/h3><p>Je begint de routine met het kort vijlen van de nagel met de gratis meegeleverde vijl. Daarna is het kalknagelpakket opgebouwd als een duidelijke en eenvoudig vol te houden routine, zodat je zonder gedoe dagelijks werkt aan de verzorging van je nagels, voeten en schoenen.<\/p><ol><li>Twee keer per week gebruik je de voetscrub om dode huidcellen te verwijderen en de nagelriemen te verzorgen.<\/li><li>Dagelijks breng je \u2019s ochtends en \u2019s avonds de kalknagelolie aan op de nagel en de omliggende huid.<\/li><li>E\u00e9n keer per dag gebruik je de voetspray en de voet- en beencr\u00e8me, bij voorkeur na het douchen of voor het slapen.<\/li><li>Twee tot drie keer per week behandel je je schoenen met de schoen deospray.<\/li><\/ol><p>Door deze stappen te combineren ontstaat \u00e9\u00e9n consequente verzorgingsroutine voor nagels, huid \u00e9n schoenen, waarmee je de aanpak van kalknagels op meerdere fronten tegelijk ondersteunt.<\/p>\t\t\t\t\t\t\t\t<\/div>\n\t\t\t\t<\/div>\n\t\t\t\t<\/div>\n\t\t<div class=\"elementor-element elementor-element-9496271 e-con-full e-flex e-con e-child\" data-id=\"9496271\" data-element_type=\"container\" data-e-type=\"container\">\n\t\t\t\t<div class=\"elementor-element elementor-element-7d97bd6 elementor-widget elementor-widget-wd_image_or_svg\" data-id=\"7d97bd6\" data-element_type=\"widget\" data-e-type=\"widget\" data-widget_type=\"wd_image_or_svg.default\">\n\t\t\t\t<div class=\"elementor-widget-container\">\n\t\t\t\t\t\n\t\t<div class=\"wd-image text-left\">\n\t\t\t\t\t\t\t\t<img loading=\"lazy\" decoding=\"async\" width=\"1000\" height=\"1000\" src=\"https:\/\/hypogeen.nl\/wp-content\/uploads\/2026\/01\/Nagel-kort-vijlen-1x-aan-het-begin.png\" class=\"attachment-full size-full\" alt=\"\" srcset=\"https:\/\/hypogeen.nl\/wp-content\/uploads\/2026\/01\/Nagel-kort-vijlen-1x-aan-het-begin.png 1000w, https:\/\/hypogeen.nl\/wp-content\/uploads\/2026\/01\/Nagel-kort-vijlen-1x-aan-het-begin-430x430.png 430w, https:\/\/hypogeen.nl\/wp-content\/uploads\/2026\/01\/Nagel-kort-vijlen-1x-aan-het-begin-10x10.png 10w, https:\/\/hypogeen.nl\/wp-content\/uploads\/2026\/01\/Nagel-kort-vijlen-1x-aan-het-begin-700x700.png 700w, https:\/\/hypogeen.nl\/wp-content\/uploads\/2026\/01\/Nagel-kort-vijlen-1x-aan-het-begin-300x300.png 300w, https:\/\/hypogeen.nl\/wp-content\/uploads\/2026\/01\/Nagel-kort-vijlen-1x-aan-het-begin-800x800.png 800w, https:\/\/hypogeen.nl\/wp-content\/uploads\/2026\/01\/Nagel-kort-vijlen-1x-aan-het-begin-150x150.png 150w, https:\/\/hypogeen.nl\/wp-content\/uploads\/2026\/01\/Nagel-kort-vijlen-1x-aan-het-begin-768x768.png 768w, https:\/\/hypogeen.nl\/wp-content\/uploads\/2026\/01\/Nagel-kort-vijlen-1x-aan-het-begin-12x12.png 12w\" sizes=\"auto, (max-width: 1000px) 100vw, 1000px\" \/>\t\t\t\t\t<\/div>\n\n\t\t\t\t\t\t<\/div>\n\t\t\t\t<\/div>\n\t\t\t\t<\/div>\n\t\t\t\t\t<\/div>\n\t\t\t\t<\/div>\n\t\t<div class=\"wd-negative-gap elementor-element elementor-element-ec6a639 e-flex e-con-boxed e-con e-parent\" data-id=\"ec6a639\" data-element_type=\"container\" data-e-type=\"container\">\n\t\t\t\t\t<div class=\"e-con-inner\">\n\t\t<div class=\"elementor-element elementor-element-1dc0898 e-con-full e-flex e-con e-child\" data-id=\"1dc0898\" data-element_type=\"container\" data-e-type=\"container\">\n\t\t\t\t<div class=\"elementor-element elementor-element-7ee102d color-scheme-inherit text-left elementor-widget elementor-widget-text-editor\" data-id=\"7ee102d\" data-element_type=\"widget\" data-e-type=\"widget\" data-widget_type=\"text-editor.default\">\n\t\t\t\t<div class=\"elementor-widget-container\">\n\t\t\t\t\t\t\t\t\t<h3 data-start=\"1444\" data-end=\"1482\">90 dagen niet goed, geld terug<\/h3><p data-start=\"1323\" data-end=\"1573\">Wij geloven in de kracht van een consequente en complete verzorgingsroutine. Daarom mag je dit kalknagelpakket <strong data-start=\"1434\" data-end=\"1472\">90 dagen zonder risico uitproberen<\/strong>. Gebruik alle producten volgens het schema en maak v\u00f3\u00f3r de start een duidelijke foto van de nagel. Zie je na 90 dagen geen zichtbare verbetering in de nieuwe nageluitgroei? Dan kun je het pakket aan ons retourneren en ontvang je het volledige aankoopbedrag terug.<\/p><div class=\"flex flex-col text-sm pb-25\"><article class=\"text-token-text-primary w-full focus:outline-none [--shadow-height:45px] has-data-writing-block:pointer-events-none has-data-writing-block:-mt-(--shadow-height) has-data-writing-block:pt-(--shadow-height) [&amp;:has([data-writing-block])&gt;*]:pointer-events-auto scroll-mt-[calc(var(--header-height)+min(200px,max(70px,20svh)))]\" dir=\"auto\" tabindex=\"-1\" data-turn-id=\"request-698337b7-375c-8395-899d-02fca45cbf21-15\" data-testid=\"conversation-turn-48\" data-scroll-anchor=\"true\" data-turn=\"assistant\"><div class=\"text-base my-auto mx-auto pb-10 [--thread-content-margin:--spacing(4)] @w-sm\/main:[--thread-content-margin:--spacing(6)] @w-lg\/main:[--thread-content-margin:--spacing(16)] px-(--thread-content-margin)\"><div class=\"[--thread-content-max-width:40rem] @w-lg\/main:[--thread-content-max-width:48rem] mx-auto max-w-(--thread-content-max-width) flex-1 group\/turn-messages focus-visible:outline-hidden relative flex w-full min-w-0 flex-col agent-turn\" tabindex=\"-1\"><div class=\"flex max-w-full flex-col grow\"><div class=\"min-h-8 text-message relative flex w-full flex-col items-end gap-2 text-start break-words whitespace-normal [.text-message+&amp;]:mt-1\" dir=\"auto\" data-message-author-role=\"assistant\" data-message-id=\"9229358f-6fed-48db-afa6-2292aee87add\" data-message-model-slug=\"gpt-5-2\"><div class=\"flex w-full flex-col gap-1 empty:hidden first:pt-[1px]\"><div class=\"markdown prose dark:prose-invert w-full wrap-break-word light markdown-new-styling\"><h3 data-start=\"0\" data-end=\"17\">Begin op tijd<\/h3><p data-start=\"140\" data-end=\"424\">Is jouw kalknagel na 90 dagen helemaal weg? Nee helaas, dat kan niet. Een nagel groeit gemiddeld maar 1 tot 2 mm per maand. Een aangetaste nagel wordt niet meer mooi, maar groeit geleidelijk uit. Binnen 90 dagen zie je echter wel duidelijk dat de nieuwe nagel die groeit gezond is. Juist daarom is het belangrijk om de nieuwe nagel die teruggroeit zo vroeg mogelijk goed te verzorgen. Door op tijd te starten met deze routine ondersteun je de conditie van de nieuwe nagel, zodat je zo snel mogelijk zonder enige schaamte weer op je blote voeten kunt lopen!<\/p><\/div><\/div><\/div><\/div><\/div><\/div><\/article><\/div>\t\t\t\t\t\t\t\t<\/div>\n\t\t\t\t<\/div>\n\t\t\t\t<\/div>\n\t\t<div class=\"elementor-element elementor-element-c35beb3 e-con-full e-flex e-con e-child\" data-id=\"c35beb3\" data-element_type=\"container\" data-e-type=\"container\">\n\t\t\t\t<div class=\"elementor-element elementor-element-5f6676b elementor-widget elementor-widget-wd_image_or_svg\" data-id=\"5f6676b\" data-element_type=\"widget\" data-e-type=\"widget\" data-widget_type=\"wd_image_or_svg.default\">\n\t\t\t\t<div class=\"elementor-widget-container\">\n\t\t\t\t\t\n\t\t<div class=\"wd-image text-left\">\n\t\t\t\t\t\t\t\t<img loading=\"lazy\" decoding=\"async\" width=\"1000\" height=\"1000\" src=\"https:\/\/hypogeen.nl\/wp-content\/uploads\/2023\/09\/Ontwerp-zonder-titel-85.png\" class=\"attachment-full size-full\" alt=\"\" srcset=\"https:\/\/hypogeen.nl\/wp-content\/uploads\/2023\/09\/Ontwerp-zonder-titel-85.png 1000w, https:\/\/hypogeen.nl\/wp-content\/uploads\/2023\/09\/Ontwerp-zonder-titel-85-430x430.png 430w, https:\/\/hypogeen.nl\/wp-content\/uploads\/2023\/09\/Ontwerp-zonder-titel-85-10x10.png 10w, https:\/\/hypogeen.nl\/wp-content\/uploads\/2023\/09\/Ontwerp-zonder-titel-85-700x700.png 700w, https:\/\/hypogeen.nl\/wp-content\/uploads\/2023\/09\/Ontwerp-zonder-titel-85-300x300.png 300w, https:\/\/hypogeen.nl\/wp-content\/uploads\/2023\/09\/Ontwerp-zonder-titel-85-800x800.png 800w, https:\/\/hypogeen.nl\/wp-content\/uploads\/2023\/09\/Ontwerp-zonder-titel-85-150x150.png 150w, https:\/\/hypogeen.nl\/wp-content\/uploads\/2023\/09\/Ontwerp-zonder-titel-85-768x768.png 768w, https:\/\/hypogeen.nl\/wp-content\/uploads\/2023\/09\/Ontwerp-zonder-titel-85-12x12.png 12w\" sizes=\"auto, (max-width: 1000px) 100vw, 1000px\" \/>\t\t\t\t\t<\/div>\n\n\t\t\t\t\t\t<\/div>\n\t\t\t\t<\/div>\n\t\t\t\t<\/div>\n\t\t\t\t\t<\/div>\n\t\t\t\t<\/div>\n\t\t\t\t<\/div>\n\t\t","protected":false},"excerpt":{"rendered":"<ul style=\"list-style: none; margin: 0; padding: 0;\">\n<li>\u2714 Ondersteunt bij de aanpak van schimmels<br data-start=\"678\" data-end=\"681\" \/>\u2714 Helpt herbesmetting via schoenen en voeten te voorkomen<br data-start=\"710\" data-end=\"713\" \/>\u2714 Alles wat je nodig hebt in \u00e9\u00e9n dagelijks stappenplan<br data-start=\"744\" data-end=\"747\" \/>\u2714 90 dagen niet goed = geld terug<\/li>\n<li><\/li>\n<li>Kalknagels verdwijnen niet met \u00e9\u00e9n product. Daarom ondersteunt dit pakket de verzorging van de nagel, de huid \u00e9n je schoenen in \u00e9\u00e9n complete routine<\/li>\n<\/ul>\n<ul style=\"list-style: none; margin: 0; padding: 0;\">\n<li><\/li>\n<li><strong data-start=\"4118\" data-end=\"4135\">In dit pakket:<\/strong><br \/>\nKalknagelolie \u2022 Voetspray \u2022 Schoen Deospray \u2022 Voet &amp; beencr\u00e8me \u2022 Voetscrub \u2022 Nagelvijl<\/li>\n<\/ul>","protected":false},"featured_media":1002690,"comment_status":"open","ping_status":"closed","template":"elementor_theme","meta":{"_acf_changed":false},"product_brand":[],"product_cat":[357,40],"product_tag":[],"class_list":{"0":"post-1002665","1":"product","2":"type-product","3":"status-publish","4":"has-post-thumbnail","6":"product_cat-kalknagels","7":"product_cat-voetverzorging","9":"first","10":"instock","11":"sale","12":"taxable","13":"shipping-taxable","14":"purchasable","15":"product-type-simple"},"acf":{"bolcom_producttekst":"","hoe_te_gebruiken":"","Ingredienten":"","voordelen":""},"_links":{"self":[{"href":"https:\/\/hypogeen.nl\/en\/wp-json\/wp\/v2\/product\/1002665","targetHints":{"allow":["GET"]}}],"collection":[{"href":"https:\/\/hypogeen.nl\/en\/wp-json\/wp\/v2\/product"}],"about":[{"href":"https:\/\/hypogeen.nl\/en\/wp-json\/wp\/v2\/types\/product"}],"replies":[{"embeddable":true,"href":"https:\/\/hypogeen.nl\/en\/wp-json\/wp\/v2\/comments?post=1002665"}],"version-history":[{"count":7,"href":"https:\/\/hypogeen.nl\/en\/wp-json\/wp\/v2\/product\/1002665\/revisions"}],"predecessor-version":[{"id":1003638,"href":"https:\/\/hypogeen.nl\/en\/wp-json\/wp\/v2\/product\/1002665\/revisions\/1003638"}],"wp:featuredmedia":[{"embeddable":true,"href":"https:\/\/hypogeen.nl\/en\/wp-json\/wp\/v2\/media\/1002690"}],"wp:attachment":[{"href":"https:\/\/hypogeen.nl\/en\/wp-json\/wp\/v2\/media?parent=1002665"}],"wp:term":[{"taxonomy":"product_brand","embeddable":true,"href":"https:\/\/hypogeen.nl\/en\/wp-json\/wp\/v2\/product_brand?post=1002665"},{"taxonomy":"product_cat","embeddable":true,"href":"https:\/\/hypogeen.nl\/en\/wp-json\/wp\/v2\/product_cat?post=1002665"},{"taxonomy":"product_tag","embeddable":true,"href":"https:\/\/hypogeen.nl\/en\/wp-json\/wp\/v2\/product_tag?post=1002665"}],"curies":[{"name":"wp","href":"https:\/\/api.w.org\/{rel}","templated":true}]}}