{"id":994072,"date":"2024-09-25T12:29:49","date_gmt":"2024-09-25T12:29:49","guid":{"rendered":"https:\/\/hypogeen.nl\/?post_type=product&#038;p=994072"},"modified":"2026-03-30T15:13:14","modified_gmt":"2026-03-30T15:13:14","slug":"hypogeen-hand-cream-pump-bottle-300ml-ov","status":"publish","type":"product","link":"https:\/\/hypogeen.nl\/en\/hypogeen-hand-cream-pump-bottle-300ml-ov\/","title":{"rendered":"Hypogeen Hand Cream Pump Bottle 300ml (OV)"},"content":{"rendered":"<div data-elementor-type=\"wp-post\" data-elementor-id=\"994072\" class=\"elementor elementor-994072\">\n\t\t\t\t<div class=\"wd-negative-gap elementor-element elementor-element-b13f7dc e-flex e-con-boxed e-con e-parent\" data-id=\"b13f7dc\" data-element_type=\"container\" data-e-type=\"container\">\n\t\t\t\t\t<div class=\"e-con-inner\">\n\t\t<div class=\"elementor-element elementor-element-af6b0d1 e-con-full e-flex e-con e-child\" data-id=\"af6b0d1\" data-element_type=\"container\" data-e-type=\"container\">\n\t\t\t\t<div class=\"elementor-element elementor-element-5a7c9a8 color-scheme-inherit text-left elementor-widget elementor-widget-text-editor\" data-id=\"5a7c9a8\" data-element_type=\"widget\" data-e-type=\"widget\" data-widget_type=\"text-editor.default\">\n\t\t\t\t<div class=\"elementor-widget-container\">\n\t\t\t\t\t\t\t\t\t<h2>Hypoallergene Handcr\u00e8me voor droge en gevoelige handen<\/h2><p>De Hypogeen Handcr\u00e8me de oude versie van de Hypogeen Handcr\u00e8me. De handcr\u00e8me is speciaal ontwikkeld voor de verzorging van extreem droge en gevoelige handen. Deze hypoallergene handcr\u00e8me is vrij van parfum en kleurstoffen, waardoor het ideaal is voor dagelijks gebruik bij een droge huid. Verrijkt met urea en glycerine, biedt deze natuurlijke handcr\u00e8me intensieve hydratatie en vermindert schilferigheid, terwijl de papaja-extracten en vitamine E het huidherstel bevorderen. De formule helpt de natuurlijke vochtbalans van de huid te herstellen, wat resulteert in zachte, goed verzorgde handen.<\/p><h2>Intensieve verzorging voor droge en schilferige handen<\/h2><p>Deze handcr\u00e8me zonder parfum en alcohol biedt niet alleen diepe hydratatie maar werkt ook verzachtend voor schilferige handen. Het glycerine in de formule zorgt voor langdurige verzorging en helpt bij het herstellen van de vochtbalans van de huid, terwijl de papaja-extracten de regeneratie van de huid ondersteunen. De hypoallergene handcr\u00e8me beschermt de huid tegen externe invloeden en biedt de ideale verzorging voor dagelijks gebruik, vooral voor mensen met een droge, gevoelige huid.<\/p>\t\t\t\t\t\t\t\t<\/div>\n\t\t\t\t<\/div>\n\t\t\t\t<\/div>\n\t\t<div class=\"elementor-element elementor-element-9f30c0d e-con-full e-flex e-con e-child\" data-id=\"9f30c0d\" data-element_type=\"container\" data-e-type=\"container\">\n\t\t\t\t<div class=\"elementor-element elementor-element-5d301f3 elementor-widget elementor-widget-wd_text_block\" data-id=\"5d301f3\" data-element_type=\"widget\" data-e-type=\"widget\" data-widget_type=\"wd_text_block.default\">\n\t\t\t\t<div class=\"elementor-widget-container\">\n\t\t\t\t\t\t\t<div class=\"wd-text-block reset-last-child text-left\">\n\t\t\t\n\t\t\t<h2>Voordelen van de Hypogeen Handcr\u00e8me<\/h2><ul><li>Specially developed for (extremely) dry and sensitive hands<\/li><li>Helpt schilferigheid en droge handen te verminderen<\/li><li>Intensively nourishing and soothing effect<\/li><li>Hypoallergenic and suitable for sensitive skin<\/li><li>Free from petroleum jelly and paraffin oil<\/li><li>Contains no fragrance or colorants<\/li><li>Supports skin recovery with papaya extract<\/li><li>Promotes the natural moisture balance<\/li><\/ul>\n\t\t\t\t\t<\/div>\n\t\t\t\t\t\t<\/div>\n\t\t\t\t<\/div>\n\t\t\t\t<\/div>\n\t\t\t\t\t<\/div>\n\t\t\t\t<\/div>\n\t\t\t\t<\/div>","protected":false},"excerpt":{"rendered":"<p>The Hypogeen Hand Cream in a 300ml pump bottle offers intensive nourishment and care for extremely dry, rough, and very sensitive hands. Enriched with ingredients such as glycerin, urea, and papaya extract, the cream provides optimal hydration and skin restoration, leaving your hands soft and supple.<\/p>","protected":false},"featured_media":994097,"comment_status":"open","ping_status":"closed","template":"elementor_theme","meta":{"_acf_changed":false},"product_brand":[373],"product_cat":[353,47],"product_tag":[],"class_list":{"0":"post-994072","1":"product","2":"type-product","3":"status-publish","4":"has-post-thumbnail","6":"product_brand-hypogeen","7":"product_cat-handcremes","8":"product_cat-handverzorging","10":"first","11":"outofstock","12":"taxable","13":"shipping-taxable","14":"purchasable","15":"product-type-simple"},"acf":{"bolcom_producttekst":"De Hypogeen Handcr\u00e8me in een royale 300 ml pompflacon biedt intensieve verzorging voor extreem droge en gevoelige handen. Deze hypoallergene formule, vrij van parfum en kleurstoffen, is perfect voor dagelijks gebruik en helpt de huid te beschermen tegen externe invloeden. Dankzij de toevoeging van urea en glycerine hydrateert de cr\u00e8me de huid diep en vermindert schilferigheid. De aanwezigheid van papaja-extract en vitamine E ondersteunt de regeneratie van de huid, terwijl de cr\u00e8me de natuurlijke vochtbalans herstelt, wat resulteert in zijdezachte handen.\r\n\r\n<strong>Voordelen<\/strong>\r\n<ul>\r\n \t<li>Speciaal ontwikkeld voor (extreem) droge en gevoelige handen<\/li>\r\n \t<li>Helpt schilferige en droge handen te verminderen<\/li>\r\n \t<li>Intensief voedende en verzachtende werking<\/li>\r\n \t<li>Hypoallergeen<\/li>\r\n \t<li>Vrij van vaseline en paraffineolie<\/li>\r\n \t<li>Bevat geen parfum en kleurstoffen<\/li>\r\n \t<li>Ondersteunt het herstel van de huid met papaja-extract<\/li>\r\n \t<li>Bevordert de natuurlijke vochtbalans<\/li>\r\n<\/ul>\r\n&nbsp;\r\n\r\n<strong>Gebruiksadvies<\/strong>\r\nNeem een kleine hoeveelheid Hypogeen Handcr\u00e8me en masseer deze grondig in de handen. Gebruik de cr\u00e8me naar wens meerdere keren per dag. Wij adviseren om deze handcr\u00e8me dagelijks preventief te gebruiken om droge of overgevoelige handen te voorkomen.\r\n\r\n<strong>Ingredi\u00ebnten<\/strong>\r\nIngredi\u00ebnts (INCI): Aqua; Glycerin; Urea; Caprylic\/Capric Triglyceride; Cetearyl Alcohol; Glyceryl Stearate; PEG-100 Stearate; Decyl Oleate; Oleyl Erucate; Phenoxyethanol; Tocopheryl Acetate; Caprylyl Glycol; Sodium Cetearyl Sulfate; Carica Papaya Fruit Extract; Tocopherol; Hydrogenated Palm Glycerides Citrate; Ethylhexylglycerin; Potassium Sorbate; Sorbic Acid; Sodium Hydroxide; Lactic Acid\r\n\r\n<strong>Over Hypogeen<\/strong>\r\nHypogeen is een hypoallergene huidverzorgingslijn gericht op de overgevoelige huid. Onze producten helpen tegen uitdroging, huidirritatie en geven de huid de rust die het nodig heeft. Met een hoog gehalte aan huideigen en huidverwante ingredi\u00ebnten zoals urea en vitamine E, zorgt Hypogeen ervoor dat uw huid gezond en stralend blijft.","hoe_te_gebruiken":"Neem een kleine hoeveelheid Hypogeen Handcr\u00e8me en masseer deze grondig in de handen. Gebruik de cr\u00e8me naar wens meerdere keren per dag. Ons advies is om deze handcr\u00e8me dagelijks preventief te gebruiken om droge of overgevoelige handen te voorkomen.","Ingredienten":"Ingredi\u00ebnts (INCI): Aqua, Glycerin; Urea; Caprylic\/ Capric Triglyceride; Cetearyl Alochol; Glyceryl Stearate; PEG-100 Stearate; Decyl Oleate; Oleyl Erucate; Phenoxyethanol; Tocopheryl Acetate; Caprylyl Glycol; Sodium Cetearyl Sulfate; Carica Papaya Fruit Extract; Tocopherol; Hydrognated Palm Glycerides Citrate; Ethylhexylglycerin; Potassium Sorbate; Sorbic Acid; Sodium Hydroxide; Lactic Acid ","voordelen":"<ul>\r\n \t<li>Speciaal ontwikkeld voor (extreem) droge en gevoelige handen<\/li>\r\n \t<li>Helpt schilferige en droge handen te verminderen<\/li>\r\n \t<li>Intensief voedende en verzachtende werking<\/li>\r\n \t<li>Hypoallergeen<\/li>\r\n \t<li>Vrij van vaseline en paraffineolie<\/li>\r\n \t<li>Bevat geen parfum en kleurstoffen<\/li>\r\n \t<li>Ondersteunt het herstel van de huid met papaja-extract<\/li>\r\n \t<li>Bevordert de natuurlijke vochtbalans<\/li>\r\n<\/ul>"},"_links":{"self":[{"href":"https:\/\/hypogeen.nl\/en\/wp-json\/wp\/v2\/product\/994072","targetHints":{"allow":["GET"]}}],"collection":[{"href":"https:\/\/hypogeen.nl\/en\/wp-json\/wp\/v2\/product"}],"about":[{"href":"https:\/\/hypogeen.nl\/en\/wp-json\/wp\/v2\/types\/product"}],"replies":[{"embeddable":true,"href":"https:\/\/hypogeen.nl\/en\/wp-json\/wp\/v2\/comments?post=994072"}],"version-history":[{"count":1,"href":"https:\/\/hypogeen.nl\/en\/wp-json\/wp\/v2\/product\/994072\/revisions"}],"predecessor-version":[{"id":1003805,"href":"https:\/\/hypogeen.nl\/en\/wp-json\/wp\/v2\/product\/994072\/revisions\/1003805"}],"wp:featuredmedia":[{"embeddable":true,"href":"https:\/\/hypogeen.nl\/en\/wp-json\/wp\/v2\/media\/994097"}],"wp:attachment":[{"href":"https:\/\/hypogeen.nl\/en\/wp-json\/wp\/v2\/media?parent=994072"}],"wp:term":[{"taxonomy":"product_brand","embeddable":true,"href":"https:\/\/hypogeen.nl\/en\/wp-json\/wp\/v2\/product_brand?post=994072"},{"taxonomy":"product_cat","embeddable":true,"href":"https:\/\/hypogeen.nl\/en\/wp-json\/wp\/v2\/product_cat?post=994072"},{"taxonomy":"product_tag","embeddable":true,"href":"https:\/\/hypogeen.nl\/en\/wp-json\/wp\/v2\/product_tag?post=994072"}],"curies":[{"name":"wp","href":"https:\/\/api.w.org\/{rel}","templated":true}]}}