{"id":995043,"date":"2024-10-29T07:58:50","date_gmt":"2024-10-29T07:58:50","guid":{"rendered":"https:\/\/hypogeen.nl\/?page_id=995043"},"modified":"2025-10-01T11:42:28","modified_gmt":"2025-10-01T11:42:28","slug":"prueba-de-piel","status":"publish","type":"page","link":"https:\/\/hypogeen.nl\/es\/sobre-la-piel\/prueba-de-piel\/","title":{"rendered":"Prueba de piel"},"content":{"rendered":"<div data-elementor-type=\"wp-page\" data-elementor-id=\"995043\" class=\"elementor elementor-995043\">\n\t\t\t\t<div class=\"elementor-element elementor-element-954e2ee e-con-full wd-section-stretch e-flex e-con e-parent\" data-id=\"954e2ee\" data-element_type=\"container\" data-e-type=\"container\" data-settings=\"{&quot;background_background&quot;:&quot;classic&quot;,&quot;shape_divider_bottom&quot;:&quot;wd_curved_line&quot;}\">\n\t\t\t\t<div class=\"elementor-shape elementor-shape-bottom\" aria-hidden=\"true\" data-negative=\"false\">\n\t\t\t<svg xmlns=\"http:\/\/www.w3.org\/2000\/svg\" class=\"wd-divider\" xmlns:xlink=\"http:\/\/www.w3.org\/1999\/xlink\" x=\"0px\" y=\"0px\"\n\t viewbox=\"0 0 100 100\" width=\"100%\" height=\"50px\" preserveaspectratio=\"none\">\n<path class=\"elementor-shape-fill\" display=\"none\" d=\"M100,25.8V100H0V52.5c-4.9-6.8-9.5-13.8-15-19.7V101h125V20.9C106.3,22,103,23.7,100,25.8z\"\/>\n<path class=\"elementor-shape-fill\" d=\"M0,0v99c22-20.6,28.7-69.7,61.4-69.7c18.8,0,29.1,16.2,38.6,34V0L0,0z\"\/>\n<\/svg>\n\t\t<\/div>\n\t\t\t\t<div class=\"elementor-element elementor-element-e195708 elementor-widget elementor-widget-heading\" data-id=\"e195708\" data-element_type=\"widget\" data-e-type=\"widget\" data-widget_type=\"heading.default\">\n\t\t\t\t<div class=\"elementor-widget-container\">\n\t\t\t\t\t<h1 class=\"elementor-heading-title elementor-size-default\">Prueba de piel<\/h1>\t\t\t\t<\/div>\n\t\t\t\t<\/div>\n\t\t\t\t<\/div>\n\t\t<div class=\"wd-negative-gap elementor-element elementor-element-8c2d076 e-flex e-con-boxed e-con e-parent\" data-id=\"8c2d076\" data-element_type=\"container\" data-e-type=\"container\">\n\t\t\t\t\t<div class=\"e-con-inner\">\n\t\t\t\t<div class=\"elementor-element elementor-element-be42391 elementor-widget elementor-widget-wd_text_block\" data-id=\"be42391\" data-element_type=\"widget\" data-e-type=\"widget\" data-widget_type=\"wd_text_block.default\">\n\t\t\t\t<div class=\"elementor-widget-container\">\n\t\t\t\t\t\t\t<div class=\"wd-text-block reset-last-child text-left\">\n\t\t\t\n\t\t\t<p>Tu piel cuenta una historia sobre qui\u00e9n eres y c\u00f3mo te sientes. Pero, \u00bfrealmente sabes lo que tu piel necesita? Muchas personas utilizan productos que no se adaptan a su tipo de piel \u00fanico, lo que puede impedirles obtener los mejores resultados. Nuestra prueba de tipo de piel te brinda la oportunidad de obtener m\u00e1s informaci\u00f3n sobre tu piel y el cuidado espec\u00edfico que merece. Descubre las necesidades de tu piel y comienza una rutina efectiva que la proteja y la haga brillar.<\/p>\n\t\t\t\t\t<\/div>\n\t\t\t\t\t\t<\/div>\n\t\t\t\t<\/div>\n\t\t\t\t<div class=\"elementor-element elementor-element-2ed0526 elementor-widget elementor-widget-wd_text_block\" data-id=\"2ed0526\" data-element_type=\"widget\" data-e-type=\"widget\" data-widget_type=\"wd_text_block.default\">\n\t\t\t\t<div class=\"elementor-widget-container\">\n\t\t\t\t\t\t\t<div class=\"wd-text-block reset-last-child text-left color-alt\">\n\t\t\t\n\t\t\t<div class=\"wd-negative-gap elementor-element elementor-element-99e3501 e-flex e-con-boxed e-con e-parent e-lazyloaded\" data-id=\"99e3501\" data-element_type=\"container\"><div class=\"e-con-inner\"><div class=\"elementor-element elementor-element-e7bf6f9 e-con-full e-flex e-con e-child\" data-id=\"e7bf6f9\" data-element_type=\"container\" data-settings=\"{&quot;background_background&quot;:&quot;classic&quot;}\"><div class=\"elementor-element elementor-element-0cb030e color-scheme-inherit text-left elementor-widget elementor-widget-text-editor\" data-id=\"0cb030e\" data-element_type=\"widget\" data-widget_type=\"text-editor.default\"><div class=\"elementor-widget-container\"><p><em>\u00a1Dale a tu piel el amor que se merece!<\/em><\/p><\/div><\/div><\/div><\/div><\/div><div class=\"wd-negative-gap elementor-element elementor-element-0145233 e-flex e-con-boxed e-con e-parent e-lazyloaded\" data-id=\"0145233\" data-element_type=\"container\"><div class=\"e-con-inner\"><div class=\"elementor-element elementor-element-cc07574 elementor-widget elementor-widget-spacer\" data-id=\"cc07574\" data-element_type=\"widget\" data-widget_type=\"spacer.default\"><div class=\"elementor-widget-container\"><div class=\"elementor-spacer\">\u00a0<\/div><\/div><\/div><\/div><\/div>\n\t\t\t\t\t<\/div>\n\t\t\t\t\t\t<\/div>\n\t\t\t\t<\/div>\n\t\t\t\t\t<\/div>\n\t\t\t\t<\/div>\n\t\t<div class=\"wd-negative-gap elementor-element elementor-element-0145233 e-flex e-con-boxed e-con e-parent\" data-id=\"0145233\" data-element_type=\"container\" data-e-type=\"container\">\n\t\t\t\t\t<div class=\"e-con-inner\">\n\t\t\t\t<div class=\"elementor-element elementor-element-42a3031 elementor-widget elementor-widget-shortcode\" data-id=\"42a3031\" data-element_type=\"widget\" data-e-type=\"widget\" data-widget_type=\"shortcode.default\">\n\t\t\t\t<div class=\"elementor-widget-container\">\n\t\t\t\t\t\t\t<div class=\"elementor-shortcode\"><div class=\"tve_flt\" id=\"tve_editor\">\n\t\t\t<div class=\"tqb-shortcode-wrapper\" id=\"tqb-shortcode-wrapper-995040-tqb-69d00888a4860\" data-quiz-id=\"995040\" data-unique=\"tqb-69d00888a4860\" >\n\t\t\t\t<div class=\"tqb-loading-overlay tqb-template-overlay-style-0\">\n\t\t\t\t\t<div class=\"tqb-loading-bullets\"><\/div>\n\t\t\t\t<\/div>\n\t\t\t\t<div class=\"tqb-frontend-error-message\"><\/div>\n\t\t\t\t<div class=\"tqb-shortcode-old-content\"><\/div>\n\t\t\t\t<div class=\"tqb-shortcode-new-content tqb-template-style-0\"><\/div>\n\t\t\t<\/div><\/div><\/div>\n\t\t\t\t\t\t<\/div>\n\t\t\t\t<\/div>\n\t\t\t\t<div class=\"elementor-element elementor-element-c5c5686 elementor-widget elementor-widget-spacer\" data-id=\"c5c5686\" data-element_type=\"widget\" data-e-type=\"widget\" data-widget_type=\"spacer.default\">\n\t\t\t\t<div class=\"elementor-widget-container\">\n\t\t\t\t\t\t\t<div class=\"elementor-spacer\">\n\t\t\t<div class=\"elementor-spacer-inner\"><\/div>\n\t\t<\/div>\n\t\t\t\t\t\t<\/div>\n\t\t\t\t<\/div>\n\t\t\t\t\t<\/div>\n\t\t\t\t<\/div>\n\t\t<div class=\"wd-negative-gap elementor-element elementor-element-d792018 e-flex e-con-boxed e-con e-parent\" data-id=\"d792018\" data-element_type=\"container\" data-e-type=\"container\">\n\t\t\t\t\t<div class=\"e-con-inner\">\n\t\t<div class=\"elementor-element elementor-element-913646f e-con-full e-flex e-con e-child\" data-id=\"913646f\" data-element_type=\"container\" data-e-type=\"container\">\n\t\t\t\t<div class=\"elementor-element elementor-element-b0cb51e elementor-widget elementor-widget-wd_image_or_svg\" data-id=\"b0cb51e\" data-element_type=\"widget\" data-e-type=\"widget\" data-widget_type=\"wd_image_or_svg.default\">\n\t\t\t\t<div class=\"elementor-widget-container\">\n\t\t\t\t\t\n\t\t<div class=\"wd-image text-left\">\n\t\t\t\t\t\t\t\t<img loading=\"lazy\" decoding=\"async\" width=\"2267\" height=\"2560\" src=\"https:\/\/hypogeen.nl\/wp-content\/uploads\/2024\/10\/file-9-e1730197532642-scaled.png\" class=\"attachment-full size-full\" alt=\"Prueba de tipo de piel\" srcset=\"https:\/\/hypogeen.nl\/wp-content\/uploads\/2024\/10\/file-9-e1730197532642-scaled.png 2267w, https:\/\/hypogeen.nl\/wp-content\/uploads\/2024\/10\/file-9-e1730197532642-scaled-430x486.png 430w, https:\/\/hypogeen.nl\/wp-content\/uploads\/2024\/10\/file-9-e1730197532642-scaled-10x11.png 10w, https:\/\/hypogeen.nl\/wp-content\/uploads\/2024\/10\/file-9-e1730197532642-scaled-700x790.png 700w, https:\/\/hypogeen.nl\/wp-content\/uploads\/2024\/10\/file-9-e1730197532642-64x72.png 64w, https:\/\/hypogeen.nl\/wp-content\/uploads\/2024\/10\/file-9-e1730197532642-266x300.png 266w, https:\/\/hypogeen.nl\/wp-content\/uploads\/2024\/10\/file-9-e1730197532642-907x1024.png 907w, https:\/\/hypogeen.nl\/wp-content\/uploads\/2024\/10\/file-9-e1730197532642-768x867.png 768w, https:\/\/hypogeen.nl\/wp-content\/uploads\/2024\/10\/file-9-e1730197532642-1360x1536.png 1360w, https:\/\/hypogeen.nl\/wp-content\/uploads\/2024\/10\/file-9-e1730197532642-1814x2048.png 1814w, https:\/\/hypogeen.nl\/wp-content\/uploads\/2024\/10\/file-9-e1730197532642-11x12.png 11w, https:\/\/hypogeen.nl\/wp-content\/uploads\/2024\/10\/file-9-e1730197532642-1260x1423.png 1260w\" sizes=\"auto, (max-width: 2267px) 100vw, 2267px\" \/>\t\t\t\t\t<\/div>\n\n\t\t\t\t\t\t<\/div>\n\t\t\t\t<\/div>\n\t\t\t\t<\/div>\n\t\t<div class=\"elementor-element elementor-element-1bb4d67 e-con-full e-flex e-con e-child\" data-id=\"1bb4d67\" data-element_type=\"container\" data-e-type=\"container\">\n\t\t\t\t<div class=\"elementor-element elementor-element-a12f764 elementor-widget elementor-widget-heading\" data-id=\"a12f764\" data-element_type=\"widget\" data-e-type=\"widget\" data-widget_type=\"heading.default\">\n\t\t\t\t<div class=\"elementor-widget-container\">\n\t\t\t\t\t<h2 class=\"elementor-heading-title elementor-size-default\">Por qu\u00e9 es importante conocer tu tipo de piel<\/h2>\t\t\t\t<\/div>\n\t\t\t\t<\/div>\n\t\t\t\t<div class=\"elementor-element elementor-element-80dcf94 color-scheme-inherit text-left elementor-widget elementor-widget-text-editor\" data-id=\"80dcf94\" data-element_type=\"widget\" data-e-type=\"widget\" data-widget_type=\"text-editor.default\">\n\t\t\t\t<div class=\"elementor-widget-container\">\n\t\t\t\t\t\t\t\t\t<p>Comprender tu tipo de piel es esencial para elegir los productos y rutinas de cuidado adecuados. Cada piel es \u00fanica y tiene necesidades espec\u00edficas. Al saber qu\u00e9 tipo de piel tienes, puedes elegir de manera m\u00e1s espec\u00edfica los productos que ofrecen el equilibrio correcto, ya sea en t\u00e9rminos de hidrataci\u00f3n, regulaci\u00f3n de grasa o calma de irritaciones. Esto no solo previene problemas de piel, sino que tambi\u00e9n ayuda a mantener una piel sana y radiante.\u00a0<\/p>\t\t\t\t\t\t\t\t<\/div>\n\t\t\t\t<\/div>\n\t\t\t\t<div class=\"elementor-element elementor-element-2c08364 elementor-widget elementor-widget-wd_accordion\" data-id=\"2c08364\" data-element_type=\"widget\" data-e-type=\"widget\" data-widget_type=\"wd_accordion.default\">\n\t\t\t\t<div class=\"elementor-widget-container\">\n\t\t\t\t\t\n\t\t<div class=\"wd-accordion wd-style-default wd-titles-left wd-opener-pos-left wd-opener-style-arrow\" data-state=\"first\">\n\t\t\t\t\t\t\t\n\t\t\t\t<div class=\"wd-accordion-item\">\n\t\t\t\t\t<div class=\"wd-accordion-title wd-role-btn wd-active\" data-accordion-index=\"0\" tabindex=\"0\">\n\t\t\t\t\t\t<div class=\"wd-accordion-title-text\">\n\t\t\t\t\t\t\t\t\t\t\t\t\t\t<span>\n\t\t\t\t\t\t\t\t\u00bfPor qu\u00e9 cambia mi tipo de piel a lo largo de los a\u00f1os?\t\t\t\t\t\t\t<\/span>\n\t\t\t\t\t\t<\/div>\n\t\t\t\t\t\t<span class=\"wd-accordion-opener\"><\/span>\n\t\t\t\t\t<\/div>\n\n\t\t\t\t\t<div class=\"wd-accordion-content wd-entry-content wd-active\" data-accordion-index=\"0\">\n\t\t\t\t\t\t\t\t\t\t\t\t\t\n\t\t\t\t\t\t\t<p>Las hormonas, la edad, la dieta y los factores ambientales pueden afectar tu tipo de piel. Es bueno reevaluar regularmente tu tipo de piel.<\/p>\n\t\t\t\t\t\t\t\t\t\t\t\t\t\t\t\t\t\t<\/div>\n\t\t\t\t<\/div>\n\t\t\t\t\t\t\t\n\t\t\t\t<div class=\"wd-accordion-item\">\n\t\t\t\t\t<div class=\"wd-accordion-title wd-role-btn\" data-accordion-index=\"1\" tabindex=\"0\">\n\t\t\t\t\t\t<div class=\"wd-accordion-title-text\">\n\t\t\t\t\t\t\t\t\t\t\t\t\t\t<span>\n\t\t\t\t\t\t\t\t\u00bfPuedo tener varios tipos de piel?\t\t\t\t\t\t\t<\/span>\n\t\t\t\t\t\t<\/div>\n\t\t\t\t\t\t<span class=\"wd-accordion-opener\"><\/span>\n\t\t\t\t\t<\/div>\n\n\t\t\t\t\t<div class=\"wd-accordion-content wd-entry-content\" data-accordion-index=\"1\">\n\t\t\t\t\t\t\t\t\t\t\t\t\t\n\t\t\t\t\t\t\t<p>S\u00ed, es posible experimentar caracter\u00edsticas de diferentes tipos de piel, como una zona T grasa con mejillas secas. Esto se conoce como piel mixta.<\/p>\n\t\t\t\t\t\t\t\t\t\t\t\t\t\t\t\t\t\t<\/div>\n\t\t\t\t<\/div>\n\t\t\t\t\t\t\t\n\t\t\t\t<div class=\"wd-accordion-item\">\n\t\t\t\t\t<div class=\"wd-accordion-title wd-role-btn\" data-accordion-index=\"2\" tabindex=\"0\">\n\t\t\t\t\t\t<div class=\"wd-accordion-title-text\">\n\t\t\t\t\t\t\t\t\t\t\t\t\t\t<span>\n\t\t\t\t\t\t\t\t\u00bfCon qu\u00e9 frecuencia debo ajustar mi rutina de cuidado de la piel?\t\t\t\t\t\t\t<\/span>\n\t\t\t\t\t\t<\/div>\n\t\t\t\t\t\t<span class=\"wd-accordion-opener\"><\/span>\n\t\t\t\t\t<\/div>\n\n\t\t\t\t\t<div class=\"wd-accordion-content wd-entry-content\" data-accordion-index=\"2\">\n\t\t\t\t\t\t\t\t\t\t\t\t\t\n\t\t\t\t\t\t\t<p>Es prudente revisar tu rutina a medida que tu piel cambia, por ejemplo, durante los cambios estacionales o despu\u00e9s de grandes cambios en la vida, como el embarazo o el envejecimiento.<\/p>\n\t\t\t\t\t\t\t\t\t\t\t\t\t\t\t\t\t\t<\/div>\n\t\t\t\t<\/div>\n\t\t\t\t\t\t\t\n\t\t\t\t<div class=\"wd-accordion-item\">\n\t\t\t\t\t<div class=\"wd-accordion-title wd-role-btn\" data-accordion-index=\"3\" tabindex=\"0\">\n\t\t\t\t\t\t<div class=\"wd-accordion-title-text\">\n\t\t\t\t\t\t\t\t\t\t\t\t\t\t<span>\n\t\t\t\t\t\t\t\t\u00bfEs importante usar productos para mi tipo de piel?\t\t\t\t\t\t\t<\/span>\n\t\t\t\t\t\t<\/div>\n\t\t\t\t\t\t<span class=\"wd-accordion-opener\"><\/span>\n\t\t\t\t\t<\/div>\n\n\t\t\t\t\t<div class=\"wd-accordion-content wd-entry-content\" data-accordion-index=\"3\">\n\t\t\t\t\t\t\t\t\t\t\t\t\t\n\t\t\t\t\t\t\t<p>S\u00ed, usar productos que est\u00e1n adaptados a tu tipo de piel espec\u00edfico es crucial. Los productos adecuados ayudan a mantener el equilibrio de tu piel, prevenir problemas y promover una apariencia saludable.<\/p>\n\t\t\t\t\t\t\t\t\t\t\t\t\t\t\t\t\t\t<\/div>\n\t\t\t\t<\/div>\n\t\t\t\t\t\t\t\n\t\t\t\t<div class=\"wd-accordion-item\">\n\t\t\t\t\t<div class=\"wd-accordion-title wd-role-btn\" data-accordion-index=\"4\" tabindex=\"0\">\n\t\t\t\t\t\t<div class=\"wd-accordion-title-text\">\n\t\t\t\t\t\t\t\t\t\t\t\t\t\t<span>\n\t\t\t\t\t\t\t\t\u00bfPara qu\u00e9 tipo de piel son m\u00e1s adecuados los productos hipoalerg\u00e9nicos?\t\t\t\t\t\t\t<\/span>\n\t\t\t\t\t\t<\/div>\n\t\t\t\t\t\t<span class=\"wd-accordion-opener\"><\/span>\n\t\t\t\t\t<\/div>\n\n\t\t\t\t\t<div class=\"wd-accordion-content wd-entry-content\" data-accordion-index=\"4\">\n\t\t\t\t\t\t\t\t\t\t\t\t\t\n\t\t\t\t\t\t\t<p>Los productos hipoalerg\u00e9nicos son ideales para personas con piel sensible, pero tambi\u00e9n pueden ser beneficiosos para todos los tipos de piel. Estos productos est\u00e1n dise\u00f1ados para minimizar el riesgo de reacciones al\u00e9rgicas e irritaciones. Esto los convierte en una excelente opci\u00f3n para cualquier persona que sea sensible a ciertos ingredientes, como fragancias o conservantes. Usar productos hipoalerg\u00e9nicos ayuda a calmar y proteger tu piel, independientemente de tu tipo de piel espec\u00edfico.<\/p>\n\t\t\t\t\t\t\t\t\t\t\t\t\t\t\t\t\t\t<\/div>\n\t\t\t\t<\/div>\n\t\t\t\t\t<\/div>\n\t\t\t\t\t\t<\/div>\n\t\t\t\t<\/div>\n\t\t\t\t<\/div>\n\t\t\t\t\t<\/div>\n\t\t\t\t<\/div>\n\t\t<div class=\"wd-negative-gap elementor-element elementor-element-cea9ec4 e-flex e-con-boxed e-con e-parent\" data-id=\"cea9ec4\" data-element_type=\"container\" data-e-type=\"container\">\n\t\t\t\t\t<div class=\"e-con-inner\">\n\t\t\t\t<div class=\"elementor-element elementor-element-aee1aaf elementor-widget elementor-widget-spacer\" data-id=\"aee1aaf\" data-element_type=\"widget\" data-e-type=\"widget\" data-widget_type=\"spacer.default\">\n\t\t\t\t<div class=\"elementor-widget-container\">\n\t\t\t\t\t\t\t<div class=\"elementor-spacer\">\n\t\t\t<div class=\"elementor-spacer-inner\"><\/div>\n\t\t<\/div>\n\t\t\t\t\t\t<\/div>\n\t\t\t\t<\/div>\n\t\t\t\t\t<\/div>\n\t\t\t\t<\/div>\n\t\t\t\t<\/div>","protected":false},"excerpt":{"rendered":"<p>Huidtest Je huid vertelt een verhaal over wie je bent en hoe je je voelt. Maar weet je echt wat<\/p>","protected":false},"author":12,"featured_media":0,"parent":997977,"menu_order":0,"comment_status":"closed","ping_status":"closed","template":"","meta":{"_acf_changed":false,"footnotes":""},"class_list":["post-995043","page","type-page","status-publish","hentry"],"acf":[],"_links":{"self":[{"href":"https:\/\/hypogeen.nl\/es\/wp-json\/wp\/v2\/pages\/995043","targetHints":{"allow":["GET"]}}],"collection":[{"href":"https:\/\/hypogeen.nl\/es\/wp-json\/wp\/v2\/pages"}],"about":[{"href":"https:\/\/hypogeen.nl\/es\/wp-json\/wp\/v2\/types\/page"}],"author":[{"embeddable":true,"href":"https:\/\/hypogeen.nl\/es\/wp-json\/wp\/v2\/users\/12"}],"replies":[{"embeddable":true,"href":"https:\/\/hypogeen.nl\/es\/wp-json\/wp\/v2\/comments?post=995043"}],"version-history":[{"count":0,"href":"https:\/\/hypogeen.nl\/es\/wp-json\/wp\/v2\/pages\/995043\/revisions"}],"up":[{"embeddable":true,"href":"https:\/\/hypogeen.nl\/es\/wp-json\/wp\/v2\/pages\/997977"}],"wp:attachment":[{"href":"https:\/\/hypogeen.nl\/es\/wp-json\/wp\/v2\/media?parent=995043"}],"curies":[{"name":"wp","href":"https:\/\/api.w.org\/{rel}","templated":true}]}}