{"id":114,"date":"2023-09-13T21:08:15","date_gmt":"2023-09-13T20:08:15","guid":{"rendered":"https:\/\/development.hypogeen.nl\/?post_type=product&#038;p=114"},"modified":"2026-03-30T15:15:13","modified_gmt":"2026-03-30T15:15:13","slug":"hypogeen-crema-para-pies-tarro-200ml","status":"publish","type":"product","link":"https:\/\/hypogeen.nl\/es\/hypogeen-crema-para-pies-tarro-200ml\/","title":{"rendered":"Hypogeen Crema para Pies \u2013 Tarro 200ml"},"content":{"rendered":"<div data-elementor-type=\"wp-post\" data-elementor-id=\"114\" class=\"elementor elementor-114\">\n\t\t\t\t<div class=\"wd-negative-gap elementor-element elementor-element-2cfc9d5 e-flex e-con-boxed e-con e-parent\" data-id=\"2cfc9d5\" data-element_type=\"container\" data-e-type=\"container\">\n\t\t\t\t\t<div class=\"e-con-inner\">\n\t\t<div class=\"elementor-element elementor-element-6cb6f54 e-con-full e-flex e-con e-child\" data-id=\"6cb6f54\" data-element_type=\"container\" data-e-type=\"container\">\n\t\t\t\t<div class=\"elementor-element elementor-element-ae25dfd color-scheme-inherit text-left elementor-widget elementor-widget-text-editor\" data-id=\"ae25dfd\" data-element_type=\"widget\" data-e-type=\"widget\" data-widget_type=\"text-editor.default\">\n\t\t\t\t<div class=\"elementor-widget-container\">\n\t\t\t\t\t\t\t\t\t<h2>Hypoallergene voetcr\u00e8me voor droge en gevoelige voeten<\/h2><p>De Hypogeen Voetcr\u00e8me in de 200ml pot biedt intensieve verzorging voor droge en gevoelige voeten. Deze rijke, hydraterende cr\u00e8me is verrijkt met squalaan, vitamine E, ureum en calendula-extract, waardoor het speciaal geschikt is voor gevoelige huidtypes. De cr\u00e8me trekt snel in, zonder een plakkerig of vettig gevoel achter te laten. Vrij van vaseline, paraffineolie, parfum en kleurstoffen, heeft de cr\u00e8me een neutrale pH-waarde die zorgt voor milde en effectieve verzorging van je voeten.<\/p><h2><strong>Intense hydratatie en herstel voor gezonde voeten<\/strong><\/h2><p>De krachtige combinatie van ureum en squalaan in deze voetcr\u00e8me helpt de natuurlijke vochtbalans van de huid te herstellen. Deze cr\u00e8me is perfect voor het verminderen van kloven, schilfering en eeltvorming, terwijl het de elasticiteit van de huid versterkt. Vitamine E zorgt voor een gezonde en soepele huid, terwijl calendula-extract helpt de huid te kalmeren en te herstellen. Deze 200ml pot is ideaal voor dagelijks gebruik en zorgt voor langdurige hydratatie en bescherming voor je voeten.<\/p>\t\t\t\t\t\t\t\t<\/div>\n\t\t\t\t<\/div>\n\t\t\t\t<\/div>\n\t\t<div class=\"elementor-element elementor-element-7198816 e-con-full e-flex e-con e-child\" data-id=\"7198816\" data-element_type=\"container\" data-e-type=\"container\">\n\t\t\t\t<div class=\"elementor-element elementor-element-c523e23 elementor-widget elementor-widget-wd_text_block\" data-id=\"c523e23\" data-element_type=\"widget\" data-e-type=\"widget\" data-widget_type=\"wd_text_block.default\">\n\t\t\t\t<div class=\"elementor-widget-container\">\n\t\t\t\t\t\t\t<div class=\"wd-text-block reset-last-child text-left\">\n\t\t\t\n\t\t\t<h2>Voordelen van de Hypogeen Voetcr\u00e8me<\/h2><ul><li>Reduce el riesgo de grietas, descamaci\u00f3n y formaci\u00f3n de callos<\/li><li>Contiene escualano con propiedades antioxidantes para una cicatrizaci\u00f3n m\u00e1s r\u00e1pida de heridas<\/li><li>Fortalece la elasticidad de la piel<\/li><li>Promueve una textura de piel suave y saludable<\/li><li>Un alto contenido de vitamina E promueve una piel suave y firme<\/li><li>Herstelt de natuurlijke vet- en vochtbalans van de huid<\/li><li>Se absorbe r\u00e1pidamente para una hidrataci\u00f3n inmediata<\/li><\/ul>\n\t\t\t\t\t<\/div>\n\t\t\t\t\t\t<\/div>\n\t\t\t\t<\/div>\n\t\t\t\t<\/div>\n\t\t\t\t\t<\/div>\n\t\t\t\t<\/div>\n\t\t\t\t<\/div>","protected":false},"excerpt":{"rendered":"<p>Esta crema para pies de Hypogeen est\u00e1 especialmente desarrollada para el cuidado diario de pies y piernas muy secos y sensibles. La crema reduce el riesgo de grietas, descamaci\u00f3n y callos, y es adecuada para su uso bajo medias de compresi\u00f3n. La crema contiene escualano, glicerina, vitamina E y urea.<\/p>","protected":false},"featured_media":993836,"comment_status":"open","ping_status":"closed","template":"elementor_theme","meta":{"_acf_changed":false},"product_brand":[373],"product_cat":[368,356,40],"product_tag":[],"class_list":{"0":"post-114","1":"product","2":"type-product","3":"status-publish","4":"has-post-thumbnail","6":"product_brand-hypogeen","7":"product_cat-pedicure-producten","8":"product_cat-voetcremes","9":"product_cat-voetverzorging","11":"first","12":"instock","13":"taxable","14":"shipping-taxable","15":"purchasable","16":"product-type-simple"},"acf":{"bolcom_producttekst":"De Hypogeen Voetcr\u00e8me in een royale 200 ml pot biedt gespecialiseerde verzorging voor extreem droge, gevoelige voeten. Deze cr\u00e8me bevat een unieke combinatie van actieve ingredi\u00ebnten zoals squalaan, vitamine E, ureum en jojoba-olie, die samenwerken om kloven, schilfering en eelt te verminderen. Squalaan, bekend om zijn antioxidatieve eigenschappen, versnelt het herstel van wondjes op de voeten en versterkt de elasticiteit van de huid voor een gladde en gezonde uitstraling. De formule bevat ook huideigen stoffen zoals triglyceriden, lecithine en ureum, die de natuurlijke vet- en vochtbalans herstellen en verzorgen. Vrij van vaseline, paraffineolie, parfum en kleurstoffen, en met een neutrale pH-waarde om irritatie te voorkomen. Deze cr\u00e8me trekt snel in de huid, waardoor het direct comfort biedt na het aanbrengen.\r\n\r\n<strong>Voordelen<\/strong>\r\n<ul>\r\n \t<li>Vermindert de kans op kloven, schilfering en eeltvorming<\/li>\r\n \t<li>Bevat squalaan met antioxidatieve eigenschappen voor sneller herstel van wondjes<\/li>\r\n \t<li>Versterkt de elasticiteit van de huid<\/li>\r\n \t<li>Zorgt voor een gladde en gezonde huidtextuur<\/li>\r\n \t<li>Hoog gehalte aan vitamine E bevordert een soepele en stevige huid<\/li>\r\n \t<li>Herstelt en verzorgt de natuurlijke vet- en vochtbalans van de huid<\/li>\r\n \t<li>Trekt snel in voor directe hydratatie<\/li>\r\n<\/ul>\r\n<strong>Gebruiksadvies<\/strong>\r\n\r\nMaak de voeten grondig schoon en droog ze goed af. Neem een kleine hoeveelheid voetcr\u00e8me in je handpalm. Masseer de cr\u00e8me zachtjes in op de voeten, inclusief tussen de tenen. Laat de cr\u00e8me ongeveer 10 minuten intrekken voordat je sokken en schoenen aantrekt. Gebruik het product bij voorkeur twee keer per dag voor optimale verzorging.\r\n\r\n<strong>Ingredi\u00ebnten<\/strong>\r\n\r\nIngredi\u00ebnts (INCI): Aqua; Glycerin; Urea; Caprylic\/Capric Triglyceride; Cetyl Alcohol; Triacetin; PEG-100 Stearate; C10-18 Triglycerides; Ethylhexyl Stearate; Glyceryl Laurate;\u00a0 Phenoxyethanol\u00a0; Simmondsia Chinensis Seed Oil;\u00a0 Tocopheryl Acetate; Squalane;; Citronellyl Methylcrotonate; Propylene Glycol;\u00a0 Panthenol; Monosodium citrate;\u00a0 Hamamelis Virginiana Water; Tetrasodium glutamate diacetate;\u00a0 Piroctone Olamine; Alcohol; Citric acid; Butylene Glycol;\r\n\r\n<strong>Verbeterde receptuur<\/strong>\r\n\r\nHypogeen houdt van huid! Hypogeen is voortdurend in beweging. We stoppen al onze passie en expertise in de ontwikkeling en verbetering van onze huidproducten. We hebben de verpakking van onze Hypogeen producten gemoderniseerd. Tevens hebben de Hypogeen producten een verbeterde receptuur en zijn alle huidverzorgingsproducten microplastic- en siliconenvrij. Zo zorgt Hypogeen niet alleen voor een gezondere huid, maar ook voor een gezondere toekomst.\r\n\r\n<strong>Over Hypogeen<\/strong>\r\n\r\nHypogeen is een hypoallergene huidverzorgingslijn voor de overgevoelige huid. De huid werkt altijd hard om ons te beschermen, maar kan ook droog en gebarsten raken. De intensieve voedende werking van Hypogeen producten, helpt de huid tegen uitdroging, huidirritatie, eelt, kloven en geeft de huid rust. Door gebruik te maken van de unieke huidverzorgingslijn van Hypogeen zult u merken dat uw huid gezonder wordt. De producten binnen de Hypogeen lijn hebben een zeer hoog gehalte aan huideigen en huidverwante ingredi\u00ebnten, onder andere triglyceriden lecithine, ureum en Vitamine E. De Hypogeen handverzorgings-, voetverzorgings-, gezichtsverzorgings- en massageproducten levert Arcim Healthcare aan apotheken, pedicures, drogisterijen, groothandels en consumenten.","hoe_te_gebruiken":"Maak de voeten grondig schoon en droog ze goed af. Neem een kleine hoeveelheid voetcr\u00e8me in je handpalm. Masseer de cr\u00e8me zachtjes in op de voeten, inclusief tussen de tenen. Laat de cr\u00e8me ongeveer 10 minuten intrekken voordat je sokken en schoenen aantrekt. Gebruik het product bij voorkeur twee keer per dag voor optimale verzorging.","Ingredienten":"Ingredi\u00ebnts (INCI): Aqua; Glycerin; Urea; Caprylic\/Capric Triglyceride; Cetyl Alcohol; Triacetin; PEG-100 Stearate; C10-18 Triglycerides; Ethylhexyl Stearate; Glyceryl Laurate;\u00a0 Phenoxyethanol\u00a0; Simmondsia Chinensis Seed Oil;\u00a0 Tocopheryl Acetate; Squalane;; Citronellyl Methylcrotonate; Propylene Glycol;\u00a0 Panthenol; Monosodium citrate;\u00a0 Hamamelis Virginiana Water; Tetrasodium glutamate diacetate;\u00a0 Piroctone Olamine; Alcohol; Citric acid; Butylene Glycol;","voordelen":"<ul>\r\n \t<li>Vermindert de kans op kloven, schilfering en eeltvorming<\/li>\r\n \t<li>Bevat squalaan met antioxidatieve eigenschappen voor sneller herstel van wondjes<\/li>\r\n \t<li>Versterkt de elasticiteit van de huid<\/li>\r\n \t<li>Zorgt voor een gladde en gezonde huidtextuur<\/li>\r\n \t<li>Hoog gehalte aan vitamine E bevordert een soepele en stevige huid<\/li>\r\n \t<li>Herstelt en verzorgt de natuurlijke vet- en vochtbalans van de huid<\/li>\r\n \t<li>Trekt snel in voor directe hydratatie<\/li>\r\n<\/ul>"},"_links":{"self":[{"href":"https:\/\/hypogeen.nl\/es\/wp-json\/wp\/v2\/product\/114","targetHints":{"allow":["GET"]}}],"collection":[{"href":"https:\/\/hypogeen.nl\/es\/wp-json\/wp\/v2\/product"}],"about":[{"href":"https:\/\/hypogeen.nl\/es\/wp-json\/wp\/v2\/types\/product"}],"replies":[{"embeddable":true,"href":"https:\/\/hypogeen.nl\/es\/wp-json\/wp\/v2\/comments?post=114"}],"version-history":[{"count":0,"href":"https:\/\/hypogeen.nl\/es\/wp-json\/wp\/v2\/product\/114\/revisions"}],"wp:featuredmedia":[{"embeddable":true,"href":"https:\/\/hypogeen.nl\/es\/wp-json\/wp\/v2\/media\/993836"}],"wp:attachment":[{"href":"https:\/\/hypogeen.nl\/es\/wp-json\/wp\/v2\/media?parent=114"}],"wp:term":[{"taxonomy":"product_brand","embeddable":true,"href":"https:\/\/hypogeen.nl\/es\/wp-json\/wp\/v2\/product_brand?post=114"},{"taxonomy":"product_cat","embeddable":true,"href":"https:\/\/hypogeen.nl\/es\/wp-json\/wp\/v2\/product_cat?post=114"},{"taxonomy":"product_tag","embeddable":true,"href":"https:\/\/hypogeen.nl\/es\/wp-json\/wp\/v2\/product_tag?post=114"}],"curies":[{"name":"wp","href":"https:\/\/api.w.org\/{rel}","templated":true}]}}