{"id":115,"date":"2023-09-13T21:08:15","date_gmt":"2023-09-13T20:08:15","guid":{"rendered":"https:\/\/development.hypogeen.nl\/?post_type=product&#038;p=115"},"modified":"2026-03-30T15:15:10","modified_gmt":"2026-03-30T15:15:10","slug":"hypogeen-crema-para-pies-tubo-100ml","status":"publish","type":"product","link":"https:\/\/hypogeen.nl\/es\/hypogeen-crema-para-pies-tubo-100ml\/","title":{"rendered":"Hypogeen Crema para Pies \u2013 Tubo 100ml"},"content":{"rendered":"<div data-elementor-type=\"wp-post\" data-elementor-id=\"115\" class=\"elementor elementor-115\">\n\t\t\t\t<div class=\"wd-negative-gap elementor-element elementor-element-4754f36 e-flex e-con-boxed e-con e-parent\" data-id=\"4754f36\" data-element_type=\"container\" data-e-type=\"container\">\n\t\t\t\t\t<div class=\"e-con-inner\">\n\t\t<div class=\"elementor-element elementor-element-00c6559 e-con-full e-flex e-con e-child\" data-id=\"00c6559\" data-element_type=\"container\" data-e-type=\"container\">\n\t\t\t\t<div class=\"elementor-element elementor-element-fb7a637 color-scheme-inherit text-left elementor-widget elementor-widget-text-editor\" data-id=\"fb7a637\" data-element_type=\"widget\" data-e-type=\"widget\" data-widget_type=\"text-editor.default\">\n\t\t\t\t<div class=\"elementor-widget-container\">\n\t\t\t\t\t\t\t\t\t<h2>Hypoallergene voetcr\u00e8me voor droge en gevoelige voeten<\/h2><p>De Hypogeen Voetcr\u00e8me in de praktische 100ml tube biedt geavanceerde verzorging voor droge voeten. Deze hydraterende cr\u00e8me bevat krachtige ingredi\u00ebnten zoals squalaan, vitamine E, ureum en calendula-extract. Speciaal ontwikkeld voor gevoelige huidtypes, trekt de cr\u00e8me snel in zonder een plakkerig gevoel achter te laten. De formule is vrij van vaseline, paraffineolie, parfum en kleurstoffen, en heeft een neutrale pH-waarde, wat zorgt voor een milde, maar effectieve verzorging van je voeten.<\/p><h2><strong>Intense hydratatie en bescherming voor gezonde voeten<\/strong><\/h2><p>De Hypogeen Voetcr\u00e8me helpt de natuurlijke vochtbalans van de huid te herstellen, dankzij de krachtige werking van ureum en squalaan. Deze voetcr\u00e8me vermindert kloven, schilfering en eeltvorming, terwijl het de elasticiteit van de huid versterkt. Met vitamine E voor een soepele huid en calendula-extract voor kalmerende en herstellende werking, is deze cr\u00e8me perfect voor dagelijks gebruik. De 100ml tube is handig mee te nemen, zodat je altijd kunt genieten van gezonde, goed verzorgde voeten, waar je ook bent.<\/p>\t\t\t\t\t\t\t\t<\/div>\n\t\t\t\t<\/div>\n\t\t\t\t<\/div>\n\t\t<div class=\"elementor-element elementor-element-e2f1863 e-con-full e-flex e-con e-child\" data-id=\"e2f1863\" data-element_type=\"container\" data-e-type=\"container\">\n\t\t\t\t<div class=\"elementor-element elementor-element-dc33df8 elementor-widget elementor-widget-wd_text_block\" data-id=\"dc33df8\" data-element_type=\"widget\" data-e-type=\"widget\" data-widget_type=\"wd_text_block.default\">\n\t\t\t\t<div class=\"elementor-widget-container\">\n\t\t\t\t\t\t\t<div class=\"wd-text-block reset-last-child text-left\">\n\t\t\t\n\t\t\t<h2>Voordelen van de Hypogeen Voetcr\u00e8me<\/h2><ul><li>Reduce el riesgo de grietas, descamaci\u00f3n y formaci\u00f3n de callos<\/li><li>Contiene escualano con propiedades antioxidantes para una cicatrizaci\u00f3n m\u00e1s r\u00e1pida de heridas<\/li><li>Fortalece la elasticidad de la piel<\/li><li>Promueve una textura de piel suave y saludable<\/li><li>Un alto contenido de vitamina E promueve una piel suave y firme<\/li><li>Herstelt de natuurlijke vet- en vochtbalans van de huid<\/li><li>Se absorbe r\u00e1pidamente para una hidrataci\u00f3n inmediata<\/li><\/ul>\n\t\t\t\t\t<\/div>\n\t\t\t\t\t\t<\/div>\n\t\t\t\t<\/div>\n\t\t\t\t<\/div>\n\t\t\t\t\t<\/div>\n\t\t\t\t<\/div>\n\t\t\t\t<\/div>","protected":false},"excerpt":{"rendered":"<p>Esta crema para pies de Hypogeen est\u00e1 especialmente desarrollada para el cuidado diario de pies y piernas extremadamente secos y sensibles. La crema reduce el riesgo de grietas, descamaci\u00f3n y callos, y es adecuada para su uso con medias de compresi\u00f3n. Contiene escualano, glicerina, vitamina E y urea.<\/p>","protected":false},"featured_media":993749,"comment_status":"open","ping_status":"closed","template":"elementor_theme","meta":{"_acf_changed":false},"product_brand":[],"product_cat":[368,356,40],"product_tag":[],"class_list":{"0":"post-115","1":"product","2":"type-product","3":"status-publish","4":"has-post-thumbnail","6":"product_cat-pedicure-producten","7":"product_cat-voetcremes","8":"product_cat-voetverzorging","10":"first","11":"instock","12":"sale","13":"taxable","14":"shipping-taxable","15":"purchasable","16":"product-type-simple"},"acf":{"bolcom_producttekst":"De Hypogeen Voetcr\u00e8me in een handige 100 ml tube biedt geavanceerde voetverzorging, waar en wanneer je het nodig hebt. Deze cr\u00e8me bevat krachtige ingredi\u00ebnten zoals squalaan, vitamine E, ureum en calendula-extract, die samenwerken om droge, gevoelige voeten te hydrateren en te beschermen. Squalaan, met zijn antioxidatieve eigenschappen, ondersteunt het natuurlijke herstel van de huid en verbetert de elasticiteit, terwijl vitamine E bijdraagt aan een soepele en stevige huid. De formule is vrij van vaseline, paraffineolie, parfum en kleurstoffen, en heeft een neutrale pH-waarde voor milde verzorging. Deze cr\u00e8me trekt snel in de huid, waardoor het directe verlichting biedt en niet plakkerig aanvoelt.\r\n\r\n<strong>\r\nVoordelen<\/strong>\r\n<ul>\r\n \t<li>Vermindert de kans op kloven, schilfering en eeltvorming<\/li>\r\n \t<li>Bevat squalaan met antioxidatieve eigenschappen voor sneller herstel van wondjes<\/li>\r\n \t<li>Versterkt de elasticiteit van de huid<\/li>\r\n \t<li>Zorgt voor een gladde en gezonde huidtextuur<\/li>\r\n \t<li>Hoog gehalte aan vitamine E bevordert een soepele en stevige huid<\/li>\r\n \t<li>Herstelt en verzorgt de natuurlijke vet- en vochtbalans van de huid<\/li>\r\n \t<li>Trekt snel in voor directe hydratatie<\/li>\r\n<\/ul>\r\n<strong>\r\nGebruiksadvies<\/strong>\r\nMaak de voeten grondig schoon en droog ze goed af. Neem een kleine hoeveelheid voetcr\u00e8me in je handpalm. Masseer de cr\u00e8me zachtjes in op de voeten, inclusief tussen de tenen. Laat de cr\u00e8me ongeveer 10 minuten intrekken voordat je sokken en schoenen aantrekt. Gebruik het product bij voorkeur twee keer per dag voor optimale verzorging.\r\n\r\n<strong>\r\nIngredi\u00ebnten<\/strong>\r\nIngredi\u00ebnts (INCI): Aqua; Glycerin; Urea; Caprylic\/Capric Triglyceride; Cetyl Alcohol; Triacetin; PEG-100 Stearate; C10-18 Triglycerides; Ethylhexyl Stearate; Glyceryl Laurate;\u00a0 Phenoxyethanol\u00a0; Simmondsia Chinensis Seed Oil;\u00a0 Tocopheryl Acetate; Squalane;; Citronellyl Methylcrotonate; Propylene Glycol;\u00a0 Panthenol; Monosodium citrate;\u00a0 Hamamelis Virginiana Water; Tetrasodium glutamate diacetate;\u00a0 Piroctone Olamine; Alcohol; Citric acid; Butylene Glycol;\r\n\r\n<strong>\r\nVerbeterde receptuur<\/strong>\r\n\r\nHypogeen houdt van huid! Hypogeen is voortdurend in beweging. We stoppen al onze passie en expertise in de ontwikkeling en verbetering van onze huidproducten. We hebben de verpakking van onze Hypogeen producten gemoderniseerd. Tevens hebben de Hypogeen producten een verbeterde receptuur en zijn alle huidverzorgingsproducten microplastic- en siliconenvrij. Zo zorgt Hypogeen niet alleen voor een gezondere huid, maar ook voor een gezondere toekomst.\r\n\r\n<strong>Over Hypogeen<\/strong>\r\n\r\nHypogeen is een hypoallergene huidverzorgingslijn voor de overgevoelige huid. De huid werkt altijd hard om ons te beschermen, maar kan ook droog en gebarsten raken. De intensieve voedende werking van Hypogeen producten, helpt de huid tegen uitdroging, huidirritatie, eelt, kloven en geeft de huid rust. Door gebruik te maken van de unieke huidverzorgingslijn van Hypogeen zult u merken dat uw huid gezonder wordt. De producten binnen de Hypogeen lijn hebben een zeer hoog gehalte aan huideigen en huidverwante ingredi\u00ebnten, onder andere triglyceriden lecithine, ureum en Vitamine E. De Hypogeen handverzorgings-, voetverzorgings-, gezichtsverzorgings- en massageproducten levert Arcim Healthcare aan apotheken, pedicures, drogisterijen, groothandels en consumenten.","hoe_te_gebruiken":"Maak de voeten grondig schoon en droog ze goed af. Neem een kleine hoeveelheid voetcr\u00e8me in je handpalm. Masseer de cr\u00e8me zachtjes in op de voeten, inclusief tussen de tenen. Laat de cr\u00e8me ongeveer 10 minuten intrekken voordat je sokken en schoenen aantrekt. Gebruik het product bij voorkeur twee keer per dag voor optimale verzorging.","Ingredienten":"Ingredi\u00ebnts (INCI): Aqua; Glycerin; Urea; Caprylic\/Capric Triglyceride; Cetyl Alcohol; Triacetin; PEG-100 Stearate; C10-18 Triglycerides; Ethylhexyl Stearate; Glyceryl Laurate;\u00a0 Phenoxyethanol\u00a0; Simmondsia Chinensis Seed Oil;\u00a0 Tocopheryl Acetate; Squalane;; Citronellyl Methylcrotonate; Propylene Glycol;\u00a0 Panthenol; Monosodium citrate;\u00a0 Hamamelis Virginiana Water; Tetrasodium glutamate diacetate;\u00a0 Piroctone Olamine; Alcohol; Citric acid; Butylene Glycol;","voordelen":"<ul>\r\n \t<li>Vermindert de kans op kloven, schilfering en eeltvorming<\/li>\r\n \t<li>Bevat squalaan met antioxidatieve eigenschappen voor sneller herstel van wondjes<\/li>\r\n \t<li>Versterkt de elasticiteit van de huid<\/li>\r\n \t<li>Zorgt voor een gladde en gezonde huidtextuur<\/li>\r\n \t<li>Hoog gehalte aan vitamine E bevordert een soepele en stevige huid<\/li>\r\n \t<li>Herstelt en verzorgt de natuurlijke vet- en vochtbalans van de huid<\/li>\r\n \t<li>Trekt snel in voor directe hydratatie<\/li>\r\n<\/ul>"},"_links":{"self":[{"href":"https:\/\/hypogeen.nl\/es\/wp-json\/wp\/v2\/product\/115","targetHints":{"allow":["GET"]}}],"collection":[{"href":"https:\/\/hypogeen.nl\/es\/wp-json\/wp\/v2\/product"}],"about":[{"href":"https:\/\/hypogeen.nl\/es\/wp-json\/wp\/v2\/types\/product"}],"replies":[{"embeddable":true,"href":"https:\/\/hypogeen.nl\/es\/wp-json\/wp\/v2\/comments?post=115"}],"version-history":[{"count":1,"href":"https:\/\/hypogeen.nl\/es\/wp-json\/wp\/v2\/product\/115\/revisions"}],"predecessor-version":[{"id":1003829,"href":"https:\/\/hypogeen.nl\/es\/wp-json\/wp\/v2\/product\/115\/revisions\/1003829"}],"wp:featuredmedia":[{"embeddable":true,"href":"https:\/\/hypogeen.nl\/es\/wp-json\/wp\/v2\/media\/993749"}],"wp:attachment":[{"href":"https:\/\/hypogeen.nl\/es\/wp-json\/wp\/v2\/media?parent=115"}],"wp:term":[{"taxonomy":"product_brand","embeddable":true,"href":"https:\/\/hypogeen.nl\/es\/wp-json\/wp\/v2\/product_brand?post=115"},{"taxonomy":"product_cat","embeddable":true,"href":"https:\/\/hypogeen.nl\/es\/wp-json\/wp\/v2\/product_cat?post=115"},{"taxonomy":"product_tag","embeddable":true,"href":"https:\/\/hypogeen.nl\/es\/wp-json\/wp\/v2\/product_tag?post=115"}],"curies":[{"name":"wp","href":"https:\/\/api.w.org\/{rel}","templated":true}]}}