{"id":140,"date":"2023-09-13T21:08:16","date_gmt":"2023-09-13T20:08:16","guid":{"rendered":"https:\/\/development.hypogeen.nl\/?post_type=product&#038;p=140"},"modified":"2026-04-03T10:07:14","modified_gmt":"2026-04-03T10:07:14","slug":"hypogeen-crema-de-manos-tubo-100ml","status":"publish","type":"product","link":"https:\/\/hypogeen.nl\/es\/hypogeen-crema-de-manos-tubo-100ml\/","title":{"rendered":"Hypogeen Crema de Manos \u2013 Tubo 100ml"},"content":{"rendered":"<div data-elementor-type=\"wp-post\" data-elementor-id=\"140\" class=\"elementor elementor-140\">\n\t\t\t\t<div class=\"wd-negative-gap elementor-element elementor-element-e19843f e-flex e-con-boxed e-con e-parent\" data-id=\"e19843f\" data-element_type=\"container\" data-e-type=\"container\">\n\t\t\t\t\t<div class=\"e-con-inner\">\n\t\t<div class=\"elementor-element elementor-element-2297bbf e-con-full e-flex e-con e-child\" data-id=\"2297bbf\" data-element_type=\"container\" data-e-type=\"container\">\n\t\t\t\t<div class=\"elementor-element elementor-element-c73ca20 color-scheme-inherit text-left elementor-widget elementor-widget-text-editor\" data-id=\"c73ca20\" data-element_type=\"widget\" data-e-type=\"widget\" data-widget_type=\"text-editor.default\">\n\t\t\t\t<div class=\"elementor-widget-container\">\n\t\t\t\t\t\t\t\t\t<h3>Hypoallergene handcr\u00e8me voor (extreem) droge en gevoelige handen<\/h3><p>De Hypogeen Handcr\u00e8me 100ml is speciaal ontwikkeld voor extreem droge en gevoelige handen. Deze hypoallergene handcr\u00e8me biedt intensieve verzorging en helpt schilferige, droge handen te herstellen. Het product is ideaal voor mensen die last hebben van eczeem of psoriasis, en het bevordert het herstel van de huid, waarbij het de vochtbalans reguleert. De formule is vrij van parfum, kleurstoffen, vaseline en paraffineolie, en bevat melkzuur voor een verbeterde huidstructuur en het behoud van een gezonde pH-waarde.<\/p><h3>Natuurlijke handcr\u00e8me voor gezonde huid<\/h3><p>Deze handcr\u00e8me zonder parfum en alcohol is perfect voor dagelijks gebruik en biedt een verzachtende werking bij droge handen. De glycerine handcr\u00e8me hydrateert diep en herstelt de huid, zodat het ideaal is voor mensen met een gevoelige huid. De milde, natuurlijke handcr\u00e8me bevat geen irriterende stoffen en is geschikt voor de meest gevoelige huidtypes. Dankzij de unieke samenstelling met melkzuur wordt de huidstructuur verbeterd en blijft de pH-waarde in balans, wat zorgt voor een gezonde, goed verzorgde huid.<\/p>\t\t\t\t\t\t\t\t<\/div>\n\t\t\t\t<\/div>\n\t\t\t\t<\/div>\n\t\t<div class=\"elementor-element elementor-element-128bcbe e-con-full e-flex e-con e-child\" data-id=\"128bcbe\" data-element_type=\"container\" data-e-type=\"container\">\n\t\t\t\t<div class=\"elementor-element elementor-element-6e6fef7 elementor-widget elementor-widget-wd_text_block\" data-id=\"6e6fef7\" data-element_type=\"widget\" data-e-type=\"widget\" data-widget_type=\"wd_text_block.default\">\n\t\t\t\t<div class=\"elementor-widget-container\">\n\t\t\t\t\t\t\t<div class=\"wd-text-block reset-last-child text-left\">\n\t\t\t\n\t\t\t<h3>Voordelen van Hypogeen Handcr\u00e8me<\/h3><ul><li>Especialmente desarrollada para manos extremadamente secas y sensibles<\/li><li>Ayuda a reducir las manos secas y escamosas<\/li><li>Reduce los efectos secundarios de la psoriasis y el eccema<\/li><li>Efecto nutritivo e intensamente suavizante<\/li><li>Hipoalerg\u00e9nico y adecuado para pieles sensibles<\/li><li>Vrij van vaseline, paraffineolie, parfum en kleurstoffen<\/li><li>Bevorderde huidstructuur dankzij melkzuur<\/li><li>Ayuda a mantener un equilibrio de pH neutro<\/li><\/ul>\n\t\t\t\t\t<\/div>\n\t\t\t\t\t\t<\/div>\n\t\t\t\t<\/div>\n\t\t\t\t<\/div>\n\t\t\t\t\t<\/div>\n\t\t\t\t<\/div>\n\t\t\t\t<\/div>","protected":false},"excerpt":{"rendered":"<p><span style=\"vertical-align: inherit;\"><span style=\"vertical-align: inherit;\"><span style=\"vertical-align: inherit;\"><span style=\"vertical-align: inherit;\"><span style=\"vertical-align: inherit;\"><span style=\"vertical-align: inherit;\">Que le soin intensif de la peau soit la passion d'Hypogeen est prouv\u00e9 par cette cr\u00e8me pour les mains intens\u00e9ment nourrissante et apaisante. <\/span><\/span><\/span><\/span><\/span><span style=\"vertical-align: inherit;\"><span style=\"vertical-align: inherit;\"><span style=\"vertical-align: inherit;\"><span style=\"vertical-align: inherit;\"><span style=\"vertical-align: inherit;\">Hulp bij extreem droge, ruwe en zeer gevoelige huid van de handen. Bevat o.a. Squalaan &#8211; Vitamine E &#8211; Glycerine &#8211; Urea<\/span><\/span><\/span><\/span><\/span><\/span><\/p>","protected":false},"featured_media":993767,"comment_status":"open","ping_status":"closed","template":"elementor_theme","meta":{"_acf_changed":false},"product_brand":[373],"product_cat":[353,47],"product_tag":[],"class_list":{"0":"post-140","1":"product","2":"type-product","3":"status-publish","4":"has-post-thumbnail","6":"product_brand-hypogeen","7":"product_cat-handcremes","8":"product_cat-handverzorging","10":"first","11":"instock","12":"sale","13":"taxable","14":"shipping-taxable","15":"purchasable","16":"product-type-simple"},"acf":{"bolcom_producttekst":"Deze bijzondere handcr\u00e8me is speciaal ontwikkeld voor mensen met extreem droge en gevoelige handen en beschermt tegen de invloeden van buitenaf. De cr\u00e8me is zorgvuldig samengesteld en helpt schilferige en droge handen en vermindert de bijwerkingen van psoriasis en eczeem. Onze experts adviseren de handcr\u00e8me dagelijks te gebruiken om overgevoelige en ruwe handen te voorkomen. Hypogeen helpt de huid te herstellen en reguleert de vochtbalans. Tevens is Hypogeen vrij van parfum en kleurstoffen. Dit product bevat ook melkzuur, dat zorgt voor een verbeterde huidstructuur en het behoud van een gezonde pH-waarde.\r\n\r\n<strong>Voordelen<\/strong>\r\n<ul>\r\n \t<li>Speciaal ontwikkeld voor (extreem) droge en gevoelige handen<\/li>\r\n \t<li>Helpt bij het verminderen van schilferige en droge handen<\/li>\r\n \t<li>Vermindert bijwerkingen van psoriasis en eczeem<\/li>\r\n \t<li>Intensief voedende en verzachtende werking<\/li>\r\n \t<li>Hypoallergeen<\/li>\r\n \t<li>Vrij van vaseline en paraffineolie<\/li>\r\n \t<li>Bevat geen parfum en kleurstoffen<\/li>\r\n \t<li>Bevordert een gezonde huidstructuur dankzij melkzuur<\/li>\r\n \t<li>Ondersteunt het behoud van een neutrale pH-waarde<\/li>\r\n \t<li>Niet op dieren getest<\/li>\r\n<\/ul>\r\n<strong>Gebruiksadvies<\/strong>\r\nNeem een kleine hoeveelheid Hypogeen Handcr\u00e8me en masseer deze grondig in de handen. Gebruik de cr\u00e8me naar wens meerdere keren per dag. Ons advies is om deze handcr\u00e8me dagelijks preventief te gebruiken om droge of overgevoelige handen te voorkomen.\r\n\r\n<strong>Ingredi\u00ebnten<\/strong>\r\nIngredi\u00ebnts (INCI): Aqua; Coco-Caprylate\/ Caprate; Caprylic\/Capric Triglyceride; Stearic Acid; Cetearyl Alcohol; Cetyl Alcohol; Glycerin; Simmondsia Chinensis Seed Oil; Squalane; Urea;Glyceryl Laurate; Tocopheryl Acetate; Phenoxyethanol; Sodium Lauryl Sulfate; Citric acid; Monosodium citrate; Piroctone Olamine\r\n\r\n<strong>Verbeterde receptuur<\/strong>\r\n\r\nHypogeen houdt van huid! Hypogeen is voortdurend in beweging. We stoppen al onze passie en expertise in de ontwikkeling en verbetering van onze huidproducten. We hebben de verpakking van onze Hypogeen producten gemoderniseerd. Tevens hebben de Hypogeen producten een verbeterde receptuur en zijn alle huidverzorgingsproducten microplastic- en siliconenvrij. Zo zorgt Hypogeen niet alleen voor een gezondere huid, maar ook voor een gezondere toekomst.\r\n\r\n<strong>Over Hypogeen<\/strong>\r\n\r\nHypogeen is een hypoallergene huidverzorgingslijn voor de overgevoelige huid. De huid werkt altijd hard om ons te beschermen, maar kan ook droog en gebarsten raken. De intensieve voedende werking van Hypogeen producten, helpt de huid tegen uitdroging, huidirritatie, eelt, kloven en geeft de huid rust. Door gebruik te maken van de unieke huidverzorgingslijn van Hypogeen zult u merken dat uw huid gezonder wordt. De producten binnen de Hypogeen lijn hebben een zeer hoog gehalte aan huideigen en huidverwante ingredi\u00ebnten, onder andere triglyceriden lecithine, ureum en Vitamine E. De Hypogeen handverzorgings-, voetverzorgings-, gezichtsverzorgings- en massageproducten levert Arcim Healthcare aan apotheken, pedicures, drogisterijen, groothandels en consumenten.","hoe_te_gebruiken":"Neem een kleine hoeveelheid Hypogeen Handcr\u00e8me en masseer deze grondig in de handen. Gebruik de cr\u00e8me naar wens meerdere keren per dag. Ons advies is om deze handcr\u00e8me dagelijks preventief te gebruiken om droge of overgevoelige handen te voorkomen.","Ingredienten":"Ingredi\u00ebnts (INCI): Aqua; Coco-Caprylate\/ Caprate; Caprylic\/Capric Triglyceride; Stearic Acid; Cetearyl Alcohol; Cetyl Alcohol; Glycerin; Simmondsia Chinensis Seed Oil; Squalane; Urea;Glyceryl Laurate; Tocopheryl Acetate; Phenoxyethanol; Sodium Lauryl Sulfate; Citric acid; Monosodium citrate; Piroctone Olamine","voordelen":"<ul>\r\n \t<li>Speciaal ontwikkeld voor (extreem) droge en gevoelige handen<\/li>\r\n \t<li>Helpt bij het verminderen van schilferige en droge handen<\/li>\r\n \t<li>Vermindert bijwerkingen van psoriasis en eczeem<\/li>\r\n \t<li>Intensief voedende en verzachtende werking<\/li>\r\n \t<li>Hypoallergeen<\/li>\r\n \t<li>Vrij van vaseline en paraffineolie<\/li>\r\n \t<li>Bevat geen parfum en kleurstoffen<\/li>\r\n \t<li>Bevordert een gezonde huidstructuur dankzij melkzuur<\/li>\r\n \t<li>Ondersteunt het behoud van een neutrale pH-waarde<\/li>\r\n \t<li>Niet op dieren getest<\/li>\r\n<\/ul>"},"_links":{"self":[{"href":"https:\/\/hypogeen.nl\/es\/wp-json\/wp\/v2\/product\/140","targetHints":{"allow":["GET"]}}],"collection":[{"href":"https:\/\/hypogeen.nl\/es\/wp-json\/wp\/v2\/product"}],"about":[{"href":"https:\/\/hypogeen.nl\/es\/wp-json\/wp\/v2\/types\/product"}],"replies":[{"embeddable":true,"href":"https:\/\/hypogeen.nl\/es\/wp-json\/wp\/v2\/comments?post=140"}],"version-history":[{"count":0,"href":"https:\/\/hypogeen.nl\/es\/wp-json\/wp\/v2\/product\/140\/revisions"}],"wp:featuredmedia":[{"embeddable":true,"href":"https:\/\/hypogeen.nl\/es\/wp-json\/wp\/v2\/media\/993767"}],"wp:attachment":[{"href":"https:\/\/hypogeen.nl\/es\/wp-json\/wp\/v2\/media?parent=140"}],"wp:term":[{"taxonomy":"product_brand","embeddable":true,"href":"https:\/\/hypogeen.nl\/es\/wp-json\/wp\/v2\/product_brand?post=140"},{"taxonomy":"product_cat","embeddable":true,"href":"https:\/\/hypogeen.nl\/es\/wp-json\/wp\/v2\/product_cat?post=140"},{"taxonomy":"product_tag","embeddable":true,"href":"https:\/\/hypogeen.nl\/es\/wp-json\/wp\/v2\/product_tag?post=140"}],"curies":[{"name":"wp","href":"https:\/\/api.w.org\/{rel}","templated":true}]}}