{"id":1420,"date":"2023-09-13T21:08:16","date_gmt":"2023-09-13T20:08:16","guid":{"rendered":"https:\/\/development.hypogeen.nl\/?post_type=product&#038;p=143"},"modified":"2026-03-31T08:45:36","modified_gmt":"2026-03-31T08:45:36","slug":"hypogeen-m-cose-kalknagelpen","status":"publish","type":"product","link":"https:\/\/hypogeen.nl\/es\/hypogeen-m-cose-kalknagelpen\/","title":{"rendered":"Hypogeen M-cose Kalknagelpen 2.5 g"},"content":{"rendered":"<div data-elementor-type=\"wp-post\" data-elementor-id=\"1420\" class=\"elementor elementor-1420\">\n\t\t\t\t<div class=\"wd-negative-gap elementor-element elementor-element-90daf3f e-flex e-con-boxed e-con e-parent\" data-id=\"90daf3f\" data-element_type=\"container\" data-e-type=\"container\">\n\t\t\t\t\t<div class=\"e-con-inner\">\n\t\t<div class=\"elementor-element elementor-element-92ffecd e-con-full e-flex e-con e-child\" data-id=\"92ffecd\" data-element_type=\"container\" data-e-type=\"container\">\n\t\t\t\t<div class=\"elementor-element elementor-element-6ee414d color-scheme-inherit text-left elementor-widget elementor-widget-text-editor\" data-id=\"6ee414d\" data-element_type=\"widget\" data-e-type=\"widget\" data-widget_type=\"text-editor.default\">\n\t\t\t\t<div class=\"elementor-widget-container\">\n\t\t\t\t\t\t\t\t\t<h2>Effectieve verzorging van kalknagels<\/h2><p>De Hypogeen M-cose Nagel- &amp; Huidpen biedt gerichte verzorging voor kalknagels aan handen en voeten. Verrijkt met Tea Tree olie, bekend om zijn schimmelwerende en helende eigenschappen, en glycerine die de nagels versterkt, helpt deze kalknagelpen bij het herstel van beschadigde nagels. Dankzij de watervrije formule kan het effectief doordringen in de nagel en snel werken zonder een onaangename geur, zoals veel andere anti-kalknagel producten. Dit maakt de pen ideaal voor dagelijks gebruik, zowel thuis als onderweg.<\/p><h2>Behandel schimmelnagels eenvoudig met de nagelpen<\/h2><p>Met de handige kalknagelolie-pen, kun je eenvoudig dagelijks kalknagels behandelen. Het kwastje maakt het aanbrengen gemakkelijk en nauwkeurig, zowel op de boven- als onderzijde van de nagel. De formule, verrijkt met Tea Tree olie voor kalknagels, biedt een effectieve oplossing zonder dat je last hebt van een vieze geur. De Hypogeen M-cose Nagel- &amp; Huidpen is compact en dus ideaal voor onderweg, zodat je altijd en overal je schimmelnagels kunt verzorgen.<\/p>\t\t\t\t\t\t\t\t<\/div>\n\t\t\t\t<\/div>\n\t\t\t\t<\/div>\n\t\t<div class=\"elementor-element elementor-element-6156ff3 e-con-full e-flex e-con e-child\" data-id=\"6156ff3\" data-element_type=\"container\" data-e-type=\"container\">\n\t\t\t\t<div class=\"elementor-element elementor-element-5a6f48a elementor-widget elementor-widget-wd_text_block\" data-id=\"5a6f48a\" data-element_type=\"widget\" data-e-type=\"widget\" data-widget_type=\"wd_text_block.default\">\n\t\t\t\t<div class=\"elementor-widget-container\">\n\t\t\t\t\t\t\t<div class=\"wd-text-block reset-last-child text-left\">\n\t\t\t\n\t\t\t<h2>Voordelen van de Hypogeen M-cose Nagel- &amp; Huidpen<\/h2><ul><li>Ayuda a cuidar las u\u00f1as con hongos en manos y pies<\/li><li>Bevat Tea Tree olie, bekend om zijn schimmelwerende en genezende eigenschappen<\/li><li>Fortalece las u\u00f1as gracias a la glicerina<\/li><li>Sin mal olor como muchos otros productos contra los hongos en las u\u00f1as<\/li><li>F\u00e1cil de aplicar con el pr\u00e1ctico pincel<\/li><li>F\u00f3rmula sin agua para una penetraci\u00f3n \u00f3ptima<\/li><li>Compact formaat van 2,5g, ideaal voor onderweg<\/li><\/ul>\n\t\t\t\t\t<\/div>\n\t\t\t\t\t\t<\/div>\n\t\t\t\t<\/div>\n\t\t\t\t<\/div>\n\t\t\t\t\t<\/div>\n\t\t\t\t<\/div>\n\t\t\t\t<\/div>","protected":false},"excerpt":{"rendered":"<p>El L\u00e1piz para U\u00f1as y Piel M-cose de Hypogeen ofrece un cuidado eficaz para u\u00f1as con hongos con aceite de \u00e1rbol de t\u00e9 y glicerina, sin mal olor. F\u00e1cil de aplicar con el pr\u00e1ctico pincel, perfecto para el uso diario.<\/p>","protected":false},"featured_media":993257,"comment_status":"open","ping_status":"closed","template":"elementor_theme","meta":{"_acf_changed":false},"product_brand":[373],"product_cat":[47,357,358,368,40],"product_tag":[],"class_list":{"0":"post-1420","1":"product","2":"type-product","3":"status-publish","4":"has-post-thumbnail","6":"product_brand-hypogeen","7":"product_cat-handverzorging","8":"product_cat-kalknagels","9":"product_cat-nagelverzorging","10":"product_cat-pedicure-producten","11":"product_cat-voetverzorging","13":"first","14":"instock","15":"taxable","16":"shipping-taxable","17":"purchasable","18":"product-type-simple"},"acf":{"bolcom_producttekst":"De Hypogeen M-cose Nagel- &amp; Huidpen biedt effectieve cosmetische verzorging voor kalknagels van handen en voeten. Verrijkt met Tea Tree olie, bekend om zijn helende eigenschappen, en glycerine die de nagels versterkt, helpt deze watervrije formule bij het herstellen van beschadigde nagels zonder vieze geur. Eenvoudig aan te brengen met het handige kwastje, masseer dagelijks op de boven- en onderzijde van de nagel en zie na enkele weken verbetering. Perfect voor onderweg door de handige penverpakking van 2.5g.\r\n\r\n<strong>\r\nVoordelen<\/strong>\r\n<ul>\r\n \t<li>Helpt bij het verzorgen van kalknagels aan handen en voeten<\/li>\r\n \t<li>Bevat Tea Tree olie, bekend om zijn genezende eigenschappen<\/li>\r\n \t<li>Versterkt nagels dankzij glycerine<\/li>\r\n \t<li>Geen vieze geur zoals veel andere anti-kalknagel producten<\/li>\r\n \t<li>Eenvoudig aan te brengen met het handige kwastje<\/li>\r\n \t<li>Watervrije formule voor optimale penetratie<\/li>\r\n \t<li>Handig formaat om overal mee naartoe te nemen<\/li>\r\n<\/ul>\r\n&nbsp;\r\n\r\n<strong>Gebruiksadvies<\/strong>\r\nHaal het dopje van de pen en draai de vloeistof omhoog in het borsteltje. Smeer de M-cose op de boven- en of onderkant van uw teennagels. Masseer de vloeistof goed in en laat dit ten minste 10 minuten intrekken. Maak hier een dagelijkse routine van. Na een aantal weken kunt u de pen nog maar 1x per week gebruiken.\r\n\r\n<strong>\r\nIngredi\u00ebnten<\/strong>\r\nIngredi\u00ebnts (INCI): Glycerin; Urea; Alcohol; Polysorbate 20; PEG-40 Hydrogenated Castor Oil; Isopropyl myristate; Allantoin; Lavandula Angustiflora Oil; Melaleuca Alternifolia Leaf Oil; Climbazole; Benzoic acid; Lactic Acid; Isopropyl Alcohol\r\n\r\n<strong>\r\nVerbeterde receptuur<\/strong>\r\n\r\nHypogeen houdt van huid! Hypogeen is voortdurend in beweging. We stoppen al onze passie en expertise in de ontwikkeling en verbetering van onze huidproducten. We hebben de verpakking van onze Hypogeen producten gemoderniseerd. Tevens hebben de Hypogeen producten een verbeterde receptuur en zijn alle huidverzorgingsproducten microplastic- en siliconenvrij. Zo zorgt Hypogeen niet alleen voor een gezondere huid, maar ook voor een gezondere toekomst.\r\n\r\n<strong>Over Hypogeen<\/strong>\r\n\r\nHypogeen is een hypoallergene huidverzorgingslijn voor de overgevoelige huid. De huid werkt altijd hard om ons te beschermen, maar kan ook droog en gebarsten raken. De intensieve voedende werking van Hypogeen producten, helpt de huid tegen uitdroging, huidirritatie, eelt, kloven en geeft de huid rust. Door gebruik te maken van de unieke huidverzorgingslijn van Hypogeen zult u merken dat uw huid gezonder wordt. De producten binnen de Hypogeen lijn hebben een zeer hoog gehalte aan huideigen en huidverwante ingredi\u00ebnten, onder andere triglyceriden lecithine, ureum en Vitamine E. De Hypogeen handverzorgings-, voetverzorgings-, gezichtsverzorgings- en massageproducten levert Arcim Healthcare aan apotheken, pedicures, drogisterijen, groothandels en consumenten.","hoe_te_gebruiken":"Haal het dopje van de pen en draai de vloeistof omhoog in het borsteltje. Smeer de M-cose op de boven- en of onderkant van uw teennagels. Masseer de vloeistof goed in en laat dit ten minste 10 minuten intrekken. Maak hier een dagelijkse routine van. Na een aantal weken kunt u de pen nog maar 1x per week gebruiken.","Ingredienten":"Ingredi\u00ebnts (INCI): Glycerin; Urea; Alcohol; Polysorbate 20; PEG-40 Hydrogenated Castor Oil; Isopropyl myristate; Allantoin; Lavandula Angustiflora Oil; Melaleuca Alternifolia Leaf Oil; Climbazole; Benzoic acid; Lactic Acid; Isopropyl Alcohol","voordelen":"<ul>\r\n \t<li>Helpt bij het verzorgen van kalknagels aan handen en voeten<\/li>\r\n \t<li>Bevat Tea Tree olie, bekend om zijn genezende eigenschappen<\/li>\r\n \t<li>Versterkt nagels dankzij glycerine<\/li>\r\n \t<li>Geen vieze geur zoals veel andere anti-kalknagel producten<\/li>\r\n \t<li>Eenvoudig aan te brengen met het handige kwastje<\/li>\r\n \t<li>Watervrije formule voor optimale penetratie<\/li>\r\n \t<li>Handig formaat om overal mee naartoe te nemen<\/li>\r\n<\/ul>"},"_links":{"self":[{"href":"https:\/\/hypogeen.nl\/es\/wp-json\/wp\/v2\/product\/1420","targetHints":{"allow":["GET"]}}],"collection":[{"href":"https:\/\/hypogeen.nl\/es\/wp-json\/wp\/v2\/product"}],"about":[{"href":"https:\/\/hypogeen.nl\/es\/wp-json\/wp\/v2\/types\/product"}],"replies":[{"embeddable":true,"href":"https:\/\/hypogeen.nl\/es\/wp-json\/wp\/v2\/comments?post=1420"}],"version-history":[{"count":2,"href":"https:\/\/hypogeen.nl\/es\/wp-json\/wp\/v2\/product\/1420\/revisions"}],"predecessor-version":[{"id":1003268,"href":"https:\/\/hypogeen.nl\/es\/wp-json\/wp\/v2\/product\/1420\/revisions\/1003268"}],"wp:featuredmedia":[{"embeddable":true,"href":"https:\/\/hypogeen.nl\/es\/wp-json\/wp\/v2\/media\/993257"}],"wp:attachment":[{"href":"https:\/\/hypogeen.nl\/es\/wp-json\/wp\/v2\/media?parent=1420"}],"wp:term":[{"taxonomy":"product_brand","embeddable":true,"href":"https:\/\/hypogeen.nl\/es\/wp-json\/wp\/v2\/product_brand?post=1420"},{"taxonomy":"product_cat","embeddable":true,"href":"https:\/\/hypogeen.nl\/es\/wp-json\/wp\/v2\/product_cat?post=1420"},{"taxonomy":"product_tag","embeddable":true,"href":"https:\/\/hypogeen.nl\/es\/wp-json\/wp\/v2\/product_tag?post=1420"}],"curies":[{"name":"wp","href":"https:\/\/api.w.org\/{rel}","templated":true}]}}