{"id":992360,"date":"2024-07-24T10:12:03","date_gmt":"2024-07-24T10:12:03","guid":{"rendered":"https:\/\/hypogeen.nl\/?post_type=product&#038;p=992360"},"modified":"2026-04-02T10:08:08","modified_gmt":"2026-04-02T10:08:08","slug":"hypogeen-crema-pies-piernas-50ml","status":"publish","type":"product","link":"https:\/\/hypogeen.nl\/es\/hypogeen-crema-pies-piernas-50ml\/","title":{"rendered":"Hypogeen Crema para Pies y Piernas 50ml"},"content":{"rendered":"\t\t<div data-elementor-type=\"wp-post\" data-elementor-id=\"992360\" class=\"elementor elementor-992360\">\n\t\t\t\t<div class=\"wd-negative-gap elementor-element elementor-element-23fd184 e-flex e-con-boxed e-con e-parent\" data-id=\"23fd184\" data-element_type=\"container\" data-e-type=\"container\">\n\t\t\t\t\t<div class=\"e-con-inner\">\n\t\t<div class=\"elementor-element elementor-element-e96b8c3 e-con-full e-flex e-con e-child\" data-id=\"e96b8c3\" data-element_type=\"container\" data-e-type=\"container\">\n\t\t\t\t<div class=\"elementor-element elementor-element-690ab94 color-scheme-inherit text-left elementor-widget elementor-widget-text-editor\" data-id=\"690ab94\" data-element_type=\"widget\" data-e-type=\"widget\" data-widget_type=\"text-editor.default\">\n\t\t\t\t<div class=\"elementor-widget-container\">\n\t\t\t\t\t\t\t\t\t<div class=\"flex-shrink-0 flex flex-col relative items-end\"><h2><span style=\"color: #1b1919; font-size: 22px;\">Hypogeen Voet- en Beencr\u00e8me in 50 ml Tube<\/span><\/h2><\/div><div class=\"group\/conversation-turn relative flex w-full min-w-0 flex-col agent-turn\"><div class=\"flex-col gap-1 md:gap-3\"><div class=\"flex max-w-full flex-col flex-grow\"><div class=\"min-h-8 text-message flex w-full flex-col items-end gap-2 whitespace-normal break-words text-start [.text-message+&amp;]:mt-5\" dir=\"auto\" data-message-author-role=\"assistant\" data-message-id=\"4f08f0ae-a072-47b3-beec-67d0e4c010d8\" data-message-model-slug=\"gpt-4o-mini\"><div class=\"flex w-full flex-col gap-1 empty:hidden first:pt-[3px]\"><div class=\"markdown prose w-full break-words dark:prose-invert light\"><p>De Hypogeen Voet- en Beencr\u00e8me is nu ook beschikbaar in een praktische 50 ml tube, speciaal ontwikkeld voor de (extreem) droge en gevoelige huid van uw voeten en onderbenen. Deze rijke, intensief hydraterende cr\u00e8me is vrij van paraffine-olie, vaseline, geur- en kleurstoffen en biedt uitstekende verzorging en bescherming tegen veelvoorkomende huidproblemen zoals kloven, schilfering en eelt. De compacte tube is ideaal voor onderweg, zodat u altijd en overal kunt zorgen voor de verzorging van uw voeten.<\/p><h2>Rijke verzorging met papaya-extract en ureum<\/h2><p>Met de kracht van papaya-extract, rijk aan antioxidanten en collageen-stimulerende eigenschappen, kalmeert de cr\u00e8me de huid en helpt deze de elasticiteit te verbeteren. Ureum hydrateert diep en ondersteunt het herstel van de huidbarri\u00e8re, terwijl huideigen stoffen zoals triglyceriden en lecithine de natuurlijke vet- en vochtbalans herstellen. Dankzij de pH-waarde van 5.5 sluit de cr\u00e8me perfect aan bij de natuurlijke pH van de huid, waardoor het veilig en niet-irriterend is, zelfs voor de meest gevoelige huid. De 50 ml tube is niet alleen praktisch voor dagelijks gebruik, maar ook gemakkelijk mee te nemen, zodat uw voeten altijd optimaal verzorgd blijven, waar u ook bent.<\/p><\/div><\/div><\/div><\/div><\/div><\/div>\t\t\t\t\t\t\t\t<\/div>\n\t\t\t\t<\/div>\n\t\t\t\t<\/div>\n\t\t<div class=\"elementor-element elementor-element-8d5f741 e-con-full e-flex e-con e-child\" data-id=\"8d5f741\" data-element_type=\"container\" data-e-type=\"container\">\n\t\t\t\t<div class=\"elementor-element elementor-element-17d9cde elementor-widget elementor-widget-wd_text_block\" data-id=\"17d9cde\" data-element_type=\"widget\" data-e-type=\"widget\" data-widget_type=\"wd_text_block.default\">\n\t\t\t\t<div class=\"elementor-widget-container\">\n\t\t\t\t\t\t\t<div class=\"wd-text-block reset-last-child text-left\">\n\t\t\t\n\t\t\t<h2>Voordelen van Hypogeen Voet- en Beencr\u00e8me<\/h2><ul><li>Vermindert de kans op kloven, schilfering en eelt, en zorgt voor een gladde, gezonde huid.<\/li><li>Papaya-extract versnelt het genezingsproces van wondjes, verbetert huidelasticiteit en helpt rimpels tegengaan.<\/li><li>Stimuleert collageenproductie dankzij het hoge vitamine C-gehalte in papaya.<\/li><li>Bevat huideigen stoffen zoals triglyceriden, lecithine en ureum om de vet- en vochtbalans te herstellen.<\/li><li>Vrij van paraffine-olie, vaseline, geur- en kleurstoffen, ideaal voor de extreem gevoelige huid.<\/li><li>pH-waarde van 5.5, afgestemd op de natuurlijke pH van de huid, voor zachte en veilige verzorging.<\/li><li>Geschikt voor dagelijks gebruik, ook door mensen met diabetes.<\/li><\/ul>\n\t\t\t\t\t<\/div>\n\t\t\t\t\t\t<\/div>\n\t\t\t\t<\/div>\n\t\t\t\t<\/div>\n\t\t\t\t\t<\/div>\n\t\t\t\t<\/div>\n\t\t\t\t<\/div>\n\t\t","protected":false},"excerpt":{"rendered":"<p>Mima tus pies y piernas con la Crema para Pies y Piernas Hypogeen, especialmente desarrollada para pieles (extremadamente) secas y sensibles. Esta rica crema proporciona un cuidado y protecci\u00f3n \u00f3ptimos, asegurando una piel suave y flexible. Ahora disponible en un pr\u00e1ctico tubo de 50ml.<\/p>","protected":false},"featured_media":992342,"comment_status":"open","ping_status":"closed","template":"elementor_theme","meta":{"_acf_changed":false},"product_brand":[373],"product_cat":[359,45,368,356,40],"product_tag":[],"class_list":{"0":"post-992360","1":"product","2":"type-product","3":"status-publish","4":"has-post-thumbnail","6":"product_brand-hypogeen","7":"product_cat-beencremes","8":"product_cat-lichaamsverzorging","9":"product_cat-pedicure-producten","10":"product_cat-voetcremes","11":"product_cat-voetverzorging","13":"first","14":"instock","15":"taxable","16":"shipping-taxable","17":"purchasable","18":"product-type-simple"},"acf":{"bolcom_producttekst":"De Hypogeen Voet- en Beencr\u00e8me, nu ook verkrijgbaar in een handige 50 ml tube, is de compacte versie van onze bestseller met 5 sterren op Bol.com. Deze cr\u00e8me is speciaal ontwikkeld voor de (extreem) droge en gevoelige huid van uw voeten en onderbenen. De rijke formule, vrij van paraffine-olie en vaseline, biedt optimale verzorging en bescherming, en helpt huidproblemen zoals kloven, schilfering en eelt te voorkomen. Met antioxidatieve en collageen-stimulerende eigenschappen van papaya-extract, en huideigen stoffen zoals triglyceriden, lecithine en ureum, herstelt de cr\u00e8me de natuurlijke vet- en vochtbalans van de huid. Dankzij de pH-waarde van 5.5 sluit de cr\u00e8me perfect aan bij de natuurlijke pH van de huid en is het veilig te gebruiken voor mensen met diabetes. De 50 ml tube is ideaal voor onderweg, zodat u altijd en overal kunt genieten van zachte, soepele voeten en onderbenen.\r\n\r\n<strong>Voordelen<\/strong>\r\n<ul>\r\n \t<li>De unieke formule vermindert de kans op huidproblemen (kloven, schilfering en eelt) en zorgt voor een gladde, gezonde huid.<\/li>\r\n \t<li>Bevat Papaya-Extract. Dit heeft antioxidatieve eigenschappen die wondjes sneller laten genezen, de elasticiteit van de huid verbeteren en rimpels tegengaan. Bovendien ondersteunt het hoge gehalte aan vitamine C in papaya de productie van collageen, wat zorgt voor een stevige en veerkrachtige huid.<\/li>\r\n \t<li>Bevat huideigen en huidverwante stoffen zoals triglyceriden, lecithine en ureum, die helpen de natuurlijke vet- en vochtbalans van de huid te herstellen.<\/li>\r\n \t<li>De cr\u00e8me is vrij van paraffine-olie en vaseline, waardoor de huid niet wordt afgesloten. Tevens bevat het geen geur- en kleurstoffen, wat het ideaal maakt voor de extreem gevoelige huid.<\/li>\r\n \t<li>Met een pH waarde van 5.5 is de cr\u00e8me perfect afgestemd op de natuurlijke pH van de huid.<\/li>\r\n \t<li>Veilig te gebruiken voor mensen met diabetes<\/li>\r\n<\/ul>\r\n<strong>Gebruiksadvies<\/strong>\r\n\r\nDeze handige tube bevat 50 ml Hypogeen Voet- en Beencr\u00e8me, perfect voor dagelijks gebruik en onderweg. Breng de cr\u00e8me aan op schone, droge voeten en onderbenen, en masseer zachtjes in totdat het volledig is opgenomen (circa 10 minuten). Ons advies is om dit product 1x per dag te gebruiken.\r\n\r\n<strong>Ingredi\u00ebnten\u00a0<\/strong>\r\n\r\nINCI (ingredi\u00ebnts): Aqua; Glycerin; Caprylic\/Capric Triglyceride; Urea; C10-18 Triglycerides; Peg-100 Stearate; Ethylhexyl Stearate; Stearyl Alcohol; Cetyl Alcohol; Simmondsia Chinensis Seed Oil; Phenoxyethanol; Lactic Acid; Tocopheryl Acetate; Cetearyl Alcohol; Sodium Hydroxide; Tetrasodium Glutamate Diacetate; Tetradecanol; Sodium C12-18 Alkyl Sulfate; Sodium Cetyl\/Stearyl Sulfate; Piroctone Olamine; Carica Papaya Fruit Extract; Thymus Vulgaris Oil\r\n\r\n<strong>Verbeterde receptuur<\/strong>\r\n\r\nHypogeen houdt van huid! Hypogeen is voortdurend in beweging. We stoppen al onze passie en expertise in de ontwikkeling en verbetering van onze huidproducten. We hebben de verpakking van onze Hypogeen producten gemoderniseerd. Tevens hebben de Hypogeen producten een verbeterde receptuur en zijn alle huidverzorgingsproducten microplastic- en siliconenvrij. Zo zorgt Hypogeen niet alleen voor een gezondere huid, maar ook voor een gezondere toekomst.\r\n\r\n<strong>Over Hypogeen<\/strong>\r\n\r\nHypogeen is een hypoallergene huidverzorgingslijn voor de overgevoelige huid. De huid werkt altijd hard om ons te beschermen, maar kan ook droog en gebarsten raken. De intensieve voedende werking van Hypogeen producten, helpt de huid tegen uitdroging, huidirritatie, eelt, kloven en geeft de huid rust. Door gebruik te maken van de unieke huidverzorgingslijn van Hypogeen zult u merken dat uw huid gezonder wordt. De producten binnen de Hypogeen lijn hebben een zeer hoog gehalte aan huideigen en huidverwante ingredi\u00ebnten, onder andere triglyceriden lecithine, ureum en Vitamine E. De Hypogeen handverzorgings-, voetverzorgings-, gezichtsverzorgings- en massageproducten levert Arcim Healthcare aan apotheken, pedicures, drogisterijen, groothandels en consumenten.\r\n\r\n&nbsp;","hoe_te_gebruiken":"Deze handige tube bevat 50 ml Hypogeen Voet- en Beencr\u00e8me, perfect voor dagelijks gebruik en onderweg. Breng de cr\u00e8me aan op schone, droge voeten en onderbenen, en masseer zachtjes in totdat het volledig is opgenomen (circa 10 minuten). Ons advies is om dit product 1x per dag te gebruiken.","Ingredienten":"INCI (ingredi\u00ebnts): Aqua; Glycerin; Caprylic\/Capric Triglyceride; Urea; C10-18 Triglycerides; Peg-100 Stearate; Ethylhexyl Stearate; Stearyl Alcohol; Cetyl Alcohol; Simmondsia Chinensis Seed Oil; Phenoxyethanol; Lactic Acid; Tocopheryl Acetate; Cetearyl Alcohol; Sodium Hydroxide; Tetrasodium Glutamate Diacetate; Tetradecanol; Sodium C12-18 Alkyl Sulfate; Sodium Cetyl\/Stearyl Sulfate; Piroctone Olamine; Carica Papaya Fruit Extract; Thymus Vulgaris Oil","voordelen":"<div class=\"flex flex-grow flex-col max-w-full\">\r\n<div class=\"min-h-[20px] text-message flex w-full flex-col items-end gap-2 whitespace-pre-wrap break-words [.text-message+&amp;]:mt-5 overflow-x-auto\" dir=\"auto\" data-message-author-role=\"assistant\" data-message-id=\"e577c893-fb18-49aa-a2bc-2f4a07503550\">\r\n<div class=\"flex w-full flex-col gap-1 empty:hidden first:pt-[3px]\">\r\n<div class=\"markdown prose w-full break-words dark:prose-invert light\">\r\n<ul>\r\n \t<li>De unieke formule vermindert de kans op huidproblemen (kloven, schilfering en eelt) en zorgt voor een gladde, gezonde huid.<\/li>\r\n \t<li>Bevat Papaya-Extract. Dit heeft antioxidatieve eigenschappen die wondjes sneller laten genezen, de elasticiteit van de huid verbeteren en rimpels tegengaan. Bovendien ondersteunt het hoge gehalte aan vitamine C in papaya de productie van collageen, wat zorgt voor een stevige en veerkrachtige huid.<\/li>\r\n \t<li>Bevat huideigen en huidverwante stoffen zoals triglyceriden, lecithine en ureum, die helpen de natuurlijke vet- en vochtbalans van de huid te herstellen.<\/li>\r\n \t<li>De cr\u00e8me is vrij van paraffine-olie en vaseline, waardoor de huid niet wordt afgesloten. Tevens bevat het geen geur- en kleurstoffen, wat het ideaal maakt voor de extreem gevoelige huid.<\/li>\r\n \t<li>Met een pH waarde van 5.5 is de cr\u00e8me perfect afgestemd op de natuurlijke pH van de huid.<\/li>\r\n \t<li>Veilig te gebruiken voor mensen met diabetes<\/li>\r\n<\/ul>\r\n<\/div>\r\n<\/div>\r\n<\/div>\r\n<\/div>"},"_links":{"self":[{"href":"https:\/\/hypogeen.nl\/es\/wp-json\/wp\/v2\/product\/992360","targetHints":{"allow":["GET"]}}],"collection":[{"href":"https:\/\/hypogeen.nl\/es\/wp-json\/wp\/v2\/product"}],"about":[{"href":"https:\/\/hypogeen.nl\/es\/wp-json\/wp\/v2\/types\/product"}],"replies":[{"embeddable":true,"href":"https:\/\/hypogeen.nl\/es\/wp-json\/wp\/v2\/comments?post=992360"}],"version-history":[{"count":1,"href":"https:\/\/hypogeen.nl\/es\/wp-json\/wp\/v2\/product\/992360\/revisions"}],"predecessor-version":[{"id":1003810,"href":"https:\/\/hypogeen.nl\/es\/wp-json\/wp\/v2\/product\/992360\/revisions\/1003810"}],"wp:featuredmedia":[{"embeddable":true,"href":"https:\/\/hypogeen.nl\/es\/wp-json\/wp\/v2\/media\/992342"}],"wp:attachment":[{"href":"https:\/\/hypogeen.nl\/es\/wp-json\/wp\/v2\/media?parent=992360"}],"wp:term":[{"taxonomy":"product_brand","embeddable":true,"href":"https:\/\/hypogeen.nl\/es\/wp-json\/wp\/v2\/product_brand?post=992360"},{"taxonomy":"product_cat","embeddable":true,"href":"https:\/\/hypogeen.nl\/es\/wp-json\/wp\/v2\/product_cat?post=992360"},{"taxonomy":"product_tag","embeddable":true,"href":"https:\/\/hypogeen.nl\/es\/wp-json\/wp\/v2\/product_tag?post=992360"}],"curies":[{"name":"wp","href":"https:\/\/api.w.org\/{rel}","templated":true}]}}