{"id":990270,"date":"2024-06-25T15:13:42","date_gmt":"2024-06-25T15:13:42","guid":{"rendered":"https:\/\/development.hypogeen.nl\/?page_id=990270"},"modified":"2025-10-01T11:38:46","modified_gmt":"2025-10-01T11:38:46","slug":"a-propos-de-hypogeen","status":"publish","type":"page","link":"https:\/\/hypogeen.nl\/fr\/a-propos-de-hypogeen\/","title":{"rendered":"\u00c0 propos"},"content":{"rendered":"<div data-elementor-type=\"wp-page\" data-elementor-id=\"990270\" class=\"elementor elementor-990270\">\n\t\t\t\t<div class=\"elementor-element elementor-element-8ef6ac0 e-con-full wd-section-stretch e-flex e-con e-parent\" data-id=\"8ef6ac0\" data-element_type=\"container\" data-e-type=\"container\" data-settings=\"{&quot;background_background&quot;:&quot;classic&quot;,&quot;shape_divider_bottom&quot;:&quot;wd_curved_line&quot;}\">\n\t\t\t\t<div class=\"elementor-shape elementor-shape-bottom\" aria-hidden=\"true\" data-negative=\"false\">\n\t\t\t<svg xmlns=\"http:\/\/www.w3.org\/2000\/svg\" class=\"wd-divider\" xmlns:xlink=\"http:\/\/www.w3.org\/1999\/xlink\" x=\"0px\" y=\"0px\"\n\t viewbox=\"0 0 100 100\" width=\"100%\" height=\"50px\" preserveaspectratio=\"none\">\n<path class=\"elementor-shape-fill\" display=\"none\" d=\"M100,25.8V100H0V52.5c-4.9-6.8-9.5-13.8-15-19.7V101h125V20.9C106.3,22,103,23.7,100,25.8z\"\/>\n<path class=\"elementor-shape-fill\" d=\"M0,0v99c22-20.6,28.7-69.7,61.4-69.7c18.8,0,29.1,16.2,38.6,34V0L0,0z\"\/>\n<\/svg>\n\t\t<\/div>\n\t\t\t\t<div class=\"elementor-element elementor-element-550f36e elementor-widget elementor-widget-heading\" data-id=\"550f36e\" data-element_type=\"widget\" data-e-type=\"widget\" data-widget_type=\"heading.default\">\n\t\t\t\t<div class=\"elementor-widget-container\">\n\t\t\t\t\t<h1 class=\"elementor-heading-title elementor-size-default\">Votre marque de soins de la peau hypoallerg\u00e9nique<\/h1>\t\t\t\t<\/div>\n\t\t\t\t<\/div>\n\t\t\t\t<\/div>\n\t\t<div class=\"wd-negative-gap elementor-element elementor-element-dc58d8c wd-section-stretch e-flex e-con-boxed e-con e-parent\" data-id=\"dc58d8c\" data-element_type=\"container\" data-e-type=\"container\" data-settings=\"{&quot;background_background&quot;:&quot;classic&quot;}\">\n\t\t\t\t\t<div class=\"e-con-inner\">\n\t\t\t\t<div class=\"elementor-element elementor-element-316c3fe elementor-widget__width-initial elementor-widget-tablet__width-inherit wd-width-100 elementor-widget elementor-widget-wd_title\" data-id=\"316c3fe\" data-element_type=\"widget\" data-e-type=\"widget\" data-widget_type=\"wd_title.default\">\n\t\t\t\t<div class=\"elementor-widget-container\">\n\t\t\t\t\t\t\t<div class=\"title-wrapper wd-set-mb reset-last-child wd-title-color-primary wd-title-style-default wd-title-size-large text-left\">\n\n\t\t\t\t\t\t\t\t\t\t\t<div class=\"title-subtitle subtitle-color-primary subtitle-style-default wd-fontsize-xs\">\n\t\t\t\t\tNous serions heureux de vous en dire plus\t\t\t\t<\/div>\n\t\t\t\n\t\t\t<div class=\"liner-continer\">\n\t\t\t\t<h2 class=\"woodmart-title-container title wd-fontsize-xxl\">Soins de la peau bons et bienfaits<\/h2> \n\t\t\t\t\t\t\t<\/div>\n\n\t\t\t\t\t<\/div>\n\t\t\t\t\t\t<\/div>\n\t\t\t\t<\/div>\n\t\t\t\t<div class=\"elementor-element elementor-element-25ac9b9 elementor-widget__width-initial elementor-widget elementor-widget-wd_infobox\" data-id=\"25ac9b9\" data-element_type=\"widget\" data-e-type=\"widget\" data-widget_type=\"wd_infobox.default\">\n\t\t\t\t<div class=\"elementor-widget-container\">\n\t\t\t\t\t\t\t<div class=\"info-box-wrapper\">\n\t\t\t<div class=\"wd-info-box text-left box-icon-align-top box-style-base color-scheme- with-btn box-btn-static\">\n\t\t\t\t\n\t\t\t\t<div class=\"info-box-content\">\n\t\t\t\t\t\n\t\t\t\t\t\t\t\t\t\t\t<h4\t\t\t\t\t\tclass=\"info-box-title title box-title-style-default wd-fontsize-m\" data-elementor-setting-key=\"title\">\n\t\t\t\t\t\t\t\tNotre mission\t\t\t\t\t\t<\/h4>\n\t\t\t\t\t\n\t\t\t\t\t<div class=\"info-box-inner reset-last-child\"data-elementor-setting-key=\"content\"><p>Soins de la peau pour tous, avec des produits \u00e0 la fois efficaces et s\u00fbrs pour les types de peau les plus sensibles.<\/p>\n<\/div>\n\n\t\t\t\t\t\t\t\t\t\t\t<div class=\"info-btn-wrapper\">\n\t\t\t\t\t\t\t\t\t<div class=\"wd-button-wrapper text-left\" >\n\t\t\t<a class=\"btn btn-style-link btn-shape- btn-size-small btn-color-primary btn-icon-pos-right\"  href=\"#missie\">\n\t\t\t\t<span class=\"wd-btn-text\" data-elementor-setting-key=\"text\">\n\t\t\t\t\tEn savoir plus\t\t\t\t<\/span>\n\n\t\t\t\t\t\t\t<\/a>\n\t\t<\/div>\n\t\t\t\t\t\t\t\t<\/div>\n\t\t\t\t\t\t\t\t\t<\/div>\n\n\t\t\t\t\t\t\t<\/div>\n\t\t<\/div>\n\t\t\t\t\t\t<\/div>\n\t\t\t\t<\/div>\n\t\t\t\t<div class=\"elementor-element elementor-element-fc33b3d elementor-widget__width-initial elementor-widget elementor-widget-wd_infobox\" data-id=\"fc33b3d\" data-element_type=\"widget\" data-e-type=\"widget\" data-widget_type=\"wd_infobox.default\">\n\t\t\t\t<div class=\"elementor-widget-container\">\n\t\t\t\t\t\t\t<div class=\"info-box-wrapper\">\n\t\t\t<div class=\"wd-info-box text-left box-icon-align-top box-style-base color-scheme- with-btn box-btn-static\">\n\t\t\t\t\n\t\t\t\t<div class=\"info-box-content\">\n\t\t\t\t\t\n\t\t\t\t\t\t\t\t\t\t\t<h4\t\t\t\t\t\tclass=\"info-box-title title box-title-style-default wd-fontsize-m\" data-elementor-setting-key=\"title\">\n\t\t\t\t\t\t\t\tNotre vision\t\t\t\t\t\t<\/h4>\n\t\t\t\t\t\n\t\t\t\t\t<div class=\"info-box-inner reset-last-child\"data-elementor-setting-key=\"content\"><p>Am\u00e9liorer nos produits et processus pour offrir les meilleurs soins \u00e0 la fois pour votre peau et pour la plan\u00e8te.<\/p>\n<\/div>\n\n\t\t\t\t\t\t\t\t\t\t\t<div class=\"info-btn-wrapper\">\n\t\t\t\t\t\t\t\t\t<div class=\"wd-button-wrapper text-left\" >\n\t\t\t<a class=\"btn btn-style-link btn-shape- btn-size-small btn-color-primary btn-icon-pos-right\"  href=\"#visie\">\n\t\t\t\t<span class=\"wd-btn-text\" data-elementor-setting-key=\"text\">\n\t\t\t\t\tEn savoir plus\t\t\t\t<\/span>\n\n\t\t\t\t\t\t\t<\/a>\n\t\t<\/div>\n\t\t\t\t\t\t\t\t<\/div>\n\t\t\t\t\t\t\t\t\t<\/div>\n\n\t\t\t\t\t\t\t<\/div>\n\t\t<\/div>\n\t\t\t\t\t\t<\/div>\n\t\t\t\t<\/div>\n\t\t\t\t\t<\/div>\n\t\t\t\t<\/div>\n\t\t<div class=\"wd-negative-gap elementor-element elementor-element-2999de7 e-flex e-con-boxed e-con e-parent\" data-id=\"2999de7\" data-element_type=\"container\" data-e-type=\"container\">\n\t\t\t\t\t<div class=\"e-con-inner\">\n\t\t<div class=\"elementor-element elementor-element-fc6eacb e-con-full e-flex e-con e-child\" data-id=\"fc6eacb\" data-element_type=\"container\" data-e-type=\"container\">\n\t\t\t\t<div class=\"elementor-element elementor-element-de4e6a1 elementor-widget elementor-widget-wd_image_or_svg\" data-id=\"de4e6a1\" data-element_type=\"widget\" data-e-type=\"widget\" data-widget_type=\"wd_image_or_svg.default\">\n\t\t\t\t<div class=\"elementor-widget-container\">\n\t\t\t\t\t\n\t\t<div class=\"wd-image text-left\">\n\t\t\t\t\t\t\t\t<img loading=\"lazy\" decoding=\"async\" width=\"600\" height=\"510\" src=\"https:\/\/hypogeen.nl\/wp-content\/uploads\/2024\/12\/Productie_13-scaled-e1734422610629-600x510.jpg\" class=\"attachment-600x510 size-600x510\" alt=\"\" srcset=\"https:\/\/hypogeen.nl\/wp-content\/uploads\/2024\/12\/Productie_13-scaled-e1734422610629-600x510.jpg 600w, https:\/\/hypogeen.nl\/wp-content\/uploads\/2024\/12\/Productie_13-scaled-e1734422610629-10x9.jpg 10w, https:\/\/hypogeen.nl\/wp-content\/uploads\/2024\/12\/Productie_13-scaled-e1734422610629-13x12.jpg 13w\" sizes=\"auto, (max-width: 600px) 100vw, 600px\" \/>\t\t\t\t\t<\/div>\n\n\t\t\t\t\t\t<\/div>\n\t\t\t\t<\/div>\n\t\t\t\t<\/div>\n\t\t<div class=\"elementor-element elementor-element-198b587 e-con-full e-flex e-con e-child\" data-id=\"198b587\" data-element_type=\"container\" data-e-type=\"container\">\n\t\t\t\t<div class=\"elementor-element elementor-element-ee28265 elementor-widget__width-initial wd-width-100 elementor-widget elementor-widget-wd_title\" data-id=\"ee28265\" data-element_type=\"widget\" data-e-type=\"widget\" data-widget_type=\"wd_title.default\">\n\t\t\t\t<div class=\"elementor-widget-container\">\n\t\t\t\t\t\t\t<div class=\"title-wrapper wd-set-mb reset-last-child wd-title-color-primary wd-title-style-default wd-title-size-large text-left\">\n\n\t\t\t\t\t\t\t\t\t\t\t<div class=\"title-subtitle subtitle-color-primary subtitle-style-default wd-fontsize-xs\">\n\t\t\t\t\t#1 dans les soins de la peau hypoallerg\u00e9niques\t\t\t\t<\/div>\n\t\t\t\n\t\t\t<div class=\"liner-continer\">\n\t\t\t\t<h2 class=\"woodmart-title-container title wd-fontsize-xxl\">\u00c0 propos<\/h2> \n\t\t\t\t\t\t\t<\/div>\n\n\t\t\t\t\t\t\t<div class=\"title-after_title reset-last-child wd-fontsize-s\">\n\t\t\t\t\t<p><em>Depuis plus de 35 ans, nous sommes reconnus comme le sp\u00e9cialiste des soins de la peau hypoallerg\u00e9niques, avec une large gamme r\u00e9pondant aux plus hauts standards en Europe.<\/em><\/p>\t\t\t\t<\/div>\n\t\t\t\t\t<\/div>\n\t\t\t\t\t\t<\/div>\n\t\t\t\t<\/div>\n\t\t\t\t<div class=\"elementor-element elementor-element-b5e68a8 elementor-widget elementor-widget-wd_text_block\" data-id=\"b5e68a8\" data-element_type=\"widget\" data-e-type=\"widget\" data-widget_type=\"wd_text_block.default\">\n\t\t\t\t<div class=\"elementor-widget-container\">\n\t\t\t\t\t\t\t<div class=\"wd-text-block reset-last-child text-left\">\n\t\t\t\n\t\t\t<p>Hypogeen, faisant partie d'Arcim Healthcare, est un nom de confiance dans les soins de la peau hypoallerg\u00e9niques depuis des ann\u00e9es. Nos produits ne se trouvent pas seulement chez les grossistes et dans les magasins, mais sont \u00e9galement largement utilis\u00e9s par les p\u00e9dicures et les salons de massage dans toute les Pays-Bas. Depuis plus de 35 ans, nous d\u00e9veloppons des formules efficaces et s\u00fbres, m\u00eame adapt\u00e9es aux peaux les plus sensibles.<\/p><p>Autrefois, nous nous concentrions principalement sur les soins des pieds pour les p\u00e9dicures aux Pays-Bas, aujourd'hui nous proposons une large gamme de produits de soins de la peau hypoallerg\u00e9niques disponibles dans toute l'Europe.<\/p>\n\t\t\t\t\t<\/div>\n\t\t\t\t\t\t<\/div>\n\t\t\t\t<\/div>\n\t\t\t\t<\/div>\n\t\t\t\t\t<\/div>\n\t\t\t\t<\/div>\n\t\t<div class=\"wd-negative-gap elementor-element elementor-element-6e4a31f e-flex e-con-boxed e-con e-parent\" data-id=\"6e4a31f\" data-element_type=\"container\" data-e-type=\"container\">\n\t\t\t\t\t<div class=\"e-con-inner\">\n\t\t<div class=\"elementor-element elementor-element-108308c e-con-full e-flex e-con e-child\" data-id=\"108308c\" data-element_type=\"container\" data-e-type=\"container\">\n\t\t\t\t<div class=\"elementor-element elementor-element-e4df4d3 elementor-widget__width-initial wd-width-100 elementor-widget elementor-widget-wd_title\" data-id=\"e4df4d3\" data-element_type=\"widget\" data-e-type=\"widget\" data-widget_type=\"wd_title.default\">\n\t\t\t\t<div class=\"elementor-widget-container\">\n\t\t\t\t\t\t\t<div class=\"title-wrapper wd-set-mb reset-last-child wd-title-color-primary wd-title-style-default wd-title-size-large text-left\">\n\n\t\t\t\t\t\t\t\t\t\t\t<div class=\"title-subtitle subtitle-color-primary subtitle-style-default wd-fontsize-xs\">\n\t\t\t\t\tLe processus\t\t\t\t<\/div>\n\t\t\t\n\t\t\t<div class=\"liner-continer\">\n\t\t\t\t<h2 class=\"woodmart-title-container title wd-fontsize-xxl\">De la mati\u00e8re premi\u00e8re \u00e0 la vente<\/h2> \n\t\t\t\t\t\t\t<\/div>\n\n\t\t\t\t\t\t\t<div class=\"title-after_title reset-last-child wd-fontsize-s\">\n\t\t\t\t\t<p><em>Nous g\u00e9rons l'ensemble du processus de A \u00e0 Z nous-m\u00eames aux Pays-Bas. En faisant tout en interne, nous pouvons r\u00e9pondre rapidement \u00e0 vos besoins et offrir la meilleure qualit\u00e9.<\/em><\/p>\t\t\t\t<\/div>\n\t\t\t\t\t<\/div>\n\t\t\t\t\t\t<\/div>\n\t\t\t\t<\/div>\n\t\t\t\t<div class=\"elementor-element elementor-element-4553f42 elementor-widget elementor-widget-wd_text_block\" data-id=\"4553f42\" data-element_type=\"widget\" data-e-type=\"widget\" data-widget_type=\"wd_text_block.default\">\n\t\t\t\t<div class=\"elementor-widget-container\">\n\t\t\t\t\t\t\t<div class=\"wd-text-block reset-last-child text-left\">\n\t\t\t\n\t\t\t<p>Nous sommes une marque n\u00e9erlandaise fi\u00e8re. Tous nos produits sont fabriqu\u00e9s \u00e0 Dronten (Flevoland). Ce qui nous distingue de nombreuses autres marques, c'est que nous faisons tout nous-m\u00eames. Dans un seul et m\u00eame b\u00e2timent, nous effectuons l'int\u00e9gralit\u00e9 du processus, de l'\u00e9laboration et des tests des formules jusqu'au remplissage des pots, tubes et flacons, et au transport.\u00a0<\/p><p>En gardant tout en interne, nous pouvons r\u00e9agir rapidement et am\u00e9liorer continuellement notre gamme. Ce contr\u00f4le total du processus de production nous permet d'assurer la plus haute qualit\u00e9 et de r\u00e9pondre rapidement aux besoins de nos clients. Ainsi, nous assurons toujours les meilleurs soins pour votre peau.<\/p>\n\t\t\t\t\t<\/div>\n\t\t\t\t\t\t<\/div>\n\t\t\t\t<\/div>\n\t\t\t\t<div class=\"elementor-element elementor-element-c11ccc6 elementor-widget elementor-widget-wd_text_block\" data-id=\"c11ccc6\" data-element_type=\"widget\" data-e-type=\"widget\" data-widget_type=\"wd_text_block.default\">\n\t\t\t\t<div class=\"elementor-widget-container\">\n\t\t\t\t\t\t\t<div class=\"wd-text-block reset-last-child text-left\">\n\t\t\t\n\t\t\t\n\t\t\t\t\t<\/div>\n\t\t\t\t\t\t<\/div>\n\t\t\t\t<\/div>\n\t\t\t\t<\/div>\n\t\t<div class=\"elementor-element elementor-element-b325512 e-con-full e-flex e-con e-child\" data-id=\"b325512\" data-element_type=\"container\" data-e-type=\"container\">\n\t\t\t\t<div class=\"elementor-element elementor-element-229fa2a elementor-widget elementor-widget-wd_image_or_svg\" data-id=\"229fa2a\" data-element_type=\"widget\" data-e-type=\"widget\" data-widget_type=\"wd_image_or_svg.default\">\n\t\t\t\t<div class=\"elementor-widget-container\">\n\t\t\t\t\t\n\t\t<div class=\"wd-image text-left\">\n\t\t\t\t\t\t\t\t<img loading=\"lazy\" decoding=\"async\" width=\"600\" height=\"600\" src=\"https:\/\/hypogeen.nl\/wp-content\/uploads\/2024\/12\/Productie_10-scaled-e1734422706299-600x600.jpg\" class=\"attachment-600x600 size-600x600\" alt=\"\" srcset=\"https:\/\/hypogeen.nl\/wp-content\/uploads\/2024\/12\/Productie_10-scaled-e1734422706299-600x600.jpg 600w, https:\/\/hypogeen.nl\/wp-content\/uploads\/2024\/12\/Productie_10-scaled-e1734422706299-150x150.jpg 150w, https:\/\/hypogeen.nl\/wp-content\/uploads\/2024\/12\/Productie_10-scaled-e1734422706299-300x300.jpg 300w, https:\/\/hypogeen.nl\/wp-content\/uploads\/2024\/12\/Productie_10-scaled-e1734422706299-400x400.jpg 400w\" sizes=\"auto, (max-width: 600px) 100vw, 600px\" \/>\t\t\t\t\t<\/div>\n\n\t\t\t\t\t\t<\/div>\n\t\t\t\t<\/div>\n\t\t\t\t<\/div>\n\t\t\t\t\t<\/div>\n\t\t\t\t<\/div>\n\t\t<div class=\"wd-negative-gap elementor-element elementor-element-656925a e-flex e-con-boxed e-con e-parent\" data-id=\"656925a\" data-element_type=\"container\" data-e-type=\"container\">\n\t\t\t\t\t<div class=\"e-con-inner\">\n\t\t<div class=\"elementor-element elementor-element-d058d80 e-con-full e-flex e-con e-child\" data-id=\"d058d80\" data-element_type=\"container\" data-e-type=\"container\">\n\t\t\t\t<div class=\"elementor-element elementor-element-9e79865 elementor-widget elementor-widget-wd_image_or_svg\" data-id=\"9e79865\" data-element_type=\"widget\" data-e-type=\"widget\" data-widget_type=\"wd_image_or_svg.default\">\n\t\t\t\t<div class=\"elementor-widget-container\">\n\t\t\t\t\t\n\t\t<div class=\"wd-image text-left\">\n\t\t\t\t\t\t\t\t<img loading=\"lazy\" decoding=\"async\" width=\"600\" height=\"500\" src=\"https:\/\/hypogeen.nl\/wp-content\/uploads\/2024\/11\/shutterstock_2473509261-scaled-600x500.jpg\" class=\"attachment-600x500 size-600x500\" alt=\"Zijn Hypogeen-producten ook geschikt voor baby\u2019s?\" srcset=\"https:\/\/hypogeen.nl\/wp-content\/uploads\/2024\/11\/shutterstock_2473509261-scaled-600x500.jpg 600w, https:\/\/hypogeen.nl\/wp-content\/uploads\/2024\/11\/shutterstock_2473509261-scaled-10x7.jpg 10w\" sizes=\"auto, (max-width: 600px) 100vw, 600px\" \/>\t\t\t\t\t<\/div>\n\n\t\t\t\t\t\t<\/div>\n\t\t\t\t<\/div>\n\t\t\t\t<\/div>\n\t\t<div class=\"elementor-element elementor-element-5f69482 e-con-full e-flex e-con e-child\" data-id=\"5f69482\" data-element_type=\"container\" data-e-type=\"container\">\n\t\t\t\t<div class=\"elementor-element elementor-element-4ab56d1 elementor-widget__width-initial wd-width-100 elementor-widget elementor-widget-wd_title\" data-id=\"4ab56d1\" data-element_type=\"widget\" data-e-type=\"widget\" data-widget_type=\"wd_title.default\">\n\t\t\t\t<div class=\"elementor-widget-container\">\n\t\t\t\t\t\t\t<div class=\"title-wrapper wd-set-mb reset-last-child wd-title-color-primary wd-title-style-default wd-title-size-large text-left\">\n\n\t\t\t\t\t\t\t\t\t\t\t<div class=\"title-subtitle subtitle-color-primary subtitle-style-default wd-fontsize-xs\">\n\t\t\t\t\tNotre mission\t\t\t\t<\/div>\n\t\t\t\n\t\t\t<div class=\"liner-continer\">\n\t\t\t\t<h2 class=\"woodmart-title-container title wd-fontsize-xxl\">Soins pour chaque peau.<\/h2> \n\t\t\t\t\t\t\t<\/div>\n\n\t\t\t\t\t\t\t<div class=\"title-after_title reset-last-child wd-fontsize-s\">\n\t\t\t\t\t<p><em>Pour nos tout-petits, nous veillons \u00e0 ce qu'ils re\u00e7oivent les bons soins de la peau, mais parfois, nous oublions de v\u00e9rifier les ingr\u00e9dients pour nous-m\u00eames.<\/em><\/p>\t\t\t\t<\/div>\n\t\t\t\t\t<\/div>\n\t\t\t\t\t\t<\/div>\n\t\t\t\t<\/div>\n\t\t\t\t<div class=\"elementor-element elementor-element-54bf428 elementor-widget elementor-widget-wd_text_block\" data-id=\"54bf428\" data-element_type=\"widget\" data-e-type=\"widget\" data-widget_type=\"wd_text_block.default\">\n\t\t\t\t<div class=\"elementor-widget-container\">\n\t\t\t\t\t\t\t<div class=\"wd-text-block reset-last-child text-left\">\n\t\t\t\n\t\t\t<p>Chez Hypogeen, notre principal objectif est toujours d'am\u00e9liorer nos produits. Nos techniciens de laboratoire travaillent en permanence \u00e0 am\u00e9liorer nos formules et \u00e0 trouver de nouveaux ingr\u00e9dients naturels, plus efficaces et plus doux pour la peau.<\/p><p>Notre mission est d'atteindre plus de personnes et de les convaincre de faire un meilleur choix en mati\u00e8re de soins de la peau. Pour ce faire, nous collaborons avec davantage de partenaires et rendons nos produits disponibles dans encore plus de magasins (en ligne), tant en Europe qu'en dehors.<\/p>\n\t\t\t\t\t<\/div>\n\t\t\t\t\t\t<\/div>\n\t\t\t\t<\/div>\n\t\t\t\t<\/div>\n\t\t\t\t\t<\/div>\n\t\t\t\t<\/div>\n\t\t<div class=\"wd-negative-gap elementor-element elementor-element-c41d5a9 e-flex e-con-boxed e-con e-parent\" data-id=\"c41d5a9\" data-element_type=\"container\" data-e-type=\"container\">\n\t\t\t\t\t<div class=\"e-con-inner\">\n\t\t<div class=\"elementor-element elementor-element-09420f7 e-con-full e-flex e-con e-child\" data-id=\"09420f7\" data-element_type=\"container\" data-e-type=\"container\">\n\t\t\t\t<div class=\"elementor-element elementor-element-14f22fb elementor-widget__width-initial wd-width-100 elementor-widget elementor-widget-wd_title\" data-id=\"14f22fb\" data-element_type=\"widget\" data-e-type=\"widget\" data-widget_type=\"wd_title.default\">\n\t\t\t\t<div class=\"elementor-widget-container\">\n\t\t\t\t\t\t\t<div class=\"title-wrapper wd-set-mb reset-last-child wd-title-color-primary wd-title-style-default wd-title-size-large text-left\">\n\n\t\t\t\t\t\t\t\t\t\t\t<div class=\"title-subtitle subtitle-color-primary subtitle-style-default wd-fontsize-xs\">\n\t\t\t\t\tNotre vision\t\t\t\t<\/div>\n\t\t\t\n\t\t\t<div class=\"liner-continer\">\n\t\t\t\t<h2 class=\"woodmart-title-container title wd-fontsize-xxl\">Durable et complet<\/h2> \n\t\t\t\t\t\t\t<\/div>\n\n\t\t\t\t\t\t\t<div class=\"title-after_title reset-last-child wd-fontsize-s\">\n\t\t\t\t\t<p><em>Vise \u00e0 atteindre un \u00e9quilibre entre des soins de la peau efficaces et un impact responsable sur notre plan\u00e8te.<\/em><\/p>\t\t\t\t<\/div>\n\t\t\t\t\t<\/div>\n\t\t\t\t\t\t<\/div>\n\t\t\t\t<\/div>\n\t\t\t\t<div class=\"elementor-element elementor-element-58781c8 elementor-widget elementor-widget-wd_text_block\" data-id=\"58781c8\" data-element_type=\"widget\" data-e-type=\"widget\" data-widget_type=\"wd_text_block.default\">\n\t\t\t\t<div class=\"elementor-widget-container\">\n\t\t\t\t\t\t\t<div class=\"wd-text-block reset-last-child text-left\">\n\t\t\t\n\t\t\t<p>Chez Hypogeen, nous croyons en une approche globale des soins de la peau. C\u2019est pourquoi nous \u00e9largissons constamment notre gamme, afin que vous puissiez trouver tout ce dont vous avez besoin pour votre routine de soins de la peau, du d\u00e9maquillant pour le visage \u00e0 la cr\u00e8me pour les pieds. Cela garantit qu'il y a toujours un produit de soin de la peau hypoallerg\u00e9nique disponible pour chaque moment.&nbsp;<\/p><p>La durabilit\u00e9 est pour nous un point d'attention depuis des ann\u00e9es. Nous contribuons \u00e0 la pr\u00e9servation de l'environnement en n'utilisant pas de microplastiques, en choisissant des emballages durables et m\u00eame en rendant nos bo\u00eetes d'exp\u00e9dition et nos rubans d'emballage plus \u00e9cologiques. Mais nous voulons aller plus loin. Notre objectif est de fournir non seulement les meilleurs soins pour votre peau, mais aussi pour notre plan\u00e8te.<\/p>\n\t\t\t\t\t<\/div>\n\t\t\t\t\t\t<\/div>\n\t\t\t\t<\/div>\n\t\t\t\t<\/div>\n\t\t<div class=\"elementor-element elementor-element-7a21a26 e-con-full e-flex e-con e-child\" data-id=\"7a21a26\" data-element_type=\"container\" data-e-type=\"container\">\n\t\t\t\t<div class=\"elementor-element elementor-element-b11c2b2 elementor-widget elementor-widget-wd_image_or_svg\" data-id=\"b11c2b2\" data-element_type=\"widget\" data-e-type=\"widget\" data-widget_type=\"wd_image_or_svg.default\">\n\t\t\t\t<div class=\"elementor-widget-container\">\n\t\t\t\t\t\n\t\t<div class=\"wd-image text-left\">\n\t\t\t\t\t\t\t\t<img loading=\"lazy\" decoding=\"async\" width=\"600\" height=\"500\" src=\"https:\/\/hypogeen.nl\/wp-content\/uploads\/2024\/12\/LAB_02-scaled-e1734422584941-600x500.jpg\" class=\"attachment-600x500 size-600x500\" alt=\"\" srcset=\"https:\/\/hypogeen.nl\/wp-content\/uploads\/2024\/12\/LAB_02-scaled-e1734422584941-600x500.jpg 600w, https:\/\/hypogeen.nl\/wp-content\/uploads\/2024\/12\/LAB_02-scaled-e1734422584941-10x9.jpg 10w, https:\/\/hypogeen.nl\/wp-content\/uploads\/2024\/12\/LAB_02-scaled-e1734422584941-14x12.jpg 14w\" sizes=\"auto, (max-width: 600px) 100vw, 600px\" \/>\t\t\t\t\t<\/div>\n\n\t\t\t\t\t\t<\/div>\n\t\t\t\t<\/div>\n\t\t\t\t<\/div>\n\t\t\t\t\t<\/div>\n\t\t\t\t<\/div>\n\t\t\t\t<\/div>","protected":false},"excerpt":{"rendered":"<p>Jouw merk voor hypoallergene huidverzorging We vertellen je graag meer Huidverzorging dat goed is en goed doet Onze missie Huidverzorging<\/p>","protected":false},"author":12,"featured_media":0,"parent":0,"menu_order":0,"comment_status":"closed","ping_status":"closed","template":"","meta":{"_acf_changed":false,"footnotes":""},"class_list":["post-990270","page","type-page","status-publish","hentry"],"acf":[],"_links":{"self":[{"href":"https:\/\/hypogeen.nl\/fr\/wp-json\/wp\/v2\/pages\/990270","targetHints":{"allow":["GET"]}}],"collection":[{"href":"https:\/\/hypogeen.nl\/fr\/wp-json\/wp\/v2\/pages"}],"about":[{"href":"https:\/\/hypogeen.nl\/fr\/wp-json\/wp\/v2\/types\/page"}],"author":[{"embeddable":true,"href":"https:\/\/hypogeen.nl\/fr\/wp-json\/wp\/v2\/users\/12"}],"replies":[{"embeddable":true,"href":"https:\/\/hypogeen.nl\/fr\/wp-json\/wp\/v2\/comments?post=990270"}],"version-history":[{"count":0,"href":"https:\/\/hypogeen.nl\/fr\/wp-json\/wp\/v2\/pages\/990270\/revisions"}],"wp:attachment":[{"href":"https:\/\/hypogeen.nl\/fr\/wp-json\/wp\/v2\/media?parent=990270"}],"curies":[{"name":"wp","href":"https:\/\/api.w.org\/{rel}","templated":true}]}}