{"id":995043,"date":"2024-10-29T07:58:50","date_gmt":"2024-10-29T07:58:50","guid":{"rendered":"https:\/\/hypogeen.nl\/?page_id=995043"},"modified":"2025-10-01T11:42:28","modified_gmt":"2025-10-01T11:42:28","slug":"test-de-peau","status":"publish","type":"page","link":"https:\/\/hypogeen.nl\/fr\/a-propos-de-la-peau\/test-de-peau\/","title":{"rendered":"Test cutan\u00e9"},"content":{"rendered":"<div data-elementor-type=\"wp-page\" data-elementor-id=\"995043\" class=\"elementor elementor-995043\">\n\t\t\t\t<div class=\"elementor-element elementor-element-954e2ee e-con-full wd-section-stretch e-flex e-con e-parent\" data-id=\"954e2ee\" data-element_type=\"container\" data-e-type=\"container\" data-settings=\"{&quot;background_background&quot;:&quot;classic&quot;,&quot;shape_divider_bottom&quot;:&quot;wd_curved_line&quot;}\">\n\t\t\t\t<div class=\"elementor-shape elementor-shape-bottom\" aria-hidden=\"true\" data-negative=\"false\">\n\t\t\t<svg xmlns=\"http:\/\/www.w3.org\/2000\/svg\" class=\"wd-divider\" xmlns:xlink=\"http:\/\/www.w3.org\/1999\/xlink\" x=\"0px\" y=\"0px\"\n\t viewbox=\"0 0 100 100\" width=\"100%\" height=\"50px\" preserveaspectratio=\"none\">\n<path class=\"elementor-shape-fill\" display=\"none\" d=\"M100,25.8V100H0V52.5c-4.9-6.8-9.5-13.8-15-19.7V101h125V20.9C106.3,22,103,23.7,100,25.8z\"\/>\n<path class=\"elementor-shape-fill\" d=\"M0,0v99c22-20.6,28.7-69.7,61.4-69.7c18.8,0,29.1,16.2,38.6,34V0L0,0z\"\/>\n<\/svg>\n\t\t<\/div>\n\t\t\t\t<div class=\"elementor-element elementor-element-e195708 elementor-widget elementor-widget-heading\" data-id=\"e195708\" data-element_type=\"widget\" data-e-type=\"widget\" data-widget_type=\"heading.default\">\n\t\t\t\t<div class=\"elementor-widget-container\">\n\t\t\t\t\t<h1 class=\"elementor-heading-title elementor-size-default\">Test cutan\u00e9<\/h1>\t\t\t\t<\/div>\n\t\t\t\t<\/div>\n\t\t\t\t<\/div>\n\t\t<div class=\"wd-negative-gap elementor-element elementor-element-8c2d076 e-flex e-con-boxed e-con e-parent\" data-id=\"8c2d076\" data-element_type=\"container\" data-e-type=\"container\">\n\t\t\t\t\t<div class=\"e-con-inner\">\n\t\t\t\t<div class=\"elementor-element elementor-element-be42391 elementor-widget elementor-widget-wd_text_block\" data-id=\"be42391\" data-element_type=\"widget\" data-e-type=\"widget\" data-widget_type=\"wd_text_block.default\">\n\t\t\t\t<div class=\"elementor-widget-container\">\n\t\t\t\t\t\t\t<div class=\"wd-text-block reset-last-child text-left\">\n\t\t\t\n\t\t\t<p>Ta peau raconte une histoire sur qui tu es et comment tu te sens. Mais sais-tu vraiment ce dont ta peau a besoin ? Beaucoup de gens utilisent des produits qui ne correspondent pas \u00e0 leur type de peau unique, ce qui peut les emp\u00eacher d\u2019obtenir les meilleurs r\u00e9sultats. Notre test de type de peau te donne l\u2019occasion de mieux comprendre ta peau et les soins sp\u00e9cifiques qu'elle m\u00e9rite. D\u00e9couvre les besoins de ta peau et commence une routine efficace qui la prot\u00e8ge et lui donne de l\u2019\u00e9clat.<\/p>\n\t\t\t\t\t<\/div>\n\t\t\t\t\t\t<\/div>\n\t\t\t\t<\/div>\n\t\t\t\t<div class=\"elementor-element elementor-element-2ed0526 elementor-widget elementor-widget-wd_text_block\" data-id=\"2ed0526\" data-element_type=\"widget\" data-e-type=\"widget\" data-widget_type=\"wd_text_block.default\">\n\t\t\t\t<div class=\"elementor-widget-container\">\n\t\t\t\t\t\t\t<div class=\"wd-text-block reset-last-child text-left color-alt\">\n\t\t\t\n\t\t\t<div class=\"wd-negative-gap elementor-element elementor-element-99e3501 e-flex e-con-boxed e-con e-parent e-lazyloaded\" data-id=\"99e3501\" data-element_type=\"container\"><div class=\"e-con-inner\"><div class=\"elementor-element elementor-element-e7bf6f9 e-con-full e-flex e-con e-child\" data-id=\"e7bf6f9\" data-element_type=\"container\" data-settings=\"{&quot;background_background&quot;:&quot;classic&quot;}\"><div class=\"elementor-element elementor-element-0cb030e color-scheme-inherit text-left elementor-widget elementor-widget-text-editor\" data-id=\"0cb030e\" data-element_type=\"widget\" data-widget_type=\"text-editor.default\"><div class=\"elementor-widget-container\"><p><em>Donne \u00e0 ta peau l'amour qu'elle m\u00e9rite !<\/em><\/p><\/div><\/div><\/div><\/div><\/div><div class=\"wd-negative-gap elementor-element elementor-element-0145233 e-flex e-con-boxed e-con e-parent e-lazyloaded\" data-id=\"0145233\" data-element_type=\"container\"><div class=\"e-con-inner\"><div class=\"elementor-element elementor-element-cc07574 elementor-widget elementor-widget-spacer\" data-id=\"cc07574\" data-element_type=\"widget\" data-widget_type=\"spacer.default\"><div class=\"elementor-widget-container\"><div class=\"elementor-spacer\">\u00a0<\/div><\/div><\/div><\/div><\/div>\n\t\t\t\t\t<\/div>\n\t\t\t\t\t\t<\/div>\n\t\t\t\t<\/div>\n\t\t\t\t\t<\/div>\n\t\t\t\t<\/div>\n\t\t<div class=\"wd-negative-gap elementor-element elementor-element-0145233 e-flex e-con-boxed e-con e-parent\" data-id=\"0145233\" data-element_type=\"container\" data-e-type=\"container\">\n\t\t\t\t\t<div class=\"e-con-inner\">\n\t\t\t\t<div class=\"elementor-element elementor-element-42a3031 elementor-widget elementor-widget-shortcode\" data-id=\"42a3031\" data-element_type=\"widget\" data-e-type=\"widget\" data-widget_type=\"shortcode.default\">\n\t\t\t\t<div class=\"elementor-widget-container\">\n\t\t\t\t\t\t\t<div class=\"elementor-shortcode\"><div class=\"tve_flt\" id=\"tve_editor\">\n\t\t\t<div class=\"tqb-shortcode-wrapper\" id=\"tqb-shortcode-wrapper-995040-tqb-69d0bffc2f1d6\" data-quiz-id=\"995040\" data-unique=\"tqb-69d0bffc2f1d6\" >\n\t\t\t\t<div class=\"tqb-loading-overlay tqb-template-overlay-style-0\">\n\t\t\t\t\t<div class=\"tqb-loading-bullets\"><\/div>\n\t\t\t\t<\/div>\n\t\t\t\t<div class=\"tqb-frontend-error-message\"><\/div>\n\t\t\t\t<div class=\"tqb-shortcode-old-content\"><\/div>\n\t\t\t\t<div class=\"tqb-shortcode-new-content tqb-template-style-0\"><\/div>\n\t\t\t<\/div><\/div><\/div>\n\t\t\t\t\t\t<\/div>\n\t\t\t\t<\/div>\n\t\t\t\t<div class=\"elementor-element elementor-element-c5c5686 elementor-widget elementor-widget-spacer\" data-id=\"c5c5686\" data-element_type=\"widget\" data-e-type=\"widget\" data-widget_type=\"spacer.default\">\n\t\t\t\t<div class=\"elementor-widget-container\">\n\t\t\t\t\t\t\t<div class=\"elementor-spacer\">\n\t\t\t<div class=\"elementor-spacer-inner\"><\/div>\n\t\t<\/div>\n\t\t\t\t\t\t<\/div>\n\t\t\t\t<\/div>\n\t\t\t\t\t<\/div>\n\t\t\t\t<\/div>\n\t\t<div class=\"wd-negative-gap elementor-element elementor-element-d792018 e-flex e-con-boxed e-con e-parent\" data-id=\"d792018\" data-element_type=\"container\" data-e-type=\"container\">\n\t\t\t\t\t<div class=\"e-con-inner\">\n\t\t<div class=\"elementor-element elementor-element-913646f e-con-full e-flex e-con e-child\" data-id=\"913646f\" data-element_type=\"container\" data-e-type=\"container\">\n\t\t\t\t<div class=\"elementor-element elementor-element-b0cb51e elementor-widget elementor-widget-wd_image_or_svg\" data-id=\"b0cb51e\" data-element_type=\"widget\" data-e-type=\"widget\" data-widget_type=\"wd_image_or_svg.default\">\n\t\t\t\t<div class=\"elementor-widget-container\">\n\t\t\t\t\t\n\t\t<div class=\"wd-image text-left\">\n\t\t\t\t\t\t\t\t<img loading=\"lazy\" decoding=\"async\" width=\"2267\" height=\"2560\" src=\"https:\/\/hypogeen.nl\/wp-content\/uploads\/2024\/10\/file-9-e1730197532642-scaled.png\" class=\"attachment-full size-full\" alt=\"Test de type de peau\" srcset=\"https:\/\/hypogeen.nl\/wp-content\/uploads\/2024\/10\/file-9-e1730197532642-scaled.png 2267w, https:\/\/hypogeen.nl\/wp-content\/uploads\/2024\/10\/file-9-e1730197532642-scaled-430x486.png 430w, https:\/\/hypogeen.nl\/wp-content\/uploads\/2024\/10\/file-9-e1730197532642-scaled-10x11.png 10w, https:\/\/hypogeen.nl\/wp-content\/uploads\/2024\/10\/file-9-e1730197532642-scaled-700x790.png 700w, https:\/\/hypogeen.nl\/wp-content\/uploads\/2024\/10\/file-9-e1730197532642-64x72.png 64w, https:\/\/hypogeen.nl\/wp-content\/uploads\/2024\/10\/file-9-e1730197532642-266x300.png 266w, https:\/\/hypogeen.nl\/wp-content\/uploads\/2024\/10\/file-9-e1730197532642-907x1024.png 907w, https:\/\/hypogeen.nl\/wp-content\/uploads\/2024\/10\/file-9-e1730197532642-768x867.png 768w, https:\/\/hypogeen.nl\/wp-content\/uploads\/2024\/10\/file-9-e1730197532642-1360x1536.png 1360w, https:\/\/hypogeen.nl\/wp-content\/uploads\/2024\/10\/file-9-e1730197532642-1814x2048.png 1814w, https:\/\/hypogeen.nl\/wp-content\/uploads\/2024\/10\/file-9-e1730197532642-11x12.png 11w, https:\/\/hypogeen.nl\/wp-content\/uploads\/2024\/10\/file-9-e1730197532642-1260x1423.png 1260w\" sizes=\"auto, (max-width: 2267px) 100vw, 2267px\" \/>\t\t\t\t\t<\/div>\n\n\t\t\t\t\t\t<\/div>\n\t\t\t\t<\/div>\n\t\t\t\t<\/div>\n\t\t<div class=\"elementor-element elementor-element-1bb4d67 e-con-full e-flex e-con e-child\" data-id=\"1bb4d67\" data-element_type=\"container\" data-e-type=\"container\">\n\t\t\t\t<div class=\"elementor-element elementor-element-a12f764 elementor-widget elementor-widget-heading\" data-id=\"a12f764\" data-element_type=\"widget\" data-e-type=\"widget\" data-widget_type=\"heading.default\">\n\t\t\t\t<div class=\"elementor-widget-container\">\n\t\t\t\t\t<h2 class=\"elementor-heading-title elementor-size-default\">Pourquoi il est important de conna\u00eetre son type de peau<\/h2>\t\t\t\t<\/div>\n\t\t\t\t<\/div>\n\t\t\t\t<div class=\"elementor-element elementor-element-80dcf94 color-scheme-inherit text-left elementor-widget elementor-widget-text-editor\" data-id=\"80dcf94\" data-element_type=\"widget\" data-e-type=\"widget\" data-widget_type=\"text-editor.default\">\n\t\t\t\t<div class=\"elementor-widget-container\">\n\t\t\t\t\t\t\t\t\t<p>Comprendre son type de peau est essentiel pour choisir les bons produits et routines de soin. Chaque peau est unique et a des besoins sp\u00e9cifiques. En sachant quel type de peau vous avez, vous pouvez choisir plus efficacement des produits qui offrent le bon \u00e9quilibre, que ce soit en mati\u00e8re d'hydratation, de r\u00e9gulation de la graisse ou de soulagement des irritations. Cela permet non seulement d'\u00e9viter les probl\u00e8mes de peau, mais aide \u00e9galement \u00e0 maintenir une peau saine et \u00e9clatante.\u00a0<\/p>\t\t\t\t\t\t\t\t<\/div>\n\t\t\t\t<\/div>\n\t\t\t\t<div class=\"elementor-element elementor-element-2c08364 elementor-widget elementor-widget-wd_accordion\" data-id=\"2c08364\" data-element_type=\"widget\" data-e-type=\"widget\" data-widget_type=\"wd_accordion.default\">\n\t\t\t\t<div class=\"elementor-widget-container\">\n\t\t\t\t\t\n\t\t<div class=\"wd-accordion wd-style-default wd-titles-left wd-opener-pos-left wd-opener-style-arrow\" data-state=\"first\">\n\t\t\t\t\t\t\t\n\t\t\t\t<div class=\"wd-accordion-item\">\n\t\t\t\t\t<div class=\"wd-accordion-title wd-role-btn wd-active\" data-accordion-index=\"0\" tabindex=\"0\">\n\t\t\t\t\t\t<div class=\"wd-accordion-title-text\">\n\t\t\t\t\t\t\t\t\t\t\t\t\t\t<span>\n\t\t\t\t\t\t\t\tPourquoi mon type de peau change-t-il au fil des ans ?\t\t\t\t\t\t\t<\/span>\n\t\t\t\t\t\t<\/div>\n\t\t\t\t\t\t<span class=\"wd-accordion-opener\"><\/span>\n\t\t\t\t\t<\/div>\n\n\t\t\t\t\t<div class=\"wd-accordion-content wd-entry-content wd-active\" data-accordion-index=\"0\">\n\t\t\t\t\t\t\t\t\t\t\t\t\t\n\t\t\t\t\t\t\t<p>Les hormones, l'\u00e2ge, l'alimentation et les facteurs environnementaux peuvent tous influencer votre type de peau. Il est bon de r\u00e9\u00e9valuer r\u00e9guli\u00e8rement votre type de peau.<\/p>\n\t\t\t\t\t\t\t\t\t\t\t\t\t\t\t\t\t\t<\/div>\n\t\t\t\t<\/div>\n\t\t\t\t\t\t\t\n\t\t\t\t<div class=\"wd-accordion-item\">\n\t\t\t\t\t<div class=\"wd-accordion-title wd-role-btn\" data-accordion-index=\"1\" tabindex=\"0\">\n\t\t\t\t\t\t<div class=\"wd-accordion-title-text\">\n\t\t\t\t\t\t\t\t\t\t\t\t\t\t<span>\n\t\t\t\t\t\t\t\tPuis-je avoir plusieurs types de peau ?\t\t\t\t\t\t\t<\/span>\n\t\t\t\t\t\t<\/div>\n\t\t\t\t\t\t<span class=\"wd-accordion-opener\"><\/span>\n\t\t\t\t\t<\/div>\n\n\t\t\t\t\t<div class=\"wd-accordion-content wd-entry-content\" data-accordion-index=\"1\">\n\t\t\t\t\t\t\t\t\t\t\t\t\t\n\t\t\t\t\t\t\t<p>Oui, il est possible d'avoir des caract\u00e9ristiques de diff\u00e9rents types de peau, comme une zone T grasse avec des joues s\u00e8ches. Cela s'appelle une peau mixte.<\/p>\n\t\t\t\t\t\t\t\t\t\t\t\t\t\t\t\t\t\t<\/div>\n\t\t\t\t<\/div>\n\t\t\t\t\t\t\t\n\t\t\t\t<div class=\"wd-accordion-item\">\n\t\t\t\t\t<div class=\"wd-accordion-title wd-role-btn\" data-accordion-index=\"2\" tabindex=\"0\">\n\t\t\t\t\t\t<div class=\"wd-accordion-title-text\">\n\t\t\t\t\t\t\t\t\t\t\t\t\t\t<span>\n\t\t\t\t\t\t\t\t\u00c0 quelle fr\u00e9quence devrais-je ajuster ma routine de soins de la peau ?\t\t\t\t\t\t\t<\/span>\n\t\t\t\t\t\t<\/div>\n\t\t\t\t\t\t<span class=\"wd-accordion-opener\"><\/span>\n\t\t\t\t\t<\/div>\n\n\t\t\t\t\t<div class=\"wd-accordion-content wd-entry-content\" data-accordion-index=\"2\">\n\t\t\t\t\t\t\t\t\t\t\t\t\t\n\t\t\t\t\t\t\t<p>Il est judicieux de revoir votre routine \u00e0 mesure que votre peau change, par exemple lors des transitions saisonni\u00e8res ou apr\u00e8s des changements majeurs dans la vie, comme la grossesse ou le vieillissement.<\/p>\n\t\t\t\t\t\t\t\t\t\t\t\t\t\t\t\t\t\t<\/div>\n\t\t\t\t<\/div>\n\t\t\t\t\t\t\t\n\t\t\t\t<div class=\"wd-accordion-item\">\n\t\t\t\t\t<div class=\"wd-accordion-title wd-role-btn\" data-accordion-index=\"3\" tabindex=\"0\">\n\t\t\t\t\t\t<div class=\"wd-accordion-title-text\">\n\t\t\t\t\t\t\t\t\t\t\t\t\t\t<span>\n\t\t\t\t\t\t\t\tEst-il important d'utiliser des produits pour mon type de peau ?\t\t\t\t\t\t\t<\/span>\n\t\t\t\t\t\t<\/div>\n\t\t\t\t\t\t<span class=\"wd-accordion-opener\"><\/span>\n\t\t\t\t\t<\/div>\n\n\t\t\t\t\t<div class=\"wd-accordion-content wd-entry-content\" data-accordion-index=\"3\">\n\t\t\t\t\t\t\t\t\t\t\t\t\t\n\t\t\t\t\t\t\t<p>Oui, utiliser des produits adapt\u00e9s \u00e0 votre type de peau sp\u00e9cifique est crucial. Les bons produits aident \u00e0 maintenir l'\u00e9quilibre de votre peau, \u00e0 pr\u00e9venir les probl\u00e8mes et \u00e0 favoriser une apparence saine.<\/p>\n\t\t\t\t\t\t\t\t\t\t\t\t\t\t\t\t\t\t<\/div>\n\t\t\t\t<\/div>\n\t\t\t\t\t\t\t\n\t\t\t\t<div class=\"wd-accordion-item\">\n\t\t\t\t\t<div class=\"wd-accordion-title wd-role-btn\" data-accordion-index=\"4\" tabindex=\"0\">\n\t\t\t\t\t\t<div class=\"wd-accordion-title-text\">\n\t\t\t\t\t\t\t\t\t\t\t\t\t\t<span>\n\t\t\t\t\t\t\t\tPour quel type de peau les produits hypoallerg\u00e9niques sont-ils les plus adapt\u00e9s ?\t\t\t\t\t\t\t<\/span>\n\t\t\t\t\t\t<\/div>\n\t\t\t\t\t\t<span class=\"wd-accordion-opener\"><\/span>\n\t\t\t\t\t<\/div>\n\n\t\t\t\t\t<div class=\"wd-accordion-content wd-entry-content\" data-accordion-index=\"4\">\n\t\t\t\t\t\t\t\t\t\t\t\t\t\n\t\t\t\t\t\t\t<p>Les produits hypoallerg\u00e9niques sont id\u00e9aux pour les personnes ayant une peau sensible, mais ils peuvent \u00e9galement \u00eatre b\u00e9n\u00e9fiques pour tous les types de peau. Ces produits sont con\u00e7us pour minimiser le risque de r\u00e9actions allergiques et d'irritations. Cela en fait un excellent choix pour quiconque sensible \u00e0 certains ingr\u00e9dients, tels que les parfums ou les conservateurs. L'utilisation de produits hypoallerg\u00e9niques aide \u00e0 apaiser et prot\u00e9ger votre peau, quel que soit votre type de peau sp\u00e9cifique.<\/p>\n\t\t\t\t\t\t\t\t\t\t\t\t\t\t\t\t\t\t<\/div>\n\t\t\t\t<\/div>\n\t\t\t\t\t<\/div>\n\t\t\t\t\t\t<\/div>\n\t\t\t\t<\/div>\n\t\t\t\t<\/div>\n\t\t\t\t\t<\/div>\n\t\t\t\t<\/div>\n\t\t<div class=\"wd-negative-gap elementor-element elementor-element-cea9ec4 e-flex e-con-boxed e-con e-parent\" data-id=\"cea9ec4\" data-element_type=\"container\" data-e-type=\"container\">\n\t\t\t\t\t<div class=\"e-con-inner\">\n\t\t\t\t<div class=\"elementor-element elementor-element-aee1aaf elementor-widget elementor-widget-spacer\" data-id=\"aee1aaf\" data-element_type=\"widget\" data-e-type=\"widget\" data-widget_type=\"spacer.default\">\n\t\t\t\t<div class=\"elementor-widget-container\">\n\t\t\t\t\t\t\t<div class=\"elementor-spacer\">\n\t\t\t<div class=\"elementor-spacer-inner\"><\/div>\n\t\t<\/div>\n\t\t\t\t\t\t<\/div>\n\t\t\t\t<\/div>\n\t\t\t\t\t<\/div>\n\t\t\t\t<\/div>\n\t\t\t\t<\/div>","protected":false},"excerpt":{"rendered":"<p>Huidtest Je huid vertelt een verhaal over wie je bent en hoe je je voelt. Maar weet je echt wat<\/p>","protected":false},"author":12,"featured_media":0,"parent":997977,"menu_order":0,"comment_status":"closed","ping_status":"closed","template":"","meta":{"_acf_changed":false,"footnotes":""},"class_list":["post-995043","page","type-page","status-publish","hentry"],"acf":[],"_links":{"self":[{"href":"https:\/\/hypogeen.nl\/fr\/wp-json\/wp\/v2\/pages\/995043","targetHints":{"allow":["GET"]}}],"collection":[{"href":"https:\/\/hypogeen.nl\/fr\/wp-json\/wp\/v2\/pages"}],"about":[{"href":"https:\/\/hypogeen.nl\/fr\/wp-json\/wp\/v2\/types\/page"}],"author":[{"embeddable":true,"href":"https:\/\/hypogeen.nl\/fr\/wp-json\/wp\/v2\/users\/12"}],"replies":[{"embeddable":true,"href":"https:\/\/hypogeen.nl\/fr\/wp-json\/wp\/v2\/comments?post=995043"}],"version-history":[{"count":0,"href":"https:\/\/hypogeen.nl\/fr\/wp-json\/wp\/v2\/pages\/995043\/revisions"}],"up":[{"embeddable":true,"href":"https:\/\/hypogeen.nl\/fr\/wp-json\/wp\/v2\/pages\/997977"}],"wp:attachment":[{"href":"https:\/\/hypogeen.nl\/fr\/wp-json\/wp\/v2\/media?parent=995043"}],"curies":[{"name":"wp","href":"https:\/\/api.w.org\/{rel}","templated":true}]}}