{"id":123,"date":"2023-09-13T21:08:15","date_gmt":"2023-09-13T20:08:15","guid":{"rendered":"https:\/\/development.hypogeen.nl\/?post_type=product&#038;p=123"},"modified":"2026-03-30T15:14:40","modified_gmt":"2026-03-30T15:14:40","slug":"hypogeen-creme-pour-jambes-tube-100ml","status":"publish","type":"product","link":"https:\/\/hypogeen.nl\/fr\/hypogeen-creme-pour-jambes-tube-100ml\/","title":{"rendered":"Hypogeen Cr\u00e8me pour Jambes \u2013 Tube 100ml"},"content":{"rendered":"<div data-elementor-type=\"wp-post\" data-elementor-id=\"123\" class=\"elementor elementor-123\">\n\t\t\t\t<div class=\"wd-negative-gap elementor-element elementor-element-5043af4 e-flex e-con-boxed e-con e-parent\" data-id=\"5043af4\" data-element_type=\"container\" data-e-type=\"container\">\n\t\t\t\t\t<div class=\"e-con-inner\">\n\t\t<div class=\"elementor-element elementor-element-4aea762 e-con-full e-flex e-con e-child\" data-id=\"4aea762\" data-element_type=\"container\" data-e-type=\"container\">\n\t\t\t\t<div class=\"elementor-element elementor-element-9810190 color-scheme-inherit text-left elementor-widget elementor-widget-text-editor\" data-id=\"9810190\" data-element_type=\"widget\" data-e-type=\"widget\" data-widget_type=\"text-editor.default\">\n\t\t\t\t<div class=\"elementor-widget-container\">\n\t\t\t\t\t\t\t\t\t<h2>Hypoallergene Beencr\u00e8me voor droge en gevoelige benen<\/h2><p>De Hypogeen Beencr\u00e8me in een handige 100 ml tube is de ideale oplossing voor de verzorging van droge en gevoelige benen, waar je ook bent. Deze hypoallergene cr\u00e8me biedt verlichting bij onrustige benen en helpt de huid te herstellen. De squalaan in de formule heeft krachtige antioxidatieve eigenschappen, die de huid helpen bij het sneller genezen van wondjes, terwijl het de elasticiteit van de huid verbetert en een gladde huid achterlaat.<\/p><h2>Kalmerende en hydraterende cr\u00e8me voor de gevoelige huid<\/h2><p>Deze beencr\u00e8me is speciaal ontwikkeld voor de allergiegevoelige huid en bevat vitamine E en ureum, die samen zorgen voor een diep hydraterende en verzachtende werking. De neutrale pH-waarde van de cr\u00e8me maakt deze geschikt voor dagelijks gebruik, zelfs onder steunkousen. Bovendien is de cr\u00e8me vrij van parfum en kleurstoffen, zodat de huid niet ge\u00efrriteerd wordt, wat het de perfecte keuze maakt voor mensen met een gevoelige huid.<\/p>\t\t\t\t\t\t\t\t<\/div>\n\t\t\t\t<\/div>\n\t\t\t\t<\/div>\n\t\t<div class=\"elementor-element elementor-element-b4187cc e-con-full e-flex e-con e-child\" data-id=\"b4187cc\" data-element_type=\"container\" data-e-type=\"container\">\n\t\t\t\t<div class=\"elementor-element elementor-element-efdc738 elementor-widget elementor-widget-wd_text_block\" data-id=\"efdc738\" data-element_type=\"widget\" data-e-type=\"widget\" data-widget_type=\"wd_text_block.default\">\n\t\t\t\t<div class=\"elementor-widget-container\">\n\t\t\t\t\t\t\t<div class=\"wd-text-block reset-last-child text-left\">\n\t\t\t\n\t\t\t<h2>Voordelen van Hypogeen Beencr\u00e8me<\/h2><ul><li>Bevorderde wondgenezing door het antioxidatieve effect van squalaan.<\/li><li>Versterkt de huidelasticiteit en zorgt voor een gladde huid.<\/li><li>Diepe hydratatie dankzij jojoba-olie en calendula-extract.<\/li><li>Restaure l'\u00e9quilibre hydrique naturel de la peau.<\/li><li>Helpt bij onrustige benen en biedt verlichting bij spataderen.<\/li><li>Vrij van vaseline, paraffineolie, parfum en kleurstoffen, geschikt voor de gevoelige huid.<\/li><li>Neutrale pH-waarde, dermatologisch getest en niet op dieren getest.<\/li><li>Snel absorberende cr\u00e8me die de huid soepel, stevig en glad maakt.<\/li><\/ul>\n\t\t\t\t\t<\/div>\n\t\t\t\t\t\t<\/div>\n\t\t\t\t<\/div>\n\t\t\t\t<\/div>\n\t\t\t\t\t<\/div>\n\t\t\t\t<\/div>\n\t\t\t\t<\/div>","protected":false},"excerpt":{"rendered":"<p>Deze Hypogeen beencr\u00e8me is een doeltreffende keuze voor dagelijkse verzorging van de zeer droge en gevoelige huid op de benen, terwijl het ook helpt bij onrustige beenklachten. Het kan eveneens veilig worden aangebracht onder steunkousen en is samengesteld met ingredi\u00ebnten zoals Paardenkastanje, Squalaan en Urea.<\/p>","protected":false},"featured_media":993802,"comment_status":"open","ping_status":"closed","template":"elementor_theme","meta":{"_acf_changed":false},"product_brand":[],"product_cat":[359,45],"product_tag":[],"class_list":{"0":"post-123","1":"product","2":"type-product","3":"status-publish","4":"has-post-thumbnail","6":"product_cat-beencremes","7":"product_cat-lichaamsverzorging","9":"first","10":"instock","11":"taxable","12":"shipping-taxable","13":"purchasable","14":"product-type-simple"},"acf":{"bolcom_producttekst":"De Hypogeen Beencr\u00e8me in een handige 100 ml tube biedt de perfecte oplossing voor de verzorging van gevoelige, droge benen, waar je ook bent. Deze beencr\u00e8me helpt tevens bij onrustige aanvallen van de benen. Dit soepele beenverzorgingsproduct bevat het unieke squalaan, wat antioxidatieve eigenschappen heeft. Deze helpen wondjes op de benen sneller herstellen, versterken de elasticiteit van de huid en zorgen voor een gladde huid. Speciaal ontwikkeld voor mensen met een allergiegevoelige huid, deze cr\u00e8me bevat ook vitamine E en ureum om de huid te hydrateren, te verzachten en te beschermen. De cr\u00e8me heeft een neutrale pH-waarde en is vrij van parfum en kleurstoffen, wat ervoor zorgt dat de huid niet wordt ge\u00efrriteerd. Het is ideaal voor dagelijks gebruik, zelfs onder steunkousen.\r\n\r\n<strong>Voordelen<\/strong>\r\n<ul>\r\n \t<li>Trekt snel in voor een comfortabel gebruik<\/li>\r\n \t<li>Helpt bij onrustige aanvallen van de benen<\/li>\r\n \t<li>Bevat squalaan met antioxidatieve eigenschappen voor snellere wondgenezing, verbeterde huidelasticiteit en een gladde huid<\/li>\r\n \t<li>Hydrateert diep en herstelt de natuurlijke vochtbalans van de huid<\/li>\r\n \t<li>Vrij van parfum, kleurstoffen, vaseline en paraffineolie<\/li>\r\n \t<li>Neutrale pH-waarde, geschikt voor de gevoelige huid<\/li>\r\n \t<li>Dermatologisch getest en niet op dieren getest<\/li>\r\n<\/ul>\r\n<strong>Gebruiksadvies<\/strong>\r\nVoor het beste resultaat adviseren we om een ruime hoeveelheid van de Hypogeen Beencr\u00e8me in je handpalm te nemen en deze lichtjes in te masseren op je benen. Laat de cr\u00e8me vervolgens ongeveer 10 minuten intrekken voordat je kleding of steunkousen aantrekt. Bij onrustige aanvallen van de benen, gebruik de cr\u00e8me direct en masseer deze zachtjes in voor verlichting. Het is aan te raden om de cr\u00e8me dagelijks, bij voorkeur eenmaal per dag, te gebruiken om de huid optimaal te verzorgen en te beschermen.\r\n\r\n<strong>Ingredi\u00ebnten<\/strong>\r\nIngredi\u00ebnts (INCI): <span data-sheets-root=\"1\">Aqua; Glycerin; Urea; Cetearyl Alcohol; Cetyl Alcohol; Helianthus Annuus Seed Oil; Decyl Oleate; Coco-Caprylate\/ Caprate; Simmondsia Chinensis Seed Oil; Stearyl Alcohol; Saccharide Isomerate; Squalane; Propanediol; Phenoxyethanol; Calendula Officinalis Flower Extract; Sodium Lauryl Sulfate; Tocopheryl Acetate; Propylene Glycol; Aesculus Hippocastanum Seed Extract; Monosodium Citrate; Tetrasodium Glutamate Diacetate; Piroctone Olamine; Tetradecanol; Citric Acid<\/span>\r\n\r\n<strong>Verbeterde receptuur<\/strong>\r\n\r\nHypogeen houdt van huid! Hypogeen is voortdurend in beweging. We stoppen al onze passie en expertise in de ontwikkeling en verbetering van onze huidproducten. We hebben de verpakking van onze Hypogeen producten gemoderniseerd. Tevens hebben de Hypogeen producten een verbeterde receptuur en zijn alle huidverzorgingsproducten microplastic- en siliconenvrij. Zo zorgt Hypogeen niet alleen voor een gezondere huid, maar ook voor een gezondere toekomst.\r\n\r\n<strong>Over Hypogeen<\/strong>\r\n\r\nHypogeen is een hypoallergene huidverzorgingslijn voor de overgevoelige huid. De huid werkt altijd hard om ons te beschermen, maar kan ook droog en gebarsten raken. De intensieve voedende werking van Hypogeen producten, helpt de huid tegen uitdroging, huidirritatie, eelt, kloven en geeft de huid rust. Door gebruik te maken van de unieke huidverzorgingslijn van Hypogeen zult u merken dat uw huid gezonder wordt. De producten binnen de Hypogeen lijn hebben een zeer hoog gehalte aan huideigen en huidverwante ingredi\u00ebnten, onder andere triglyceriden lecithine, ureum en Vitamine E. De Hypogeen handverzorgings-, voetverzorgings-, gezichtsverzorgings- en massageproducten levert Arcim Healthcare aan apotheken, pedicures, drogisterijen, groothandels en consumenten.","hoe_te_gebruiken":"Voor het beste resultaat adviseren we om een ruime hoeveelheid van de Hypogeen Beencr\u00e8me in je handpalm te nemen en deze lichtjes in te masseren op je benen. Laat de cr\u00e8me vervolgens ongeveer 10 minuten intrekken voordat je kleding of steunkousen aantrekt. Bij onrustige aanvallen van de benen, gebruik de cr\u00e8me direct en masseer deze zachtjes in voor verlichting. Het is aan te raden om de cr\u00e8me dagelijks, bij voorkeur eenmaal per dag, te gebruiken om de huid optimaal te verzorgen en te beschermen.","Ingredienten":"Ingredi\u00ebnts (INCI): Aqua; Glycerin; Urea; Cetearyl Alcohol; Cetyl Alcohol; Helianthus Annuus Seed Oil; Decyl Oleate; Coco-Caprylate\/ Caprate; Simmondsia Chinensis Seed Oil; Stearyl Alcohol; Saccharide Isomerate; Squalane; Propanediol; Phenoxyethanol; Calendula Officinalis Flower Extract; Sodium Lauryl Sulfate; Tocopheryl Acetate; Propylene Glycol; Aesculus Hippocastanum Seed Extract; Monosodium Citrate; Tetrasodium Glutamate Diacetate; Piroctone Olamine; Tetradecanol; Citric Acid","voordelen":"<ul>\r\n \t<li>Trekt snel in voor een comfortabel gebruik<\/li>\r\n \t<li>Helpt bij onrustige aanvallen van de benen<\/li>\r\n \t<li>Bevat squalaan met antioxidatieve eigenschappen voor snellere wondgenezing, verbeterde huidelasticiteit en een gladde huid<\/li>\r\n \t<li>Hydrateert diep en herstelt de natuurlijke vochtbalans van de huid<\/li>\r\n \t<li>Vrij van parfum, kleurstoffen, vaseline en paraffineolie<\/li>\r\n \t<li>Neutrale pH-waarde, geschikt voor de gevoelige huid<\/li>\r\n \t<li>Dermatologisch getest en niet op dieren getest<\/li>\r\n<\/ul>"},"_links":{"self":[{"href":"https:\/\/hypogeen.nl\/fr\/wp-json\/wp\/v2\/product\/123","targetHints":{"allow":["GET"]}}],"collection":[{"href":"https:\/\/hypogeen.nl\/fr\/wp-json\/wp\/v2\/product"}],"about":[{"href":"https:\/\/hypogeen.nl\/fr\/wp-json\/wp\/v2\/types\/product"}],"replies":[{"embeddable":true,"href":"https:\/\/hypogeen.nl\/fr\/wp-json\/wp\/v2\/comments?post=123"}],"version-history":[{"count":1,"href":"https:\/\/hypogeen.nl\/fr\/wp-json\/wp\/v2\/product\/123\/revisions"}],"predecessor-version":[{"id":1003837,"href":"https:\/\/hypogeen.nl\/fr\/wp-json\/wp\/v2\/product\/123\/revisions\/1003837"}],"wp:featuredmedia":[{"embeddable":true,"href":"https:\/\/hypogeen.nl\/fr\/wp-json\/wp\/v2\/media\/993802"}],"wp:attachment":[{"href":"https:\/\/hypogeen.nl\/fr\/wp-json\/wp\/v2\/media?parent=123"}],"wp:term":[{"taxonomy":"product_brand","embeddable":true,"href":"https:\/\/hypogeen.nl\/fr\/wp-json\/wp\/v2\/product_brand?post=123"},{"taxonomy":"product_cat","embeddable":true,"href":"https:\/\/hypogeen.nl\/fr\/wp-json\/wp\/v2\/product_cat?post=123"},{"taxonomy":"product_tag","embeddable":true,"href":"https:\/\/hypogeen.nl\/fr\/wp-json\/wp\/v2\/product_tag?post=123"}],"curies":[{"name":"wp","href":"https:\/\/api.w.org\/{rel}","templated":true}]}}