{"id":124,"date":"2023-09-13T21:08:15","date_gmt":"2023-09-13T20:08:15","guid":{"rendered":"https:\/\/development.hypogeen.nl\/?post_type=product&#038;p=124"},"modified":"2026-04-02T10:10:20","modified_gmt":"2026-04-02T10:10:20","slug":"hypogeen-creme-pour-les-mains-flacon-pompe-300ml","status":"publish","type":"product","link":"https:\/\/hypogeen.nl\/fr\/hypogeen-creme-pour-les-mains-flacon-pompe-300ml\/","title":{"rendered":"Hypogeen Cr\u00e8me pour les Mains Flacon Pompe 300ml"},"content":{"rendered":"<div data-elementor-type=\"wp-post\" data-elementor-id=\"124\" class=\"elementor elementor-124\">\n\t\t\t\t<div class=\"wd-negative-gap elementor-element elementor-element-c3e6cb1 e-flex e-con-boxed e-con e-parent\" data-id=\"c3e6cb1\" data-element_type=\"container\" data-e-type=\"container\">\n\t\t\t\t\t<div class=\"e-con-inner\">\n\t\t<div class=\"elementor-element elementor-element-1e7c8f5 e-con-full e-flex e-con e-child\" data-id=\"1e7c8f5\" data-element_type=\"container\" data-e-type=\"container\">\n\t\t\t\t<div class=\"elementor-element elementor-element-4a56a32 color-scheme-inherit text-left elementor-widget elementor-widget-text-editor\" data-id=\"4a56a32\" data-element_type=\"widget\" data-e-type=\"widget\" data-widget_type=\"text-editor.default\">\n\t\t\t\t<div class=\"elementor-widget-container\">\n\t\t\t\t\t\t\t\t\t<h2>Hypoallergene handcr\u00e8me voor (extreem) droge en gevoelige handen<\/h2><p>De Hypogeen Handcr\u00e8me in de praktische 300ml pompflacon is ideaal voor mensen met extreem droge en gevoelige handen. Deze hypoallergene handcr\u00e8me biedt een intensieve verzorging die schilferige, droge handen helpt herstellen. Het product is zeer geschikt voor mensen die last hebben van eczeem of psoriasis en draagt bij aan het herstel van de huid door het reguleren van de vochtbalans. De formule is vrij van parfum, kleurstoffen, vaseline en paraffineolie en bevat melkzuur, dat de huidstructuur verbetert en zorgt voor het behoud van een gezonde pH-waarde.<\/p><h2>Natuurlijke handcr\u00e8me zonder parfum<\/h2><p>De Hypogeen Handcr\u00e8me is zonder parfum en alcohol en daardoor perfect voor dagelijks gebruik. De glycerine in de cr\u00e8me zorgt voor diepe hydratatie en herstelt de huid, waardoor het ideaal is voor de gevoelige huid. Deze milde, natuurlijke handcr\u00e8me bevat geen irriterende stoffen en is geschikt voor de meest gevoelige huidtypes. Melkzuur verbetert de huidstructuur en houdt de pH-waarde in balans, zodat de huid gezond en goed verzorgd blijft.<\/p>\t\t\t\t\t\t\t\t<\/div>\n\t\t\t\t<\/div>\n\t\t\t\t<\/div>\n\t\t<div class=\"elementor-element elementor-element-448dac2 e-con-full e-flex e-con e-child\" data-id=\"448dac2\" data-element_type=\"container\" data-e-type=\"container\">\n\t\t\t\t<div class=\"elementor-element elementor-element-431e829 elementor-widget elementor-widget-wd_text_block\" data-id=\"431e829\" data-element_type=\"widget\" data-e-type=\"widget\" data-widget_type=\"wd_text_block.default\">\n\t\t\t\t<div class=\"elementor-widget-container\">\n\t\t\t\t\t\t\t<div class=\"wd-text-block reset-last-child text-left\">\n\t\t\t\n\t\t\t<h2>Voordelen van Hypogeen Handcr\u00e8me<\/h2><ul><li>Sp\u00e9cialement con\u00e7ue pour les mains extr\u00eamement s\u00e8ches et sensibles<\/li><li>Aide \u00e0 r\u00e9duire les mains s\u00e8ches et squameuses<\/li><li>R\u00e9duit les effets secondaires du psoriasis et de l'ecz\u00e9ma<\/li><li>Effet nourrissant et adoucissant intensif<\/li><li>Hypoallerg\u00e9nique et adapt\u00e9 aux peaux sensibles<\/li><li>Vrij van vaseline, paraffineolie, parfum en kleurstoffen<\/li><li>Bevorderde huidstructuur dankzij melkzuur<\/li><li>Favorise le maintien d'un pH neutre<\/li><\/ul>\n\t\t\t\t\t<\/div>\n\t\t\t\t\t\t<\/div>\n\t\t\t\t<\/div>\n\t\t\t\t<\/div>\n\t\t\t\t\t<\/div>\n\t\t\t\t<\/div>\n\t\t\t\t<\/div>","protected":false},"excerpt":{"rendered":"<p>Cette cr\u00e8me pour les mains dans un flacon pompe de 300 ml offre une nutrition intensive et un soin pour les mains extr\u00eamement s\u00e8ches, rugueuses et tr\u00e8s sensibles, enrichie en squalane, vitamine E, glyc\u00e9rine et ur\u00e9e pour une hydratation optimale et une r\u00e9paration de la peau.<\/p>","protected":false},"featured_media":1000796,"comment_status":"open","ping_status":"closed","template":"elementor_theme","meta":{"_acf_changed":false},"product_brand":[],"product_cat":[353,47],"product_tag":[],"class_list":{"0":"post-124","1":"product","2":"type-product","3":"status-publish","4":"has-post-thumbnail","6":"product_cat-handcremes","7":"product_cat-handverzorging","9":"first","10":"instock","11":"taxable","12":"shipping-taxable","13":"purchasable","14":"product-type-simple"},"acf":{"bolcom_producttekst":"De Hypogeen Handcr\u00e8me in een royale 300 ml pompflacon biedt langdurige verzorging voor extreem droge en gevoelige handen. Deze hypoallergene formule, vrij van parfum en kleurstoffen, is ideaal voor dagelijks gebruik en beschermt de huid tegen invloeden van buitenaf. Dankzij de toevoeging van melkzuur helpt de cr\u00e8me schilferige en droge handen te verminderen en verlicht het de symptomen van psoriasis en eczeem. De neutrale pH-waarde zorgt voor een gebalanceerde huidstructuur, terwijl de cr\u00e8me intensief voedt en de natuurlijke vochtbalans herstelt, voor zijdezachte handen.\r\n\r\n<strong>Voordelen<\/strong>\r\n<ul>\r\n \t<li>Speciaal ontwikkeld voor (extreem) droge en gevoelige handen<\/li>\r\n \t<li>Helpt bij het verminderen van schilferige en droge handen<\/li>\r\n \t<li>Vermindert bijwerkingen van psoriasis en eczeem<\/li>\r\n \t<li>Intensief voedende en verzachtende werking<\/li>\r\n \t<li>Hypoallergeen<\/li>\r\n \t<li>Vrij van vaseline en paraffineolie<\/li>\r\n \t<li>Bevat geen parfum en kleurstoffen<\/li>\r\n \t<li>Bevordert een gezonde huidstructuur dankzij melkzuur<\/li>\r\n \t<li>Ondersteunt het behoud van een neutrale pH-waarde<\/li>\r\n<\/ul>\r\n<strong>Gebruiksadvies<\/strong>\r\nNeem een kleine hoeveelheid Hypogeen Handcr\u00e8me en masseer deze grondig in de handen. Gebruik de cr\u00e8me naar wens meerdere keren per dag. Ons advies is om deze handcr\u00e8me dagelijks preventief te gebruiken om droge of overgevoelige handen te voorkomen.\r\n\r\n<strong>Ingredi\u00ebnten<\/strong>\r\nIngredi\u00ebnts (INCI): Aqua; Coco-Caprylate\/ Caprate; Caprylic\/Capric Triglyceride; Stearic Acid; Cetearyl Alcohol; Cetyl Alcohol; Glycerin; Simmondsia Chinensis Seed Oil; Squalane; Urea;Glyceryl Laurate; Tocopheryl Acetate; Phenoxyethanol; Sodium Lauryl Sulfate; Citric acid; Monosodium citrate; Piroctone Olamine\r\n\r\n<strong>Verbeterde receptuur<\/strong>\r\n\r\nHypogeen houdt van huid! Hypogeen is voortdurend in beweging. We stoppen al onze passie en expertise in de ontwikkeling en verbetering van onze huidproducten. We hebben de verpakking van onze Hypogeen producten gemoderniseerd. Tevens hebben de Hypogeen producten een verbeterde receptuur en zijn alle huidverzorgingsproducten microplastic- en siliconenvrij. Zo zorgt Hypogeen niet alleen voor een gezondere huid, maar ook voor een gezondere toekomst.\r\n\r\n<strong>Over Hypogeen<\/strong>\r\n\r\nHypogeen is een hypoallergene huidverzorgingslijn voor de overgevoelige huid. De huid werkt altijd hard om ons te beschermen, maar kan ook droog en gebarsten raken. De intensieve voedende werking van Hypogeen producten, helpt de huid tegen uitdroging, huidirritatie, eelt, kloven en geeft de huid rust. Door gebruik te maken van de unieke huidverzorgingslijn van Hypogeen zult u merken dat uw huid gezonder wordt. De producten binnen de Hypogeen lijn hebben een zeer hoog gehalte aan huideigen en huidverwante ingredi\u00ebnten, onder andere triglyceriden lecithine, ureum en Vitamine E. De Hypogeen handverzorgings-, voetverzorgings-, gezichtsverzorgings- en massageproducten levert Arcim Healthcare aan apotheken, pedicures, drogisterijen, groothandels en consumenten.","hoe_te_gebruiken":"Neem een kleine hoeveelheid Hypogeen Handcr\u00e8me en masseer deze grondig in de handen. Gebruik de cr\u00e8me naar wens meerdere keren per dag. Ons advies is om deze handcr\u00e8me dagelijks preventief te gebruiken om droge of overgevoelige handen te voorkomen.","Ingredienten":"Ingredi\u00ebnts (INCI): Aqua; Coco-Caprylate\/ Caprate; Caprylic\/Capric Triglyceride; Stearic Acid; Cetearyl Alcohol; Cetyl Alcohol; Glycerin; Simmondsia Chinensis Seed Oil; Squalane; Urea;Glyceryl Laurate; Tocopheryl Acetate; Phenoxyethanol; Sodium Lauryl Sulfate; Citric acid; Monosodium citrate; Piroctone Olamine","voordelen":"<ul>\r\n \t<li>Speciaal ontwikkeld voor (extreem) droge en gevoelige handen<\/li>\r\n \t<li>Helpt bij het verminderen van schilferige en droge handen<\/li>\r\n \t<li>Vermindert bijwerkingen van psoriasis en eczeem<\/li>\r\n \t<li>Intensief voedende en verzachtende werking<\/li>\r\n \t<li>Hypoallergeen<\/li>\r\n \t<li>Vrij van vaseline en paraffineolie<\/li>\r\n \t<li>Bevat geen parfum en kleurstoffen<\/li>\r\n \t<li>Bevordert een gezonde huidstructuur dankzij melkzuur<\/li>\r\n \t<li>Ondersteunt het behoud van een neutrale pH-waarde<\/li>\r\n \t<li>Niet op dieren getest<\/li>\r\n<\/ul>"},"_links":{"self":[{"href":"https:\/\/hypogeen.nl\/fr\/wp-json\/wp\/v2\/product\/124","targetHints":{"allow":["GET"]}}],"collection":[{"href":"https:\/\/hypogeen.nl\/fr\/wp-json\/wp\/v2\/product"}],"about":[{"href":"https:\/\/hypogeen.nl\/fr\/wp-json\/wp\/v2\/types\/product"}],"replies":[{"embeddable":true,"href":"https:\/\/hypogeen.nl\/fr\/wp-json\/wp\/v2\/comments?post=124"}],"version-history":[{"count":1,"href":"https:\/\/hypogeen.nl\/fr\/wp-json\/wp\/v2\/product\/124\/revisions"}],"predecessor-version":[{"id":1003833,"href":"https:\/\/hypogeen.nl\/fr\/wp-json\/wp\/v2\/product\/124\/revisions\/1003833"}],"wp:featuredmedia":[{"embeddable":true,"href":"https:\/\/hypogeen.nl\/fr\/wp-json\/wp\/v2\/media\/1000796"}],"wp:attachment":[{"href":"https:\/\/hypogeen.nl\/fr\/wp-json\/wp\/v2\/media?parent=124"}],"wp:term":[{"taxonomy":"product_brand","embeddable":true,"href":"https:\/\/hypogeen.nl\/fr\/wp-json\/wp\/v2\/product_brand?post=124"},{"taxonomy":"product_cat","embeddable":true,"href":"https:\/\/hypogeen.nl\/fr\/wp-json\/wp\/v2\/product_cat?post=124"},{"taxonomy":"product_tag","embeddable":true,"href":"https:\/\/hypogeen.nl\/fr\/wp-json\/wp\/v2\/product_tag?post=124"}],"curies":[{"name":"wp","href":"https:\/\/api.w.org\/{rel}","templated":true}]}}