{"id":132,"date":"2023-09-13T21:08:15","date_gmt":"2023-09-13T20:08:15","guid":{"rendered":"https:\/\/development.hypogeen.nl\/?post_type=product&#038;p=132"},"modified":"2026-04-02T10:10:04","modified_gmt":"2026-04-02T10:10:04","slug":"hypogeen-creme-musculaire-sport-tube-100ml","status":"publish","type":"product","link":"https:\/\/hypogeen.nl\/fr\/hypogeen-creme-musculaire-sport-tube-100ml\/","title":{"rendered":"Hypogeen Cr\u00e8me Musculaire Sport \u2013 Tube 100ml"},"content":{"rendered":"<div data-elementor-type=\"wp-post\" data-elementor-id=\"132\" class=\"elementor elementor-132\">\n\t\t\t\t<div class=\"wd-negative-gap elementor-element elementor-element-1889f3f e-flex e-con-boxed e-con e-parent\" data-id=\"1889f3f\" data-element_type=\"container\" data-e-type=\"container\">\n\t\t\t\t\t<div class=\"e-con-inner\">\n\t\t<div class=\"elementor-element elementor-element-408df7f e-con-full e-flex e-con e-child\" data-id=\"408df7f\" data-element_type=\"container\" data-e-type=\"container\">\n\t\t\t\t<div class=\"elementor-element elementor-element-51b7221 color-scheme-inherit text-left elementor-widget elementor-widget-text-editor\" data-id=\"51b7221\" data-element_type=\"widget\" data-e-type=\"widget\" data-widget_type=\"text-editor.default\">\n\t\t\t\t<div class=\"elementor-widget-container\">\n\t\t\t\t\t\t\t\t\t<h2><strong>Spierondersteuning en herstel na inspanning<\/strong><\/h2><p>De Hypogeen Spiercr\u00e8me Sport biedt een perfecte balans van etherische oli\u00ebn die een aangename warmte cre\u00ebren en zorgen voor optimale ondersteuning van de spieren voor, tijdens en na fysieke inspanning. Deze hypoallergene spiercr\u00e8me is geschikt voor alle huidtypen en helpt bij het voorkomen van sportblessures. Vrij van vaseline, paraffine olie, kleur- en geurstoffen, en met een neutrale pH-waarde, respecteert deze cr\u00e8me de huid terwijl het de spieren effectief ondersteunt.<\/p><h2><strong>Ontspanning en herstel met Kamfer, Menthol, Tea Tree Olie en Arnica extract<\/strong><\/h2><p>De cr\u00e8me is verrijkt met krachtige ingredi\u00ebnten zoals kamfer, menthol, tea tree olie en arnica extract. Kamfer en menthol zorgen voor een verkoelende en verwarmende werking, wat verlichting biedt bij spierpijn en helpt bij het herstel na een intensieve training. Arnica extract, bekend om zijn ontstekingsremmende eigenschappen, verzacht spierpijn en bevordert het herstelproces. Tea tree olie biedt een natuurlijke antibacteri\u00eble werking, wat helpt om de huid gezond te houden, zelfs tijdens intensief sporten.<\/p>\t\t\t\t\t\t\t\t<\/div>\n\t\t\t\t<\/div>\n\t\t\t\t<\/div>\n\t\t<div class=\"elementor-element elementor-element-fba9b1d e-con-full e-flex e-con e-child\" data-id=\"fba9b1d\" data-element_type=\"container\" data-e-type=\"container\">\n\t\t\t\t<div class=\"elementor-element elementor-element-6e4deb8 elementor-widget elementor-widget-wd_text_block\" data-id=\"6e4deb8\" data-element_type=\"widget\" data-e-type=\"widget\" data-widget_type=\"wd_text_block.default\">\n\t\t\t\t<div class=\"elementor-widget-container\">\n\t\t\t\t\t\t\t<div class=\"wd-text-block reset-last-child text-left\">\n\t\t\t\n\t\t\t<h2>Voordelen van Hypogeen Spiercr\u00e8me Sport<\/h2><ul><li>Verrijkt met etherische oli\u00ebn voor een aangename warmte en optimale spierondersteuning.<\/li><li>Helpt bij het voorkomen van sportblessures en ondersteunt herstel na inspanning.<\/li><li>Hypoallergeen en geschikt voor alle huidtypen.<\/li><li>Intensief hydraterend en zacht voor de huid, zonder irritaties.<\/li><li>Vrij van vaseline, paraffine olie, geur- en kleurstoffen, ideaal voor de gevoelige huid.<\/li><li>Heeft een neutrale pH-waarde en is niet op dieren getest.<\/li><\/ul>\n\t\t\t\t\t<\/div>\n\t\t\t\t\t\t<\/div>\n\t\t\t\t<\/div>\n\t\t\t\t<\/div>\n\t\t\t\t\t<\/div>\n\t\t\t\t<\/div>\n\t\t\t\t<\/div>","protected":false},"excerpt":{"rendered":"<p>La Cr\u00e8me Musculaire Hypogeen Sport est adapt\u00e9e \u00e0 l'aide aux blessures et \u00e0 l'utilisation comme \u00e9chauffement et r\u00e9cup\u00e9ration avant et apr\u00e8s le sport. La cr\u00e8me contient de l'arnica, du menthol et de la lavande.<\/p>","protected":false},"featured_media":993822,"comment_status":"open","ping_status":"closed","template":"elementor_theme","meta":{"_acf_changed":false},"product_brand":[373],"product_cat":[45],"product_tag":[],"class_list":{"0":"post-132","1":"product","2":"type-product","3":"status-publish","4":"has-post-thumbnail","6":"product_brand-hypogeen","7":"product_cat-lichaamsverzorging","9":"first","10":"instock","11":"taxable","12":"shipping-taxable","13":"purchasable","14":"product-type-simple"},"acf":{"bolcom_producttekst":"De Hypogeen Spiercr\u00e8me Sport biedt een uitgebalanceerde mix van etherische oli\u00ebn die zorgen voor een aangename warmte en optimale ondersteuning van de spieren voor, tijdens en na fysieke inspanning. Deze cr\u00e8me is hypoallergeen en helpt bij het voorkomen van sportblessures. Geschikt voor alle huidtypen, het bevat geen vaseline, paraffine olie, kleur- en geurstoffen, en heeft een neutrale pH-waarde. Verrijkt met ingredi\u00ebnten zoals kamfer, menthol, tea tree olie, en arnica extract, biedt het intensieve voeding en verzachting, terwijl het de huid respecteert en niet op dieren is getest. Arnica extract staat bekend om zijn ontstekingsremmende eigenschappen die helpen bij het verzachten van spierpijn en het bevorderen van snel herstel na intensieve trainingen. Tea tree olie voegt een natuurlijke antibacteri\u00eble werking toe, wat bijdraagt aan een gezonde huid tijdens het sporten.\r\n\r\n<strong>Voordelen<\/strong>\r\n<ul>\r\n \t<li>Verrijkt met etherische oli\u00ebn voor een prettige warmte en spierondersteuning<\/li>\r\n \t<li>Helpt bij het voorkomen van sportblessures<\/li>\r\n \t<li>Hypoallergeen en geschikt voor alle huidtypen<\/li>\r\n \t<li>Intensief hydraterend en zacht voor de huid<\/li>\r\n \t<li>Vrij van vaseline, paraffine, kleur- en geurstoffen<\/li>\r\n \t<li>Neutrale pH-waarde en niet op dieren getest<\/li>\r\n<\/ul>\r\n<strong>Gebruiksadvies<\/strong>\r\nBreng de cr\u00e8me direct aan op de pijnlijke plek bij blessures. Voorafgaand aan de warming-up, masseer de cr\u00e8me in en laat deze drogen voordat kleding wordt aangetrokken. Na de cooling-down, herhaal het aanbrengen van de cr\u00e8me om vermoeide spieren te ontspannen en te verzorgen.\r\n\r\n<strong>Ingredi\u00ebnten<\/strong>\r\nIngredi\u00ebnts (INCI): Aqua; Caprylic\/Capric Triglyceride; Glycerin; Cetyl Alcohol; C10-18 Triglycerides; PEG-100 Stearate; Glyceryl Laurate; Decyl Oleate; Camphor; Methyl salicylate; Dimethyl Sulfone; L Menthol; Melaleuca Leucandendron Cajeputi Oil; Lavandula Angustiflora Oil; Hamamelis Virginiana Water; Arnica Montana Flower Extract; Tocopheryl Acetate; Panthenol; Phenoxyethanol; Glycine Soja Oil; Propylene Glycol; Monosodium citrate; Tetrasodium glutamate diacetate; Piroctone Olamine; Alcohol; Butylene Glycol; Citric acid\r\n\r\n<strong>Verbeterde receptuur<\/strong>\r\n\r\nHypogeen houdt van huid! Hypogeen is voortdurend in beweging. We stoppen al onze passie en expertise in de ontwikkeling en verbetering van onze huidproducten. We hebben de verpakking van onze Hypogeen producten gemoderniseerd. Tevens hebben de Hypogeen producten een verbeterde receptuur en zijn alle huidverzorgingsproducten microplastic- en siliconenvrij. Zo zorgt Hypogeen niet alleen voor een gezondere huid, maar ook voor een gezondere toekomst.\r\n\r\n<strong>Over Hypogeen<\/strong>\r\n\r\nHypogeen is een hypoallergene huidverzorgingslijn voor de overgevoelige huid. De huid werkt altijd hard om ons te beschermen, maar kan ook droog en gebarsten raken. De intensieve voedende werking van Hypogeen producten, helpt de huid tegen uitdroging, huidirritatie, eelt, kloven en geeft de huid rust. Door gebruik te maken van de unieke huidverzorgingslijn van Hypogeen zult u merken dat uw huid gezonder wordt. De producten binnen de Hypogeen lijn hebben een zeer hoog gehalte aan huideigen en huidverwante ingredi\u00ebnten, onder andere triglyceriden lecithine, ureum en Vitamine E. De Hypogeen handverzorgings-, voetverzorgings-, gezichtsverzorgings- en massageproducten levert Arcim Healthcare aan apotheken, pedicures, drogisterijen, groothandels en consumenten.","hoe_te_gebruiken":"Breng de cr\u00e8me direct aan op de pijnlijke plek bij blessures. Voorafgaand aan de warming-up, masseer de cr\u00e8me in en laat deze drogen voordat kleding wordt aangetrokken. Na de cooling-down, herhaal het aanbrengen van de cr\u00e8me om vermoeide spieren te ontspannen en te verzorgen.","Ingredienten":"Ingredi\u00ebnts (INCI): Aqua; Caprylic\/Capric Triglyceride; Glycerin; Cetyl Alcohol; C10-18 Triglycerides; PEG-100 Stearate; Glyceryl Laurate; Decyl Oleate; Camphor; Methyl salicylate; Dimethyl Sulfone; L Menthol; Melaleuca Leucandendron Cajeputi Oil; Lavandula Angustiflora Oil; Hamamelis Virginiana Water; Arnica Montana Flower Extract; Tocopheryl Acetate; Panthenol; Phenoxyethanol; Glycine Soja Oil; Propylene Glycol; Monosodium citrate; Tetrasodium glutamate diacetate; Piroctone Olamine; Alcohol; Butylene Glycol; Citric acid","voordelen":"<ul>\r\n \t<li>Verrijkt met etherische oli\u00ebn voor een prettige warmte en spierondersteuning<\/li>\r\n \t<li>Helpt bij het voorkomen van sportblessures<\/li>\r\n \t<li>Hypoallergeen en geschikt voor alle huidtypen<\/li>\r\n \t<li>Intensief hydraterend en zacht voor de huid<\/li>\r\n \t<li>Vrij van vaseline, paraffine, kleur- en geurstoffen<\/li>\r\n \t<li>Neutrale pH-waarde en niet op dieren getest<\/li>\r\n<\/ul>"},"_links":{"self":[{"href":"https:\/\/hypogeen.nl\/fr\/wp-json\/wp\/v2\/product\/132","targetHints":{"allow":["GET"]}}],"collection":[{"href":"https:\/\/hypogeen.nl\/fr\/wp-json\/wp\/v2\/product"}],"about":[{"href":"https:\/\/hypogeen.nl\/fr\/wp-json\/wp\/v2\/types\/product"}],"replies":[{"embeddable":true,"href":"https:\/\/hypogeen.nl\/fr\/wp-json\/wp\/v2\/comments?post=132"}],"version-history":[{"count":1,"href":"https:\/\/hypogeen.nl\/fr\/wp-json\/wp\/v2\/product\/132\/revisions"}],"predecessor-version":[{"id":1003836,"href":"https:\/\/hypogeen.nl\/fr\/wp-json\/wp\/v2\/product\/132\/revisions\/1003836"}],"wp:featuredmedia":[{"embeddable":true,"href":"https:\/\/hypogeen.nl\/fr\/wp-json\/wp\/v2\/media\/993822"}],"wp:attachment":[{"href":"https:\/\/hypogeen.nl\/fr\/wp-json\/wp\/v2\/media?parent=132"}],"wp:term":[{"taxonomy":"product_brand","embeddable":true,"href":"https:\/\/hypogeen.nl\/fr\/wp-json\/wp\/v2\/product_brand?post=132"},{"taxonomy":"product_cat","embeddable":true,"href":"https:\/\/hypogeen.nl\/fr\/wp-json\/wp\/v2\/product_cat?post=132"},{"taxonomy":"product_tag","embeddable":true,"href":"https:\/\/hypogeen.nl\/fr\/wp-json\/wp\/v2\/product_tag?post=132"}],"curies":[{"name":"wp","href":"https:\/\/api.w.org\/{rel}","templated":true}]}}