{"id":163,"date":"2023-09-13T21:08:39","date_gmt":"2023-09-13T20:08:39","guid":{"rendered":"https:\/\/development.hypogeen.nl\/?post_type=product&#038;p=163"},"modified":"2026-04-02T10:08:58","modified_gmt":"2026-04-02T10:08:58","slug":"hypogeen-creme-pour-pieds-flacon-pompe-xxl-1500ml","status":"publish","type":"product","link":"https:\/\/hypogeen.nl\/fr\/hypogeen-creme-pour-pieds-flacon-pompe-xxl-1500ml\/","title":{"rendered":"Hypogeen Cr\u00e8me pour Pieds \u2013 Flacon Pompe XXL 1500ml"},"content":{"rendered":"<div data-elementor-type=\"wp-post\" data-elementor-id=\"163\" class=\"elementor elementor-163\">\n\t\t\t\t<div class=\"wd-negative-gap elementor-element elementor-element-8798bc9 e-flex e-con-boxed e-con e-parent\" data-id=\"8798bc9\" data-element_type=\"container\" data-e-type=\"container\">\n\t\t\t\t\t<div class=\"e-con-inner\">\n\t\t<div class=\"elementor-element elementor-element-567f62d e-con-full e-flex e-con e-child\" data-id=\"567f62d\" data-element_type=\"container\" data-e-type=\"container\">\n\t\t\t\t<div class=\"elementor-element elementor-element-8fdda0b color-scheme-inherit text-left elementor-widget elementor-widget-text-editor\" data-id=\"8fdda0b\" data-element_type=\"widget\" data-e-type=\"widget\" data-widget_type=\"text-editor.default\">\n\t\t\t\t<div class=\"elementor-widget-container\">\n\t\t\t\t\t\t\t\t\t<h2>Hypoallergene voetcr\u00e8me voor droge en gevoelige voeten<\/h2><p>De Hypogeen Voetcr\u00e8me in de 1500ml pompflacon biedt intensieve verzorging voor droge voeten op grote schaal. Deze grote verpakking is ideaal voor salons, pedicurebehandelingen of langdurig thuisgebruik. Verrijkt met squalaan, vitamine E, ureum en calendula-extract, trekt de cr\u00e8me snel in en biedt diepe hydratatie zonder een plakkerig gevoel. De formule is vrij van vaseline, paraffineolie, parfum en kleurstoffen, en heeft een neutrale pH-waarde die de huid mild en effectief verzorgt.<\/p><h2><strong>Uitgebreide Hydratatie en Bescherming voor Gezonde voeten<\/strong><\/h2><p>Dankzij de krachtige ingredi\u00ebnten, zoals ureum en squalaan, helpt deze voetcr\u00e8me de natuurlijke vochtbalans van de huid te herstellen. Het vermindert kloven, schilfering en eeltvorming, terwijl het de huidelasticiteit versterkt. Vitamine E zorgt voor een zachte en gezonde huid, terwijl calendula-extract de huid kalmeert en herstelt. De 1500ml pompflacon is ideaal voor intensief gebruik, waardoor je voeten altijd optimaal verzorgd blijven, waar je ook bent.<\/p>\t\t\t\t\t\t\t\t<\/div>\n\t\t\t\t<\/div>\n\t\t\t\t<\/div>\n\t\t<div class=\"elementor-element elementor-element-c99a6e2 e-con-full e-flex e-con e-child\" data-id=\"c99a6e2\" data-element_type=\"container\" data-e-type=\"container\">\n\t\t\t\t<div class=\"elementor-element elementor-element-87f4158 elementor-widget elementor-widget-wd_text_block\" data-id=\"87f4158\" data-element_type=\"widget\" data-e-type=\"widget\" data-widget_type=\"wd_text_block.default\">\n\t\t\t\t<div class=\"elementor-widget-container\">\n\t\t\t\t\t\t\t<div class=\"wd-text-block reset-last-child text-left\">\n\t\t\t\n\t\t\t<h2>Voordelen van de Hypogeen Voetcr\u00e8me<\/h2><ul><li>R\u00e9duit le risque de crevasses, de desquamation et de formation de callosit\u00e9s<\/li><li>Contient du squalane avec des propri\u00e9t\u00e9s antioxydantes pour une cicatrisation plus rapide des plaies<\/li><li>Renforce l'\u00e9lasticit\u00e9 de la peau<\/li><li>Favorise une texture de peau lisse et saine<\/li><li>Une teneur \u00e9lev\u00e9e en vitamine E favorise une peau lisse et ferme<\/li><li>Herstelt de natuurlijke vet- en vochtbalans van de huid<\/li><li>P\u00e9n\u00e8tre rapidement pour une hydratation imm\u00e9diate<\/li><\/ul>\n\t\t\t\t\t<\/div>\n\t\t\t\t\t\t<\/div>\n\t\t\t\t<\/div>\n\t\t\t\t<\/div>\n\t\t\t\t\t<\/div>\n\t\t\t\t<\/div>\n\t\t\t\t<\/div>","protected":false},"excerpt":{"rendered":"<p>Cette cr\u00e8me pour pieds Hypogeen convient aux soins quotidiens de la peau extr\u00eamement s\u00e8che et sensible des pieds et des jambes. La cr\u00e8me r\u00e9duit le risque de crevasses, de desquamation et de callosit\u00e9s. Elle peut \u00e9galement \u00eatre utilis\u00e9e sous des bas de contention. Contient du squalane, de la glyc\u00e9rine, de la vitamine E et de l'ur\u00e9e.<\/p>","protected":false},"featured_media":1000810,"comment_status":"open","ping_status":"closed","template":"elementor_theme","meta":{"_acf_changed":false},"product_brand":[373],"product_cat":[368,356,40],"product_tag":[],"class_list":{"0":"post-163","1":"product","2":"type-product","3":"status-publish","4":"has-post-thumbnail","6":"product_brand-hypogeen","7":"product_cat-pedicure-producten","8":"product_cat-voetcremes","9":"product_cat-voetverzorging","11":"first","12":"instock","13":"taxable","14":"shipping-taxable","15":"purchasable","16":"product-type-simple"},"acf":{"bolcom_producttekst":"De Hypogeen Voetcr\u00e8me in een royale 1500 ml pompflacon is ontworpen voor intensieve verzorging in professionele omgevingen en thuis. Deze specialistische formule bevat een geavanceerd mengsel van squalaan, vitamine E, ureum, hamamelis water en piroctone olamine, die samenwerken om droge, gevoelige voeten te kalmeren, te beschermen en te herstellen. Squalaan, een natuurlijke hydratator met antioxidatieve eigenschappen, bevordert een gladde huid en vermindert irritaties. De formule is vrij van vaseline, paraffineolie, parfum en kleurstoffen, en heeft een neutrale pH-waarde voor dagelijkse hydratatie en bescherming. Deze cr\u00e8me trekt snel in de huid, waardoor het directe comfort biedt en geschikt is voor continue verzorging gedurende de dag.\r\n\r\n<strong>Voordelen<\/strong>\r\n<ul>\r\n \t<li>Vermindert de kans op kloven, schilfering en eeltvorming<\/li>\r\n \t<li>Bevat squalaan met antioxidatieve eigenschappen voor sneller herstel van wondjes<\/li>\r\n \t<li>Versterkt de elasticiteit van de huid<\/li>\r\n \t<li>Zorgt voor een gladde en gezonde huidtextuur<\/li>\r\n \t<li>Hoog gehalte aan vitamine E bevordert een soepele en stevige huid<\/li>\r\n \t<li>Herstelt en verzorgt de natuurlijke vet- en vochtbalans van de huid<\/li>\r\n \t<li>Trekt snel in voor directe hydratatie<\/li>\r\n<\/ul>\r\n&nbsp;\r\n\r\n<strong>Gebruiksadvies<\/strong>\r\n\r\nMaak de voeten grondig schoon en droog ze goed af. Neem een kleine hoeveelheid voetcr\u00e8me in je handpalm. Masseer de cr\u00e8me zachtjes in op de voeten, inclusief tussen de tenen. Laat de cr\u00e8me ongeveer 10 minuten intrekken voordat je sokken en schoenen aantrekt. Gebruik het product bij voorkeur twee keer per dag voor optimale verzorging.\r\n\r\n<strong>Ingredi\u00ebnten<\/strong>\r\n\r\nIngredi\u00ebnts (INCI): Aqua; Glycerin; Urea; Caprylic\/Capric Triglyceride; Cetyl Alcohol; Triacetin; PEG-100 Stearate; C10-18 Triglycerides; Ethylhexyl Stearate; Glyceryl Laurate;\u00a0 Phenoxyethanol\u00a0; Simmondsia Chinensis Seed Oil;\u00a0 Tocopheryl Acetate; Squalane;; Citronellyl Methylcrotonate; Propylene Glycol;\u00a0 Panthenol; Monosodium citrate;\u00a0 Hamamelis Virginiana Water; Tetrasodium glutamate diacetate;\u00a0 Piroctone Olamine; Alcohol; Citric acid; Butylene Glycol;\r\n\r\n<strong>Verbeterde receptuur<\/strong>\r\n\r\nHypogeen houdt van huid! Hypogeen is voortdurend in beweging. We stoppen al onze passie en expertise in de ontwikkeling en verbetering van onze huidproducten. We hebben de verpakking van onze Hypogeen producten gemoderniseerd. Tevens hebben de Hypogeen producten een verbeterde receptuur en zijn alle huidverzorgingsproducten microplastic- en siliconenvrij. Zo zorgt Hypogeen niet alleen voor een gezondere huid, maar ook voor een gezondere toekomst.\r\n\r\n<strong>Over Hypogeen<\/strong>\r\n\r\nHypogeen is een hypoallergene huidverzorgingslijn voor de overgevoelige huid. De huid werkt altijd hard om ons te beschermen, maar kan ook droog en gebarsten raken. De intensieve voedende werking van Hypogeen producten, helpt de huid tegen uitdroging, huidirritatie, eelt, kloven en geeft de huid rust. Door gebruik te maken van de unieke huidverzorgingslijn van Hypogeen zult u merken dat uw huid gezonder wordt. De producten binnen de Hypogeen lijn hebben een zeer hoog gehalte aan huideigen en huidverwante ingredi\u00ebnten, onder andere triglyceriden lecithine, ureum en Vitamine E. De Hypogeen handverzorgings-, voetverzorgings-, gezichtsverzorgings- en massageproducten levert Arcim Healthcare aan apotheken, pedicures, drogisterijen, groothandels en consumenten.","hoe_te_gebruiken":"Maak de voeten grondig schoon en droog ze goed af. Neem een kleine hoeveelheid voetcr\u00e8me in je handpalm. Masseer de cr\u00e8me zachtjes in op de voeten, inclusief tussen de tenen. Laat de cr\u00e8me ongeveer 10 minuten intrekken voordat je sokken en schoenen aantrekt. Gebruik het product bij voorkeur twee keer per dag voor optimale verzorging.","Ingredienten":"Ingredi\u00ebnts (INCI): Aqua; Glycerin; Urea; Caprylic\/Capric Triglyceride; Cetyl Alcohol; Triacetin; PEG-100 Stearate; C10-18 Triglycerides; Ethylhexyl Stearate; Glyceryl Laurate;\u00a0 Phenoxyethanol\u00a0; Simmondsia Chinensis Seed Oil;\u00a0 Tocopheryl Acetate; Squalane;; Citronellyl Methylcrotonate; Propylene Glycol;\u00a0 Panthenol; Monosodium citrate;\u00a0 Hamamelis Virginiana Water; Tetrasodium glutamate diacetate;\u00a0 Piroctone Olamine; Alcohol; Citric acid; Butylene Glycol;","voordelen":"<ul>\r\n \t<li>Vermindert de kans op kloven, schilfering en eeltvorming<\/li>\r\n \t<li>Bevat squalaan met antioxidatieve eigenschappen voor sneller herstel van wondjes<\/li>\r\n \t<li>Versterkt de elasticiteit van de huid<\/li>\r\n \t<li>Zorgt voor een gladde en gezonde huidtextuur<\/li>\r\n \t<li>Hoog gehalte aan vitamine E bevordert een soepele en stevige huid<\/li>\r\n \t<li>Herstelt en verzorgt de natuurlijke vet- en vochtbalans van de huid<\/li>\r\n \t<li>Trekt snel in voor directe hydratatie<\/li>\r\n<\/ul>"},"_links":{"self":[{"href":"https:\/\/hypogeen.nl\/fr\/wp-json\/wp\/v2\/product\/163","targetHints":{"allow":["GET"]}}],"collection":[{"href":"https:\/\/hypogeen.nl\/fr\/wp-json\/wp\/v2\/product"}],"about":[{"href":"https:\/\/hypogeen.nl\/fr\/wp-json\/wp\/v2\/types\/product"}],"replies":[{"embeddable":true,"href":"https:\/\/hypogeen.nl\/fr\/wp-json\/wp\/v2\/comments?post=163"}],"version-history":[{"count":1,"href":"https:\/\/hypogeen.nl\/fr\/wp-json\/wp\/v2\/product\/163\/revisions"}],"predecessor-version":[{"id":1003815,"href":"https:\/\/hypogeen.nl\/fr\/wp-json\/wp\/v2\/product\/163\/revisions\/1003815"}],"wp:featuredmedia":[{"embeddable":true,"href":"https:\/\/hypogeen.nl\/fr\/wp-json\/wp\/v2\/media\/1000810"}],"wp:attachment":[{"href":"https:\/\/hypogeen.nl\/fr\/wp-json\/wp\/v2\/media?parent=163"}],"wp:term":[{"taxonomy":"product_brand","embeddable":true,"href":"https:\/\/hypogeen.nl\/fr\/wp-json\/wp\/v2\/product_brand?post=163"},{"taxonomy":"product_cat","embeddable":true,"href":"https:\/\/hypogeen.nl\/fr\/wp-json\/wp\/v2\/product_cat?post=163"},{"taxonomy":"product_tag","embeddable":true,"href":"https:\/\/hypogeen.nl\/fr\/wp-json\/wp\/v2\/product_tag?post=163"}],"curies":[{"name":"wp","href":"https:\/\/api.w.org\/{rel}","templated":true}]}}