{"id":992922,"date":"2024-08-06T14:04:42","date_gmt":"2024-08-06T14:04:42","guid":{"rendered":"https:\/\/hypogeen.nl\/?post_type=product&#038;p=992922"},"modified":"2026-03-30T15:13:44","modified_gmt":"2026-03-30T15:13:44","slug":"hypogeen-m-cose-spray-100ml-ov","status":"publish","type":"product","link":"https:\/\/hypogeen.nl\/fr\/hypogeen-m-cose-spray-100ml-ov\/","title":{"rendered":"Hypogeen M-Cose Spray \u2013 100ml (OV)"},"content":{"rendered":"<p>Le Spray Hypogeen M-Cose offre un soin simple et efficace pour vos mains et pieds, id\u00e9al pour une utilisation quotidienne. Ce spray est sp\u00e9cialement con\u00e7u pour soulager la peau extr\u00eamement s\u00e8che et sensible, gr\u00e2ce \u00e0 une composition unique d'ingr\u00e9dients tels que le miel, l'huile d'arbre \u00e0 th\u00e9 et le pentyl\u00e8ne glycol. La formule hydrate en profondeur et apaise la peau. Hypogeen M-Cose est parfait pour une utilisation dans les chaussettes et les chaussures, o\u00f9 il procure une sensation de fra\u00eecheur et de confort tout au long de la journ\u00e9e. Il est facile \u00e0 utiliser : vaporisez 2 \u00e0 4 fois sur vos pieds, massez doucement et laissez bien s\u00e9cher avant de mettre vos chaussettes. Ce spray sans parfum et non test\u00e9 sur les animaux est indispensable pour quiconque souffre de peau s\u00e8che et sensible, et il convient \u00e9galement pour le soin des ongles atteints de mycose.<\/p>\n<p><strong>Avantages:<\/strong><\/p>\n<ul>\n<li>Soin simple et efficace pour les mains et les pieds<\/li>\n<li>Id\u00e9al pour une utilisation quotidienne<\/li>\n<li>Soulage la peau extr\u00eamement s\u00e8che et sensible<\/li>\n<li>Contient du miel, de l'huile d'arbre \u00e0 th\u00e9 et du pentyl\u00e8ne glycol pour une hydratation profonde et apaisante<\/li>\n<li>Convient pour une utilisation dans les chaussettes et les chaussures<\/li>\n<li>Apporte une sensation de fra\u00eecheur et de confort tout au long de la journ\u00e9e<\/li>\n<li>Sans parfum et non test\u00e9 sur les animaux<\/li>\n<li>Convient \u00e9galement pour le soin des ongles atteints de mycose<\/li>\n<\/ul>","protected":false},"excerpt":{"rendered":"<p>Le Spray M-Cose Hypogeen offre une hydratation et un soin quotidien pour la peau extr\u00eamement s\u00e8che et sensible. Avec une formule enrichie en miel, huile d'arbre \u00e0 th\u00e9 et pentyl\u00e8ne glycol, ce spray est \u00e9galement adapt\u00e9 pour le soin des ongles atteints de mycose.<\/p>","protected":false},"featured_media":992931,"comment_status":"closed","ping_status":"closed","template":"elementor_theme","meta":{"_acf_changed":false},"product_brand":[373],"product_cat":[47,357,358,368,355,40],"product_tag":[],"class_list":{"0":"post-992922","1":"product","2":"type-product","3":"status-publish","4":"has-post-thumbnail","6":"product_brand-hypogeen","7":"product_cat-handverzorging","8":"product_cat-kalknagels","9":"product_cat-nagelverzorging","10":"product_cat-pedicure-producten","11":"product_cat-voetsprays","12":"product_cat-voetverzorging","14":"first","15":"instock","16":"taxable","17":"shipping-taxable","18":"purchasable","19":"product-type-simple"},"acf":{"bolcom_producttekst":"De Hypogeen M-Cose Spray biedt een eenvoudige en effectieve oplossing voor de verzorging van extreem droge en gevoelige huid op handen en voeten. Deze dagelijkse spray is ideaal voor gebruik in sokken en schoenen, en zorgt voor een diepgaande hydratatie en kalmering dankzij de rijke formule met honing, tea tree olie en pentyleen glycol. Met een inhoud van 100 gram en een parfumvrije, dierproefvrije samenstelling, is deze spray een essenti\u00eble aanvulling op je dagelijkse verzorgingsroutine.\r\n\r\n<strong>Voordelen:<\/strong>\r\n<ul>\r\n \t<li>Eenvoudige en effectieve verzorging voor handen en voeten<\/li>\r\n \t<li>Ideaal voor dagelijks gebruik<\/li>\r\n \t<li>Verlicht extreem droge en gevoelige huid<\/li>\r\n \t<li>Bevat honing, tea tree olie en pentyleen glycol voor diepe hydratatie en kalmering<\/li>\r\n \t<li>Geschikt voor gebruik in sokken en schoenen<\/li>\r\n \t<li>Zorgt voor een fris en verzorgd gevoel gedurende de dag<\/li>\r\n \t<li>Parfumvrij en dierproefvrij<\/li>\r\n \t<li>Ook geschikt voor de verzorging van (kalk)nagels<\/li>\r\n<\/ul>\r\n<strong>Ingredi\u00ebnten:<\/strong> Aqua, Alcohol Denat., Pentylene Glycol, Polysorbate 20, Citronellyl, Methylcrotonate, Panthenol, Allantoin, Melaleuca Alternfolia, Lavandula Angustifolia, Limonene\r\n\r\n<strong>Gebruiksadvies:<\/strong> Voor het beste resultaat gebruik je de Hypogeen M-Cose Spray dagelijks. Spray 2 tot 4 keer wat M-Cose op je voeten en masseer de spray licht in. Laat de spray goed indrogen voordat je je sokken aantrekt. Deze routine zorgt ervoor dat je huid optimaal gehydrateerd en verzorgd blijft.","hoe_te_gebruiken":"Voor het beste resultaat gebruik je de Hypogeen M-Cose Spray dagelijks. Spray 2 tot 4 keer wat M-Cose op je voeten en masseer de spray licht in. Laat de spray goed indrogen voordat je je sokken aantrekt. ","Ingredienten":"Aqua, Alcohol Denat. Pentylene Glycol, Polysorbate 20, Citronellyl, Methylcrotonate, Panthenol, Allantoin, Melaleuca Alternfolia, Lavandula Angustifolia, Limonene, Linalool","voordelen":"<ul>\r\n \t<li>Eenvoudige en effectieve verzorging voor handen en voeten<\/li>\r\n \t<li>Ideaal voor dagelijks gebruik<\/li>\r\n \t<li>Verlicht extreem droge en gevoelige huid<\/li>\r\n \t<li>Bevat honing, tea tree olie en pentyleen glycol voor diepe hydratatie en kalmering<\/li>\r\n \t<li>Geschikt voor gebruik in sokken en schoenen<\/li>\r\n \t<li>Zorgt voor een fris en verzorgd gevoel gedurende de dag<\/li>\r\n \t<li>Parfumvrij en dierproefvrij<\/li>\r\n \t<li>Ook geschikt voor de verzorging van (kalk)nagels<\/li>\r\n<\/ul>"},"_links":{"self":[{"href":"https:\/\/hypogeen.nl\/fr\/wp-json\/wp\/v2\/product\/992922","targetHints":{"allow":["GET"]}}],"collection":[{"href":"https:\/\/hypogeen.nl\/fr\/wp-json\/wp\/v2\/product"}],"about":[{"href":"https:\/\/hypogeen.nl\/fr\/wp-json\/wp\/v2\/types\/product"}],"replies":[{"embeddable":true,"href":"https:\/\/hypogeen.nl\/fr\/wp-json\/wp\/v2\/comments?post=992922"}],"version-history":[{"count":1,"href":"https:\/\/hypogeen.nl\/fr\/wp-json\/wp\/v2\/product\/992922\/revisions"}],"predecessor-version":[{"id":1003808,"href":"https:\/\/hypogeen.nl\/fr\/wp-json\/wp\/v2\/product\/992922\/revisions\/1003808"}],"wp:featuredmedia":[{"embeddable":true,"href":"https:\/\/hypogeen.nl\/fr\/wp-json\/wp\/v2\/media\/992931"}],"wp:attachment":[{"href":"https:\/\/hypogeen.nl\/fr\/wp-json\/wp\/v2\/media?parent=992922"}],"wp:term":[{"taxonomy":"product_brand","embeddable":true,"href":"https:\/\/hypogeen.nl\/fr\/wp-json\/wp\/v2\/product_brand?post=992922"},{"taxonomy":"product_cat","embeddable":true,"href":"https:\/\/hypogeen.nl\/fr\/wp-json\/wp\/v2\/product_cat?post=992922"},{"taxonomy":"product_tag","embeddable":true,"href":"https:\/\/hypogeen.nl\/fr\/wp-json\/wp\/v2\/product_tag?post=992922"}],"curies":[{"name":"wp","href":"https:\/\/api.w.org\/{rel}","templated":true}]}}